{"id":9796,"date":"2020-05-07T15:47:48","date_gmt":"2020-05-07T14:47:48","guid":{"rendered":"https:\/?page_id=9796"},"modified":"2020-05-07T19:19:11","modified_gmt":"2020-05-07T18:19:11","slug":"bolseiros_team","status":"publish","type":"page","link":"\/index.php\/bolseiros_team\/","title":{"rendered":"Bolseiros_team"},"content":{"rendered":"\t<!-- wpshopmart team member wrapper -->\r\n\t<div class=\"dazzler_team_2_m_row\" id=\"dazzler_team_2_m_row_9783\">\r\n\t\t<div class=\"dazzler_row\">  \r\n\t\t\t<style>\t\t\r\n\t\t\t\t#dazzler_team_2_m_row_9783 .dazzler_team_2_m_our-team{\r\n\t\t\t\t\tborder-left: 8px solid #1e73be;\r\n\t\t\t\t\tborder-bottom: 8px solid #1e73be;\r\n\t\t\t\t\tmargin-bottom:30px;\r\n\t\t\t\t}\r\n\t\t\t\t#dazzler_team_1_m_row_9783 .dazzler_single_team{\r\n\t\t\t\t\tmargin-bottom:30px;\r\n\t\t\t\t}\r\n\t\t\t\t \r\n\t\t\t\t#dazzler_team_2_m_row_9783 .dazzler_team_2_m_our-team .dazzler_team_2_m_team-image{\r\n\t\t\t\t\tposition: relative;\r\n\t\t\t\t\ttext-align: center;\r\n\t\t\t\t} \r\n\t\t\t\t \r\n\t\t\t\t#dazzler_team_2_m_row_9783 .dazzler_team_2_m_our-team img{\r\n\t\t\t\t\twidth: 100%;\r\n\t\t\t\t\theight: auto;\r\n\t\t\t\t}\r\n\t\t\t\t#dazzler_team_2_m_row_9783 .dazzler_team_2_m_our-team .dazzler_team_2_m_description{\r\n\t\t\t\t\twidth: 100%;\r\n\t\t\t\t\theight: 100%;\r\n\t\t\t\t\ttext-align: center;\r\n\t\t\t\t\tposition: absolute;\r\n\t\t\t\t\ttop: 0;\r\n\t\t\t\t\tleft: 0;\r\n\t\t\t\t\t\r\n\t\t\t\t\tline-height:1.5;\r\n\t\t\t\t\tpadding: 40px 20px 50px 20px;\r\n\t\t\t\t\tmargin:0px;\r\n\t\t\t\t\topacity: 0;\r\n\t\t\t\t\tbackground-color:rgba(30, 115, 190,0.7) !important; \r\n\t\t\t\t\ttransition: all 0.5s ease 0s;\r\n\t\t\t\t\tcolor:#000000 !important; \r\n\t\t\t\t\tfont-size: 14px !important;\r\n\t\t\t\t\t\t\t\t\t\t\tfont-family:'Open Sans' !important;\r\n\t\t\t\t\t\t\t\t\t\t \r\n\t\t\t\t}\r\n\t\t\t\t \r\n\t\t\t\t#dazzler_team_2_m_row_9783 .dazzler_team_2_m_our-team:hover .dazzler_team_2_m_description{\r\n\t\t\t\t\topacity:1;\r\n\t\t\t\t}\r\n\t\t\t\t\r\n\t\t\t\t#dazzler_team_2_m_row_9783 .dazzler_team_2_m_our-team .dazzler_team_2_m_social{\r\n\t\t\t\t\tpadding: 10px 0 0 0;\r\n\t\t\t\t\tmargin: 0;\r\n\t\t\t\t\tlist-style: none;\r\n\t\t\t\t\tposition: absolute;\r\n\t\t\t\t\ttop: 40px;\r\n\t\t\t\t\tleft: -27px;\r\n\t\t\t\t\tbackground: #1e73be;\r\n\t\t\t\t\ttext-align: center;\r\n\t\t\t\t\ttransform: translate(25px, 0px) rotateY(90deg);\r\n\t\t\t\t\ttransition: all 0.5s ease 0s;\r\n\t\t\t\t\t\r\n\t\t\t\t}\r\n\t\t\t\t#dazzler_team_2_m_row_9783 .dazzler_team_2_m_our-team:hover .dazzler_team_2_m_social{\r\n\t\t\t\t\ttransform: translate(0px, 0px) rotateY(0deg);\r\n\t\t\t\t\t\r\n\t\t\t\t\t\r\n\t\t\t\t}\r\n\t\t\t\t#dazzler_team_2_m_row_9783 .dazzler_team_2_m_our-team .dazzler_team_2_m_social li{\r\n\t\t\t\t\tdisplay: block;\r\n\t\t\t\t\tmargin-bottom: 10px;\r\n\t\t\t\t\tmargin:0px;\r\n\t\t\t\t\tpadding:0px;\r\n\t\t\t\t}\r\n\t\t\t\t#dazzler_team_2_m_row_9783 .dazzler_team_2_m_our-team .dazzler_team_2_m_social li a{\r\n\t\t\t\t\tdisplay: block;\r\n\t\t\t\t\twidth: 40px;\r\n\t\t\t\t\theight: 35px;\r\n\t\t\t\t\tfont-size: 17px;\r\n\t\t\t\t\tcolor:#ffffff;\r\n\t\t\t\t\tline-height: 30px;\r\n\t\t\t\t\ttransition: all 0.5s ease 0s;\r\n\t\t\t\t}\r\n\t\t\t\t#dazzler_team_2_m_row_9783 .dazzler_team_2_m_our-team .dazzler_team_2_m_social li a:hover{\r\n\t\t\t\t\tcolor:#e5e5e5;\r\n\t\t\t\t}\r\n\t\t\t\t#dazzler_team_2_m_row_9783 .dazzler_team_2_m_our-team .dazzler_team_2_m_team-info{\r\n\t\t\t\t\tpadding: 20px;\r\n\t\t\t\t}\r\n\t\t\t\t#dazzler_team_2_m_row_9783 .dazzler_team_2_m_our-team .dazzler_team_2_m_title{\r\n\t\t\t\t\tfont-size: 18px !important;\r\n\t\t\t\t\tcolor: #000000;\r\n\t\t\t\t\tletter-spacing: 2px;\r\n\t\t\t\t\tmargin: 0 0 15px 0;\r\n\t\t\t\t\tpadding:0px;\r\n\t\t\t\t\ttransition: all 0.5s ease 0s;\r\n\t\t\t\t\t\t\t\t\t\t\tfont-family:'Open Sans' !important;\r\n\t\t\t\t\t\t\t\t\t}\r\n\t\t\t\t#dazzler_team_2_m_row_9783 .dazzler_team_2_m_our-team .dazzler_team_2_m_post{\r\n\t\t\t\t\tdisplay: block;\r\n\t\t\t\t\tfont-size: 14px;\r\n\t\t\t\t\tcolor:#000000;\r\n\t\t\t\t\ttext-transform: capitalize;\r\n\t\t\t\t\t\t\t\t\t\t\tfont-family:'Open Sans' !important;\r\n\t\t\t\t\t\t\t\t\t}\r\n\t\t\t\t\r\n\t\t\t\t@media only screen and (max-width: 990px){\r\n\t\t\t\t\t.our-team{ margin-bottom: 30px; }\r\n\t\t\t\t}\r\n\t\t\t\t@media only screen and (max-width: 767px){\r\n\t\t\t\t\t.our-team .social{ left: -20px; }\r\n\t\t\t\t}\r\n\t\t\t\t@media only screen and (max-width: 480px){\r\n\t\t\t\t\t.our-team .social{ left: -20px; }\r\n\t\t\t\t}\r\n\t\t\t\t.dazzler_row{\r\n\t\t\t\t\toverflow:hidden;\r\n\t\t\t\t\tdisplay:block;\r\n\t\t\t\t\twidth:100%;\r\n\t\t\t\t}\r\n\t\t\t\t\t\t\t\r\n\t\t\t<\/style>\r\n\t\t\t\t\t\t \r\n\t\t\t\t\t <div class=\"col-md-4 wpsm-col-div dazzler_single_team\">\r\n\t\t\t\t\t\t<div class=\"dazzler_team_2_m_our-team\">\r\n\t\t\t\t\t\t\t<div class=\"dazzler_team_2_m_team-image\">\r\n\t\t\t\t\t\t\t\t<img decoding=\"async\" src=\"\/wp-content\/uploads\/2019\/11\/Pedro-Maluane-1.jpg\" alt=\"Pedro Xavier Maluane\">\r\n\t\t\t\t\t\t\t\t<p class=\"dazzler_team_2_m_description\">\r\n\t\t\t\t\t\t\t\t\tLicenciado em Direito pela Universidade Cat\u00f3lica da Beira (UCB)\r\n\t\t\t\t\t\t\t\t<\/p>\r\n\t\t\t\t\t\t\t\t<ul class=\"dazzler_team_2_m_social\">\r\n\t\t\t\t\t\t\t\t\t\t\t\t\t\t\t\t\t\t\t\t\t\t\t\t\t\t\t\t\t\t\t\t\t\t\t\t\t<\/ul>\r\n\t\t\t\t\t\t\t<\/div>\r\n\t\t\t\t\t\t\t<div class=\"dazzler_team_2_m_team-info\">\r\n\t\t\t\t\t\t\t\t<h3 class=\"dazzler_team_2_m_title\">Pedro Xavier Maluane<\/h3>\r\n\t\t\t\t\t\t\t\t<span class=\"dazzler_team_2_m_post\">2015<\/span>\r\n\t\t\t\t\t\t\t<\/div>\r\n\t\t\t\t\t\t<\/div>\r\n\t\t\t\t\t<\/div>\r\n\t\t\t  \r\n\t\t\t\t\t  \r\n\t\t\t\t\t\t\t\t\t\t\t\t\t \r\n\t\t\t\t\t <div class=\"col-md-4 wpsm-col-div dazzler_single_team\">\r\n\t\t\t\t\t\t<div class=\"dazzler_team_2_m_our-team\">\r\n\t\t\t\t\t\t\t<div class=\"dazzler_team_2_m_team-image\">\r\n\t\t\t\t\t\t\t\t<img decoding=\"async\" src=\"\/wp-content\/uploads\/2019\/11\/Lucinda-Cumbe-201610.jpg\" alt=\"Lucinda Cumbe\">\r\n\t\t\t\t\t\t\t\t<p class=\"dazzler_team_2_m_description\">\r\n\t\t\t\t\t\t\t\t\tLicenciada em Contabilidade e Finan\u00e7as pela Universidade Zambeze\t\t\t\t\t\t\t\t<\/p>\r\n\t\t\t\t\t\t\t\t<ul class=\"dazzler_team_2_m_social\">\r\n\t\t\t\t\t\t\t\t\t\t\t\t\t\t\t\t\t\t\t\t\t\t\t\t\t\t\t\t\t\t\t\t\t\t\t\t\t<\/ul>\r\n\t\t\t\t\t\t\t<\/div>\r\n\t\t\t\t\t\t\t<div class=\"dazzler_team_2_m_team-info\">\r\n\t\t\t\t\t\t\t\t<h3 class=\"dazzler_team_2_m_title\">Lucinda Cumbe<\/h3>\r\n\t\t\t\t\t\t\t\t<span class=\"dazzler_team_2_m_post\">2016<\/span>\r\n\t\t\t\t\t\t\t<\/div>\r\n\t\t\t\t\t\t<\/div>\r\n\t\t\t\t\t<\/div>\r\n\t\t\t  \r\n\t\t\t\t\t  \r\n\t\t\t\t\t\t\t\t\t\t\t\t\t \r\n\t\t\t\t\t <div class=\"col-md-4 wpsm-col-div dazzler_single_team\">\r\n\t\t\t\t\t\t<div class=\"dazzler_team_2_m_our-team\">\r\n\t\t\t\t\t\t\t<div class=\"dazzler_team_2_m_team-image\">\r\n\t\t\t\t\t\t\t\t<img decoding=\"async\" src=\"\/wp-content\/uploads\/2019\/11\/ongsim-2007_Arnaldo.jpg\" alt=\"Arnaldo Chibale\">\r\n\t\t\t\t\t\t\t\t<p class=\"dazzler_team_2_m_description\">\r\n\t\t\t\t\t\t\t\t\tLicenciado em Economia Agr\u00e1ria pela Escola Superior de Desenvolvimento Rural Universidade Eduardo Mondlane.\t\t\t\t\t\t\t\t<\/p>\r\n\t\t\t\t\t\t\t\t<ul class=\"dazzler_team_2_m_social\">\r\n\t\t\t\t\t\t\t\t\t\t\t\t\t\t\t\t\t\t\t\t\t\t\t\t\t\t\t\t\t\t\t\t\t\t\t\t\t<\/ul>\r\n\t\t\t\t\t\t\t<\/div>\r\n\t\t\t\t\t\t\t<div class=\"dazzler_team_2_m_team-info\">\r\n\t\t\t\t\t\t\t\t<h3 class=\"dazzler_team_2_m_title\">Arnaldo Chibale<\/h3>\r\n\t\t\t\t\t\t\t\t<span class=\"dazzler_team_2_m_post\">2018<\/span>\r\n\t\t\t\t\t\t\t<\/div>\r\n\t\t\t\t\t\t<\/div>\r\n\t\t\t\t\t<\/div>\r\n\t\t\t  \r\n\t\t\t\t\t  \r\n\t\t\t\t\t\t\t\t\t\t\t<\/div>\r\n\t\t\t\t\t\t<div class=\"dazzler_row\">\r\n\t\t\t\t\t\t\t\t\t\t\t\t\t\t \r\n\t\t\t\t\t <div class=\"col-md-4 wpsm-col-div dazzler_single_team\">\r\n\t\t\t\t\t\t<div class=\"dazzler_team_2_m_our-team\">\r\n\t\t\t\t\t\t\t<div class=\"dazzler_team_2_m_team-image\">\r\n\t\t\t\t\t\t\t\t<img decoding=\"async\" src=\"\/wp-content\/uploads\/2019\/11\/Raul-.jpg\" alt=\"Raul Artur Mazelete\">\r\n\t\t\t\t\t\t\t\t<p class=\"dazzler_team_2_m_description\">\r\n\t\t\t\t\t\t\t\t\t3\u00ba ano do Curso de Ci\u00eancias Pol\u00edticas e Rela\u00e7\u00f5es Internacionais (UCB)\t\t\t\t\t\t\t\t<\/p>\r\n\t\t\t\t\t\t\t\t<ul class=\"dazzler_team_2_m_social\">\r\n\t\t\t\t\t\t\t\t\t\t\t\t\t\t\t\t\t\t\t\t\t\t\t\t\t\t\t\t\t\t\t\t\t\t\t\t\t<\/ul>\r\n\t\t\t\t\t\t\t<\/div>\r\n\t\t\t\t\t\t\t<div class=\"dazzler_team_2_m_team-info\">\r\n\t\t\t\t\t\t\t\t<h3 class=\"dazzler_team_2_m_title\">Raul Artur Mazelete<\/h3>\r\n\t\t\t\t\t\t\t\t<span class=\"dazzler_team_2_m_post\"><\/span>\r\n\t\t\t\t\t\t\t<\/div>\r\n\t\t\t\t\t\t<\/div>\r\n\t\t\t\t\t<\/div>\r\n\t\t\t  \r\n\t\t\t\t\t  \r\n\t\t\t\t\t\t\t\t\t\t\t\t\t \r\n\t\t\t\t\t <div class=\"col-md-4 wpsm-col-div dazzler_single_team\">\r\n\t\t\t\t\t\t<div class=\"dazzler_team_2_m_our-team\">\r\n\t\t\t\t\t\t\t<div class=\"dazzler_team_2_m_team-image\">\r\n\t\t\t\t\t\t\t\t<img decoding=\"async\" src=\"\/wp-content\/uploads\/2019\/11\/Ant\u00f3nio-.jpg\" alt=\"Ant\u00f3nio Sindial Zivane\">\r\n\t\t\t\t\t\t\t\t<p class=\"dazzler_team_2_m_description\">\r\n\t\t\t\t\t\t\t\t\t2\u00ba ano do Curso de Gest\u00e3o de Empresas (UCB)\t\t\t\t\t\t\t\t<\/p>\r\n\t\t\t\t\t\t\t\t<ul class=\"dazzler_team_2_m_social\">\r\n\t\t\t\t\t\t\t\t\t\t\t\t\t\t\t\t\t\t\t\t\t\t\t\t\t\t\t\t\t\t\t\t\t\t\t\t\t<\/ul>\r\n\t\t\t\t\t\t\t<\/div>\r\n\t\t\t\t\t\t\t<div class=\"dazzler_team_2_m_team-info\">\r\n\t\t\t\t\t\t\t\t<h3 class=\"dazzler_team_2_m_title\">Ant\u00f3nio Sindial Zivane<\/h3>\r\n\t\t\t\t\t\t\t\t<span class=\"dazzler_team_2_m_post\"><\/span>\r\n\t\t\t\t\t\t\t<\/div>\r\n\t\t\t\t\t\t<\/div>\r\n\t\t\t\t\t<\/div>\r\n\t\t\t  \r\n\t\t\t\t\t  \r\n\t\t\t\t\t\t\t\t\t\t\t\t\r\n\t\t<\/div>\r\n\t<\/div>\n\n\n\n<p><\/p>\n","protected":false},"excerpt":{"rendered":"","protected":false},"author":4,"featured_media":0,"parent":0,"menu_order":0,"comment_status":"closed","ping_status":"closed","template":"templates\/full-width-page.php","meta":{"ngg_post_thumbnail":0,"footnotes":""},"class_list":["post-9796","page","type-page","status-publish","hentry","clear"],"yoast_head":"<!-- This site is optimized with the Yoast SEO plugin v27.2 - https:\/\/yoast.com\/product\/yoast-seo-wordpress\/ -->\n<title>Bolseiros_team - Solidariedade Internacional a Mo\u00e7ambique<\/title>\n<meta name=\"robots\" content=\"index, follow, max-snippet:-1, max-image-preview:large, max-video-preview:-1\" \/>\n<link rel=\"canonical\" href=\"\/index.php\/bolseiros_team\/\" \/>\n<meta property=\"og:locale\" content=\"pt_PT\" \/>\n<meta property=\"og:type\" content=\"article\" \/>\n<meta property=\"og:title\" content=\"Bolseiros_team - Solidariedade Internacional a Mo\u00e7ambique\" \/>\n<meta property=\"og:url\" content=\"\/index.php\/bolseiros_team\/\" \/>\n<meta property=\"og:site_name\" content=\"Solidariedade Internacional a Mo\u00e7ambique\" \/>\n<meta property=\"article:publisher\" content=\"https:\/\/www.facebook.com\/ONG.SIM.MOCAMBIQUE\/?ref=ts\" \/>\n<meta property=\"article:modified_time\" content=\"2020-05-07T18:19:11+00:00\" \/>\n<meta name=\"twitter:card\" content=\"summary_large_image\" \/>\n<script type=\"application\/ld+json\" class=\"yoast-schema-graph\">{\"@context\":\"https:\/\/schema.org\",\"@graph\":[{\"@type\":\"WebPage\",\"@id\":\"\/index.php\/bolseiros_team\/\",\"url\":\"\/index.php\/bolseiros_team\/\",\"name\":\"Bolseiros_team - Solidariedade Internacional a Mo\u00e7ambique\",\"isPartOf\":{\"@id\":\"https:\/\/www.ongsim.org\/#website\"},\"datePublished\":\"2020-05-07T14:47:48+00:00\",\"dateModified\":\"2020-05-07T18:19:11+00:00\",\"breadcrumb\":{\"@id\":\"\/index.php\/bolseiros_team\/#breadcrumb\"},\"inLanguage\":\"pt-PT\",\"potentialAction\":[{\"@type\":\"ReadAction\",\"target\":[\"\/index.php\/bolseiros_team\/\"]}]},{\"@type\":\"BreadcrumbList\",\"@id\":\"\/index.php\/bolseiros_team\/#breadcrumb\",\"itemListElement\":[{\"@type\":\"ListItem\",\"position\":1,\"name\":\"In\u00edcio\",\"item\":\"https:\/\/www.ongsim.org\/\"},{\"@type\":\"ListItem\",\"position\":2,\"name\":\"Bolseiros_team\"}]},{\"@type\":\"WebSite\",\"@id\":\"https:\/\/www.ongsim.org\/#website\",\"url\":\"https:\/\/www.ongsim.org\/\",\"name\":\"Solidariedade Internacional a Mo\u00e7ambique\",\"description\":\"Solidariedade Internacional a Mo\u00e7ambique\",\"publisher\":{\"@id\":\"https:\/\/www.ongsim.org\/#organization\"},\"potentialAction\":[{\"@type\":\"SearchAction\",\"target\":{\"@type\":\"EntryPoint\",\"urlTemplate\":\"https:\/\/www.ongsim.org\/?s={search_term_string}\"},\"query-input\":{\"@type\":\"PropertyValueSpecification\",\"valueRequired\":true,\"valueName\":\"search_term_string\"}}],\"inLanguage\":\"pt-PT\"},{\"@type\":\"Organization\",\"@id\":\"https:\/\/www.ongsim.org\/#organization\",\"name\":\"Solidariedade Internacional a Mo\u00e7ambique\",\"url\":\"https:\/\/www.ongsim.org\/\",\"logo\":{\"@type\":\"ImageObject\",\"inLanguage\":\"pt-PT\",\"@id\":\"https:\/\/www.ongsim.org\/#\/schema\/logo\/image\/\",\"url\":\"http:\/\/ongsim.org\/wp-content\/uploads\/2020\/03\/logo-sim-2_branco_site.png\",\"contentUrl\":\"http:\/\/ongsim.org\/wp-content\/uploads\/2020\/03\/logo-sim-2_branco_site.png\",\"width\":300,\"height\":300,\"caption\":\"Solidariedade Internacional a Mo\u00e7ambique\"},\"image\":{\"@id\":\"https:\/\/www.ongsim.org\/#\/schema\/logo\/image\/\"},\"sameAs\":[\"https:\/\/www.facebook.com\/ONG.SIM.MOCAMBIQUE\/?ref=ts\",\"https:\/\/www.instagram.com\/sim.mocambique\/\",\"https:\/\/www.youtube.com\/channel\/UCcLb9BZr3RC9gZ57W-0eebA\"]}]}<\/script>\n<!-- \/ Yoast SEO plugin. -->","yoast_head_json":{"title":"Bolseiros_team - Solidariedade Internacional a Mo\u00e7ambique","robots":{"index":"index","follow":"follow","max-snippet":"max-snippet:-1","max-image-preview":"max-image-preview:large","max-video-preview":"max-video-preview:-1"},"canonical":"\/index.php\/bolseiros_team\/","og_locale":"pt_PT","og_type":"article","og_title":"Bolseiros_team - Solidariedade Internacional a Mo\u00e7ambique","og_url":"\/index.php\/bolseiros_team\/","og_site_name":"Solidariedade Internacional a Mo\u00e7ambique","article_publisher":"https:\/\/www.facebook.com\/ONG.SIM.MOCAMBIQUE\/?ref=ts","article_modified_time":"2020-05-07T18:19:11+00:00","twitter_card":"summary_large_image","schema":{"@context":"https:\/\/schema.org","@graph":[{"@type":"WebPage","@id":"\/index.php\/bolseiros_team\/","url":"\/index.php\/bolseiros_team\/","name":"Bolseiros_team - Solidariedade Internacional a Mo\u00e7ambique","isPartOf":{"@id":"https:\/\/www.ongsim.org\/#website"},"datePublished":"2020-05-07T14:47:48+00:00","dateModified":"2020-05-07T18:19:11+00:00","breadcrumb":{"@id":"\/index.php\/bolseiros_team\/#breadcrumb"},"inLanguage":"pt-PT","potentialAction":[{"@type":"ReadAction","target":["\/index.php\/bolseiros_team\/"]}]},{"@type":"BreadcrumbList","@id":"\/index.php\/bolseiros_team\/#breadcrumb","itemListElement":[{"@type":"ListItem","position":1,"name":"In\u00edcio","item":"https:\/\/www.ongsim.org\/"},{"@type":"ListItem","position":2,"name":"Bolseiros_team"}]},{"@type":"WebSite","@id":"https:\/\/www.ongsim.org\/#website","url":"https:\/\/www.ongsim.org\/","name":"Solidariedade Internacional a Mo\u00e7ambique","description":"Solidariedade Internacional a Mo\u00e7ambique","publisher":{"@id":"https:\/\/www.ongsim.org\/#organization"},"potentialAction":[{"@type":"SearchAction","target":{"@type":"EntryPoint","urlTemplate":"https:\/\/www.ongsim.org\/?s={search_term_string}"},"query-input":{"@type":"PropertyValueSpecification","valueRequired":true,"valueName":"search_term_string"}}],"inLanguage":"pt-PT"},{"@type":"Organization","@id":"https:\/\/www.ongsim.org\/#organization","name":"Solidariedade Internacional a Mo\u00e7ambique","url":"https:\/\/www.ongsim.org\/","logo":{"@type":"ImageObject","inLanguage":"pt-PT","@id":"https:\/\/www.ongsim.org\/#\/schema\/logo\/image\/","url":"http:\/\/ongsim.org\/wp-content\/uploads\/2020\/03\/logo-sim-2_branco_site.png","contentUrl":"http:\/\/ongsim.org\/wp-content\/uploads\/2020\/03\/logo-sim-2_branco_site.png","width":300,"height":300,"caption":"Solidariedade Internacional a Mo\u00e7ambique"},"image":{"@id":"https:\/\/www.ongsim.org\/#\/schema\/logo\/image\/"},"sameAs":["https:\/\/www.facebook.com\/ONG.SIM.MOCAMBIQUE\/?ref=ts","https:\/\/www.instagram.com\/sim.mocambique\/","https:\/\/www.youtube.com\/channel\/UCcLb9BZr3RC9gZ57W-0eebA"]}]}},"jetpack_sharing_enabled":true,"_links":{"self":[{"href":"\/index.php\/wp-json\/wp\/v2\/pages\/9796","targetHints":{"allow":["GET"]}}],"collection":[{"href":"\/index.php\/wp-json\/wp\/v2\/pages"}],"about":[{"href":"\/index.php\/wp-json\/wp\/v2\/types\/page"}],"author":[{"embeddable":true,"href":"\/index.php\/wp-json\/wp\/v2\/users\/4"}],"replies":[{"embeddable":true,"href":"\/index.php\/wp-json\/wp\/v2\/comments?post=9796"}],"version-history":[{"count":4,"href":"\/index.php\/wp-json\/wp\/v2\/pages\/9796\/revisions"}],"predecessor-version":[{"id":9803,"href":"\/index.php\/wp-json\/wp\/v2\/pages\/9796\/revisions\/9803"}],"wp:attachment":[{"href":"\/index.php\/wp-json\/wp\/v2\/media?parent=9796"}],"curies":[{"name":"wp","href":"https:\/\/api.w.org\/{rel}","templated":true}]}}