{"id":8914,"date":"2019-11-14T17:28:54","date_gmt":"2019-11-14T17:28:54","guid":{"rendered":"http:\/\/beta.ongsim.org\/?page_id=8914"},"modified":"2019-12-12T16:17:34","modified_gmt":"2019-12-12T16:17:34","slug":"doar-milhas-tap","status":"publish","type":"page","link":"\/index.php\/doar-milhas-tap\/","title":{"rendered":"Doar milhas TAP"},"content":{"rendered":"\n<figure class=\"wp-block-image\"><img decoding=\"async\" src=\"https:\/\/www.flytap.com\/-\/media\/Flytap\/Miles-and-go-_-Rebranding\/Doar-milhas\/2019-2020\/flytap_Banner-LP--1920x651_Causas-com-Asas.jpg\" alt=\"\"\/><\/figure>\n\n\n\n<p style=\"text-align:justify\" class=\"has-drop-cap\"><p style=\"text-align: justify;\"><\/p><\/p>\n\n\n\n<h4 class=\"wp-block-heading\">A SIM agradece as milhas doadas.<\/h4>\n\n\n\n<p style=\"text-align:justify\" class=\"has-drop-cap\"><p style=\"text-align: justify;\">Ao doar as suas milhas est\u00e1 a ajudar a ONGD SIM, Solidariedade Internacional a Mo\u00e7ambique a levar mais volunt\u00e1rios portugueses nas miss\u00f5es de solidariedade bi-anuais nas \u00e1reas da sa\u00fade e educa\u00e7\u00e3o que. Estes volunt\u00e1rios que, solidariamente e a t\u00edtulo gratuito abdicam das suas f\u00e9rias e conforto do lar, para ajudar a melhorar as condi\u00e7\u00f5es de vida e de sa\u00fade das comunidades extretamente carenciadas da Zona Norte da Ilha do Bazaruto, merecem a nossa manisfesta\u00e7\u00e3o publica de agradecimento pelo trabalho incans\u00e1vel que t\u00eam desenvolvido.<\/p><\/p>\n\n\n\n<p>A doa\u00e7\u00e3o de milhas no \u00e2mbito do programa Donate Miles da TAP \u00e9 f\u00e1cil e gratuito. Veja como neste link:<\/p>\n\n\n\n<figure class=\"wp-block-image\"><img loading=\"lazy\" decoding=\"async\" width=\"1024\" height=\"683\" src=\"\/wp-content\/uploads\/2019\/12\/Partida-de-Portugal-1024x683.jpg\" alt=\"\" class=\"wp-image-9170\" srcset=\"\/wp-content\/uploads\/2019\/12\/Partida-de-Portugal-1024x683.jpg 1024w, \/wp-content\/uploads\/2019\/12\/Partida-de-Portugal-768x512.jpg 768w, \/wp-content\/uploads\/2019\/12\/Partida-de-Portugal-1400x933.jpg 1400w, \/wp-content\/uploads\/2019\/12\/Partida-de-Portugal-600x400.jpg 600w, \/wp-content\/uploads\/2019\/12\/Partida-de-Portugal-24x16.jpg 24w, \/wp-content\/uploads\/2019\/12\/Partida-de-Portugal-36x24.jpg 36w, \/wp-content\/uploads\/2019\/12\/Partida-de-Portugal-48x32.jpg 48w, \/wp-content\/uploads\/2019\/12\/Partida-de-Portugal-300x200.jpg 300w\" sizes=\"auto, (max-width: 1024px) 100vw, 1024px\" \/><figcaption>Partida de Portugal <\/figcaption><\/figure>\n\n\n\n<p><a href=\"https:\/\/www.flytap.com\/pt-ci\/miles-and-go\/parceiros\/sim\">https:\/\/www.flytap.com\/pt-ci\/miles-and-go\/parceiros\/sim<\/a><\/p>\n","protected":false},"excerpt":{"rendered":"<p>A SIM agradece as milhas doadas. Ao doar as suas milhas est\u00e1 a ajudar a ONGD SIM, Solidariedade Internacional a Mo\u00e7ambique a levar mais volunt\u00e1rios portugueses nas miss\u00f5es de solidariedade bi-anuais nas \u00e1reas da sa\u00fade e educa\u00e7\u00e3o que. Estes volunt\u00e1rios que, solidariamente e a t\u00edtulo gratuito abdicam das suas f\u00e9rias e conforto do lar, para&#8230; <a class=\"more-link\" href=\"\/index.php\/doar-milhas-tap\/#more-8914\">Continue Reading &rarr;<\/a><\/p>\n","protected":false},"author":1,"featured_media":0,"parent":0,"menu_order":0,"comment_status":"closed","ping_status":"closed","template":"","meta":{"ngg_post_thumbnail":0,"footnotes":""},"class_list":["post-8914","page","type-page","status-publish","hentry","clear"],"yoast_head":"<!-- This site is optimized with the Yoast SEO plugin v27.2 - https:\/\/yoast.com\/product\/yoast-seo-wordpress\/ -->\n<title>Doar milhas TAP - Solidariedade Internacional a Mo\u00e7ambique<\/title>\n<meta name=\"robots\" content=\"index, follow, max-snippet:-1, max-image-preview:large, max-video-preview:-1\" \/>\n<link rel=\"canonical\" href=\"https:\/\/www.ongsim.org\/index.php\/doar-milhas-tap\/\" \/>\n<meta property=\"og:locale\" content=\"pt_PT\" \/>\n<meta property=\"og:type\" content=\"article\" \/>\n<meta property=\"og:title\" content=\"Doar milhas TAP - Solidariedade Internacional a Mo\u00e7ambique\" \/>\n<meta property=\"og:description\" content=\"A SIM agradece as milhas doadas. Ao doar as suas milhas est\u00e1 a ajudar a ONGD SIM, Solidariedade Internacional a Mo\u00e7ambique a levar mais volunt\u00e1rios portugueses nas miss\u00f5es de solidariedade bi-anuais nas \u00e1reas da sa\u00fade e educa\u00e7\u00e3o que. Estes volunt\u00e1rios que, solidariamente e a t\u00edtulo gratuito abdicam das suas f\u00e9rias e conforto do lar, para... Continue Reading &rarr;\" \/>\n<meta property=\"og:url\" content=\"https:\/\/www.ongsim.org\/index.php\/doar-milhas-tap\/\" \/>\n<meta property=\"og:site_name\" content=\"Solidariedade Internacional a Mo\u00e7ambique\" \/>\n<meta property=\"article:publisher\" content=\"https:\/\/www.facebook.com\/ONG.SIM.MOCAMBIQUE\/?ref=ts\" \/>\n<meta property=\"article:modified_time\" content=\"2019-12-12T16:17:34+00:00\" \/>\n<meta property=\"og:image\" content=\"https:\/\/www.flytap.com\/-\/media\/Flytap\/Miles-and-go-_-Rebranding\/Doar-milhas\/2019-2020\/flytap_Banner-LP--1920x651_Causas-com-Asas.jpg\" \/>\n<meta name=\"twitter:card\" content=\"summary_large_image\" \/>\n<meta name=\"twitter:label1\" content=\"Tempo estimado de leitura\" \/>\n\t<meta name=\"twitter:data1\" content=\"1 minuto\" \/>\n<script type=\"application\/ld+json\" class=\"yoast-schema-graph\">{\"@context\":\"https:\/\/schema.org\",\"@graph\":[{\"@type\":\"WebPage\",\"@id\":\"https:\/\/www.ongsim.org\/index.php\/doar-milhas-tap\/\",\"url\":\"https:\/\/www.ongsim.org\/index.php\/doar-milhas-tap\/\",\"name\":\"Doar milhas TAP - Solidariedade Internacional a Mo\u00e7ambique\",\"isPartOf\":{\"@id\":\"https:\/\/www.ongsim.org\/#website\"},\"primaryImageOfPage\":{\"@id\":\"https:\/\/www.ongsim.org\/index.php\/doar-milhas-tap\/#primaryimage\"},\"image\":{\"@id\":\"https:\/\/www.ongsim.org\/index.php\/doar-milhas-tap\/#primaryimage\"},\"thumbnailUrl\":\"https:\/\/www.flytap.com\/-\/media\/Flytap\/Miles-and-go-_-Rebranding\/Doar-milhas\/2019-2020\/flytap_Banner-LP--1920x651_Causas-com-Asas.jpg\",\"datePublished\":\"2019-11-14T17:28:54+00:00\",\"dateModified\":\"2019-12-12T16:17:34+00:00\",\"breadcrumb\":{\"@id\":\"https:\/\/www.ongsim.org\/index.php\/doar-milhas-tap\/#breadcrumb\"},\"inLanguage\":\"pt-PT\",\"potentialAction\":[{\"@type\":\"ReadAction\",\"target\":[\"https:\/\/www.ongsim.org\/index.php\/doar-milhas-tap\/\"]}]},{\"@type\":\"ImageObject\",\"inLanguage\":\"pt-PT\",\"@id\":\"https:\/\/www.ongsim.org\/index.php\/doar-milhas-tap\/#primaryimage\",\"url\":\"https:\/\/www.flytap.com\/-\/media\/Flytap\/Miles-and-go-_-Rebranding\/Doar-milhas\/2019-2020\/flytap_Banner-LP--1920x651_Causas-com-Asas.jpg\",\"contentUrl\":\"https:\/\/www.flytap.com\/-\/media\/Flytap\/Miles-and-go-_-Rebranding\/Doar-milhas\/2019-2020\/flytap_Banner-LP--1920x651_Causas-com-Asas.jpg\"},{\"@type\":\"BreadcrumbList\",\"@id\":\"https:\/\/www.ongsim.org\/index.php\/doar-milhas-tap\/#breadcrumb\",\"itemListElement\":[{\"@type\":\"ListItem\",\"position\":1,\"name\":\"In\u00edcio\",\"item\":\"https:\/\/www.ongsim.org\/\"},{\"@type\":\"ListItem\",\"position\":2,\"name\":\"Doar milhas TAP\"}]},{\"@type\":\"WebSite\",\"@id\":\"https:\/\/www.ongsim.org\/#website\",\"url\":\"https:\/\/www.ongsim.org\/\",\"name\":\"Solidariedade Internacional a Mo\u00e7ambique\",\"description\":\"Solidariedade Internacional a Mo\u00e7ambique\",\"publisher\":{\"@id\":\"https:\/\/www.ongsim.org\/#organization\"},\"potentialAction\":[{\"@type\":\"SearchAction\",\"target\":{\"@type\":\"EntryPoint\",\"urlTemplate\":\"https:\/\/www.ongsim.org\/?s={search_term_string}\"},\"query-input\":{\"@type\":\"PropertyValueSpecification\",\"valueRequired\":true,\"valueName\":\"search_term_string\"}}],\"inLanguage\":\"pt-PT\"},{\"@type\":\"Organization\",\"@id\":\"https:\/\/www.ongsim.org\/#organization\",\"name\":\"Solidariedade Internacional a Mo\u00e7ambique\",\"url\":\"https:\/\/www.ongsim.org\/\",\"logo\":{\"@type\":\"ImageObject\",\"inLanguage\":\"pt-PT\",\"@id\":\"https:\/\/www.ongsim.org\/#\/schema\/logo\/image\/\",\"url\":\"http:\/\/ongsim.org\/wp-content\/uploads\/2020\/03\/logo-sim-2_branco_site.png\",\"contentUrl\":\"http:\/\/ongsim.org\/wp-content\/uploads\/2020\/03\/logo-sim-2_branco_site.png\",\"width\":300,\"height\":300,\"caption\":\"Solidariedade Internacional a Mo\u00e7ambique\"},\"image\":{\"@id\":\"https:\/\/www.ongsim.org\/#\/schema\/logo\/image\/\"},\"sameAs\":[\"https:\/\/www.facebook.com\/ONG.SIM.MOCAMBIQUE\/?ref=ts\",\"https:\/\/www.instagram.com\/sim.mocambique\/\",\"https:\/\/www.youtube.com\/channel\/UCcLb9BZr3RC9gZ57W-0eebA\"]}]}<\/script>\n<!-- \/ Yoast SEO plugin. -->","yoast_head_json":{"title":"Doar milhas TAP - Solidariedade Internacional a Mo\u00e7ambique","robots":{"index":"index","follow":"follow","max-snippet":"max-snippet:-1","max-image-preview":"max-image-preview:large","max-video-preview":"max-video-preview:-1"},"canonical":"https:\/\/www.ongsim.org\/index.php\/doar-milhas-tap\/","og_locale":"pt_PT","og_type":"article","og_title":"Doar milhas TAP - Solidariedade Internacional a Mo\u00e7ambique","og_description":"A SIM agradece as milhas doadas. Ao doar as suas milhas est\u00e1 a ajudar a ONGD SIM, Solidariedade Internacional a Mo\u00e7ambique a levar mais volunt\u00e1rios portugueses nas miss\u00f5es de solidariedade bi-anuais nas \u00e1reas da sa\u00fade e educa\u00e7\u00e3o que. Estes volunt\u00e1rios que, solidariamente e a t\u00edtulo gratuito abdicam das suas f\u00e9rias e conforto do lar, para... Continue Reading &rarr;","og_url":"https:\/\/www.ongsim.org\/index.php\/doar-milhas-tap\/","og_site_name":"Solidariedade Internacional a Mo\u00e7ambique","article_publisher":"https:\/\/www.facebook.com\/ONG.SIM.MOCAMBIQUE\/?ref=ts","article_modified_time":"2019-12-12T16:17:34+00:00","og_image":[{"url":"https:\/\/www.flytap.com\/-\/media\/Flytap\/Miles-and-go-_-Rebranding\/Doar-milhas\/2019-2020\/flytap_Banner-LP--1920x651_Causas-com-Asas.jpg","type":"","width":"","height":""}],"twitter_card":"summary_large_image","twitter_misc":{"Tempo estimado de leitura":"1 minuto"},"schema":{"@context":"https:\/\/schema.org","@graph":[{"@type":"WebPage","@id":"https:\/\/www.ongsim.org\/index.php\/doar-milhas-tap\/","url":"https:\/\/www.ongsim.org\/index.php\/doar-milhas-tap\/","name":"Doar milhas TAP - Solidariedade Internacional a Mo\u00e7ambique","isPartOf":{"@id":"https:\/\/www.ongsim.org\/#website"},"primaryImageOfPage":{"@id":"https:\/\/www.ongsim.org\/index.php\/doar-milhas-tap\/#primaryimage"},"image":{"@id":"https:\/\/www.ongsim.org\/index.php\/doar-milhas-tap\/#primaryimage"},"thumbnailUrl":"https:\/\/www.flytap.com\/-\/media\/Flytap\/Miles-and-go-_-Rebranding\/Doar-milhas\/2019-2020\/flytap_Banner-LP--1920x651_Causas-com-Asas.jpg","datePublished":"2019-11-14T17:28:54+00:00","dateModified":"2019-12-12T16:17:34+00:00","breadcrumb":{"@id":"https:\/\/www.ongsim.org\/index.php\/doar-milhas-tap\/#breadcrumb"},"inLanguage":"pt-PT","potentialAction":[{"@type":"ReadAction","target":["https:\/\/www.ongsim.org\/index.php\/doar-milhas-tap\/"]}]},{"@type":"ImageObject","inLanguage":"pt-PT","@id":"https:\/\/www.ongsim.org\/index.php\/doar-milhas-tap\/#primaryimage","url":"https:\/\/www.flytap.com\/-\/media\/Flytap\/Miles-and-go-_-Rebranding\/Doar-milhas\/2019-2020\/flytap_Banner-LP--1920x651_Causas-com-Asas.jpg","contentUrl":"https:\/\/www.flytap.com\/-\/media\/Flytap\/Miles-and-go-_-Rebranding\/Doar-milhas\/2019-2020\/flytap_Banner-LP--1920x651_Causas-com-Asas.jpg"},{"@type":"BreadcrumbList","@id":"https:\/\/www.ongsim.org\/index.php\/doar-milhas-tap\/#breadcrumb","itemListElement":[{"@type":"ListItem","position":1,"name":"In\u00edcio","item":"https:\/\/www.ongsim.org\/"},{"@type":"ListItem","position":2,"name":"Doar milhas TAP"}]},{"@type":"WebSite","@id":"https:\/\/www.ongsim.org\/#website","url":"https:\/\/www.ongsim.org\/","name":"Solidariedade Internacional a Mo\u00e7ambique","description":"Solidariedade Internacional a Mo\u00e7ambique","publisher":{"@id":"https:\/\/www.ongsim.org\/#organization"},"potentialAction":[{"@type":"SearchAction","target":{"@type":"EntryPoint","urlTemplate":"https:\/\/www.ongsim.org\/?s={search_term_string}"},"query-input":{"@type":"PropertyValueSpecification","valueRequired":true,"valueName":"search_term_string"}}],"inLanguage":"pt-PT"},{"@type":"Organization","@id":"https:\/\/www.ongsim.org\/#organization","name":"Solidariedade Internacional a Mo\u00e7ambique","url":"https:\/\/www.ongsim.org\/","logo":{"@type":"ImageObject","inLanguage":"pt-PT","@id":"https:\/\/www.ongsim.org\/#\/schema\/logo\/image\/","url":"http:\/\/ongsim.org\/wp-content\/uploads\/2020\/03\/logo-sim-2_branco_site.png","contentUrl":"http:\/\/ongsim.org\/wp-content\/uploads\/2020\/03\/logo-sim-2_branco_site.png","width":300,"height":300,"caption":"Solidariedade Internacional a Mo\u00e7ambique"},"image":{"@id":"https:\/\/www.ongsim.org\/#\/schema\/logo\/image\/"},"sameAs":["https:\/\/www.facebook.com\/ONG.SIM.MOCAMBIQUE\/?ref=ts","https:\/\/www.instagram.com\/sim.mocambique\/","https:\/\/www.youtube.com\/channel\/UCcLb9BZr3RC9gZ57W-0eebA"]}]}},"jetpack_sharing_enabled":true,"_links":{"self":[{"href":"\/index.php\/wp-json\/wp\/v2\/pages\/8914","targetHints":{"allow":["GET"]}}],"collection":[{"href":"\/index.php\/wp-json\/wp\/v2\/pages"}],"about":[{"href":"\/index.php\/wp-json\/wp\/v2\/types\/page"}],"author":[{"embeddable":true,"href":"\/index.php\/wp-json\/wp\/v2\/users\/1"}],"replies":[{"embeddable":true,"href":"\/index.php\/wp-json\/wp\/v2\/comments?post=8914"}],"version-history":[{"count":13,"href":"\/index.php\/wp-json\/wp\/v2\/pages\/8914\/revisions"}],"predecessor-version":[{"id":9171,"href":"\/index.php\/wp-json\/wp\/v2\/pages\/8914\/revisions\/9171"}],"wp:attachment":[{"href":"\/index.php\/wp-json\/wp\/v2\/media?parent=8914"}],"curies":[{"name":"wp","href":"https:\/\/api.w.org\/{rel}","templated":true}]}}