{"id":8333,"date":"2019-10-26T18:39:29","date_gmt":"2019-10-26T18:39:29","guid":{"rendered":"http:\/\/beta.ongsim.org\/?page_id=8333"},"modified":"2020-07-07T19:24:12","modified_gmt":"2020-07-07T18:24:12","slug":"patrocinadores","status":"publish","type":"page","link":"\/index.php\/patrocinadores\/","title":{"rendered":"Patrocinadores"},"content":{"rendered":"<figure class=\"gallery-item\"><a href=\"https:\/\/cascais.pt\" target=\"_blank\" rel=\"noopener noreferrer\"><img loading=\"lazy\" decoding=\"async\" class=\"aligncenter\" src=\"\/wp-content\/uploads\/2019\/10\/Logo-CMC.png\" alt=\"C\u00e2mara Municipal de Cascais\" width=\"231\" height=\"71\"><\/a><\/figure>\n<figure class=\"gallery-item\"><a href=\"https:\/\/flytap.com\" target=\"_blank\" rel=\"noopener noreferrer\"><img loading=\"lazy\" decoding=\"async\" class=\"aligncenter\" src=\"\/wp-content\/uploads\/2019\/10\/logoTAP_INST_vertical_CMYK_Positivo.jpg\" alt=\"TAP\" width=\"218\" height=\"107\"><\/a><\/figure>\n<figure class=\"gallery-item\"><a href=\"https:\/\/sumolcompal.pt\" target=\"_blank\" rel=\"noopener noreferrer\"><img loading=\"lazy\" decoding=\"async\" class=\"aligncenter\" src=\"\/wp-content\/uploads\/2019\/10\/SUMOLCOMPAL-300x61.png\" sizes=\"auto, (max-width: 300px) 100vw, 300px\" srcset=\"\/wp-content\/uploads\/2019\/10\/SUMOLCOMPAL-300x61.png 300w, \/wp-content\/uploads\/2019\/10\/SUMOLCOMPAL.png 381w\" alt=\"SUMOL + COMPAL\" width=\"300\" height=\"61\"><\/a><\/figure>\n<figure class=\"gallery-item\"><a href=\"https:\/\/www.control.pt\" target=\"_blank\" rel=\"noopener noreferrer\"><img loading=\"lazy\" decoding=\"async\" class=\"aligncenter\" src=\"\/wp-content\/uploads\/2019\/10\/control-logo-300x158.png\" sizes=\"auto, (max-width: 300px) 100vw, 300px\" srcset=\"\/wp-content\/uploads\/2019\/10\/control-logo-300x158.png 300w, \/wp-content\/uploads\/2019\/10\/control-logo.png 310w\" alt=\"Control\" width=\"300\" height=\"158\"><\/a><\/figure>\n<figure class=\"gallery-item\"><img loading=\"lazy\" decoding=\"async\" class=\"aligncenter\" src=\"\/wp-content\/uploads\/2019\/10\/Logo-Vumba-PIFL-300x111.jpg\" sizes=\"auto, (max-width: 300px) 100vw, 300px\" srcset=\"\/wp-content\/uploads\/2019\/10\/Logo-Vumba-PIFL-300x111.jpg 300w, \/wp-content\/uploads\/2019\/10\/Logo-Vumba-PIFL-768x283.jpg 768w, \/wp-content\/uploads\/2019\/10\/Logo-Vumba-PIFL-1024x378.jpg 1024w, \/wp-content\/uploads\/2019\/10\/Logo-Vumba-PIFL-945x348.jpg 945w, \/wp-content\/uploads\/2019\/10\/Logo-Vumba-PIFL-600x221.jpg 600w\" alt=\"Vumba\" width=\"300\" height=\"111\"><\/figure>\n<figure class=\"gallery-item\"><a href=\"https:\/\/www.topgim.com\" target=\"_blank\" rel=\"noopener noreferrer\"><img loading=\"lazy\" decoding=\"async\" class=\"aligncenter\" src=\"\/wp-content\/uploads\/2019\/10\/LogoTopgim-300x80.png\" sizes=\"auto, (max-width: 300px) 100vw, 300px\" srcset=\"\/wp-content\/uploads\/2019\/10\/LogoTopgim-300x80.png 300w, \/wp-content\/uploads\/2019\/10\/LogoTopgim.png 558w\" alt=\"TOPGIM\" width=\"300\" height=\"80\"><\/a><\/figure>\n<figure class=\"gallery-item\"><a href=\"https:\/\/www.tejobrinde.pt\/pt-pt\/\" target=\"_blank\" rel=\"noopener noreferrer\"><img loading=\"lazy\" decoding=\"async\" class=\"aligncenter\" src=\"\/wp-content\/uploads\/2019\/10\/Logo-tejobrinde-300x117.png\" sizes=\"auto, (max-width: 300px) 100vw, 300px\" srcset=\"\/wp-content\/uploads\/2019\/10\/Logo-tejobrinde-300x117.png 300w, \/wp-content\/uploads\/2019\/10\/Logo-tejobrinde.png 316w\" alt=\"TEJO BRINDE\" width=\"300\" height=\"117\"><\/a><\/figure>\n<figure class=\"gallery-item\"><img loading=\"lazy\" decoding=\"async\" class=\"aligncenter\" src=\"\/wp-content\/uploads\/2019\/10\/Logo-CPMZ-300x168.jpg\" alt=\"CPMZ\" width=\"300\" height=\"168\"><\/figure>\n<p>A ONGD_SIM agradece o apoio solid\u00e1rio dos seus patrocinadores, sem o qual seria imposs\u00edvel realizar as suas miss\u00f5es em Mo\u00e7ambique.<\/p>\n<p>O apoio financeiro, material e log\u00edstico destes patrocinadores permitiu e permitir\u00e1 levar muitos sorrisos a popula\u00e7\u00f5es muito carenciadas.<\/p>\n","protected":false},"excerpt":{"rendered":"<p>A ONGD_SIM agradece o apoio solid\u00e1rio dos seus patrocinadores, sem o qual seria imposs\u00edvel realizar as suas miss\u00f5es em Mo\u00e7ambique. O apoio financeiro, material e log\u00edstico destes patrocinadores permitiu e permitir\u00e1 levar muitos sorrisos a popula\u00e7\u00f5es muito carenciadas.<\/p>\n","protected":false},"author":1,"featured_media":0,"parent":0,"menu_order":0,"comment_status":"closed","ping_status":"closed","template":"","meta":{"ngg_post_thumbnail":0,"footnotes":""},"class_list":["post-8333","page","type-page","status-publish","hentry","clear"],"yoast_head":"<!-- This site is optimized with the Yoast SEO plugin v27.2 - https:\/\/yoast.com\/product\/yoast-seo-wordpress\/ -->\n<title>Patrocinadores - Solidariedade Internacional a Mo\u00e7ambique<\/title>\n<meta name=\"robots\" content=\"index, follow, max-snippet:-1, max-image-preview:large, max-video-preview:-1\" \/>\n<link rel=\"canonical\" href=\"\/index.php\/patrocinadores\/\" \/>\n<meta property=\"og:locale\" content=\"pt_PT\" \/>\n<meta property=\"og:type\" content=\"article\" \/>\n<meta property=\"og:title\" content=\"Patrocinadores - Solidariedade Internacional a Mo\u00e7ambique\" \/>\n<meta property=\"og:description\" content=\"A ONGD_SIM agradece o apoio solid\u00e1rio dos seus patrocinadores, sem o qual seria imposs\u00edvel realizar as suas miss\u00f5es em Mo\u00e7ambique. O apoio financeiro, material e log\u00edstico destes patrocinadores permitiu e permitir\u00e1 levar muitos sorrisos a popula\u00e7\u00f5es muito carenciadas.\" \/>\n<meta property=\"og:url\" content=\"\/index.php\/patrocinadores\/\" \/>\n<meta property=\"og:site_name\" content=\"Solidariedade Internacional a Mo\u00e7ambique\" \/>\n<meta property=\"article:publisher\" content=\"https:\/\/www.facebook.com\/ONG.SIM.MOCAMBIQUE\/?ref=ts\" \/>\n<meta property=\"article:modified_time\" content=\"2020-07-07T18:24:12+00:00\" \/>\n<meta name=\"twitter:card\" content=\"summary_large_image\" \/>\n<script type=\"application\/ld+json\" class=\"yoast-schema-graph\">{\"@context\":\"https:\/\/schema.org\",\"@graph\":[{\"@type\":\"WebPage\",\"@id\":\"\/index.php\/patrocinadores\/\",\"url\":\"\/index.php\/patrocinadores\/\",\"name\":\"Patrocinadores - Solidariedade Internacional a Mo\u00e7ambique\",\"isPartOf\":{\"@id\":\"https:\/\/www.ongsim.org\/#website\"},\"datePublished\":\"2019-10-26T18:39:29+00:00\",\"dateModified\":\"2020-07-07T18:24:12+00:00\",\"breadcrumb\":{\"@id\":\"\/index.php\/patrocinadores\/#breadcrumb\"},\"inLanguage\":\"pt-PT\",\"potentialAction\":[{\"@type\":\"ReadAction\",\"target\":[\"\/index.php\/patrocinadores\/\"]}]},{\"@type\":\"BreadcrumbList\",\"@id\":\"\/index.php\/patrocinadores\/#breadcrumb\",\"itemListElement\":[{\"@type\":\"ListItem\",\"position\":1,\"name\":\"In\u00edcio\",\"item\":\"https:\/\/www.ongsim.org\/\"},{\"@type\":\"ListItem\",\"position\":2,\"name\":\"Patrocinadores\"}]},{\"@type\":\"WebSite\",\"@id\":\"https:\/\/www.ongsim.org\/#website\",\"url\":\"https:\/\/www.ongsim.org\/\",\"name\":\"Solidariedade Internacional a Mo\u00e7ambique\",\"description\":\"Solidariedade Internacional a Mo\u00e7ambique\",\"publisher\":{\"@id\":\"https:\/\/www.ongsim.org\/#organization\"},\"potentialAction\":[{\"@type\":\"SearchAction\",\"target\":{\"@type\":\"EntryPoint\",\"urlTemplate\":\"https:\/\/www.ongsim.org\/?s={search_term_string}\"},\"query-input\":{\"@type\":\"PropertyValueSpecification\",\"valueRequired\":true,\"valueName\":\"search_term_string\"}}],\"inLanguage\":\"pt-PT\"},{\"@type\":\"Organization\",\"@id\":\"https:\/\/www.ongsim.org\/#organization\",\"name\":\"Solidariedade Internacional a Mo\u00e7ambique\",\"url\":\"https:\/\/www.ongsim.org\/\",\"logo\":{\"@type\":\"ImageObject\",\"inLanguage\":\"pt-PT\",\"@id\":\"https:\/\/www.ongsim.org\/#\/schema\/logo\/image\/\",\"url\":\"http:\/\/ongsim.org\/wp-content\/uploads\/2020\/03\/logo-sim-2_branco_site.png\",\"contentUrl\":\"http:\/\/ongsim.org\/wp-content\/uploads\/2020\/03\/logo-sim-2_branco_site.png\",\"width\":300,\"height\":300,\"caption\":\"Solidariedade Internacional a Mo\u00e7ambique\"},\"image\":{\"@id\":\"https:\/\/www.ongsim.org\/#\/schema\/logo\/image\/\"},\"sameAs\":[\"https:\/\/www.facebook.com\/ONG.SIM.MOCAMBIQUE\/?ref=ts\",\"https:\/\/www.instagram.com\/sim.mocambique\/\",\"https:\/\/www.youtube.com\/channel\/UCcLb9BZr3RC9gZ57W-0eebA\"]}]}<\/script>\n<!-- \/ Yoast SEO plugin. -->","yoast_head_json":{"title":"Patrocinadores - Solidariedade Internacional a Mo\u00e7ambique","robots":{"index":"index","follow":"follow","max-snippet":"max-snippet:-1","max-image-preview":"max-image-preview:large","max-video-preview":"max-video-preview:-1"},"canonical":"\/index.php\/patrocinadores\/","og_locale":"pt_PT","og_type":"article","og_title":"Patrocinadores - Solidariedade Internacional a Mo\u00e7ambique","og_description":"A ONGD_SIM agradece o apoio solid\u00e1rio dos seus patrocinadores, sem o qual seria imposs\u00edvel realizar as suas miss\u00f5es em Mo\u00e7ambique. O apoio financeiro, material e log\u00edstico destes patrocinadores permitiu e permitir\u00e1 levar muitos sorrisos a popula\u00e7\u00f5es muito carenciadas.","og_url":"\/index.php\/patrocinadores\/","og_site_name":"Solidariedade Internacional a Mo\u00e7ambique","article_publisher":"https:\/\/www.facebook.com\/ONG.SIM.MOCAMBIQUE\/?ref=ts","article_modified_time":"2020-07-07T18:24:12+00:00","twitter_card":"summary_large_image","schema":{"@context":"https:\/\/schema.org","@graph":[{"@type":"WebPage","@id":"\/index.php\/patrocinadores\/","url":"\/index.php\/patrocinadores\/","name":"Patrocinadores - Solidariedade Internacional a Mo\u00e7ambique","isPartOf":{"@id":"https:\/\/www.ongsim.org\/#website"},"datePublished":"2019-10-26T18:39:29+00:00","dateModified":"2020-07-07T18:24:12+00:00","breadcrumb":{"@id":"\/index.php\/patrocinadores\/#breadcrumb"},"inLanguage":"pt-PT","potentialAction":[{"@type":"ReadAction","target":["\/index.php\/patrocinadores\/"]}]},{"@type":"BreadcrumbList","@id":"\/index.php\/patrocinadores\/#breadcrumb","itemListElement":[{"@type":"ListItem","position":1,"name":"In\u00edcio","item":"https:\/\/www.ongsim.org\/"},{"@type":"ListItem","position":2,"name":"Patrocinadores"}]},{"@type":"WebSite","@id":"https:\/\/www.ongsim.org\/#website","url":"https:\/\/www.ongsim.org\/","name":"Solidariedade Internacional a Mo\u00e7ambique","description":"Solidariedade Internacional a Mo\u00e7ambique","publisher":{"@id":"https:\/\/www.ongsim.org\/#organization"},"potentialAction":[{"@type":"SearchAction","target":{"@type":"EntryPoint","urlTemplate":"https:\/\/www.ongsim.org\/?s={search_term_string}"},"query-input":{"@type":"PropertyValueSpecification","valueRequired":true,"valueName":"search_term_string"}}],"inLanguage":"pt-PT"},{"@type":"Organization","@id":"https:\/\/www.ongsim.org\/#organization","name":"Solidariedade Internacional a Mo\u00e7ambique","url":"https:\/\/www.ongsim.org\/","logo":{"@type":"ImageObject","inLanguage":"pt-PT","@id":"https:\/\/www.ongsim.org\/#\/schema\/logo\/image\/","url":"http:\/\/ongsim.org\/wp-content\/uploads\/2020\/03\/logo-sim-2_branco_site.png","contentUrl":"http:\/\/ongsim.org\/wp-content\/uploads\/2020\/03\/logo-sim-2_branco_site.png","width":300,"height":300,"caption":"Solidariedade Internacional a Mo\u00e7ambique"},"image":{"@id":"https:\/\/www.ongsim.org\/#\/schema\/logo\/image\/"},"sameAs":["https:\/\/www.facebook.com\/ONG.SIM.MOCAMBIQUE\/?ref=ts","https:\/\/www.instagram.com\/sim.mocambique\/","https:\/\/www.youtube.com\/channel\/UCcLb9BZr3RC9gZ57W-0eebA"]}]}},"jetpack_sharing_enabled":true,"_links":{"self":[{"href":"\/index.php\/wp-json\/wp\/v2\/pages\/8333","targetHints":{"allow":["GET"]}}],"collection":[{"href":"\/index.php\/wp-json\/wp\/v2\/pages"}],"about":[{"href":"\/index.php\/wp-json\/wp\/v2\/types\/page"}],"author":[{"embeddable":true,"href":"\/index.php\/wp-json\/wp\/v2\/users\/1"}],"replies":[{"embeddable":true,"href":"\/index.php\/wp-json\/wp\/v2\/comments?post=8333"}],"version-history":[{"count":14,"href":"\/index.php\/wp-json\/wp\/v2\/pages\/8333\/revisions"}],"predecessor-version":[{"id":10020,"href":"\/index.php\/wp-json\/wp\/v2\/pages\/8333\/revisions\/10020"}],"wp:attachment":[{"href":"\/index.php\/wp-json\/wp\/v2\/media?parent=8333"}],"curies":[{"name":"wp","href":"https:\/\/api.w.org\/{rel}","templated":true}]}}