{"id":8323,"date":"2019-10-26T18:03:44","date_gmt":"2019-10-26T18:03:44","guid":{"rendered":"http:\/\/beta.ongsim.org\/?page_id=8323"},"modified":"2026-03-27T20:20:52","modified_gmt":"2026-03-27T19:20:52","slug":"sobre-nos","status":"publish","type":"page","link":"\/index.php\/sobre-nos\/","title":{"rendered":"Sobre n\u00f3s"},"content":{"rendered":"\n<p class=\"has-drop-cap has-text-align-justify\">A Associa\u00e7\u00e3o ONGD SIM, Solidariedade Internacional a Mo\u00e7ambique, \u00e9 uma pessoa coletiva de direito privado sem fins lucrativos, criada por iniciativa de cidad\u00e3os portugueses, mo\u00e7ambicanos e de outras nacionalidades, empenhados na coopera\u00e7\u00e3o para o desenvolvimento de Mo\u00e7ambique. Como o seu nome indica, a associa\u00e7\u00e3o \u00e9 uma organiza\u00e7\u00e3o n\u00e3o-governamental para o desenvolvimento, sem quaisquer fins pol\u00edticos, religiosos ou ideol\u00f3gicos.<\/p>\n\n\n\n<hr class=\"wp-block-separator has-alpha-channel-opacity\"\/>\n\n\n\n<h2 class=\"wp-block-heading\">Porque fazemos o que fazemos?<\/h2>\n\n\n\n<p>O objetivo \u00e9 a promo\u00e7\u00e3o de a\u00e7\u00f5es de car\u00e1cter filantr\u00f3pico, educativo, cultural, ambiental, de sa\u00fade e de defesa dos Direitos do Homem em todo o territ\u00f3rio de Mo\u00e7ambique, bem como junto das comunidades de mo\u00e7ambicanos em Portugal, nos restantes pa\u00edses da CPLP e noutros territ\u00f3rios. Pretendemos ajudar as pessoas destas comunidades, com grande foco nas crian\u00e7as mas tamb\u00e9m nas suas fam\u00edlias, para que possa haver uma <strong>evolu\u00e7\u00e3o de um contexto socialmente deprimido e, assim, um maior Desenvolvimento Comunit\u00e1rio.<\/strong><\/p>\n\n\n\n<h2 class=\"wp-block-heading\">Como o fazemos?<\/h2>\n\n\n\n<p>Atrav\u00e9s da realiza\u00e7\u00e3o de projetos de apoio, nas \u00e1reas da <strong>Sa\u00fade<\/strong>, <strong>Educa\u00e7\u00e3o<\/strong>, <strong>Meio Ambiente<\/strong> e <strong>Infraestruturas B\u00e1sicas<\/strong>, a comunidades muito marginalizadas da periferia de Mo\u00e7ambique, para as quais as oportunidades de desenvolvimento s\u00e3o praticamente inacess\u00edveis.<\/p>\n\n\n\n<p class=\"has-text-align-justify\">Para otimiza\u00e7\u00e3o dos limitados recursos humanos e financeiros dispon\u00edveis, os esfor\u00e7os t\u00eam sido concentrados na Zona Norte da Ilha do Bazaruto, em duas comunidades: Machulane e Sitone. H\u00e1 ainda apoio a bolseiros no Inhassoro, em Vilankulo e na cidade da Beira.<\/p>\n\n\n\n<p class=\"has-text-align-justify\">A ONGD SIM tem desenvolvido um trabalho progressivo de consciencializa\u00e7\u00e3o quanto \u00e0 import\u00e2ncia dos recursos naturais, do perigo das doen\u00e7as infectocontagiosas e da necessidade de regras b\u00e1sicas de higiene e alimenta\u00e7\u00e3o, sempre com o objetivo de melhorar a qualidade de vida das comunidades, num quadro de sustentabilidade econ\u00f3mica e ambiental.<\/p>\n\n\n\n<p><\/p>\n\n\n\n<p>Grande parte do valor investido pela ONGD SIM \u00e9 canalizado para o sector da <strong>Educa\u00e7\u00e3o<\/strong>, onde constam a maioria dos nossos projetos. <\/p>\n\n\n\n<p>No setor do <strong>Meio Ambiente<\/strong> e da <strong>Autossustentabilidade<\/strong> pretende-se criar nas comunidades meios dos quais possam beneficiar dependendo apenas do seu esfor\u00e7o, trabalho e empenho, ajudando a diminuir os custos que t\u00eam com a alimenta\u00e7\u00e3o, especialmente na Ilha do Bazaruto onde a grande maioria vive exclusivamente da pesca.<\/p>\n\n\n\n<p><\/p>\n\n\n\n<p>Adicionalmente, s\u00e3o realizadas <strong>duas miss\u00f5es de voluntariado por ano de equipas portuguesas<\/strong>, maioritariamente focadas na Educa\u00e7\u00e3o e Sa\u00fade, bem como na realiza\u00e7\u00e3o de palestras sobre v\u00e1rios temas de interesse para a consciencializa\u00e7\u00e3o das comunidades em mat\u00e9ria de higiene, produ\u00e7\u00e3o alimentar, prote\u00e7\u00e3o do meio ambiente, sa\u00fade reprodutora e para os riscos existentes nessas \u00e1reas.<\/p>\n\n\n\n<h2 class=\"wp-block-heading\">Com o qu\u00ea\/quem? <\/h2>\n\n\n\n<p>Tudo isto \u00e9 poss\u00edvel atrav\u00e9s da nossa incans\u00e1vel equipa que, sendo constitu\u00edda por elementos portugueses e mo\u00e7ambicanos, est\u00e1 sempre pronta para ajudar e chegar mais longe.<\/p>\n\n\n\n<p><strong>N\u00e3o h\u00e1 Desenvolvimento sem Educa\u00e7\u00e3o!<br>N\u00e3o haver\u00e1 Futuro sem Sa\u00fade e Escolas!<\/strong><\/p>\n\n\n\n<p><strong><br>SIM\u2026porque a Esperan\u00e7a existe!<br>SIM\u2026porque acreditamos no Futuro!<\/strong><\/p>\n\n\n\n<p>&nbsp;<\/p>\n\n\n\n<p><\/p>\n\n\n<div class=\"wp-block-image\">\n<figure class=\"alignleft is-resized\"><img loading=\"lazy\" decoding=\"async\" width=\"572\" height=\"1024\" src=\"\/wp-content\/uploads\/2019\/10\/carmo-SIM-2019-572x1024.jpg\" alt=\"\" class=\"wp-image-8148\" style=\"width:183px;height:328px\" srcset=\"\/wp-content\/uploads\/2019\/10\/carmo-SIM-2019-572x1024.jpg 572w, \/wp-content\/uploads\/2019\/10\/carmo-SIM-2019-768x1375.jpg 768w, \/wp-content\/uploads\/2019\/10\/carmo-SIM-2019-600x1074.jpg 600w, \/wp-content\/uploads\/2019\/10\/carmo-SIM-2019-13x24.jpg 13w, \/wp-content\/uploads\/2019\/10\/carmo-SIM-2019-20x36.jpg 20w, \/wp-content\/uploads\/2019\/10\/carmo-SIM-2019-27x48.jpg 27w, \/wp-content\/uploads\/2019\/10\/carmo-SIM-2019-168x300.jpg 168w, \/wp-content\/uploads\/2019\/10\/carmo-SIM-2019.jpg 965w\" sizes=\"auto, (max-width: 572px) 100vw, 572px\" \/><figcaption class=\"wp-element-caption\">Presidente da Direc\u00e7\u00e3o<br>Carmo Jardim<\/figcaption><\/figure>\n<\/div>\n\n\n<p class=\"has-text-align-justify\">A ONGD SIM, Solidariedade Internacional a Mo\u00e7ambique, \u00e0 qual dedico todos os meus tempos livres e os meus limitados recursos, tem o objectivo de minorar o sofrimento de fam\u00edlias muito desfavorecidas, tantas vezes esquecidas por viverem na periferia das periferias. Gra\u00e7as ao esfor\u00e7o de muitas volunt\u00e1rias e volunt\u00e1rios, e \u00e0 generosidade de particulares, empresas e institui\u00e7\u00f5es solid\u00e1rias, temos conseguido contribuir para a promo\u00e7\u00e3o social de alguns jovens atrav\u00e9s de suporte directo ao seu percurso pedag\u00f3gico, ao mesmo tempo que apoiamos a melhoria das condi\u00e7\u00f5es de subsist\u00eancia das comunidades a que pertencem.<\/p>\n\n\n\n<p>&nbsp;<\/p>\n\n\n<div class=\"wp-block-image\">\n<figure class=\"alignright is-resized\"><img loading=\"lazy\" decoding=\"async\" width=\"567\" height=\"596\" src=\"\/wp-content\/uploads\/2019\/10\/Vice-presidente.jpg\" alt=\"\" class=\"wp-image-6630\" style=\"width:243px;height:254px\" srcset=\"\/wp-content\/uploads\/2019\/10\/Vice-presidente.jpg 567w, \/wp-content\/uploads\/2019\/10\/Vice-presidente-24x24.jpg 24w, \/wp-content\/uploads\/2019\/10\/Vice-presidente-34x36.jpg 34w, \/wp-content\/uploads\/2019\/10\/Vice-presidente-46x48.jpg 46w, \/wp-content\/uploads\/2019\/10\/Vice-presidente-285x300.jpg 285w\" sizes=\"auto, (max-width: 567px) 100vw, 567px\" \/><figcaption class=\"wp-element-caption\">Vice &#8211; Presidente da Assembleia Geral<br>Rui Paulo da Cruz<\/figcaption><\/figure>\n<\/div>\n\n\n<p class=\"has-text-align-justify\">Educa\u00e7\u00e3o, Sa\u00fade, Ambiente. O trabalho realizado nestas \u00e1reas pela ONGD SIM junto de comunidades muito marginalizadas no Arquip\u00e9lago do Bazaruto est\u00e1 a dar os seus frutos. \u00c9 gratificante ver jovens antes condenados \u00e0 extrema pobreza seguirem esfor\u00e7adamente os seus estudos at\u00e9 concluirem, com sucesso, cursos do ensino superior em diferentes dom\u00ednios. <br> Apesar de sabermos que \u00e9 apenas uma gota de \u00e1gua num oceano de necessidades prementes, o apoio que prestamos a estas comunidades reduz os seus sacrif\u00edcios e abre portas de esperan\u00e7a que n\u00e3o podemos abandonar.<\/p>\n\n\n<div class=\"wp-block-image\">\n<figure class=\"aligncenter is-resized\"><img loading=\"lazy\" decoding=\"async\" width=\"1024\" height=\"768\" src=\"\/wp-content\/uploads\/2019\/11\/Pedro-Maluane-1-1024x768.jpg\" alt=\"\" class=\"wp-image-9057\" style=\"width:298px;height:224px\" srcset=\"\/wp-content\/uploads\/2019\/11\/Pedro-Maluane-1-1024x768.jpg 1024w, \/wp-content\/uploads\/2019\/11\/Pedro-Maluane-1-768x576.jpg 768w, \/wp-content\/uploads\/2019\/11\/Pedro-Maluane-1-1400x1051.jpg 1400w, \/wp-content\/uploads\/2019\/11\/Pedro-Maluane-1-600x450.jpg 600w, \/wp-content\/uploads\/2019\/11\/Pedro-Maluane-1-24x18.jpg 24w, \/wp-content\/uploads\/2019\/11\/Pedro-Maluane-1-36x27.jpg 36w, \/wp-content\/uploads\/2019\/11\/Pedro-Maluane-1-48x36.jpg 48w, \/wp-content\/uploads\/2019\/11\/Pedro-Maluane-1-300x225.jpg 300w, \/wp-content\/uploads\/2019\/11\/Pedro-Maluane-1-1536x1153.jpg 1536w, \/wp-content\/uploads\/2019\/11\/Pedro-Maluane-1.jpg 1919w\" sizes=\"auto, (max-width: 1024px) 100vw, 1024px\" \/><figcaption class=\"wp-element-caption\">Coordenador Geral<br>Pedro Maluane<br><\/figcaption><\/figure>\n<\/div>\n\n\n<p><\/p>\n\n\n\n<h2 class=\"wp-block-heading\">Organograma <\/h2>\n\n\n<div class=\"wp-block-image\">\n<figure class=\"aligncenter size-full\"><img loading=\"lazy\" decoding=\"async\" width=\"1294\" height=\"2000\" src=\"\/wp-content\/uploads\/2026\/03\/ONG-SIM-ORGANOGRAMA-2026-2.png\" alt=\"\" class=\"wp-image-11205\" srcset=\"\/wp-content\/uploads\/2026\/03\/ONG-SIM-ORGANOGRAMA-2026-2.png 1294w, \/wp-content\/uploads\/2026\/03\/ONG-SIM-ORGANOGRAMA-2026-2-194x300.png 194w, \/wp-content\/uploads\/2026\/03\/ONG-SIM-ORGANOGRAMA-2026-2-768x1187.png 768w, \/wp-content\/uploads\/2026\/03\/ONG-SIM-ORGANOGRAMA-2026-2-663x1024.png 663w, \/wp-content\/uploads\/2026\/03\/ONG-SIM-ORGANOGRAMA-2026-2-994x1536.png 994w, \/wp-content\/uploads\/2026\/03\/ONG-SIM-ORGANOGRAMA-2026-2-600x927.png 600w\" sizes=\"auto, (max-width: 1294px) 100vw, 1294px\" \/><\/figure>\n<\/div>\n\n\n<p><\/p>\n\n\n\n<figure class=\"wp-block-image size-full\"><img loading=\"lazy\" decoding=\"async\" width=\"843\" height=\"355\" src=\"\/wp-content\/uploads\/2023\/08\/Capture.jpg\" alt=\"\" class=\"wp-image-11087\" srcset=\"\/wp-content\/uploads\/2023\/08\/Capture.jpg 843w, \/wp-content\/uploads\/2023\/08\/Capture-300x126.jpg 300w, \/wp-content\/uploads\/2023\/08\/Capture-768x323.jpg 768w, \/wp-content\/uploads\/2023\/08\/Capture-600x253.jpg 600w\" sizes=\"auto, (max-width: 843px) 100vw, 843px\" \/><\/figure>\n\n\n\n\n\n\n\n<p><\/p>\n","protected":false},"excerpt":{"rendered":"<p>A Associa\u00e7\u00e3o ONGD SIM, Solidariedade Internacional a Mo\u00e7ambique, \u00e9 uma pessoa coletiva de direito privado sem fins lucrativos, criada por iniciativa de cidad\u00e3os portugueses, mo\u00e7ambicanos e de outras nacionalidades, empenhados na coopera\u00e7\u00e3o para o desenvolvimento de Mo\u00e7ambique. Como o seu nome indica, a associa\u00e7\u00e3o \u00e9 uma organiza\u00e7\u00e3o n\u00e3o-governamental para o desenvolvimento, sem quaisquer fins pol\u00edticos,&#8230; <a class=\"more-link\" href=\"\/index.php\/sobre-nos\/#more-8323\">Continue Reading &rarr;<\/a><\/p>\n","protected":false},"author":1,"featured_media":0,"parent":0,"menu_order":0,"comment_status":"closed","ping_status":"closed","template":"","meta":{"ngg_post_thumbnail":0,"footnotes":""},"class_list":["post-8323","page","type-page","status-publish","hentry","clear"],"yoast_head":"<!-- This site is optimized with the Yoast SEO plugin v27.2 - https:\/\/yoast.com\/product\/yoast-seo-wordpress\/ -->\n<title>Sobre n\u00f3s - Solidariedade Internacional a Mo\u00e7ambique<\/title>\n<meta name=\"robots\" content=\"index, follow, max-snippet:-1, max-image-preview:large, max-video-preview:-1\" \/>\n<link rel=\"canonical\" href=\"\/index.php\/sobre-nos\/\" \/>\n<meta property=\"og:locale\" content=\"pt_PT\" \/>\n<meta property=\"og:type\" content=\"article\" \/>\n<meta property=\"og:title\" content=\"Sobre n\u00f3s - Solidariedade Internacional a Mo\u00e7ambique\" \/>\n<meta property=\"og:description\" content=\"A Associa\u00e7\u00e3o ONGD SIM, Solidariedade Internacional a Mo\u00e7ambique, \u00e9 uma pessoa coletiva de direito privado sem fins lucrativos, criada por iniciativa de cidad\u00e3os portugueses, mo\u00e7ambicanos e de outras nacionalidades, empenhados na coopera\u00e7\u00e3o para o desenvolvimento de Mo\u00e7ambique. Como o seu nome indica, a associa\u00e7\u00e3o \u00e9 uma organiza\u00e7\u00e3o n\u00e3o-governamental para o desenvolvimento, sem quaisquer fins pol\u00edticos,... Continue Reading &rarr;\" \/>\n<meta property=\"og:url\" content=\"\/index.php\/sobre-nos\/\" \/>\n<meta property=\"og:site_name\" content=\"Solidariedade Internacional a Mo\u00e7ambique\" \/>\n<meta property=\"article:publisher\" content=\"https:\/\/www.facebook.com\/ONG.SIM.MOCAMBIQUE\/?ref=ts\" \/>\n<meta property=\"article:modified_time\" content=\"2026-03-27T19:20:52+00:00\" \/>\n<meta name=\"twitter:card\" content=\"summary_large_image\" \/>\n<meta name=\"twitter:label1\" content=\"Tempo estimado de leitura\" \/>\n\t<meta name=\"twitter:data1\" content=\"5 minutos\" \/>\n<script type=\"application\/ld+json\" class=\"yoast-schema-graph\">{\"@context\":\"https:\/\/schema.org\",\"@graph\":[{\"@type\":\"WebPage\",\"@id\":\"\/index.php\/sobre-nos\/\",\"url\":\"\/index.php\/sobre-nos\/\",\"name\":\"Sobre n\u00f3s - Solidariedade Internacional a Mo\u00e7ambique\",\"isPartOf\":{\"@id\":\"https:\/\/www.ongsim.org\/#website\"},\"datePublished\":\"2019-10-26T18:03:44+00:00\",\"dateModified\":\"2026-03-27T19:20:52+00:00\",\"breadcrumb\":{\"@id\":\"\/index.php\/sobre-nos\/#breadcrumb\"},\"inLanguage\":\"pt-PT\",\"potentialAction\":[{\"@type\":\"ReadAction\",\"target\":[\"\/index.php\/sobre-nos\/\"]}]},{\"@type\":\"BreadcrumbList\",\"@id\":\"\/index.php\/sobre-nos\/#breadcrumb\",\"itemListElement\":[{\"@type\":\"ListItem\",\"position\":1,\"name\":\"In\u00edcio\",\"item\":\"https:\/\/www.ongsim.org\/\"},{\"@type\":\"ListItem\",\"position\":2,\"name\":\"Sobre n\u00f3s\"}]},{\"@type\":\"WebSite\",\"@id\":\"https:\/\/www.ongsim.org\/#website\",\"url\":\"https:\/\/www.ongsim.org\/\",\"name\":\"Solidariedade Internacional a Mo\u00e7ambique\",\"description\":\"Solidariedade Internacional a Mo\u00e7ambique\",\"publisher\":{\"@id\":\"https:\/\/www.ongsim.org\/#organization\"},\"potentialAction\":[{\"@type\":\"SearchAction\",\"target\":{\"@type\":\"EntryPoint\",\"urlTemplate\":\"https:\/\/www.ongsim.org\/?s={search_term_string}\"},\"query-input\":{\"@type\":\"PropertyValueSpecification\",\"valueRequired\":true,\"valueName\":\"search_term_string\"}}],\"inLanguage\":\"pt-PT\"},{\"@type\":\"Organization\",\"@id\":\"https:\/\/www.ongsim.org\/#organization\",\"name\":\"Solidariedade Internacional a Mo\u00e7ambique\",\"url\":\"https:\/\/www.ongsim.org\/\",\"logo\":{\"@type\":\"ImageObject\",\"inLanguage\":\"pt-PT\",\"@id\":\"https:\/\/www.ongsim.org\/#\/schema\/logo\/image\/\",\"url\":\"http:\/\/ongsim.org\/wp-content\/uploads\/2020\/03\/logo-sim-2_branco_site.png\",\"contentUrl\":\"http:\/\/ongsim.org\/wp-content\/uploads\/2020\/03\/logo-sim-2_branco_site.png\",\"width\":300,\"height\":300,\"caption\":\"Solidariedade Internacional a Mo\u00e7ambique\"},\"image\":{\"@id\":\"https:\/\/www.ongsim.org\/#\/schema\/logo\/image\/\"},\"sameAs\":[\"https:\/\/www.facebook.com\/ONG.SIM.MOCAMBIQUE\/?ref=ts\",\"https:\/\/www.instagram.com\/sim.mocambique\/\",\"https:\/\/www.youtube.com\/channel\/UCcLb9BZr3RC9gZ57W-0eebA\"]}]}<\/script>\n<!-- \/ Yoast SEO plugin. -->","yoast_head_json":{"title":"Sobre n\u00f3s - Solidariedade Internacional a Mo\u00e7ambique","robots":{"index":"index","follow":"follow","max-snippet":"max-snippet:-1","max-image-preview":"max-image-preview:large","max-video-preview":"max-video-preview:-1"},"canonical":"\/index.php\/sobre-nos\/","og_locale":"pt_PT","og_type":"article","og_title":"Sobre n\u00f3s - Solidariedade Internacional a Mo\u00e7ambique","og_description":"A Associa\u00e7\u00e3o ONGD SIM, Solidariedade Internacional a Mo\u00e7ambique, \u00e9 uma pessoa coletiva de direito privado sem fins lucrativos, criada por iniciativa de cidad\u00e3os portugueses, mo\u00e7ambicanos e de outras nacionalidades, empenhados na coopera\u00e7\u00e3o para o desenvolvimento de Mo\u00e7ambique. Como o seu nome indica, a associa\u00e7\u00e3o \u00e9 uma organiza\u00e7\u00e3o n\u00e3o-governamental para o desenvolvimento, sem quaisquer fins pol\u00edticos,... Continue Reading &rarr;","og_url":"\/index.php\/sobre-nos\/","og_site_name":"Solidariedade Internacional a Mo\u00e7ambique","article_publisher":"https:\/\/www.facebook.com\/ONG.SIM.MOCAMBIQUE\/?ref=ts","article_modified_time":"2026-03-27T19:20:52+00:00","twitter_card":"summary_large_image","twitter_misc":{"Tempo estimado de leitura":"5 minutos"},"schema":{"@context":"https:\/\/schema.org","@graph":[{"@type":"WebPage","@id":"\/index.php\/sobre-nos\/","url":"\/index.php\/sobre-nos\/","name":"Sobre n\u00f3s - Solidariedade Internacional a Mo\u00e7ambique","isPartOf":{"@id":"https:\/\/www.ongsim.org\/#website"},"datePublished":"2019-10-26T18:03:44+00:00","dateModified":"2026-03-27T19:20:52+00:00","breadcrumb":{"@id":"\/index.php\/sobre-nos\/#breadcrumb"},"inLanguage":"pt-PT","potentialAction":[{"@type":"ReadAction","target":["\/index.php\/sobre-nos\/"]}]},{"@type":"BreadcrumbList","@id":"\/index.php\/sobre-nos\/#breadcrumb","itemListElement":[{"@type":"ListItem","position":1,"name":"In\u00edcio","item":"https:\/\/www.ongsim.org\/"},{"@type":"ListItem","position":2,"name":"Sobre n\u00f3s"}]},{"@type":"WebSite","@id":"https:\/\/www.ongsim.org\/#website","url":"https:\/\/www.ongsim.org\/","name":"Solidariedade Internacional a Mo\u00e7ambique","description":"Solidariedade Internacional a Mo\u00e7ambique","publisher":{"@id":"https:\/\/www.ongsim.org\/#organization"},"potentialAction":[{"@type":"SearchAction","target":{"@type":"EntryPoint","urlTemplate":"https:\/\/www.ongsim.org\/?s={search_term_string}"},"query-input":{"@type":"PropertyValueSpecification","valueRequired":true,"valueName":"search_term_string"}}],"inLanguage":"pt-PT"},{"@type":"Organization","@id":"https:\/\/www.ongsim.org\/#organization","name":"Solidariedade Internacional a Mo\u00e7ambique","url":"https:\/\/www.ongsim.org\/","logo":{"@type":"ImageObject","inLanguage":"pt-PT","@id":"https:\/\/www.ongsim.org\/#\/schema\/logo\/image\/","url":"http:\/\/ongsim.org\/wp-content\/uploads\/2020\/03\/logo-sim-2_branco_site.png","contentUrl":"http:\/\/ongsim.org\/wp-content\/uploads\/2020\/03\/logo-sim-2_branco_site.png","width":300,"height":300,"caption":"Solidariedade Internacional a Mo\u00e7ambique"},"image":{"@id":"https:\/\/www.ongsim.org\/#\/schema\/logo\/image\/"},"sameAs":["https:\/\/www.facebook.com\/ONG.SIM.MOCAMBIQUE\/?ref=ts","https:\/\/www.instagram.com\/sim.mocambique\/","https:\/\/www.youtube.com\/channel\/UCcLb9BZr3RC9gZ57W-0eebA"]}]}},"jetpack_sharing_enabled":true,"_links":{"self":[{"href":"\/index.php\/wp-json\/wp\/v2\/pages\/8323","targetHints":{"allow":["GET"]}}],"collection":[{"href":"\/index.php\/wp-json\/wp\/v2\/pages"}],"about":[{"href":"\/index.php\/wp-json\/wp\/v2\/types\/page"}],"author":[{"embeddable":true,"href":"\/index.php\/wp-json\/wp\/v2\/users\/1"}],"replies":[{"embeddable":true,"href":"\/index.php\/wp-json\/wp\/v2\/comments?post=8323"}],"version-history":[{"count":21,"href":"\/index.php\/wp-json\/wp\/v2\/pages\/8323\/revisions"}],"predecessor-version":[{"id":11207,"href":"\/index.php\/wp-json\/wp\/v2\/pages\/8323\/revisions\/11207"}],"wp:attachment":[{"href":"\/index.php\/wp-json\/wp\/v2\/media?parent=8323"}],"curies":[{"name":"wp","href":"https:\/\/api.w.org\/{rel}","templated":true}]}}