{"id":787,"date":"2019-10-01T18:57:51","date_gmt":"2019-10-01T18:57:51","guid":{"rendered":"http:\/\/172.17.194.93\/wordpress\/?page_id=787"},"modified":"2019-10-29T19:17:45","modified_gmt":"2019-10-29T19:17:45","slug":"787-2","status":"publish","type":"page","link":"\/index.php\/787-2\/","title":{"rendered":"Bolseiros Universit\u00e1rios"},"content":{"rendered":"\n<p style=\"text-align:justify\" class=\"has-drop-cap\">O Projeto Educa\u00e7\u00e3o Bolsas Universit\u00e1rias foi elaborado no seguimento da realiza\u00e7\u00e3o do Projeto Bolseiros do Lar SIM. Do qual fazem parte os bolseiros merecedores, foram atribu\u00eddas bolsas privadas para o Ensino Superior, criando a possibilidade do seu desenvolvimento pessoal e acad\u00e9mico para a evolu\u00e7\u00e3o e o bem geral de toda a comunidade.<\/p>\n\n\n\n<p style=\"text-align:justify\">Neste contexto a ONGD SIM &#8211; Solidariedade Internacional a Mo\u00e7ambique,  j\u00e1 possibilitou a forma\u00e7\u00e3o superior de tr\u00eas bolseiros, que est\u00e3o hoje integrados com sucesso no mundo laboral de Mo\u00e7ambique, contribuindo para o desenvolvimento do Pa\u00eds e das empresas onde trabalham. Estes ex-bolseiros desenvolvem a sua actividade laboral em paralelo com o apoio volunt\u00e1rio \u00e0 ONGD SIM em todas as suas miss\u00f5es, projetos e dentro da \u00e1rea de forma\u00e7\u00e3o de cada um:<\/p>\n\n\n\n<p style=\"text-align:justify\"><br> \u2022 Pedro Xavier Maluane &#8211; 2015<br> Licenciado em Direito pela Universidade Cat\u00f3lica da Beira (UCB).<br> \u2022 Lucinda Cumbe &#8211; 2016<br> Licenciada em Contabilidade e Finan\u00e7as pela Universidade Zambeze.<br> \u2022 Arnaldo Chibale &#8211; 2018<br> Licenciado em Economia Agr\u00e1ria pela Escola Superior de Desenvolvimento Rural Universidade Eduardo Mondlane.<\/p>\n\n\n\n<p style=\"text-align:justify\"> Actualmente, a ONGD SIM apoia 3 bolseiros universit\u00e1rios:<br> \u2022 Raul Artur Mazelete<br> 3\u00ba ano do Curso de Ci\u00eancias Pol\u00edticas e Rela\u00e7\u00f5es Internacionais (UCB).<br> \u2022 Ant\u00f3nio Sindial Zivane<br> 2\u00ba ano do Curso de Gest\u00e3o de Empresas (UCB).<br> \u2022 Gustavo Zaqueu Zivane<br> 2\u00ba ano do Curso de Gest\u00e3o de Recursos Humanos (UCB).<\/p>\n\n\n\n<p>Conhe\u00e7a <a href=\"\/index.php\/bolseiros-universitarios\/\">aqui<\/a> os bolseiros universit\u00e1rios da SIM.<\/p>\n","protected":false},"excerpt":{"rendered":"<p>O Projeto Educa\u00e7\u00e3o Bolsas Universit\u00e1rias foi elaborado no seguimento da realiza\u00e7\u00e3o do Projeto Bolseiros do Lar SIM. Do qual fazem parte os bolseiros merecedores, foram atribu\u00eddas bolsas privadas para o Ensino Superior, criando a possibilidade do seu desenvolvimento pessoal e acad\u00e9mico para a evolu\u00e7\u00e3o e o bem geral de toda a comunidade. Neste contexto a&#8230; <a class=\"more-link\" href=\"\/index.php\/787-2\/#more-787\">Continue Reading &rarr;<\/a><\/p>\n","protected":false},"author":1,"featured_media":0,"parent":0,"menu_order":0,"comment_status":"closed","ping_status":"closed","template":"","meta":{"ngg_post_thumbnail":0,"footnotes":""},"class_list":["post-787","page","type-page","status-publish","hentry","clear"],"yoast_head":"<!-- This site is optimized with the Yoast SEO plugin v27.2 - https:\/\/yoast.com\/product\/yoast-seo-wordpress\/ -->\n<title>Bolseiros Universit\u00e1rios - Solidariedade Internacional a Mo\u00e7ambique<\/title>\n<meta name=\"robots\" content=\"index, follow, max-snippet:-1, max-image-preview:large, max-video-preview:-1\" \/>\n<link rel=\"canonical\" href=\"https:\/\/www.ongsim.org\/index.php\/787-2\/\" \/>\n<meta property=\"og:locale\" content=\"pt_PT\" \/>\n<meta property=\"og:type\" content=\"article\" \/>\n<meta property=\"og:title\" content=\"Bolseiros Universit\u00e1rios - Solidariedade Internacional a Mo\u00e7ambique\" \/>\n<meta property=\"og:description\" content=\"O Projeto Educa\u00e7\u00e3o Bolsas Universit\u00e1rias foi elaborado no seguimento da realiza\u00e7\u00e3o do Projeto Bolseiros do Lar SIM. Do qual fazem parte os bolseiros merecedores, foram atribu\u00eddas bolsas privadas para o Ensino Superior, criando a possibilidade do seu desenvolvimento pessoal e acad\u00e9mico para a evolu\u00e7\u00e3o e o bem geral de toda a comunidade. Neste contexto a... Continue Reading &rarr;\" \/>\n<meta property=\"og:url\" content=\"https:\/\/www.ongsim.org\/index.php\/787-2\/\" \/>\n<meta property=\"og:site_name\" content=\"Solidariedade Internacional a Mo\u00e7ambique\" \/>\n<meta property=\"article:publisher\" content=\"https:\/\/www.facebook.com\/ONG.SIM.MOCAMBIQUE\/?ref=ts\" \/>\n<meta property=\"article:modified_time\" content=\"2019-10-29T19:17:45+00:00\" \/>\n<meta name=\"twitter:card\" content=\"summary_large_image\" \/>\n<meta name=\"twitter:label1\" content=\"Tempo estimado de leitura\" \/>\n\t<meta name=\"twitter:data1\" content=\"1 minuto\" \/>\n<script type=\"application\/ld+json\" class=\"yoast-schema-graph\">{\"@context\":\"https:\/\/schema.org\",\"@graph\":[{\"@type\":\"WebPage\",\"@id\":\"https:\/\/www.ongsim.org\/index.php\/787-2\/\",\"url\":\"https:\/\/www.ongsim.org\/index.php\/787-2\/\",\"name\":\"Bolseiros Universit\u00e1rios - Solidariedade Internacional a Mo\u00e7ambique\",\"isPartOf\":{\"@id\":\"https:\/\/www.ongsim.org\/#website\"},\"datePublished\":\"2019-10-01T18:57:51+00:00\",\"dateModified\":\"2019-10-29T19:17:45+00:00\",\"breadcrumb\":{\"@id\":\"https:\/\/www.ongsim.org\/index.php\/787-2\/#breadcrumb\"},\"inLanguage\":\"pt-PT\",\"potentialAction\":[{\"@type\":\"ReadAction\",\"target\":[\"https:\/\/www.ongsim.org\/index.php\/787-2\/\"]}]},{\"@type\":\"BreadcrumbList\",\"@id\":\"https:\/\/www.ongsim.org\/index.php\/787-2\/#breadcrumb\",\"itemListElement\":[{\"@type\":\"ListItem\",\"position\":1,\"name\":\"In\u00edcio\",\"item\":\"https:\/\/www.ongsim.org\/\"},{\"@type\":\"ListItem\",\"position\":2,\"name\":\"Bolseiros Universit\u00e1rios\"}]},{\"@type\":\"WebSite\",\"@id\":\"https:\/\/www.ongsim.org\/#website\",\"url\":\"https:\/\/www.ongsim.org\/\",\"name\":\"Solidariedade Internacional a Mo\u00e7ambique\",\"description\":\"Solidariedade Internacional a Mo\u00e7ambique\",\"publisher\":{\"@id\":\"https:\/\/www.ongsim.org\/#organization\"},\"potentialAction\":[{\"@type\":\"SearchAction\",\"target\":{\"@type\":\"EntryPoint\",\"urlTemplate\":\"https:\/\/www.ongsim.org\/?s={search_term_string}\"},\"query-input\":{\"@type\":\"PropertyValueSpecification\",\"valueRequired\":true,\"valueName\":\"search_term_string\"}}],\"inLanguage\":\"pt-PT\"},{\"@type\":\"Organization\",\"@id\":\"https:\/\/www.ongsim.org\/#organization\",\"name\":\"Solidariedade Internacional a Mo\u00e7ambique\",\"url\":\"https:\/\/www.ongsim.org\/\",\"logo\":{\"@type\":\"ImageObject\",\"inLanguage\":\"pt-PT\",\"@id\":\"https:\/\/www.ongsim.org\/#\/schema\/logo\/image\/\",\"url\":\"http:\/\/ongsim.org\/wp-content\/uploads\/2020\/03\/logo-sim-2_branco_site.png\",\"contentUrl\":\"http:\/\/ongsim.org\/wp-content\/uploads\/2020\/03\/logo-sim-2_branco_site.png\",\"width\":300,\"height\":300,\"caption\":\"Solidariedade Internacional a Mo\u00e7ambique\"},\"image\":{\"@id\":\"https:\/\/www.ongsim.org\/#\/schema\/logo\/image\/\"},\"sameAs\":[\"https:\/\/www.facebook.com\/ONG.SIM.MOCAMBIQUE\/?ref=ts\",\"https:\/\/www.instagram.com\/sim.mocambique\/\",\"https:\/\/www.youtube.com\/channel\/UCcLb9BZr3RC9gZ57W-0eebA\"]}]}<\/script>\n<!-- \/ Yoast SEO plugin. -->","yoast_head_json":{"title":"Bolseiros Universit\u00e1rios - Solidariedade Internacional a Mo\u00e7ambique","robots":{"index":"index","follow":"follow","max-snippet":"max-snippet:-1","max-image-preview":"max-image-preview:large","max-video-preview":"max-video-preview:-1"},"canonical":"https:\/\/www.ongsim.org\/index.php\/787-2\/","og_locale":"pt_PT","og_type":"article","og_title":"Bolseiros Universit\u00e1rios - Solidariedade Internacional a Mo\u00e7ambique","og_description":"O Projeto Educa\u00e7\u00e3o Bolsas Universit\u00e1rias foi elaborado no seguimento da realiza\u00e7\u00e3o do Projeto Bolseiros do Lar SIM. Do qual fazem parte os bolseiros merecedores, foram atribu\u00eddas bolsas privadas para o Ensino Superior, criando a possibilidade do seu desenvolvimento pessoal e acad\u00e9mico para a evolu\u00e7\u00e3o e o bem geral de toda a comunidade. Neste contexto a... Continue Reading &rarr;","og_url":"https:\/\/www.ongsim.org\/index.php\/787-2\/","og_site_name":"Solidariedade Internacional a Mo\u00e7ambique","article_publisher":"https:\/\/www.facebook.com\/ONG.SIM.MOCAMBIQUE\/?ref=ts","article_modified_time":"2019-10-29T19:17:45+00:00","twitter_card":"summary_large_image","twitter_misc":{"Tempo estimado de leitura":"1 minuto"},"schema":{"@context":"https:\/\/schema.org","@graph":[{"@type":"WebPage","@id":"https:\/\/www.ongsim.org\/index.php\/787-2\/","url":"https:\/\/www.ongsim.org\/index.php\/787-2\/","name":"Bolseiros Universit\u00e1rios - Solidariedade Internacional a Mo\u00e7ambique","isPartOf":{"@id":"https:\/\/www.ongsim.org\/#website"},"datePublished":"2019-10-01T18:57:51+00:00","dateModified":"2019-10-29T19:17:45+00:00","breadcrumb":{"@id":"https:\/\/www.ongsim.org\/index.php\/787-2\/#breadcrumb"},"inLanguage":"pt-PT","potentialAction":[{"@type":"ReadAction","target":["https:\/\/www.ongsim.org\/index.php\/787-2\/"]}]},{"@type":"BreadcrumbList","@id":"https:\/\/www.ongsim.org\/index.php\/787-2\/#breadcrumb","itemListElement":[{"@type":"ListItem","position":1,"name":"In\u00edcio","item":"https:\/\/www.ongsim.org\/"},{"@type":"ListItem","position":2,"name":"Bolseiros Universit\u00e1rios"}]},{"@type":"WebSite","@id":"https:\/\/www.ongsim.org\/#website","url":"https:\/\/www.ongsim.org\/","name":"Solidariedade Internacional a Mo\u00e7ambique","description":"Solidariedade Internacional a Mo\u00e7ambique","publisher":{"@id":"https:\/\/www.ongsim.org\/#organization"},"potentialAction":[{"@type":"SearchAction","target":{"@type":"EntryPoint","urlTemplate":"https:\/\/www.ongsim.org\/?s={search_term_string}"},"query-input":{"@type":"PropertyValueSpecification","valueRequired":true,"valueName":"search_term_string"}}],"inLanguage":"pt-PT"},{"@type":"Organization","@id":"https:\/\/www.ongsim.org\/#organization","name":"Solidariedade Internacional a Mo\u00e7ambique","url":"https:\/\/www.ongsim.org\/","logo":{"@type":"ImageObject","inLanguage":"pt-PT","@id":"https:\/\/www.ongsim.org\/#\/schema\/logo\/image\/","url":"http:\/\/ongsim.org\/wp-content\/uploads\/2020\/03\/logo-sim-2_branco_site.png","contentUrl":"http:\/\/ongsim.org\/wp-content\/uploads\/2020\/03\/logo-sim-2_branco_site.png","width":300,"height":300,"caption":"Solidariedade Internacional a Mo\u00e7ambique"},"image":{"@id":"https:\/\/www.ongsim.org\/#\/schema\/logo\/image\/"},"sameAs":["https:\/\/www.facebook.com\/ONG.SIM.MOCAMBIQUE\/?ref=ts","https:\/\/www.instagram.com\/sim.mocambique\/","https:\/\/www.youtube.com\/channel\/UCcLb9BZr3RC9gZ57W-0eebA"]}]}},"jetpack_sharing_enabled":true,"_links":{"self":[{"href":"\/index.php\/wp-json\/wp\/v2\/pages\/787","targetHints":{"allow":["GET"]}}],"collection":[{"href":"\/index.php\/wp-json\/wp\/v2\/pages"}],"about":[{"href":"\/index.php\/wp-json\/wp\/v2\/types\/page"}],"author":[{"embeddable":true,"href":"\/index.php\/wp-json\/wp\/v2\/users\/1"}],"replies":[{"embeddable":true,"href":"\/index.php\/wp-json\/wp\/v2\/comments?post=787"}],"version-history":[{"count":9,"href":"\/index.php\/wp-json\/wp\/v2\/pages\/787\/revisions"}],"predecessor-version":[{"id":8733,"href":"\/index.php\/wp-json\/wp\/v2\/pages\/787\/revisions\/8733"}],"wp:attachment":[{"href":"\/index.php\/wp-json\/wp\/v2\/media?parent=787"}],"curies":[{"name":"wp","href":"https:\/\/api.w.org\/{rel}","templated":true}]}}