{"id":785,"date":"2019-10-01T18:55:54","date_gmt":"2019-10-01T18:55:54","guid":{"rendered":"http:\/\/172.17.194.93\/wordpress\/?page_id=785"},"modified":"2019-11-25T14:35:01","modified_gmt":"2019-11-25T14:35:01","slug":"lar-sim-inhassoro","status":"publish","type":"page","link":"\/index.php\/lar-sim-inhassoro\/","title":{"rendered":"Lar SIM &#8211; Ilhassoro"},"content":{"rendered":"\n<div class=\"wp-block-image\"><figure class=\"aligncenter is-resized\"><img loading=\"lazy\" decoding=\"async\" src=\"\/wp-content\/gallery\/lar-sim\/ONGDSIM_LAR5.jpg?i=2034339524\" alt=\"ONGDSIM_LAR5.jpg\" width=\"493\" height=\"658\"\/><\/figure><\/div>\n\n\n\n<p style=\"text-align:justify\" class=\"has-drop-cap\">Dando continuidade ao trabalho que a ONGD SIM, Solidariedade Internacional a Mo\u00e7ambique, tem vindo a desenvolver no \u00e2mbito do Apoio ao Desenvolvimento Multidisciplinar em Mo\u00e7ambique, em especial na \u00e1rea da Educa\u00e7\u00e3o dos jovens provenientes do Norte da Ilha de Bazaruto, verificou-se a necessidade de manter o apoio aos jovens que, completando o 7\u00ba ano de escolaridade na Ilha do Bazaruto, eram impedidos de prosseguir nos seus estudos por falta de infraestruturas na ilha e impossibilidade financeira das suas fam\u00edlias para os deslocar para o continente.<\/p>\n\n\n\n<div class=\"wp-block-image\"><figure class=\"aligncenter is-resized\"><img loading=\"lazy\" decoding=\"async\" src=\"\/wp-content\/gallery\/fotos-2018-2\/ONGSIM-Miss%C3%A3o-jul-ago-2018-291.jpg?i=817713117\" alt=\"ONGSIM-Miss\u00e3o-jul-ago-2018-291.jpg\" width=\"416\" height=\"312\"\/><\/figure><\/div>\n\n\n\n<p style=\"text-align:justify\">Em 2011 foi constru\u00edda uma resid\u00eancia no Inhassoro, o LAR SIM, onde os bolseiros disfrutam de alojamento, alimenta\u00e7\u00e3o e de todos os bens essenciais para os estudos e o seu dia-a-dia.<\/p>\n\n\n\n<div class=\"wp-block-image\"><figure class=\"alignright is-resized\"><img loading=\"lazy\" decoding=\"async\" src=\"\/wp-content\/uploads\/2019\/10\/image-5.png\" alt=\"Esta imagem tem um texto alternativo em branco\" width=\"159\" height=\"159\"\/><\/figure><\/div>\n\n\n\n<p style=\"text-align:justify\">A ONGD SIM tem vindo a seleccionar os melhores alunos do ensino b\u00e1sico, merecedores de uma bolsa privada de estudos, que beneficiam de um sistema de apadrinhamento \u00e0 dist\u00e2ncia, atrav\u00e9s do qual os padrinhos ou  madrinhas contribuem nas despesas do afilhado e mant\u00eam contacto  permanente com o seu bolseiro, com troca peri\u00f3dica de cartas,  fotografias e v\u00eddeos. \u00c9 disponibilizada, ao padrinho ou madrinha, toda a  informa\u00e7\u00e3o pessoal e escolar relativamente a esse aluno, antes e  durante todo o processo de apadrinhamento. <\/p>\n\n\n\n<p style=\"text-align:justify\">O objetivo espec\u00edfico da ONGD SIM, dado que acredita que a Educa\u00e7\u00e3o e a Forma\u00e7\u00e3o s\u00e3o essenciais para quebrar os ciclos de pobreza extrema existentes, \u00e9 assegurar que todas as despesas como inscri\u00e7\u00e3o, propinas, livros, uniformes, material escolar, alimenta\u00e7\u00e3o, acomoda\u00e7\u00e3o, transportes, entre outras, sejam pagas a estes jovens. Em 2019 estavam a residir no LAR SIM 8 bolseiros, alguns deles j\u00e1 inseridos no sistema de apadrinhamento, um dos quais a frequentar o ensino profissional na Escola Profissional Estrela do Mar (EPEM). Conhe\u00e7a <a href=\"\/index.php\/lar-sim\/\">aqui<\/a> os atuais bolseiros do Lar SIM.<\/p>\n\n\n\nngg_shortcode_0_placeholder\n","protected":false},"excerpt":{"rendered":"<p>Dando continuidade ao trabalho que a ONGD SIM, Solidariedade Internacional a Mo\u00e7ambique, tem vindo a desenvolver no \u00e2mbito do Apoio ao Desenvolvimento Multidisciplinar em Mo\u00e7ambique, em especial na \u00e1rea da Educa\u00e7\u00e3o dos jovens provenientes do Norte da Ilha de Bazaruto, verificou-se a necessidade de manter o apoio aos jovens que, completando o 7\u00ba ano de&#8230; <a class=\"more-link\" href=\"\/index.php\/lar-sim-inhassoro\/#more-785\">Continue Reading &rarr;<\/a><\/p>\n","protected":false},"author":1,"featured_media":0,"parent":0,"menu_order":0,"comment_status":"closed","ping_status":"closed","template":"","meta":{"ngg_post_thumbnail":0,"footnotes":""},"class_list":["post-785","page","type-page","status-publish","hentry","clear"],"yoast_head":"<!-- This site is optimized with the Yoast SEO plugin v27.2 - https:\/\/yoast.com\/product\/yoast-seo-wordpress\/ -->\n<title>Lar SIM - Ilhassoro - Solidariedade Internacional a Mo\u00e7ambique<\/title>\n<meta name=\"robots\" content=\"index, follow, max-snippet:-1, max-image-preview:large, max-video-preview:-1\" \/>\n<link rel=\"canonical\" href=\"\/index.php\/lar-sim-inhassoro\/\" \/>\n<meta property=\"og:locale\" content=\"pt_PT\" \/>\n<meta property=\"og:type\" content=\"article\" \/>\n<meta property=\"og:title\" content=\"Lar SIM - Ilhassoro - Solidariedade Internacional a Mo\u00e7ambique\" \/>\n<meta property=\"og:description\" content=\"Dando continuidade ao trabalho que a ONGD SIM, Solidariedade Internacional a Mo\u00e7ambique, tem vindo a desenvolver no \u00e2mbito do Apoio ao Desenvolvimento Multidisciplinar em Mo\u00e7ambique, em especial na \u00e1rea da Educa\u00e7\u00e3o dos jovens provenientes do Norte da Ilha de Bazaruto, verificou-se a necessidade de manter o apoio aos jovens que, completando o 7\u00ba ano de... Continue Reading &rarr;\" \/>\n<meta property=\"og:url\" content=\"\/index.php\/lar-sim-inhassoro\/\" \/>\n<meta property=\"og:site_name\" content=\"Solidariedade Internacional a Mo\u00e7ambique\" \/>\n<meta property=\"article:publisher\" content=\"https:\/\/www.facebook.com\/ONG.SIM.MOCAMBIQUE\/?ref=ts\" \/>\n<meta property=\"article:modified_time\" content=\"2019-11-25T14:35:01+00:00\" \/>\n<meta name=\"twitter:card\" content=\"summary_large_image\" \/>\n<meta name=\"twitter:label1\" content=\"Tempo estimado de leitura\" \/>\n\t<meta name=\"twitter:data1\" content=\"2 minutos\" \/>\n<script type=\"application\/ld+json\" class=\"yoast-schema-graph\">{\"@context\":\"https:\/\/schema.org\",\"@graph\":[{\"@type\":\"WebPage\",\"@id\":\"\/index.php\/lar-sim-inhassoro\/\",\"url\":\"\/index.php\/lar-sim-inhassoro\/\",\"name\":\"Lar SIM - Ilhassoro - Solidariedade Internacional a Mo\u00e7ambique\",\"isPartOf\":{\"@id\":\"https:\/\/www.ongsim.org\/#website\"},\"datePublished\":\"2019-10-01T18:55:54+00:00\",\"dateModified\":\"2019-11-25T14:35:01+00:00\",\"breadcrumb\":{\"@id\":\"\/index.php\/lar-sim-inhassoro\/#breadcrumb\"},\"inLanguage\":\"pt-PT\",\"potentialAction\":[{\"@type\":\"ReadAction\",\"target\":[\"\/index.php\/lar-sim-inhassoro\/\"]}]},{\"@type\":\"BreadcrumbList\",\"@id\":\"\/index.php\/lar-sim-inhassoro\/#breadcrumb\",\"itemListElement\":[{\"@type\":\"ListItem\",\"position\":1,\"name\":\"In\u00edcio\",\"item\":\"https:\/\/www.ongsim.org\/\"},{\"@type\":\"ListItem\",\"position\":2,\"name\":\"Lar SIM &#8211; Ilhassoro\"}]},{\"@type\":\"WebSite\",\"@id\":\"https:\/\/www.ongsim.org\/#website\",\"url\":\"https:\/\/www.ongsim.org\/\",\"name\":\"Solidariedade Internacional a Mo\u00e7ambique\",\"description\":\"Solidariedade Internacional a Mo\u00e7ambique\",\"publisher\":{\"@id\":\"https:\/\/www.ongsim.org\/#organization\"},\"potentialAction\":[{\"@type\":\"SearchAction\",\"target\":{\"@type\":\"EntryPoint\",\"urlTemplate\":\"https:\/\/www.ongsim.org\/?s={search_term_string}\"},\"query-input\":{\"@type\":\"PropertyValueSpecification\",\"valueRequired\":true,\"valueName\":\"search_term_string\"}}],\"inLanguage\":\"pt-PT\"},{\"@type\":\"Organization\",\"@id\":\"https:\/\/www.ongsim.org\/#organization\",\"name\":\"Solidariedade Internacional a Mo\u00e7ambique\",\"url\":\"https:\/\/www.ongsim.org\/\",\"logo\":{\"@type\":\"ImageObject\",\"inLanguage\":\"pt-PT\",\"@id\":\"https:\/\/www.ongsim.org\/#\/schema\/logo\/image\/\",\"url\":\"http:\/\/ongsim.org\/wp-content\/uploads\/2020\/03\/logo-sim-2_branco_site.png\",\"contentUrl\":\"http:\/\/ongsim.org\/wp-content\/uploads\/2020\/03\/logo-sim-2_branco_site.png\",\"width\":300,\"height\":300,\"caption\":\"Solidariedade Internacional a Mo\u00e7ambique\"},\"image\":{\"@id\":\"https:\/\/www.ongsim.org\/#\/schema\/logo\/image\/\"},\"sameAs\":[\"https:\/\/www.facebook.com\/ONG.SIM.MOCAMBIQUE\/?ref=ts\",\"https:\/\/www.instagram.com\/sim.mocambique\/\",\"https:\/\/www.youtube.com\/channel\/UCcLb9BZr3RC9gZ57W-0eebA\"]}]}<\/script>\n<!-- \/ Yoast SEO plugin. -->","yoast_head_json":{"title":"Lar SIM - Ilhassoro - Solidariedade Internacional a Mo\u00e7ambique","robots":{"index":"index","follow":"follow","max-snippet":"max-snippet:-1","max-image-preview":"max-image-preview:large","max-video-preview":"max-video-preview:-1"},"canonical":"\/index.php\/lar-sim-inhassoro\/","og_locale":"pt_PT","og_type":"article","og_title":"Lar SIM - Ilhassoro - Solidariedade Internacional a Mo\u00e7ambique","og_description":"Dando continuidade ao trabalho que a ONGD SIM, Solidariedade Internacional a Mo\u00e7ambique, tem vindo a desenvolver no \u00e2mbito do Apoio ao Desenvolvimento Multidisciplinar em Mo\u00e7ambique, em especial na \u00e1rea da Educa\u00e7\u00e3o dos jovens provenientes do Norte da Ilha de Bazaruto, verificou-se a necessidade de manter o apoio aos jovens que, completando o 7\u00ba ano de... Continue Reading &rarr;","og_url":"\/index.php\/lar-sim-inhassoro\/","og_site_name":"Solidariedade Internacional a Mo\u00e7ambique","article_publisher":"https:\/\/www.facebook.com\/ONG.SIM.MOCAMBIQUE\/?ref=ts","article_modified_time":"2019-11-25T14:35:01+00:00","twitter_card":"summary_large_image","twitter_misc":{"Tempo estimado de leitura":"2 minutos"},"schema":{"@context":"https:\/\/schema.org","@graph":[{"@type":"WebPage","@id":"\/index.php\/lar-sim-inhassoro\/","url":"\/index.php\/lar-sim-inhassoro\/","name":"Lar SIM - Ilhassoro - Solidariedade Internacional a Mo\u00e7ambique","isPartOf":{"@id":"https:\/\/www.ongsim.org\/#website"},"datePublished":"2019-10-01T18:55:54+00:00","dateModified":"2019-11-25T14:35:01+00:00","breadcrumb":{"@id":"\/index.php\/lar-sim-inhassoro\/#breadcrumb"},"inLanguage":"pt-PT","potentialAction":[{"@type":"ReadAction","target":["\/index.php\/lar-sim-inhassoro\/"]}]},{"@type":"BreadcrumbList","@id":"\/index.php\/lar-sim-inhassoro\/#breadcrumb","itemListElement":[{"@type":"ListItem","position":1,"name":"In\u00edcio","item":"https:\/\/www.ongsim.org\/"},{"@type":"ListItem","position":2,"name":"Lar SIM &#8211; Ilhassoro"}]},{"@type":"WebSite","@id":"https:\/\/www.ongsim.org\/#website","url":"https:\/\/www.ongsim.org\/","name":"Solidariedade Internacional a Mo\u00e7ambique","description":"Solidariedade Internacional a Mo\u00e7ambique","publisher":{"@id":"https:\/\/www.ongsim.org\/#organization"},"potentialAction":[{"@type":"SearchAction","target":{"@type":"EntryPoint","urlTemplate":"https:\/\/www.ongsim.org\/?s={search_term_string}"},"query-input":{"@type":"PropertyValueSpecification","valueRequired":true,"valueName":"search_term_string"}}],"inLanguage":"pt-PT"},{"@type":"Organization","@id":"https:\/\/www.ongsim.org\/#organization","name":"Solidariedade Internacional a Mo\u00e7ambique","url":"https:\/\/www.ongsim.org\/","logo":{"@type":"ImageObject","inLanguage":"pt-PT","@id":"https:\/\/www.ongsim.org\/#\/schema\/logo\/image\/","url":"http:\/\/ongsim.org\/wp-content\/uploads\/2020\/03\/logo-sim-2_branco_site.png","contentUrl":"http:\/\/ongsim.org\/wp-content\/uploads\/2020\/03\/logo-sim-2_branco_site.png","width":300,"height":300,"caption":"Solidariedade Internacional a Mo\u00e7ambique"},"image":{"@id":"https:\/\/www.ongsim.org\/#\/schema\/logo\/image\/"},"sameAs":["https:\/\/www.facebook.com\/ONG.SIM.MOCAMBIQUE\/?ref=ts","https:\/\/www.instagram.com\/sim.mocambique\/","https:\/\/www.youtube.com\/channel\/UCcLb9BZr3RC9gZ57W-0eebA"]}]}},"jetpack_sharing_enabled":true,"_links":{"self":[{"href":"\/index.php\/wp-json\/wp\/v2\/pages\/785","targetHints":{"allow":["GET"]}}],"collection":[{"href":"\/index.php\/wp-json\/wp\/v2\/pages"}],"about":[{"href":"\/index.php\/wp-json\/wp\/v2\/types\/page"}],"author":[{"embeddable":true,"href":"\/index.php\/wp-json\/wp\/v2\/users\/1"}],"replies":[{"embeddable":true,"href":"\/index.php\/wp-json\/wp\/v2\/comments?post=785"}],"version-history":[{"count":13,"href":"\/index.php\/wp-json\/wp\/v2\/pages\/785\/revisions"}],"predecessor-version":[{"id":9113,"href":"\/index.php\/wp-json\/wp\/v2\/pages\/785\/revisions\/9113"}],"wp:attachment":[{"href":"\/index.php\/wp-json\/wp\/v2\/media?parent=785"}],"curies":[{"name":"wp","href":"https:\/\/api.w.org\/{rel}","templated":true}]}}