{"id":783,"date":"2019-10-01T18:50:10","date_gmt":"2019-10-01T18:50:10","guid":{"rendered":"http:\/\/172.17.194.93\/wordpress\/?page_id=783"},"modified":"2020-04-11T17:56:46","modified_gmt":"2020-04-11T17:56:46","slug":"barco-escolar","status":"publish","type":"page","link":"\/index.php\/barco-escolar\/","title":{"rendered":"Barco Escolar"},"content":{"rendered":"\n<figure class=\"wp-block-image\"><img loading=\"lazy\" decoding=\"async\" width=\"1248\" height=\"734\" src=\"\/wp-content\/uploads\/2019\/10\/image-1.png\" alt=\"\" class=\"wp-image-790\" srcset=\"\/wp-content\/uploads\/2019\/10\/image-1.png 1248w, \/wp-content\/uploads\/2019\/10\/image-1-300x176.png 300w, \/wp-content\/uploads\/2019\/10\/image-1-768x452.png 768w, \/wp-content\/uploads\/2019\/10\/image-1-1024x602.png 1024w, \/wp-content\/uploads\/2019\/10\/image-1-945x556.png 945w, \/wp-content\/uploads\/2019\/10\/image-1-600x353.png 600w\" sizes=\"auto, (max-width: 1248px) 100vw, 1248px\" \/><\/figure>\n\n\n\n<p style=\"text-align:justify\" class=\"has-drop-cap\">Para facilitar o acesso das crian\u00e7as de Machulane \u00e0 escola de Sitone, a ONGD SIM &#8211; Solidariedade Internacional a Mo\u00e7ambique prop\u00f5e-se apoiar um transporte regular em barco nativo. Para se deslocarem \u00e0 escola e regressarem a casa, estas crian\u00e7as tinham que caminhar diariamente 14 km. S\u00e3o crian\u00e7as com idades entre os 5 e os 12 anos, com gritantes insufici\u00eancias alimentares, que muito dependem da refei\u00e7\u00e3o que lhes \u00e9 proporcionada na escola pela ONGD SIM.<\/p>\n\n\n\n<p style=\"text-align:justify\">Com o apoio da C\u00e2mara Municipal de Cascais, foi iniciada em 2018 a renova\u00e7\u00e3o de um barco de madeira oferecido pelo R\u00e9gulo Mazellete, que ser\u00e1 equipado com um pequeno motor, para transportar os bolseiros para a Escola Prim\u00e1ria de Sitone. Este projecto beneficiou ainda da oferta solid\u00e1ria de coletes salva-vidas  para as crian\u00e7as e adultos que operam a embarca\u00e7\u00e3o.<\/p>\n\n\n\nngg_shortcode_0_placeholder\n","protected":false},"excerpt":{"rendered":"<p>Para facilitar o acesso das crian\u00e7as de Machulane \u00e0 escola de Sitone, a ONGD SIM &#8211; Solidariedade Internacional a Mo\u00e7ambique prop\u00f5e-se apoiar um transporte regular em barco nativo. Para se deslocarem \u00e0 escola e regressarem a casa, estas crian\u00e7as tinham que caminhar diariamente 14 km. S\u00e3o crian\u00e7as com idades entre os 5 e os 12&#8230; <a class=\"more-link\" href=\"\/index.php\/barco-escolar\/#more-783\">Continue Reading &rarr;<\/a><\/p>\n","protected":false},"author":1,"featured_media":0,"parent":0,"menu_order":0,"comment_status":"closed","ping_status":"closed","template":"","meta":{"ngg_post_thumbnail":0,"footnotes":""},"class_list":["post-783","page","type-page","status-publish","hentry","clear"],"yoast_head":"<!-- This site is optimized with the Yoast SEO plugin v27.2 - https:\/\/yoast.com\/product\/yoast-seo-wordpress\/ -->\n<title>Barco Escolar - Solidariedade Internacional a Mo\u00e7ambique<\/title>\n<meta name=\"robots\" content=\"index, follow, max-snippet:-1, max-image-preview:large, max-video-preview:-1\" \/>\n<link rel=\"canonical\" href=\"https:\/\/www.ongsim.org\/index.php\/barco-escolar\/\" \/>\n<meta property=\"og:locale\" content=\"pt_PT\" \/>\n<meta property=\"og:type\" content=\"article\" \/>\n<meta property=\"og:title\" content=\"Barco Escolar - Solidariedade Internacional a Mo\u00e7ambique\" \/>\n<meta property=\"og:description\" content=\"Para facilitar o acesso das crian\u00e7as de Machulane \u00e0 escola de Sitone, a ONGD SIM &#8211; Solidariedade Internacional a Mo\u00e7ambique prop\u00f5e-se apoiar um transporte regular em barco nativo. Para se deslocarem \u00e0 escola e regressarem a casa, estas crian\u00e7as tinham que caminhar diariamente 14 km. S\u00e3o crian\u00e7as com idades entre os 5 e os 12... Continue Reading &rarr;\" \/>\n<meta property=\"og:url\" content=\"https:\/\/www.ongsim.org\/index.php\/barco-escolar\/\" \/>\n<meta property=\"og:site_name\" content=\"Solidariedade Internacional a Mo\u00e7ambique\" \/>\n<meta property=\"article:publisher\" content=\"https:\/\/www.facebook.com\/ONG.SIM.MOCAMBIQUE\/?ref=ts\" \/>\n<meta property=\"article:modified_time\" content=\"2020-04-11T17:56:46+00:00\" \/>\n<meta name=\"twitter:card\" content=\"summary_large_image\" \/>\n<meta name=\"twitter:label1\" content=\"Tempo estimado de leitura\" \/>\n\t<meta name=\"twitter:data1\" content=\"1 minuto\" \/>\n<script type=\"application\/ld+json\" class=\"yoast-schema-graph\">{\"@context\":\"https:\/\/schema.org\",\"@graph\":[{\"@type\":\"WebPage\",\"@id\":\"https:\/\/www.ongsim.org\/index.php\/barco-escolar\/\",\"url\":\"https:\/\/www.ongsim.org\/index.php\/barco-escolar\/\",\"name\":\"Barco Escolar - Solidariedade Internacional a Mo\u00e7ambique\",\"isPartOf\":{\"@id\":\"https:\/\/www.ongsim.org\/#website\"},\"datePublished\":\"2019-10-01T18:50:10+00:00\",\"dateModified\":\"2020-04-11T17:56:46+00:00\",\"breadcrumb\":{\"@id\":\"https:\/\/www.ongsim.org\/index.php\/barco-escolar\/#breadcrumb\"},\"inLanguage\":\"pt-PT\",\"potentialAction\":[{\"@type\":\"ReadAction\",\"target\":[\"https:\/\/www.ongsim.org\/index.php\/barco-escolar\/\"]}]},{\"@type\":\"BreadcrumbList\",\"@id\":\"https:\/\/www.ongsim.org\/index.php\/barco-escolar\/#breadcrumb\",\"itemListElement\":[{\"@type\":\"ListItem\",\"position\":1,\"name\":\"In\u00edcio\",\"item\":\"https:\/\/www.ongsim.org\/\"},{\"@type\":\"ListItem\",\"position\":2,\"name\":\"Barco Escolar\"}]},{\"@type\":\"WebSite\",\"@id\":\"https:\/\/www.ongsim.org\/#website\",\"url\":\"https:\/\/www.ongsim.org\/\",\"name\":\"Solidariedade Internacional a Mo\u00e7ambique\",\"description\":\"Solidariedade Internacional a Mo\u00e7ambique\",\"publisher\":{\"@id\":\"https:\/\/www.ongsim.org\/#organization\"},\"potentialAction\":[{\"@type\":\"SearchAction\",\"target\":{\"@type\":\"EntryPoint\",\"urlTemplate\":\"https:\/\/www.ongsim.org\/?s={search_term_string}\"},\"query-input\":{\"@type\":\"PropertyValueSpecification\",\"valueRequired\":true,\"valueName\":\"search_term_string\"}}],\"inLanguage\":\"pt-PT\"},{\"@type\":\"Organization\",\"@id\":\"https:\/\/www.ongsim.org\/#organization\",\"name\":\"Solidariedade Internacional a Mo\u00e7ambique\",\"url\":\"https:\/\/www.ongsim.org\/\",\"logo\":{\"@type\":\"ImageObject\",\"inLanguage\":\"pt-PT\",\"@id\":\"https:\/\/www.ongsim.org\/#\/schema\/logo\/image\/\",\"url\":\"http:\/\/ongsim.org\/wp-content\/uploads\/2020\/03\/logo-sim-2_branco_site.png\",\"contentUrl\":\"http:\/\/ongsim.org\/wp-content\/uploads\/2020\/03\/logo-sim-2_branco_site.png\",\"width\":300,\"height\":300,\"caption\":\"Solidariedade Internacional a Mo\u00e7ambique\"},\"image\":{\"@id\":\"https:\/\/www.ongsim.org\/#\/schema\/logo\/image\/\"},\"sameAs\":[\"https:\/\/www.facebook.com\/ONG.SIM.MOCAMBIQUE\/?ref=ts\",\"https:\/\/www.instagram.com\/sim.mocambique\/\",\"https:\/\/www.youtube.com\/channel\/UCcLb9BZr3RC9gZ57W-0eebA\"]}]}<\/script>\n<!-- \/ Yoast SEO plugin. -->","yoast_head_json":{"title":"Barco Escolar - Solidariedade Internacional a Mo\u00e7ambique","robots":{"index":"index","follow":"follow","max-snippet":"max-snippet:-1","max-image-preview":"max-image-preview:large","max-video-preview":"max-video-preview:-1"},"canonical":"https:\/\/www.ongsim.org\/index.php\/barco-escolar\/","og_locale":"pt_PT","og_type":"article","og_title":"Barco Escolar - Solidariedade Internacional a Mo\u00e7ambique","og_description":"Para facilitar o acesso das crian\u00e7as de Machulane \u00e0 escola de Sitone, a ONGD SIM &#8211; Solidariedade Internacional a Mo\u00e7ambique prop\u00f5e-se apoiar um transporte regular em barco nativo. Para se deslocarem \u00e0 escola e regressarem a casa, estas crian\u00e7as tinham que caminhar diariamente 14 km. S\u00e3o crian\u00e7as com idades entre os 5 e os 12... Continue Reading &rarr;","og_url":"https:\/\/www.ongsim.org\/index.php\/barco-escolar\/","og_site_name":"Solidariedade Internacional a Mo\u00e7ambique","article_publisher":"https:\/\/www.facebook.com\/ONG.SIM.MOCAMBIQUE\/?ref=ts","article_modified_time":"2020-04-11T17:56:46+00:00","twitter_card":"summary_large_image","twitter_misc":{"Tempo estimado de leitura":"1 minuto"},"schema":{"@context":"https:\/\/schema.org","@graph":[{"@type":"WebPage","@id":"https:\/\/www.ongsim.org\/index.php\/barco-escolar\/","url":"https:\/\/www.ongsim.org\/index.php\/barco-escolar\/","name":"Barco Escolar - Solidariedade Internacional a Mo\u00e7ambique","isPartOf":{"@id":"https:\/\/www.ongsim.org\/#website"},"datePublished":"2019-10-01T18:50:10+00:00","dateModified":"2020-04-11T17:56:46+00:00","breadcrumb":{"@id":"https:\/\/www.ongsim.org\/index.php\/barco-escolar\/#breadcrumb"},"inLanguage":"pt-PT","potentialAction":[{"@type":"ReadAction","target":["https:\/\/www.ongsim.org\/index.php\/barco-escolar\/"]}]},{"@type":"BreadcrumbList","@id":"https:\/\/www.ongsim.org\/index.php\/barco-escolar\/#breadcrumb","itemListElement":[{"@type":"ListItem","position":1,"name":"In\u00edcio","item":"https:\/\/www.ongsim.org\/"},{"@type":"ListItem","position":2,"name":"Barco Escolar"}]},{"@type":"WebSite","@id":"https:\/\/www.ongsim.org\/#website","url":"https:\/\/www.ongsim.org\/","name":"Solidariedade Internacional a Mo\u00e7ambique","description":"Solidariedade Internacional a Mo\u00e7ambique","publisher":{"@id":"https:\/\/www.ongsim.org\/#organization"},"potentialAction":[{"@type":"SearchAction","target":{"@type":"EntryPoint","urlTemplate":"https:\/\/www.ongsim.org\/?s={search_term_string}"},"query-input":{"@type":"PropertyValueSpecification","valueRequired":true,"valueName":"search_term_string"}}],"inLanguage":"pt-PT"},{"@type":"Organization","@id":"https:\/\/www.ongsim.org\/#organization","name":"Solidariedade Internacional a Mo\u00e7ambique","url":"https:\/\/www.ongsim.org\/","logo":{"@type":"ImageObject","inLanguage":"pt-PT","@id":"https:\/\/www.ongsim.org\/#\/schema\/logo\/image\/","url":"http:\/\/ongsim.org\/wp-content\/uploads\/2020\/03\/logo-sim-2_branco_site.png","contentUrl":"http:\/\/ongsim.org\/wp-content\/uploads\/2020\/03\/logo-sim-2_branco_site.png","width":300,"height":300,"caption":"Solidariedade Internacional a Mo\u00e7ambique"},"image":{"@id":"https:\/\/www.ongsim.org\/#\/schema\/logo\/image\/"},"sameAs":["https:\/\/www.facebook.com\/ONG.SIM.MOCAMBIQUE\/?ref=ts","https:\/\/www.instagram.com\/sim.mocambique\/","https:\/\/www.youtube.com\/channel\/UCcLb9BZr3RC9gZ57W-0eebA"]}]}},"jetpack_sharing_enabled":true,"_links":{"self":[{"href":"\/index.php\/wp-json\/wp\/v2\/pages\/783","targetHints":{"allow":["GET"]}}],"collection":[{"href":"\/index.php\/wp-json\/wp\/v2\/pages"}],"about":[{"href":"\/index.php\/wp-json\/wp\/v2\/types\/page"}],"author":[{"embeddable":true,"href":"\/index.php\/wp-json\/wp\/v2\/users\/1"}],"replies":[{"embeddable":true,"href":"\/index.php\/wp-json\/wp\/v2\/comments?post=783"}],"version-history":[{"count":15,"href":"\/index.php\/wp-json\/wp\/v2\/pages\/783\/revisions"}],"predecessor-version":[{"id":9458,"href":"\/index.php\/wp-json\/wp\/v2\/pages\/783\/revisions\/9458"}],"wp:attachment":[{"href":"\/index.php\/wp-json\/wp\/v2\/media?parent=783"}],"curies":[{"name":"wp","href":"https:\/\/api.w.org\/{rel}","templated":true}]}}