{"id":775,"date":"2019-10-01T18:43:48","date_gmt":"2019-10-01T18:43:48","guid":{"rendered":"http:\/\/172.17.194.93\/wordpress\/?page_id=775"},"modified":"2020-05-11T12:36:18","modified_gmt":"2020-05-11T11:36:18","slug":"escolinhas-comunitarias-tartaruga","status":"publish","type":"page","link":"\/index.php\/escolinhas-comunitarias-tartaruga\/","title":{"rendered":"Sombrinhas Comunit\u00e1rias Tartaruga"},"content":{"rendered":"\n<p class=\"has-drop-cap has-text-align-justify\">A partir de 2018, a grande aposta da ONGD SIM &#8211; Solidariedade Internacional a Mo\u00e7ambique, foi nas sombrinhas comunit\u00e1rias Tartaruga de Sitone e de Machulane, na zona Norte da Ilha do Bazaruto.<\/p>\n\n\n\n<div class=\"wp-block-image\"><figure class=\"alignleft is-resized\"><img loading=\"lazy\" decoding=\"async\" src=\"\/wp-content\/gallery\/fotos-2018-2\/ONGSIM-Miss%C3%A3o-jul-ago-2018-27.jpg?i=530677335\" alt=\"ONGSIM-Miss\u00e3o-jul-ago-2018-27.jpg\" width=\"162\" height=\"107\"\/><\/figure><\/div>\n\n\n\n<p class=\"has-text-align-justify\">Este projecto foi criado em Agosto de 2017 e visa garantir uma educa\u00e7\u00e3o preliminar para as crian\u00e7as com idade compreendida entre os 2 e os 6 anos, com o objectivo de ensinar a l\u00edngua oficial de Mo\u00e7ambique, o Portugu\u00eas.<\/p>\n\n\n\n<div class=\"wp-block-image\"><figure class=\"alignright is-resized\"><img loading=\"lazy\" decoding=\"async\" src=\"\/wp-content\/gallery\/bazaruto_escolinhas_tartaruga\/CR-ONGDSIMMocambique2680.jpg?i=584576187\" alt=\"CR-ONGDSIMMocambique2680.jpg\" width=\"234\" height=\"155\"\/><figcaption>Foto: Campiso Rocha<\/figcaption><\/figure><\/div>\n\n\n\n<p class=\"has-text-align-justify\">Em Machulane, foi aproveitada e equipada uma constru\u00e7\u00e3o existente da Associa\u00e7\u00e3o Tilizinwe, onde a ONGD SIM garante o bom desempenho desta opera\u00e7\u00e3o, suportando os custos com os monitores e oferecendo todo o material escolar a 40 crian\u00e7as desta comunidade.<\/p>\n\n\n\n<div class=\"wp-block-image\"><figure class=\"alignleft is-resized\"><img loading=\"lazy\" decoding=\"async\" src=\"\/wp-content\/gallery\/bazaruto_escolinhas_tartaruga\/CR-ONGDSIMMocambique412.jpg?i=1037594466\" alt=\"CR-ONGDSIMMocambique412.jpg\" width=\"261\" height=\"173\"\/><figcaption> Foto: Campiso Rocha <\/figcaption><\/figure><\/div>\n\n\n\n<p class=\"has-text-align-justify\">Em Sitone, 80 crian\u00e7as beneficiam j\u00e1 de aprendizagem das primeiras palavras de Portugu\u00eas com material did\u00e1ctico e monitores assegurados pela ONGD SIM e est\u00e3o em curso iniciativas com vista \u00e0 constru\u00e7\u00e3o de duas salas de aulas e latrinas, num terreno da comunidade j\u00e1 cedido pelo R\u00e9gulo Lacerda Mazalleti. Estas crian\u00e7as recebem ainda uma refei\u00e7\u00e3o quente por dia.<\/p>\n","protected":false},"excerpt":{"rendered":"<p>A partir de 2018, a grande aposta da ONGD SIM &#8211; Solidariedade Internacional a Mo\u00e7ambique, foi nas sombrinhas comunit\u00e1rias Tartaruga de Sitone e de Machulane, na zona Norte da Ilha do Bazaruto. Este projecto foi criado em Agosto de 2017 e visa garantir uma educa\u00e7\u00e3o preliminar para as crian\u00e7as com idade compreendida entre os 2&#8230; <a class=\"more-link\" href=\"\/index.php\/escolinhas-comunitarias-tartaruga\/#more-775\">Continue Reading &rarr;<\/a><\/p>\n","protected":false},"author":1,"featured_media":9037,"parent":0,"menu_order":0,"comment_status":"closed","ping_status":"closed","template":"","meta":{"ngg_post_thumbnail":0,"footnotes":""},"class_list":["post-775","page","type-page","status-publish","has-post-thumbnail","hentry","clear"],"yoast_head":"<!-- This site is optimized with the Yoast SEO plugin v27.2 - https:\/\/yoast.com\/product\/yoast-seo-wordpress\/ -->\n<title>Sombrinhas Comunit\u00e1rias Tartaruga - Solidariedade Internacional a Mo\u00e7ambique<\/title>\n<meta name=\"robots\" content=\"index, follow, max-snippet:-1, max-image-preview:large, max-video-preview:-1\" \/>\n<link rel=\"canonical\" href=\"https:\/\/www.ongsim.org\/index.php\/escolinhas-comunitarias-tartaruga\/\" \/>\n<meta property=\"og:locale\" content=\"pt_PT\" \/>\n<meta property=\"og:type\" content=\"article\" \/>\n<meta property=\"og:title\" content=\"Sombrinhas Comunit\u00e1rias Tartaruga - Solidariedade Internacional a Mo\u00e7ambique\" \/>\n<meta property=\"og:description\" content=\"A partir de 2018, a grande aposta da ONGD SIM &#8211; Solidariedade Internacional a Mo\u00e7ambique, foi nas sombrinhas comunit\u00e1rias Tartaruga de Sitone e de Machulane, na zona Norte da Ilha do Bazaruto. Este projecto foi criado em Agosto de 2017 e visa garantir uma educa\u00e7\u00e3o preliminar para as crian\u00e7as com idade compreendida entre os 2... Continue Reading &rarr;\" \/>\n<meta property=\"og:url\" content=\"https:\/\/www.ongsim.org\/index.php\/escolinhas-comunitarias-tartaruga\/\" \/>\n<meta property=\"og:site_name\" content=\"Solidariedade Internacional a Mo\u00e7ambique\" \/>\n<meta property=\"article:publisher\" content=\"https:\/\/www.facebook.com\/ONG.SIM.MOCAMBIQUE\/?ref=ts\" \/>\n<meta property=\"article:modified_time\" content=\"2020-05-11T11:36:18+00:00\" \/>\n<meta property=\"og:image\" content=\"https:\/\/www.ongsim.org\/wp-content\/uploads\/2019\/11\/ONGDSIM_Escolinhas32_2019.jpg\" \/>\n\t<meta property=\"og:image:width\" content=\"1200\" \/>\n\t<meta property=\"og:image:height\" content=\"675\" \/>\n\t<meta property=\"og:image:type\" content=\"image\/jpeg\" \/>\n<meta name=\"twitter:card\" content=\"summary_large_image\" \/>\n<meta name=\"twitter:label1\" content=\"Tempo estimado de leitura\" \/>\n\t<meta name=\"twitter:data1\" content=\"1 minuto\" \/>\n<script type=\"application\/ld+json\" class=\"yoast-schema-graph\">{\"@context\":\"https:\/\/schema.org\",\"@graph\":[{\"@type\":\"WebPage\",\"@id\":\"https:\/\/www.ongsim.org\/index.php\/escolinhas-comunitarias-tartaruga\/\",\"url\":\"https:\/\/www.ongsim.org\/index.php\/escolinhas-comunitarias-tartaruga\/\",\"name\":\"Sombrinhas Comunit\u00e1rias Tartaruga - Solidariedade Internacional a Mo\u00e7ambique\",\"isPartOf\":{\"@id\":\"https:\/\/www.ongsim.org\/#website\"},\"primaryImageOfPage\":{\"@id\":\"https:\/\/www.ongsim.org\/index.php\/escolinhas-comunitarias-tartaruga\/#primaryimage\"},\"image\":{\"@id\":\"https:\/\/www.ongsim.org\/index.php\/escolinhas-comunitarias-tartaruga\/#primaryimage\"},\"thumbnailUrl\":\"\/wp-content\/uploads\/2019\/11\/ONGDSIM_Escolinhas32_2019.jpg\",\"datePublished\":\"2019-10-01T18:43:48+00:00\",\"dateModified\":\"2020-05-11T11:36:18+00:00\",\"breadcrumb\":{\"@id\":\"https:\/\/www.ongsim.org\/index.php\/escolinhas-comunitarias-tartaruga\/#breadcrumb\"},\"inLanguage\":\"pt-PT\",\"potentialAction\":[{\"@type\":\"ReadAction\",\"target\":[\"https:\/\/www.ongsim.org\/index.php\/escolinhas-comunitarias-tartaruga\/\"]}]},{\"@type\":\"ImageObject\",\"inLanguage\":\"pt-PT\",\"@id\":\"https:\/\/www.ongsim.org\/index.php\/escolinhas-comunitarias-tartaruga\/#primaryimage\",\"url\":\"\/wp-content\/uploads\/2019\/11\/ONGDSIM_Escolinhas32_2019.jpg\",\"contentUrl\":\"\/wp-content\/uploads\/2019\/11\/ONGDSIM_Escolinhas32_2019.jpg\",\"width\":1200,\"height\":675},{\"@type\":\"BreadcrumbList\",\"@id\":\"https:\/\/www.ongsim.org\/index.php\/escolinhas-comunitarias-tartaruga\/#breadcrumb\",\"itemListElement\":[{\"@type\":\"ListItem\",\"position\":1,\"name\":\"In\u00edcio\",\"item\":\"https:\/\/www.ongsim.org\/\"},{\"@type\":\"ListItem\",\"position\":2,\"name\":\"Sombrinhas Comunit\u00e1rias Tartaruga\"}]},{\"@type\":\"WebSite\",\"@id\":\"https:\/\/www.ongsim.org\/#website\",\"url\":\"https:\/\/www.ongsim.org\/\",\"name\":\"Solidariedade Internacional a Mo\u00e7ambique\",\"description\":\"Solidariedade Internacional a Mo\u00e7ambique\",\"publisher\":{\"@id\":\"https:\/\/www.ongsim.org\/#organization\"},\"potentialAction\":[{\"@type\":\"SearchAction\",\"target\":{\"@type\":\"EntryPoint\",\"urlTemplate\":\"https:\/\/www.ongsim.org\/?s={search_term_string}\"},\"query-input\":{\"@type\":\"PropertyValueSpecification\",\"valueRequired\":true,\"valueName\":\"search_term_string\"}}],\"inLanguage\":\"pt-PT\"},{\"@type\":\"Organization\",\"@id\":\"https:\/\/www.ongsim.org\/#organization\",\"name\":\"Solidariedade Internacional a Mo\u00e7ambique\",\"url\":\"https:\/\/www.ongsim.org\/\",\"logo\":{\"@type\":\"ImageObject\",\"inLanguage\":\"pt-PT\",\"@id\":\"https:\/\/www.ongsim.org\/#\/schema\/logo\/image\/\",\"url\":\"http:\/\/ongsim.org\/wp-content\/uploads\/2020\/03\/logo-sim-2_branco_site.png\",\"contentUrl\":\"http:\/\/ongsim.org\/wp-content\/uploads\/2020\/03\/logo-sim-2_branco_site.png\",\"width\":300,\"height\":300,\"caption\":\"Solidariedade Internacional a Mo\u00e7ambique\"},\"image\":{\"@id\":\"https:\/\/www.ongsim.org\/#\/schema\/logo\/image\/\"},\"sameAs\":[\"https:\/\/www.facebook.com\/ONG.SIM.MOCAMBIQUE\/?ref=ts\",\"https:\/\/www.instagram.com\/sim.mocambique\/\",\"https:\/\/www.youtube.com\/channel\/UCcLb9BZr3RC9gZ57W-0eebA\"]}]}<\/script>\n<!-- \/ Yoast SEO plugin. -->","yoast_head_json":{"title":"Sombrinhas Comunit\u00e1rias Tartaruga - Solidariedade Internacional a Mo\u00e7ambique","robots":{"index":"index","follow":"follow","max-snippet":"max-snippet:-1","max-image-preview":"max-image-preview:large","max-video-preview":"max-video-preview:-1"},"canonical":"https:\/\/www.ongsim.org\/index.php\/escolinhas-comunitarias-tartaruga\/","og_locale":"pt_PT","og_type":"article","og_title":"Sombrinhas Comunit\u00e1rias Tartaruga - Solidariedade Internacional a Mo\u00e7ambique","og_description":"A partir de 2018, a grande aposta da ONGD SIM &#8211; Solidariedade Internacional a Mo\u00e7ambique, foi nas sombrinhas comunit\u00e1rias Tartaruga de Sitone e de Machulane, na zona Norte da Ilha do Bazaruto. Este projecto foi criado em Agosto de 2017 e visa garantir uma educa\u00e7\u00e3o preliminar para as crian\u00e7as com idade compreendida entre os 2... Continue Reading &rarr;","og_url":"https:\/\/www.ongsim.org\/index.php\/escolinhas-comunitarias-tartaruga\/","og_site_name":"Solidariedade Internacional a Mo\u00e7ambique","article_publisher":"https:\/\/www.facebook.com\/ONG.SIM.MOCAMBIQUE\/?ref=ts","article_modified_time":"2020-05-11T11:36:18+00:00","og_image":[{"width":1200,"height":675,"url":"https:\/\/www.ongsim.org\/wp-content\/uploads\/2019\/11\/ONGDSIM_Escolinhas32_2019.jpg","type":"image\/jpeg"}],"twitter_card":"summary_large_image","twitter_misc":{"Tempo estimado de leitura":"1 minuto"},"schema":{"@context":"https:\/\/schema.org","@graph":[{"@type":"WebPage","@id":"https:\/\/www.ongsim.org\/index.php\/escolinhas-comunitarias-tartaruga\/","url":"https:\/\/www.ongsim.org\/index.php\/escolinhas-comunitarias-tartaruga\/","name":"Sombrinhas Comunit\u00e1rias Tartaruga - Solidariedade Internacional a Mo\u00e7ambique","isPartOf":{"@id":"https:\/\/www.ongsim.org\/#website"},"primaryImageOfPage":{"@id":"https:\/\/www.ongsim.org\/index.php\/escolinhas-comunitarias-tartaruga\/#primaryimage"},"image":{"@id":"https:\/\/www.ongsim.org\/index.php\/escolinhas-comunitarias-tartaruga\/#primaryimage"},"thumbnailUrl":"\/wp-content\/uploads\/2019\/11\/ONGDSIM_Escolinhas32_2019.jpg","datePublished":"2019-10-01T18:43:48+00:00","dateModified":"2020-05-11T11:36:18+00:00","breadcrumb":{"@id":"https:\/\/www.ongsim.org\/index.php\/escolinhas-comunitarias-tartaruga\/#breadcrumb"},"inLanguage":"pt-PT","potentialAction":[{"@type":"ReadAction","target":["https:\/\/www.ongsim.org\/index.php\/escolinhas-comunitarias-tartaruga\/"]}]},{"@type":"ImageObject","inLanguage":"pt-PT","@id":"https:\/\/www.ongsim.org\/index.php\/escolinhas-comunitarias-tartaruga\/#primaryimage","url":"\/wp-content\/uploads\/2019\/11\/ONGDSIM_Escolinhas32_2019.jpg","contentUrl":"\/wp-content\/uploads\/2019\/11\/ONGDSIM_Escolinhas32_2019.jpg","width":1200,"height":675},{"@type":"BreadcrumbList","@id":"https:\/\/www.ongsim.org\/index.php\/escolinhas-comunitarias-tartaruga\/#breadcrumb","itemListElement":[{"@type":"ListItem","position":1,"name":"In\u00edcio","item":"https:\/\/www.ongsim.org\/"},{"@type":"ListItem","position":2,"name":"Sombrinhas Comunit\u00e1rias Tartaruga"}]},{"@type":"WebSite","@id":"https:\/\/www.ongsim.org\/#website","url":"https:\/\/www.ongsim.org\/","name":"Solidariedade Internacional a Mo\u00e7ambique","description":"Solidariedade Internacional a Mo\u00e7ambique","publisher":{"@id":"https:\/\/www.ongsim.org\/#organization"},"potentialAction":[{"@type":"SearchAction","target":{"@type":"EntryPoint","urlTemplate":"https:\/\/www.ongsim.org\/?s={search_term_string}"},"query-input":{"@type":"PropertyValueSpecification","valueRequired":true,"valueName":"search_term_string"}}],"inLanguage":"pt-PT"},{"@type":"Organization","@id":"https:\/\/www.ongsim.org\/#organization","name":"Solidariedade Internacional a Mo\u00e7ambique","url":"https:\/\/www.ongsim.org\/","logo":{"@type":"ImageObject","inLanguage":"pt-PT","@id":"https:\/\/www.ongsim.org\/#\/schema\/logo\/image\/","url":"http:\/\/ongsim.org\/wp-content\/uploads\/2020\/03\/logo-sim-2_branco_site.png","contentUrl":"http:\/\/ongsim.org\/wp-content\/uploads\/2020\/03\/logo-sim-2_branco_site.png","width":300,"height":300,"caption":"Solidariedade Internacional a Mo\u00e7ambique"},"image":{"@id":"https:\/\/www.ongsim.org\/#\/schema\/logo\/image\/"},"sameAs":["https:\/\/www.facebook.com\/ONG.SIM.MOCAMBIQUE\/?ref=ts","https:\/\/www.instagram.com\/sim.mocambique\/","https:\/\/www.youtube.com\/channel\/UCcLb9BZr3RC9gZ57W-0eebA"]}]}},"jetpack_sharing_enabled":true,"_links":{"self":[{"href":"\/index.php\/wp-json\/wp\/v2\/pages\/775","targetHints":{"allow":["GET"]}}],"collection":[{"href":"\/index.php\/wp-json\/wp\/v2\/pages"}],"about":[{"href":"\/index.php\/wp-json\/wp\/v2\/types\/page"}],"author":[{"embeddable":true,"href":"\/index.php\/wp-json\/wp\/v2\/users\/1"}],"replies":[{"embeddable":true,"href":"\/index.php\/wp-json\/wp\/v2\/comments?post=775"}],"version-history":[{"count":13,"href":"\/index.php\/wp-json\/wp\/v2\/pages\/775\/revisions"}],"predecessor-version":[{"id":9812,"href":"\/index.php\/wp-json\/wp\/v2\/pages\/775\/revisions\/9812"}],"wp:featuredmedia":[{"embeddable":true,"href":"\/index.php\/wp-json\/wp\/v2\/media\/9037"}],"wp:attachment":[{"href":"\/index.php\/wp-json\/wp\/v2\/media?parent=775"}],"curies":[{"name":"wp","href":"https:\/\/api.w.org\/{rel}","templated":true}]}}