{"id":6510,"date":"2019-10-16T21:07:05","date_gmt":"2019-10-16T21:07:05","guid":{"rendered":"http:\/\/beta.ongsim.org\/?page_id=6510"},"modified":"2019-11-28T20:02:22","modified_gmt":"2019-11-28T20:02:22","slug":"2012-2016","status":"publish","type":"page","link":"\/index.php\/2012-2016\/","title":{"rendered":"Arquivo de not\u00edcias"},"content":{"rendered":"<h3 style=\"text-align: center;\"><a href=\"\/index.php\/2016-2\/\">2016<\/a><\/h3>\n<p>&nbsp;<\/p>\n<p style=\"padding-left: 40px;\"><a href=\"\/index.php\/2019\/09\/28\/a-segunda-missao-2016\/\"><strong>A Segunda Miss\u00e3o 2016<\/strong><\/a><\/p>\n<p style=\"padding-left: 40px;\"><a href=\"\/index.php\/2019\/09\/28\/distribuicao-de-mantimentos-no-norte-da-ilha-do-bazaruto-machulane-e-sitone\/\"><strong>Distribui\u00e7\u00e3o de Mantimentos no norte da Ilha do Bazaruto \u2013 Machulane e Sitone.<\/strong><\/a><\/p>\n<p style=\"padding-left: 40px;\"><a href=\"\/index.php\/2019\/09\/28\/reabriu-a-atividade-piscatoria-no-norte-da-ilha-do-bazaruto\/\"><strong>Reabriu a atividade piscat\u00f3ria no norte da Ilha do Bazaruto<\/strong><\/a><\/p>\n<p>&nbsp;<\/p>\n<h3 style=\"text-align: center;\"><a href=\"\/index.php\/2015-2\/\">2015<\/a><\/h3>\n<ul>\n<li style=\"list-style-type: none;\">&nbsp;<\/li>\n<\/ul>\n<p style=\"padding-left: 40px;\"><a href=\"\/index.php\/o-apoio-vitaminado-da-sumol-compal-a-sim\/\"><strong>O apoio vitaminado da Sumol + Compal \u00e0 SIM!<\/strong><\/a><\/p>\n<p style=\"padding-left: 40px;\"><a href=\"\/index.php\/5-de-dezembro-dia-internacional-do-voluntario\/\"><strong>5 de Dezembro \u2013 Dia Internacional do Volunt\u00e1rio<\/strong><\/a><\/p>\n<p style=\"padding-left: 40px;\"><a href=\"\/index.php\/lispolis-apoia-a-ong-sim\/\"><strong>Lispolis apoia a ONG SIM<\/strong><\/a><\/p>\n<p style=\"padding-left: 40px;\"><a href=\"\/index.php\/prova-superada-para-o-bolseiro-artur\/\"><strong>Prova superada para o bolseiro Artur!<\/strong><\/a><\/p>\n<p style=\"padding-left: 40px;\"><a href=\"\/index.php\/tartaruga-salva-por-bolseiros-da-sim-e-pescadores\/\"><strong>Tartaruga salva por Bolseiros da SIM e Pescadores<\/strong><\/a><\/p>\n<p style=\"padding-left: 40px;\"><a href=\"\/index.php\/a-ong-sim-abraca-uma-nova-causa\/\"><strong>A ONG SIM abra\u00e7a uma nova causa<\/strong><\/a><\/p>\n<p style=\"padding-left: 40px;\"><strong><a href=\"\/index.php\/encontro-com-o-responsavel-pelo-sector-dos-assuntos-da-mulher-e-accao-social-no-inhassoro\/\">Encontro com o Respons\u00e1vel pelo Sector dos Assuntos da Mulher e Ac\u00e7\u00e3o Social no Inhassoro<\/a><\/strong><\/p>\n<p style=\"padding-left: 40px;\"><strong><a href=\"\/index.php\/dia-mundial-do-ambiente\/\">Dia Mundial do Ambiente<\/a><\/strong><\/p>\n<p style=\"padding-left: 40px;\"><strong><a href=\"\/index.php\/a-sim-na-festa-da-comunidade-portuguesa-em-maputo\/\">A SIM na Festa da Comunidade Portuguesa em Maputo<\/a><\/strong><\/p>\n<p>&nbsp;<\/p>\n<h3 style=\"text-align: center;\"><a href=\"\/index.php\/2014-2\/\">2014<\/a><\/h3>\n<p>&nbsp;<\/p>\n<p style=\"padding-left: 40px;\"><a href=\"\/index.php\/2019\/09\/28\/visita-de-lucinda-cumbe-ao-lar-sim\/\"><strong>Visita de Lucinda Cumbe ao LAR SIM<\/strong><\/a><\/p>\n<p style=\"padding-left: 40px;\"><a href=\"\/index.php\/2019\/09\/28\/apm-associacao-portugal-mocambique\/\"><strong>APM, Associa\u00e7\u00e3o Portugal Mo\u00e7ambique<\/strong><\/a><\/p>\n<p style=\"padding-left: 40px;\"><a href=\"\/index.php\/2019\/09\/28\/bolseiro-pedro-maluane-em-portugal\/\"><strong>Bolseiro Pedro Maluane em Portugal<\/strong><\/a><\/p>\n<p style=\"padding-left: 40px;\"><a href=\"\/index.php\/2019\/09\/28\/dia-da-crianca-2014\/\"><strong>Dia da Crian\u00e7a 2014!<\/strong><\/a><\/p>\n<p style=\"padding-left: 40px;\"><a href=\"\/index.php\/2019\/09\/28\/historia-do-arnaldo\/\"><strong>Hist\u00f3ria do Arnaldo<\/strong><\/a><\/p>\n<p style=\"padding-left: 40px;\"><a href=\"\/index.php\/2019\/09\/28\/missao-educacao-e-saude-2014\/\"><strong>Miss\u00e3o Educa\u00e7\u00e3o e Sa\u00fade 2014<\/strong><\/a><\/p>\n<p style=\"padding-left: 40px;\"><a href=\"\/index.php\/2019\/09\/28\/nova-bolseira-universitaria-lucinda-cumbe\/\"><strong>Nova Bolseira Universit\u00e1ria \u2013 Lucinda Cumbe<\/strong><\/a><\/p>\n<p style=\"padding-left: 40px;\"><a href=\"\/index.php\/2019\/09\/28\/o-ser-africano\/\"><strong>O Ser Africano!<\/strong><\/a><\/p>\n<p>&nbsp;<\/p>\n<h3 style=\"text-align: center;\"><a href=\"\/index.php\/2013-2\/\">2013<\/a><\/h3>\n<p style=\"padding-left: 40px;\">&nbsp;<\/p>\n<p style=\"padding-left: 40px;\"><a href=\"\/index.php\/missao-natal-2013\/\"><strong>Miss\u00e3o Natal 2013<\/strong><\/a><\/p>\n<p style=\"padding-left: 40px;\"><a href=\"\/index.php\/missao-educacao-e-saude-2013\/\"><strong>Miss\u00e3o Educa\u00e7\u00e3o e Sa\u00fade 2013<\/strong><\/a><\/p>\n<p style=\"padding-left: 40px;\"><a href=\"\/index.php\/ines-patrocino-no-ponto-mais-alto-de-africa\/\"><strong>In\u00eas Patroc\u00edno no ponto mais alto de \u00c1frica<\/strong><\/a><\/p>\n<p style=\"padding-left: 40px;\"><a href=\"\/index.php\/subir-o-monte-kilimanjaro-ines-patrocinio\/\"><strong>Subir o Monte Kilimanjaro | In\u00eas Patroc\u00ednio<\/strong><\/a><\/p>\n<p style=\"padding-left: 40px;\"><a href=\"\/index.php\/ines-patrocinio-vai-a-caminho-do-kilimanjaro-com-um-sonho\/\"><strong>In\u00eas Patroc\u00ednio vai a caminho do Kilimanjaro com um sonho<\/strong><\/a><\/p>\n<p style=\"padding-left: 40px;\"><a href=\"\/index.php\/menino-cleiton\/\"><strong>Menino Cleiton<\/strong><\/a><\/p>\n<p style=\"padding-left: 40px;\"><a href=\"\/index.php\/dia-da-crianca-2013\/\"><strong>Dia da Crian\u00e7a 2013<\/strong><\/a><\/p>\n<p style=\"padding-left: 40px;\"><a href=\"\/index.php\/dia-da-mae-2013\/\"><strong>Dia da M\u00e3e 2013<\/strong><\/a><\/p>\n<p style=\"padding-left: 40px;\"><a href=\"\/index.php\/homenagem-a-mulher-mocambicana\/\"><strong>Homenagem \u00e0 Mulher Mo\u00e7ambicana<\/strong><\/a><\/p>\n<p style=\"padding-left: 40px;\"><a href=\"\/index.php\/mais-uma-historia-de-sucesso-felisberto-recuperou-a-visao\/\"><strong>Mais uma hist\u00f3ria de sucesso | Felisberto recuperou a vis\u00e3o<\/strong><\/a><\/p>\n<p style=\"padding-left: 40px;\"><a href=\"\/index.php\/uma-historia-de-sucesso-um-gesto-de-reconhecimento\/\"><strong>Uma hist\u00f3ria de sucesso | Um gesto de reconhecimento<\/strong><\/a><\/p>\n<p style=\"padding-left: 40px;\"><a href=\"\/index.php\/campeonato-de-futebol\/\"><strong>Campeonato de futebol<\/strong><\/a><\/p>\n<p style=\"padding-left: 40px;\"><a href=\"\/index.php\/uma-historia-de-sucesso-jornal\/\"><strong>Uma Historia de Sucesso | Jornal<\/strong><\/a><\/p>\n<p style=\"padding-left: 40px;\"><a href=\"\/index.php\/com-a-ongd-sim-o-aproveitamento-da-energia-solar-chegou-ao-norte-da-ilha-do-bazaruto\/\"><strong>Com a ONGD SIM o aproveitamento da energia solar chegou ao norte da Ilha do Bazaruto<\/strong><\/a><\/p>\n<p style=\"padding-left: 40px;\"><a href=\"\/index.php\/preparacao-do-inicio-do-ano-letivo\/\"><strong>Prepara\u00e7\u00e3o do in\u00edcio do ano letivo<\/strong><\/a><\/p>\n<p style=\"padding-left: 40px;\"><a href=\"\/index.php\/o-bolseiro-da-universidade-catolica-da-beira-pedro-maluane\/\"><strong>O bolseiro da Universidade Cat\u00f3lica da Beira, Pedro Maluane<\/strong><\/a><\/p>\n<p style=\"padding-left: 40px;\"><a href=\"\/index.php\/equipa-de-bolseiros-participa-no-torneio-de-futebol-femenino-e-masculino\/\"><strong>Equipa de bolseiros participa no torneio de futebol feminino e masculino<\/strong><\/a><\/p>\n<p style=\"padding-left: 40px;\"><a href=\"\/index.php\/a-historia-do-papito-novo-bolseiro-do-inhassoro\/\"><strong>A Hist\u00f3ria do Papito | Novo Bolseiro do Inhassoro<\/strong><\/a><\/p>\n<p style=\"padding-left: 40px;\"><a href=\"\/index.php\/bolseiros-regressam-para-o-ano-lectivo\/\"><strong>Bolseiros regressam para o ano lectivo<\/strong><\/a><\/p>\n<p style=\"padding-left: 40px;\"><a href=\"\/index.php\/entrega-de-material-as-criancas-da-escola-de-sitone\/\"><strong>Entrega de material \u00e0s crian\u00e7as da escola de Sitone<\/strong><\/a><\/p>\n<p>&nbsp;<\/p>\n<h3 style=\"text-align: center;\"><a href=\"\/index.php\/2012-2\/\">2012<\/a><\/h3>\n<p>&nbsp;<\/p>\n<p style=\"padding-left: 40px;\"><strong><a href=\"\/index.php\/limpeza-de-lixo-nas-praias-de-mocambique\/\">Limpeza de lixo nas praias de Mo\u00e7ambique<\/a><\/strong><\/p>\n<p style=\"padding-left: 40px;\"><strong><a href=\"\/index.php\/bolseiro-exemplar\/\">Bolseiro Exemplar<\/a><\/strong><\/p>\n<p style=\"padding-left: 40px;\"><strong><a href=\"\/index.php\/missoes-de-monitorizacao-e-voluntariado-da-ongd-sim-em-mocambique\/\">Miss\u00f5es de Monitoriza\u00e7\u00e3o e Voluntariado da ONGD SIM em Mo\u00e7ambique<\/a><\/strong><\/p>\n<p style=\"padding-left: 40px;\"><a href=\"\/index.php\/2019\/09\/27\/regresso-as-aulas\/\"><strong>Regresso \u00e0s aulas!<\/strong><\/a><\/p>\n<p style=\"padding-left: 40px;\"><a href=\"\/index.php\/bolseiros-da-ongd-sim\/\"><strong>Bolseiros da ONGD SIM<\/strong><\/a><\/p>\n<p>&nbsp;<\/p>\n<p>&nbsp;<\/p>\n<p>&nbsp;<\/p>\n<p>&nbsp;<\/p>\n<p>&nbsp;<\/p>\n<p>&nbsp;<\/p>\n<p>&nbsp;<\/p>\n<p>&nbsp;<\/p>\n","protected":false},"excerpt":{"rendered":"<p>2016 &nbsp; A Segunda Miss\u00e3o 2016 Distribui\u00e7\u00e3o de Mantimentos no norte da Ilha do Bazaruto \u2013 Machulane e Sitone. Reabriu a atividade piscat\u00f3ria no norte da Ilha do Bazaruto &nbsp; 2015 &nbsp; O apoio vitaminado da Sumol + Compal \u00e0 SIM! 5 de Dezembro \u2013 Dia Internacional do Volunt\u00e1rio Lispolis apoia a ONG SIM Prova&#8230; <a class=\"more-link\" href=\"\/index.php\/2012-2016\/#more-6510\">Continue Reading &rarr;<\/a><\/p>\n","protected":false},"author":1,"featured_media":0,"parent":0,"menu_order":0,"comment_status":"closed","ping_status":"closed","template":"templates\/full-width-page.php","meta":{"ngg_post_thumbnail":0,"footnotes":""},"class_list":["post-6510","page","type-page","status-publish","hentry","clear"],"yoast_head":"<!-- This site is optimized with the Yoast SEO plugin v27.2 - https:\/\/yoast.com\/product\/yoast-seo-wordpress\/ -->\n<title>Arquivo de not\u00edcias - Solidariedade Internacional a Mo\u00e7ambique<\/title>\n<meta name=\"robots\" content=\"index, follow, max-snippet:-1, max-image-preview:large, max-video-preview:-1\" \/>\n<link rel=\"canonical\" href=\"https:\/\/www.ongsim.org\/index.php\/2012-2016\/\" \/>\n<meta property=\"og:locale\" content=\"pt_PT\" \/>\n<meta property=\"og:type\" content=\"article\" \/>\n<meta property=\"og:title\" content=\"Arquivo de not\u00edcias - Solidariedade Internacional a Mo\u00e7ambique\" \/>\n<meta property=\"og:description\" content=\"2016 &nbsp; A Segunda Miss\u00e3o 2016 Distribui\u00e7\u00e3o de Mantimentos no norte da Ilha do Bazaruto \u2013 Machulane e Sitone. Reabriu a atividade piscat\u00f3ria no norte da Ilha do Bazaruto &nbsp; 2015 &nbsp; O apoio vitaminado da Sumol + Compal \u00e0 SIM! 5 de Dezembro \u2013 Dia Internacional do Volunt\u00e1rio Lispolis apoia a ONG SIM Prova... Continue Reading &rarr;\" \/>\n<meta property=\"og:url\" content=\"https:\/\/www.ongsim.org\/index.php\/2012-2016\/\" \/>\n<meta property=\"og:site_name\" content=\"Solidariedade Internacional a Mo\u00e7ambique\" \/>\n<meta property=\"article:publisher\" content=\"https:\/\/www.facebook.com\/ONG.SIM.MOCAMBIQUE\/?ref=ts\" \/>\n<meta property=\"article:modified_time\" content=\"2019-11-28T20:02:22+00:00\" \/>\n<meta name=\"twitter:card\" content=\"summary_large_image\" \/>\n<meta name=\"twitter:label1\" content=\"Tempo estimado de leitura\" \/>\n\t<meta name=\"twitter:data1\" content=\"2 minutos\" \/>\n<script type=\"application\/ld+json\" class=\"yoast-schema-graph\">{\"@context\":\"https:\/\/schema.org\",\"@graph\":[{\"@type\":\"WebPage\",\"@id\":\"https:\/\/www.ongsim.org\/index.php\/2012-2016\/\",\"url\":\"https:\/\/www.ongsim.org\/index.php\/2012-2016\/\",\"name\":\"Arquivo de not\u00edcias - Solidariedade Internacional a Mo\u00e7ambique\",\"isPartOf\":{\"@id\":\"https:\/\/www.ongsim.org\/#website\"},\"datePublished\":\"2019-10-16T21:07:05+00:00\",\"dateModified\":\"2019-11-28T20:02:22+00:00\",\"breadcrumb\":{\"@id\":\"https:\/\/www.ongsim.org\/index.php\/2012-2016\/#breadcrumb\"},\"inLanguage\":\"pt-PT\",\"potentialAction\":[{\"@type\":\"ReadAction\",\"target\":[\"https:\/\/www.ongsim.org\/index.php\/2012-2016\/\"]}]},{\"@type\":\"BreadcrumbList\",\"@id\":\"https:\/\/www.ongsim.org\/index.php\/2012-2016\/#breadcrumb\",\"itemListElement\":[{\"@type\":\"ListItem\",\"position\":1,\"name\":\"In\u00edcio\",\"item\":\"https:\/\/www.ongsim.org\/\"},{\"@type\":\"ListItem\",\"position\":2,\"name\":\"Arquivo de not\u00edcias\"}]},{\"@type\":\"WebSite\",\"@id\":\"https:\/\/www.ongsim.org\/#website\",\"url\":\"https:\/\/www.ongsim.org\/\",\"name\":\"Solidariedade Internacional a Mo\u00e7ambique\",\"description\":\"Solidariedade Internacional a Mo\u00e7ambique\",\"publisher\":{\"@id\":\"https:\/\/www.ongsim.org\/#organization\"},\"potentialAction\":[{\"@type\":\"SearchAction\",\"target\":{\"@type\":\"EntryPoint\",\"urlTemplate\":\"https:\/\/www.ongsim.org\/?s={search_term_string}\"},\"query-input\":{\"@type\":\"PropertyValueSpecification\",\"valueRequired\":true,\"valueName\":\"search_term_string\"}}],\"inLanguage\":\"pt-PT\"},{\"@type\":\"Organization\",\"@id\":\"https:\/\/www.ongsim.org\/#organization\",\"name\":\"Solidariedade Internacional a Mo\u00e7ambique\",\"url\":\"https:\/\/www.ongsim.org\/\",\"logo\":{\"@type\":\"ImageObject\",\"inLanguage\":\"pt-PT\",\"@id\":\"https:\/\/www.ongsim.org\/#\/schema\/logo\/image\/\",\"url\":\"http:\/\/ongsim.org\/wp-content\/uploads\/2020\/03\/logo-sim-2_branco_site.png\",\"contentUrl\":\"http:\/\/ongsim.org\/wp-content\/uploads\/2020\/03\/logo-sim-2_branco_site.png\",\"width\":300,\"height\":300,\"caption\":\"Solidariedade Internacional a Mo\u00e7ambique\"},\"image\":{\"@id\":\"https:\/\/www.ongsim.org\/#\/schema\/logo\/image\/\"},\"sameAs\":[\"https:\/\/www.facebook.com\/ONG.SIM.MOCAMBIQUE\/?ref=ts\",\"https:\/\/www.instagram.com\/sim.mocambique\/\",\"https:\/\/www.youtube.com\/channel\/UCcLb9BZr3RC9gZ57W-0eebA\"]}]}<\/script>\n<!-- \/ Yoast SEO plugin. -->","yoast_head_json":{"title":"Arquivo de not\u00edcias - Solidariedade Internacional a Mo\u00e7ambique","robots":{"index":"index","follow":"follow","max-snippet":"max-snippet:-1","max-image-preview":"max-image-preview:large","max-video-preview":"max-video-preview:-1"},"canonical":"https:\/\/www.ongsim.org\/index.php\/2012-2016\/","og_locale":"pt_PT","og_type":"article","og_title":"Arquivo de not\u00edcias - Solidariedade Internacional a Mo\u00e7ambique","og_description":"2016 &nbsp; A Segunda Miss\u00e3o 2016 Distribui\u00e7\u00e3o de Mantimentos no norte da Ilha do Bazaruto \u2013 Machulane e Sitone. Reabriu a atividade piscat\u00f3ria no norte da Ilha do Bazaruto &nbsp; 2015 &nbsp; O apoio vitaminado da Sumol + Compal \u00e0 SIM! 5 de Dezembro \u2013 Dia Internacional do Volunt\u00e1rio Lispolis apoia a ONG SIM Prova... Continue Reading &rarr;","og_url":"https:\/\/www.ongsim.org\/index.php\/2012-2016\/","og_site_name":"Solidariedade Internacional a Mo\u00e7ambique","article_publisher":"https:\/\/www.facebook.com\/ONG.SIM.MOCAMBIQUE\/?ref=ts","article_modified_time":"2019-11-28T20:02:22+00:00","twitter_card":"summary_large_image","twitter_misc":{"Tempo estimado de leitura":"2 minutos"},"schema":{"@context":"https:\/\/schema.org","@graph":[{"@type":"WebPage","@id":"https:\/\/www.ongsim.org\/index.php\/2012-2016\/","url":"https:\/\/www.ongsim.org\/index.php\/2012-2016\/","name":"Arquivo de not\u00edcias - Solidariedade Internacional a Mo\u00e7ambique","isPartOf":{"@id":"https:\/\/www.ongsim.org\/#website"},"datePublished":"2019-10-16T21:07:05+00:00","dateModified":"2019-11-28T20:02:22+00:00","breadcrumb":{"@id":"https:\/\/www.ongsim.org\/index.php\/2012-2016\/#breadcrumb"},"inLanguage":"pt-PT","potentialAction":[{"@type":"ReadAction","target":["https:\/\/www.ongsim.org\/index.php\/2012-2016\/"]}]},{"@type":"BreadcrumbList","@id":"https:\/\/www.ongsim.org\/index.php\/2012-2016\/#breadcrumb","itemListElement":[{"@type":"ListItem","position":1,"name":"In\u00edcio","item":"https:\/\/www.ongsim.org\/"},{"@type":"ListItem","position":2,"name":"Arquivo de not\u00edcias"}]},{"@type":"WebSite","@id":"https:\/\/www.ongsim.org\/#website","url":"https:\/\/www.ongsim.org\/","name":"Solidariedade Internacional a Mo\u00e7ambique","description":"Solidariedade Internacional a Mo\u00e7ambique","publisher":{"@id":"https:\/\/www.ongsim.org\/#organization"},"potentialAction":[{"@type":"SearchAction","target":{"@type":"EntryPoint","urlTemplate":"https:\/\/www.ongsim.org\/?s={search_term_string}"},"query-input":{"@type":"PropertyValueSpecification","valueRequired":true,"valueName":"search_term_string"}}],"inLanguage":"pt-PT"},{"@type":"Organization","@id":"https:\/\/www.ongsim.org\/#organization","name":"Solidariedade Internacional a Mo\u00e7ambique","url":"https:\/\/www.ongsim.org\/","logo":{"@type":"ImageObject","inLanguage":"pt-PT","@id":"https:\/\/www.ongsim.org\/#\/schema\/logo\/image\/","url":"http:\/\/ongsim.org\/wp-content\/uploads\/2020\/03\/logo-sim-2_branco_site.png","contentUrl":"http:\/\/ongsim.org\/wp-content\/uploads\/2020\/03\/logo-sim-2_branco_site.png","width":300,"height":300,"caption":"Solidariedade Internacional a Mo\u00e7ambique"},"image":{"@id":"https:\/\/www.ongsim.org\/#\/schema\/logo\/image\/"},"sameAs":["https:\/\/www.facebook.com\/ONG.SIM.MOCAMBIQUE\/?ref=ts","https:\/\/www.instagram.com\/sim.mocambique\/","https:\/\/www.youtube.com\/channel\/UCcLb9BZr3RC9gZ57W-0eebA"]}]}},"jetpack_sharing_enabled":true,"_links":{"self":[{"href":"\/index.php\/wp-json\/wp\/v2\/pages\/6510","targetHints":{"allow":["GET"]}}],"collection":[{"href":"\/index.php\/wp-json\/wp\/v2\/pages"}],"about":[{"href":"\/index.php\/wp-json\/wp\/v2\/types\/page"}],"author":[{"embeddable":true,"href":"\/index.php\/wp-json\/wp\/v2\/users\/1"}],"replies":[{"embeddable":true,"href":"\/index.php\/wp-json\/wp\/v2\/comments?post=6510"}],"version-history":[{"count":15,"href":"\/index.php\/wp-json\/wp\/v2\/pages\/6510\/revisions"}],"predecessor-version":[{"id":9141,"href":"\/index.php\/wp-json\/wp\/v2\/pages\/6510\/revisions\/9141"}],"wp:attachment":[{"href":"\/index.php\/wp-json\/wp\/v2\/media?parent=6510"}],"curies":[{"name":"wp","href":"https:\/\/api.w.org\/{rel}","templated":true}]}}