{"id":527,"date":"2019-09-27T15:43:59","date_gmt":"2019-09-27T15:43:59","guid":{"rendered":"http:\/\/172.17.194.93\/wordpress\/?page_id=527"},"modified":"2019-09-27T15:43:59","modified_gmt":"2019-09-27T15:43:59","slug":"o-apoio-vitaminado-da-sumol-compal-a-sim","status":"publish","type":"page","link":"\/index.php\/o-apoio-vitaminado-da-sumol-compal-a-sim\/","title":{"rendered":"O apoio vitaminado da Sumol + Compal \u00e0 SIM!"},"content":{"rendered":"\n<figure class=\"wp-block-image\"><img decoding=\"async\" src=\"https:\/site\/upload\/files\/2015_missao08_compal2_red.jpg\" alt=\"\"\/><\/figure>\n\n\n\n<figure class=\"wp-block-image\"><img decoding=\"async\" src=\"https:\/site\/upload\/files\/2015_missao08_compal3red.jpg\" alt=\"\"\/><\/figure>\n\n\n\n<p>Desde 2013 que a ONG SIM conta com a generosidade da Sumol + Compal. \nTodos os anos, duas vezes por ano, s\u00e3o oferecidos sumos GUD \u00e0s miss\u00f5es \nda SIM, que fazem as del\u00edcias das crian\u00e7as que acompanhamos na \ncomunidade do norte da Ilha do Bazaruto.<\/p>\n\n\n\n<p>H\u00e1 pequenos gestos que valem muito, e a alegria que podemos ver nestas crian\u00e7as, ao receber este saboroso pacotinho, vale tanto!<\/p>\n\n\n\n<p>O nosso muito obrigado \u00e0 Sumol + Compal por tornar estes momentos poss\u00edveis!<\/p>\n\n\n\n<p>Tabonga Maningue!<\/p>\n","protected":false},"excerpt":{"rendered":"<p>Desde 2013 que a ONG SIM conta com a generosidade da Sumol + Compal. Todos os anos, duas vezes por ano, s\u00e3o oferecidos sumos GUD \u00e0s miss\u00f5es da SIM, que fazem as del\u00edcias das crian\u00e7as que acompanhamos na comunidade do norte da Ilha do Bazaruto. H\u00e1 pequenos gestos que valem muito, e a alegria que&#8230; <a class=\"more-link\" href=\"\/index.php\/o-apoio-vitaminado-da-sumol-compal-a-sim\/#more-527\">Continue Reading &rarr;<\/a><\/p>\n","protected":false},"author":1,"featured_media":0,"parent":0,"menu_order":0,"comment_status":"closed","ping_status":"closed","template":"","meta":{"ngg_post_thumbnail":0,"footnotes":""},"class_list":["post-527","page","type-page","status-publish","hentry","clear"],"yoast_head":"<!-- This site is optimized with the Yoast SEO plugin v27.2 - https:\/\/yoast.com\/product\/yoast-seo-wordpress\/ -->\n<title>O apoio vitaminado da Sumol + Compal \u00e0 SIM! - Solidariedade Internacional a Mo\u00e7ambique<\/title>\n<meta name=\"robots\" content=\"index, follow, max-snippet:-1, max-image-preview:large, max-video-preview:-1\" \/>\n<link rel=\"canonical\" href=\"\/index.php\/o-apoio-vitaminado-da-sumol-compal-a-sim\/\" \/>\n<meta property=\"og:locale\" content=\"pt_PT\" \/>\n<meta property=\"og:type\" content=\"article\" \/>\n<meta property=\"og:title\" content=\"O apoio vitaminado da Sumol + Compal \u00e0 SIM! - Solidariedade Internacional a Mo\u00e7ambique\" \/>\n<meta property=\"og:description\" content=\"Desde 2013 que a ONG SIM conta com a generosidade da Sumol + Compal. Todos os anos, duas vezes por ano, s\u00e3o oferecidos sumos GUD \u00e0s miss\u00f5es da SIM, que fazem as del\u00edcias das crian\u00e7as que acompanhamos na comunidade do norte da Ilha do Bazaruto. H\u00e1 pequenos gestos que valem muito, e a alegria que... Continue Reading &rarr;\" \/>\n<meta property=\"og:url\" content=\"\/index.php\/o-apoio-vitaminado-da-sumol-compal-a-sim\/\" \/>\n<meta property=\"og:site_name\" content=\"Solidariedade Internacional a Mo\u00e7ambique\" \/>\n<meta property=\"article:publisher\" content=\"https:\/\/www.facebook.com\/ONG.SIM.MOCAMBIQUE\/?ref=ts\" \/>\n<meta name=\"twitter:card\" content=\"summary_large_image\" \/>\n<script type=\"application\/ld+json\" class=\"yoast-schema-graph\">{\"@context\":\"https:\/\/schema.org\",\"@graph\":[{\"@type\":\"WebPage\",\"@id\":\"\/index.php\/o-apoio-vitaminado-da-sumol-compal-a-sim\/\",\"url\":\"\/index.php\/o-apoio-vitaminado-da-sumol-compal-a-sim\/\",\"name\":\"O apoio vitaminado da Sumol + Compal \u00e0 SIM! - Solidariedade Internacional a Mo\u00e7ambique\",\"isPartOf\":{\"@id\":\"https:\/\/www.ongsim.org\/#website\"},\"datePublished\":\"2019-09-27T15:43:59+00:00\",\"breadcrumb\":{\"@id\":\"\/index.php\/o-apoio-vitaminado-da-sumol-compal-a-sim\/#breadcrumb\"},\"inLanguage\":\"pt-PT\",\"potentialAction\":[{\"@type\":\"ReadAction\",\"target\":[\"\/index.php\/o-apoio-vitaminado-da-sumol-compal-a-sim\/\"]}]},{\"@type\":\"BreadcrumbList\",\"@id\":\"\/index.php\/o-apoio-vitaminado-da-sumol-compal-a-sim\/#breadcrumb\",\"itemListElement\":[{\"@type\":\"ListItem\",\"position\":1,\"name\":\"In\u00edcio\",\"item\":\"https:\/\/www.ongsim.org\/\"},{\"@type\":\"ListItem\",\"position\":2,\"name\":\"O apoio vitaminado da Sumol + Compal \u00e0 SIM!\"}]},{\"@type\":\"WebSite\",\"@id\":\"https:\/\/www.ongsim.org\/#website\",\"url\":\"https:\/\/www.ongsim.org\/\",\"name\":\"Solidariedade Internacional a Mo\u00e7ambique\",\"description\":\"Solidariedade Internacional a Mo\u00e7ambique\",\"publisher\":{\"@id\":\"https:\/\/www.ongsim.org\/#organization\"},\"potentialAction\":[{\"@type\":\"SearchAction\",\"target\":{\"@type\":\"EntryPoint\",\"urlTemplate\":\"https:\/\/www.ongsim.org\/?s={search_term_string}\"},\"query-input\":{\"@type\":\"PropertyValueSpecification\",\"valueRequired\":true,\"valueName\":\"search_term_string\"}}],\"inLanguage\":\"pt-PT\"},{\"@type\":\"Organization\",\"@id\":\"https:\/\/www.ongsim.org\/#organization\",\"name\":\"Solidariedade Internacional a Mo\u00e7ambique\",\"url\":\"https:\/\/www.ongsim.org\/\",\"logo\":{\"@type\":\"ImageObject\",\"inLanguage\":\"pt-PT\",\"@id\":\"https:\/\/www.ongsim.org\/#\/schema\/logo\/image\/\",\"url\":\"http:\/\/ongsim.org\/wp-content\/uploads\/2020\/03\/logo-sim-2_branco_site.png\",\"contentUrl\":\"http:\/\/ongsim.org\/wp-content\/uploads\/2020\/03\/logo-sim-2_branco_site.png\",\"width\":300,\"height\":300,\"caption\":\"Solidariedade Internacional a Mo\u00e7ambique\"},\"image\":{\"@id\":\"https:\/\/www.ongsim.org\/#\/schema\/logo\/image\/\"},\"sameAs\":[\"https:\/\/www.facebook.com\/ONG.SIM.MOCAMBIQUE\/?ref=ts\",\"https:\/\/www.instagram.com\/sim.mocambique\/\",\"https:\/\/www.youtube.com\/channel\/UCcLb9BZr3RC9gZ57W-0eebA\"]}]}<\/script>\n<!-- \/ Yoast SEO plugin. -->","yoast_head_json":{"title":"O apoio vitaminado da Sumol + Compal \u00e0 SIM! - Solidariedade Internacional a Mo\u00e7ambique","robots":{"index":"index","follow":"follow","max-snippet":"max-snippet:-1","max-image-preview":"max-image-preview:large","max-video-preview":"max-video-preview:-1"},"canonical":"\/index.php\/o-apoio-vitaminado-da-sumol-compal-a-sim\/","og_locale":"pt_PT","og_type":"article","og_title":"O apoio vitaminado da Sumol + Compal \u00e0 SIM! - Solidariedade Internacional a Mo\u00e7ambique","og_description":"Desde 2013 que a ONG SIM conta com a generosidade da Sumol + Compal. Todos os anos, duas vezes por ano, s\u00e3o oferecidos sumos GUD \u00e0s miss\u00f5es da SIM, que fazem as del\u00edcias das crian\u00e7as que acompanhamos na comunidade do norte da Ilha do Bazaruto. H\u00e1 pequenos gestos que valem muito, e a alegria que... Continue Reading &rarr;","og_url":"\/index.php\/o-apoio-vitaminado-da-sumol-compal-a-sim\/","og_site_name":"Solidariedade Internacional a Mo\u00e7ambique","article_publisher":"https:\/\/www.facebook.com\/ONG.SIM.MOCAMBIQUE\/?ref=ts","twitter_card":"summary_large_image","schema":{"@context":"https:\/\/schema.org","@graph":[{"@type":"WebPage","@id":"\/index.php\/o-apoio-vitaminado-da-sumol-compal-a-sim\/","url":"\/index.php\/o-apoio-vitaminado-da-sumol-compal-a-sim\/","name":"O apoio vitaminado da Sumol + Compal \u00e0 SIM! - Solidariedade Internacional a Mo\u00e7ambique","isPartOf":{"@id":"https:\/\/www.ongsim.org\/#website"},"datePublished":"2019-09-27T15:43:59+00:00","breadcrumb":{"@id":"\/index.php\/o-apoio-vitaminado-da-sumol-compal-a-sim\/#breadcrumb"},"inLanguage":"pt-PT","potentialAction":[{"@type":"ReadAction","target":["\/index.php\/o-apoio-vitaminado-da-sumol-compal-a-sim\/"]}]},{"@type":"BreadcrumbList","@id":"\/index.php\/o-apoio-vitaminado-da-sumol-compal-a-sim\/#breadcrumb","itemListElement":[{"@type":"ListItem","position":1,"name":"In\u00edcio","item":"https:\/\/www.ongsim.org\/"},{"@type":"ListItem","position":2,"name":"O apoio vitaminado da Sumol + Compal \u00e0 SIM!"}]},{"@type":"WebSite","@id":"https:\/\/www.ongsim.org\/#website","url":"https:\/\/www.ongsim.org\/","name":"Solidariedade Internacional a Mo\u00e7ambique","description":"Solidariedade Internacional a Mo\u00e7ambique","publisher":{"@id":"https:\/\/www.ongsim.org\/#organization"},"potentialAction":[{"@type":"SearchAction","target":{"@type":"EntryPoint","urlTemplate":"https:\/\/www.ongsim.org\/?s={search_term_string}"},"query-input":{"@type":"PropertyValueSpecification","valueRequired":true,"valueName":"search_term_string"}}],"inLanguage":"pt-PT"},{"@type":"Organization","@id":"https:\/\/www.ongsim.org\/#organization","name":"Solidariedade Internacional a Mo\u00e7ambique","url":"https:\/\/www.ongsim.org\/","logo":{"@type":"ImageObject","inLanguage":"pt-PT","@id":"https:\/\/www.ongsim.org\/#\/schema\/logo\/image\/","url":"http:\/\/ongsim.org\/wp-content\/uploads\/2020\/03\/logo-sim-2_branco_site.png","contentUrl":"http:\/\/ongsim.org\/wp-content\/uploads\/2020\/03\/logo-sim-2_branco_site.png","width":300,"height":300,"caption":"Solidariedade Internacional a Mo\u00e7ambique"},"image":{"@id":"https:\/\/www.ongsim.org\/#\/schema\/logo\/image\/"},"sameAs":["https:\/\/www.facebook.com\/ONG.SIM.MOCAMBIQUE\/?ref=ts","https:\/\/www.instagram.com\/sim.mocambique\/","https:\/\/www.youtube.com\/channel\/UCcLb9BZr3RC9gZ57W-0eebA"]}]}},"jetpack_sharing_enabled":true,"_links":{"self":[{"href":"\/index.php\/wp-json\/wp\/v2\/pages\/527","targetHints":{"allow":["GET"]}}],"collection":[{"href":"\/index.php\/wp-json\/wp\/v2\/pages"}],"about":[{"href":"\/index.php\/wp-json\/wp\/v2\/types\/page"}],"author":[{"embeddable":true,"href":"\/index.php\/wp-json\/wp\/v2\/users\/1"}],"replies":[{"embeddable":true,"href":"\/index.php\/wp-json\/wp\/v2\/comments?post=527"}],"version-history":[{"count":1,"href":"\/index.php\/wp-json\/wp\/v2\/pages\/527\/revisions"}],"predecessor-version":[{"id":529,"href":"\/index.php\/wp-json\/wp\/v2\/pages\/527\/revisions\/529"}],"wp:attachment":[{"href":"\/index.php\/wp-json\/wp\/v2\/media?parent=527"}],"curies":[{"name":"wp","href":"https:\/\/api.w.org\/{rel}","templated":true}]}}