{"id":518,"date":"2019-09-27T15:42:00","date_gmt":"2019-09-27T15:42:00","guid":{"rendered":"http:\/\/172.17.194.93\/wordpress\/?page_id=518"},"modified":"2019-09-27T15:42:00","modified_gmt":"2019-09-27T15:42:00","slug":"prova-superada-para-o-bolseiro-artur","status":"publish","type":"page","link":"\/index.php\/prova-superada-para-o-bolseiro-artur\/","title":{"rendered":"Prova superada para o bolseiro Artur!"},"content":{"rendered":"\n<figure class=\"wp-block-image\"><img decoding=\"async\" src=\"https:\/site\/upload\/files\/2015_missao08_artur2.jpg\" alt=\"\"\/><\/figure>\n\n\n\n<figure class=\"wp-block-image\"><img decoding=\"async\" src=\"https:\/site\/upload\/files\/2015_missao08_artur1.jpg\" alt=\"\"\/><\/figure>\n\n\n\n<p>Na Miss\u00e3o Educa\u00e7\u00e3o Sa\u00fade e Ambiente 2015, pusemos o nosso bolseiro Artur \u00e0 prova!&nbsp;<\/p>\n\n\n\n<p>Artur \u00e9 aluno finalista da Escola Industrial e Comercial Estrela do Mar, no Inhassoro, na especialidade Bar e Mesa.<br>\nNesta prova, foi respons\u00e1vel por p\u00f4r a mesa e servir o almo\u00e7o.&nbsp;<br>\nFez o seu trabalho com grande distin\u00e7\u00e3o e recebeu da SIM a nota 18, que \npremeia o seu \u00f3ptimo trabalho e o motiva a aperfei\u00e7oar o seu percurso!&nbsp;<br>\nMuitos Parab\u00e9ns Artur!<\/p>\n","protected":false},"excerpt":{"rendered":"<p>Na Miss\u00e3o Educa\u00e7\u00e3o Sa\u00fade e Ambiente 2015, pusemos o nosso bolseiro Artur \u00e0 prova!&nbsp; Artur \u00e9 aluno finalista da Escola Industrial e Comercial Estrela do Mar, no Inhassoro, na especialidade Bar e Mesa. Nesta prova, foi respons\u00e1vel por p\u00f4r a mesa e servir o almo\u00e7o.&nbsp; Fez o seu trabalho com grande distin\u00e7\u00e3o e recebeu da&#8230; <a class=\"more-link\" href=\"\/index.php\/prova-superada-para-o-bolseiro-artur\/#more-518\">Continue Reading &rarr;<\/a><\/p>\n","protected":false},"author":1,"featured_media":0,"parent":0,"menu_order":0,"comment_status":"closed","ping_status":"closed","template":"","meta":{"ngg_post_thumbnail":0,"footnotes":""},"class_list":["post-518","page","type-page","status-publish","hentry","clear"],"yoast_head":"<!-- This site is optimized with the Yoast SEO plugin v27.2 - https:\/\/yoast.com\/product\/yoast-seo-wordpress\/ -->\n<title>Prova superada para o bolseiro Artur! - Solidariedade Internacional a Mo\u00e7ambique<\/title>\n<meta name=\"robots\" content=\"index, follow, max-snippet:-1, max-image-preview:large, max-video-preview:-1\" \/>\n<link rel=\"canonical\" href=\"\/index.php\/prova-superada-para-o-bolseiro-artur\/\" \/>\n<meta property=\"og:locale\" content=\"pt_PT\" \/>\n<meta property=\"og:type\" content=\"article\" \/>\n<meta property=\"og:title\" content=\"Prova superada para o bolseiro Artur! - Solidariedade Internacional a Mo\u00e7ambique\" \/>\n<meta property=\"og:description\" content=\"Na Miss\u00e3o Educa\u00e7\u00e3o Sa\u00fade e Ambiente 2015, pusemos o nosso bolseiro Artur \u00e0 prova!&nbsp; Artur \u00e9 aluno finalista da Escola Industrial e Comercial Estrela do Mar, no Inhassoro, na especialidade Bar e Mesa. Nesta prova, foi respons\u00e1vel por p\u00f4r a mesa e servir o almo\u00e7o.&nbsp; Fez o seu trabalho com grande distin\u00e7\u00e3o e recebeu da... Continue Reading &rarr;\" \/>\n<meta property=\"og:url\" content=\"\/index.php\/prova-superada-para-o-bolseiro-artur\/\" \/>\n<meta property=\"og:site_name\" content=\"Solidariedade Internacional a Mo\u00e7ambique\" \/>\n<meta property=\"article:publisher\" content=\"https:\/\/www.facebook.com\/ONG.SIM.MOCAMBIQUE\/?ref=ts\" \/>\n<meta name=\"twitter:card\" content=\"summary_large_image\" \/>\n<script type=\"application\/ld+json\" class=\"yoast-schema-graph\">{\"@context\":\"https:\/\/schema.org\",\"@graph\":[{\"@type\":\"WebPage\",\"@id\":\"\/index.php\/prova-superada-para-o-bolseiro-artur\/\",\"url\":\"\/index.php\/prova-superada-para-o-bolseiro-artur\/\",\"name\":\"Prova superada para o bolseiro Artur! - Solidariedade Internacional a Mo\u00e7ambique\",\"isPartOf\":{\"@id\":\"https:\/\/www.ongsim.org\/#website\"},\"datePublished\":\"2019-09-27T15:42:00+00:00\",\"breadcrumb\":{\"@id\":\"\/index.php\/prova-superada-para-o-bolseiro-artur\/#breadcrumb\"},\"inLanguage\":\"pt-PT\",\"potentialAction\":[{\"@type\":\"ReadAction\",\"target\":[\"\/index.php\/prova-superada-para-o-bolseiro-artur\/\"]}]},{\"@type\":\"BreadcrumbList\",\"@id\":\"\/index.php\/prova-superada-para-o-bolseiro-artur\/#breadcrumb\",\"itemListElement\":[{\"@type\":\"ListItem\",\"position\":1,\"name\":\"In\u00edcio\",\"item\":\"https:\/\/www.ongsim.org\/\"},{\"@type\":\"ListItem\",\"position\":2,\"name\":\"Prova superada para o bolseiro Artur!\"}]},{\"@type\":\"WebSite\",\"@id\":\"https:\/\/www.ongsim.org\/#website\",\"url\":\"https:\/\/www.ongsim.org\/\",\"name\":\"Solidariedade Internacional a Mo\u00e7ambique\",\"description\":\"Solidariedade Internacional a Mo\u00e7ambique\",\"publisher\":{\"@id\":\"https:\/\/www.ongsim.org\/#organization\"},\"potentialAction\":[{\"@type\":\"SearchAction\",\"target\":{\"@type\":\"EntryPoint\",\"urlTemplate\":\"https:\/\/www.ongsim.org\/?s={search_term_string}\"},\"query-input\":{\"@type\":\"PropertyValueSpecification\",\"valueRequired\":true,\"valueName\":\"search_term_string\"}}],\"inLanguage\":\"pt-PT\"},{\"@type\":\"Organization\",\"@id\":\"https:\/\/www.ongsim.org\/#organization\",\"name\":\"Solidariedade Internacional a Mo\u00e7ambique\",\"url\":\"https:\/\/www.ongsim.org\/\",\"logo\":{\"@type\":\"ImageObject\",\"inLanguage\":\"pt-PT\",\"@id\":\"https:\/\/www.ongsim.org\/#\/schema\/logo\/image\/\",\"url\":\"http:\/\/ongsim.org\/wp-content\/uploads\/2020\/03\/logo-sim-2_branco_site.png\",\"contentUrl\":\"http:\/\/ongsim.org\/wp-content\/uploads\/2020\/03\/logo-sim-2_branco_site.png\",\"width\":300,\"height\":300,\"caption\":\"Solidariedade Internacional a Mo\u00e7ambique\"},\"image\":{\"@id\":\"https:\/\/www.ongsim.org\/#\/schema\/logo\/image\/\"},\"sameAs\":[\"https:\/\/www.facebook.com\/ONG.SIM.MOCAMBIQUE\/?ref=ts\",\"https:\/\/www.instagram.com\/sim.mocambique\/\",\"https:\/\/www.youtube.com\/channel\/UCcLb9BZr3RC9gZ57W-0eebA\"]}]}<\/script>\n<!-- \/ Yoast SEO plugin. -->","yoast_head_json":{"title":"Prova superada para o bolseiro Artur! - Solidariedade Internacional a Mo\u00e7ambique","robots":{"index":"index","follow":"follow","max-snippet":"max-snippet:-1","max-image-preview":"max-image-preview:large","max-video-preview":"max-video-preview:-1"},"canonical":"\/index.php\/prova-superada-para-o-bolseiro-artur\/","og_locale":"pt_PT","og_type":"article","og_title":"Prova superada para o bolseiro Artur! - Solidariedade Internacional a Mo\u00e7ambique","og_description":"Na Miss\u00e3o Educa\u00e7\u00e3o Sa\u00fade e Ambiente 2015, pusemos o nosso bolseiro Artur \u00e0 prova!&nbsp; Artur \u00e9 aluno finalista da Escola Industrial e Comercial Estrela do Mar, no Inhassoro, na especialidade Bar e Mesa. Nesta prova, foi respons\u00e1vel por p\u00f4r a mesa e servir o almo\u00e7o.&nbsp; Fez o seu trabalho com grande distin\u00e7\u00e3o e recebeu da... Continue Reading &rarr;","og_url":"\/index.php\/prova-superada-para-o-bolseiro-artur\/","og_site_name":"Solidariedade Internacional a Mo\u00e7ambique","article_publisher":"https:\/\/www.facebook.com\/ONG.SIM.MOCAMBIQUE\/?ref=ts","twitter_card":"summary_large_image","schema":{"@context":"https:\/\/schema.org","@graph":[{"@type":"WebPage","@id":"\/index.php\/prova-superada-para-o-bolseiro-artur\/","url":"\/index.php\/prova-superada-para-o-bolseiro-artur\/","name":"Prova superada para o bolseiro Artur! - Solidariedade Internacional a Mo\u00e7ambique","isPartOf":{"@id":"https:\/\/www.ongsim.org\/#website"},"datePublished":"2019-09-27T15:42:00+00:00","breadcrumb":{"@id":"\/index.php\/prova-superada-para-o-bolseiro-artur\/#breadcrumb"},"inLanguage":"pt-PT","potentialAction":[{"@type":"ReadAction","target":["\/index.php\/prova-superada-para-o-bolseiro-artur\/"]}]},{"@type":"BreadcrumbList","@id":"\/index.php\/prova-superada-para-o-bolseiro-artur\/#breadcrumb","itemListElement":[{"@type":"ListItem","position":1,"name":"In\u00edcio","item":"https:\/\/www.ongsim.org\/"},{"@type":"ListItem","position":2,"name":"Prova superada para o bolseiro Artur!"}]},{"@type":"WebSite","@id":"https:\/\/www.ongsim.org\/#website","url":"https:\/\/www.ongsim.org\/","name":"Solidariedade Internacional a Mo\u00e7ambique","description":"Solidariedade Internacional a Mo\u00e7ambique","publisher":{"@id":"https:\/\/www.ongsim.org\/#organization"},"potentialAction":[{"@type":"SearchAction","target":{"@type":"EntryPoint","urlTemplate":"https:\/\/www.ongsim.org\/?s={search_term_string}"},"query-input":{"@type":"PropertyValueSpecification","valueRequired":true,"valueName":"search_term_string"}}],"inLanguage":"pt-PT"},{"@type":"Organization","@id":"https:\/\/www.ongsim.org\/#organization","name":"Solidariedade Internacional a Mo\u00e7ambique","url":"https:\/\/www.ongsim.org\/","logo":{"@type":"ImageObject","inLanguage":"pt-PT","@id":"https:\/\/www.ongsim.org\/#\/schema\/logo\/image\/","url":"http:\/\/ongsim.org\/wp-content\/uploads\/2020\/03\/logo-sim-2_branco_site.png","contentUrl":"http:\/\/ongsim.org\/wp-content\/uploads\/2020\/03\/logo-sim-2_branco_site.png","width":300,"height":300,"caption":"Solidariedade Internacional a Mo\u00e7ambique"},"image":{"@id":"https:\/\/www.ongsim.org\/#\/schema\/logo\/image\/"},"sameAs":["https:\/\/www.facebook.com\/ONG.SIM.MOCAMBIQUE\/?ref=ts","https:\/\/www.instagram.com\/sim.mocambique\/","https:\/\/www.youtube.com\/channel\/UCcLb9BZr3RC9gZ57W-0eebA"]}]}},"jetpack_sharing_enabled":true,"_links":{"self":[{"href":"\/index.php\/wp-json\/wp\/v2\/pages\/518","targetHints":{"allow":["GET"]}}],"collection":[{"href":"\/index.php\/wp-json\/wp\/v2\/pages"}],"about":[{"href":"\/index.php\/wp-json\/wp\/v2\/types\/page"}],"author":[{"embeddable":true,"href":"\/index.php\/wp-json\/wp\/v2\/users\/1"}],"replies":[{"embeddable":true,"href":"\/index.php\/wp-json\/wp\/v2\/comments?post=518"}],"version-history":[{"count":1,"href":"\/index.php\/wp-json\/wp\/v2\/pages\/518\/revisions"}],"predecessor-version":[{"id":520,"href":"\/index.php\/wp-json\/wp\/v2\/pages\/518\/revisions\/520"}],"wp:attachment":[{"href":"\/index.php\/wp-json\/wp\/v2\/media?parent=518"}],"curies":[{"name":"wp","href":"https:\/\/api.w.org\/{rel}","templated":true}]}}