{"id":513,"date":"2019-09-27T15:41:09","date_gmt":"2019-09-27T15:41:09","guid":{"rendered":"http:\/\/172.17.194.93\/wordpress\/?page_id=513"},"modified":"2020-06-09T19:10:55","modified_gmt":"2020-06-09T18:10:55","slug":"tartaruga-salva-por-bolseiros-da-sim-e-pescadores","status":"publish","type":"page","link":"\/index.php\/tartaruga-salva-por-bolseiros-da-sim-e-pescadores\/","title":{"rendered":"Tartaruga salva por Bolseiros da SIM e Pescadores"},"content":{"rendered":"\n<p>No dia 21 de Outubro de 2015, quando os pescadores do Inhassoro \npuxavam as suas redes, uma tartaruga apareceu emaranhada nos fios, sem \nse conseguir libertar. Os bolseiros da SIM apressaram-se a ajud\u00e1-los, \nnum trabalho minucioso e de paci\u00eancia, para conseguirem devolver a \ntartaruga ao mar. Parab\u00e9ns pelo fant\u00e1stico trabalho!<\/p>\n\n\n\n<p>&#8211; fotografias de Manecas Paulino Massuanguanhe, gestor do Lar SIM<\/p>\n\n\n\nngg_shortcode_0_placeholder\n","protected":false},"excerpt":{"rendered":"<p>No dia 21 de Outubro de 2015, quando os pescadores do Inhassoro puxavam as suas redes, uma tartaruga apareceu emaranhada nos fios, sem se conseguir libertar. Os bolseiros da SIM apressaram-se a ajud\u00e1-los, num trabalho minucioso e de paci\u00eancia, para conseguirem devolver a tartaruga ao mar. Parab\u00e9ns pelo fant\u00e1stico trabalho! &#8211; fotografias de Manecas Paulino&#8230; <a class=\"more-link\" href=\"\/index.php\/tartaruga-salva-por-bolseiros-da-sim-e-pescadores\/#more-513\">Continue Reading &rarr;<\/a><\/p>\n","protected":false},"author":1,"featured_media":0,"parent":0,"menu_order":0,"comment_status":"closed","ping_status":"closed","template":"","meta":{"ngg_post_thumbnail":0,"footnotes":""},"class_list":["post-513","page","type-page","status-publish","hentry","clear"],"yoast_head":"<!-- This site is optimized with the Yoast SEO plugin v27.2 - https:\/\/yoast.com\/product\/yoast-seo-wordpress\/ -->\n<title>Tartaruga salva por Bolseiros da SIM e Pescadores - Solidariedade Internacional a Mo\u00e7ambique<\/title>\n<meta name=\"robots\" content=\"index, follow, max-snippet:-1, max-image-preview:large, max-video-preview:-1\" \/>\n<link rel=\"canonical\" href=\"\/index.php\/tartaruga-salva-por-bolseiros-da-sim-e-pescadores\/\" \/>\n<meta property=\"og:locale\" content=\"pt_PT\" \/>\n<meta property=\"og:type\" content=\"article\" \/>\n<meta property=\"og:title\" content=\"Tartaruga salva por Bolseiros da SIM e Pescadores - Solidariedade Internacional a Mo\u00e7ambique\" \/>\n<meta property=\"og:description\" content=\"No dia 21 de Outubro de 2015, quando os pescadores do Inhassoro puxavam as suas redes, uma tartaruga apareceu emaranhada nos fios, sem se conseguir libertar. Os bolseiros da SIM apressaram-se a ajud\u00e1-los, num trabalho minucioso e de paci\u00eancia, para conseguirem devolver a tartaruga ao mar. Parab\u00e9ns pelo fant\u00e1stico trabalho! &#8211; fotografias de Manecas Paulino... Continue Reading &rarr;\" \/>\n<meta property=\"og:url\" content=\"\/index.php\/tartaruga-salva-por-bolseiros-da-sim-e-pescadores\/\" \/>\n<meta property=\"og:site_name\" content=\"Solidariedade Internacional a Mo\u00e7ambique\" \/>\n<meta property=\"article:publisher\" content=\"https:\/\/www.facebook.com\/ONG.SIM.MOCAMBIQUE\/?ref=ts\" \/>\n<meta property=\"article:modified_time\" content=\"2020-06-09T18:10:55+00:00\" \/>\n<meta name=\"twitter:card\" content=\"summary_large_image\" \/>\n<script type=\"application\/ld+json\" class=\"yoast-schema-graph\">{\"@context\":\"https:\/\/schema.org\",\"@graph\":[{\"@type\":\"WebPage\",\"@id\":\"\/index.php\/tartaruga-salva-por-bolseiros-da-sim-e-pescadores\/\",\"url\":\"\/index.php\/tartaruga-salva-por-bolseiros-da-sim-e-pescadores\/\",\"name\":\"Tartaruga salva por Bolseiros da SIM e Pescadores - Solidariedade Internacional a Mo\u00e7ambique\",\"isPartOf\":{\"@id\":\"https:\/\/www.ongsim.org\/#website\"},\"datePublished\":\"2019-09-27T15:41:09+00:00\",\"dateModified\":\"2020-06-09T18:10:55+00:00\",\"breadcrumb\":{\"@id\":\"\/index.php\/tartaruga-salva-por-bolseiros-da-sim-e-pescadores\/#breadcrumb\"},\"inLanguage\":\"pt-PT\",\"potentialAction\":[{\"@type\":\"ReadAction\",\"target\":[\"\/index.php\/tartaruga-salva-por-bolseiros-da-sim-e-pescadores\/\"]}]},{\"@type\":\"BreadcrumbList\",\"@id\":\"\/index.php\/tartaruga-salva-por-bolseiros-da-sim-e-pescadores\/#breadcrumb\",\"itemListElement\":[{\"@type\":\"ListItem\",\"position\":1,\"name\":\"In\u00edcio\",\"item\":\"https:\/\/www.ongsim.org\/\"},{\"@type\":\"ListItem\",\"position\":2,\"name\":\"Tartaruga salva por Bolseiros da SIM e Pescadores\"}]},{\"@type\":\"WebSite\",\"@id\":\"https:\/\/www.ongsim.org\/#website\",\"url\":\"https:\/\/www.ongsim.org\/\",\"name\":\"Solidariedade Internacional a Mo\u00e7ambique\",\"description\":\"Solidariedade Internacional a Mo\u00e7ambique\",\"publisher\":{\"@id\":\"https:\/\/www.ongsim.org\/#organization\"},\"potentialAction\":[{\"@type\":\"SearchAction\",\"target\":{\"@type\":\"EntryPoint\",\"urlTemplate\":\"https:\/\/www.ongsim.org\/?s={search_term_string}\"},\"query-input\":{\"@type\":\"PropertyValueSpecification\",\"valueRequired\":true,\"valueName\":\"search_term_string\"}}],\"inLanguage\":\"pt-PT\"},{\"@type\":\"Organization\",\"@id\":\"https:\/\/www.ongsim.org\/#organization\",\"name\":\"Solidariedade Internacional a Mo\u00e7ambique\",\"url\":\"https:\/\/www.ongsim.org\/\",\"logo\":{\"@type\":\"ImageObject\",\"inLanguage\":\"pt-PT\",\"@id\":\"https:\/\/www.ongsim.org\/#\/schema\/logo\/image\/\",\"url\":\"http:\/\/ongsim.org\/wp-content\/uploads\/2020\/03\/logo-sim-2_branco_site.png\",\"contentUrl\":\"http:\/\/ongsim.org\/wp-content\/uploads\/2020\/03\/logo-sim-2_branco_site.png\",\"width\":300,\"height\":300,\"caption\":\"Solidariedade Internacional a Mo\u00e7ambique\"},\"image\":{\"@id\":\"https:\/\/www.ongsim.org\/#\/schema\/logo\/image\/\"},\"sameAs\":[\"https:\/\/www.facebook.com\/ONG.SIM.MOCAMBIQUE\/?ref=ts\",\"https:\/\/www.instagram.com\/sim.mocambique\/\",\"https:\/\/www.youtube.com\/channel\/UCcLb9BZr3RC9gZ57W-0eebA\"]}]}<\/script>\n<!-- \/ Yoast SEO plugin. -->","yoast_head_json":{"title":"Tartaruga salva por Bolseiros da SIM e Pescadores - Solidariedade Internacional a Mo\u00e7ambique","robots":{"index":"index","follow":"follow","max-snippet":"max-snippet:-1","max-image-preview":"max-image-preview:large","max-video-preview":"max-video-preview:-1"},"canonical":"\/index.php\/tartaruga-salva-por-bolseiros-da-sim-e-pescadores\/","og_locale":"pt_PT","og_type":"article","og_title":"Tartaruga salva por Bolseiros da SIM e Pescadores - Solidariedade Internacional a Mo\u00e7ambique","og_description":"No dia 21 de Outubro de 2015, quando os pescadores do Inhassoro puxavam as suas redes, uma tartaruga apareceu emaranhada nos fios, sem se conseguir libertar. Os bolseiros da SIM apressaram-se a ajud\u00e1-los, num trabalho minucioso e de paci\u00eancia, para conseguirem devolver a tartaruga ao mar. Parab\u00e9ns pelo fant\u00e1stico trabalho! &#8211; fotografias de Manecas Paulino... Continue Reading &rarr;","og_url":"\/index.php\/tartaruga-salva-por-bolseiros-da-sim-e-pescadores\/","og_site_name":"Solidariedade Internacional a Mo\u00e7ambique","article_publisher":"https:\/\/www.facebook.com\/ONG.SIM.MOCAMBIQUE\/?ref=ts","article_modified_time":"2020-06-09T18:10:55+00:00","twitter_card":"summary_large_image","schema":{"@context":"https:\/\/schema.org","@graph":[{"@type":"WebPage","@id":"\/index.php\/tartaruga-salva-por-bolseiros-da-sim-e-pescadores\/","url":"\/index.php\/tartaruga-salva-por-bolseiros-da-sim-e-pescadores\/","name":"Tartaruga salva por Bolseiros da SIM e Pescadores - Solidariedade Internacional a Mo\u00e7ambique","isPartOf":{"@id":"https:\/\/www.ongsim.org\/#website"},"datePublished":"2019-09-27T15:41:09+00:00","dateModified":"2020-06-09T18:10:55+00:00","breadcrumb":{"@id":"\/index.php\/tartaruga-salva-por-bolseiros-da-sim-e-pescadores\/#breadcrumb"},"inLanguage":"pt-PT","potentialAction":[{"@type":"ReadAction","target":["\/index.php\/tartaruga-salva-por-bolseiros-da-sim-e-pescadores\/"]}]},{"@type":"BreadcrumbList","@id":"\/index.php\/tartaruga-salva-por-bolseiros-da-sim-e-pescadores\/#breadcrumb","itemListElement":[{"@type":"ListItem","position":1,"name":"In\u00edcio","item":"https:\/\/www.ongsim.org\/"},{"@type":"ListItem","position":2,"name":"Tartaruga salva por Bolseiros da SIM e Pescadores"}]},{"@type":"WebSite","@id":"https:\/\/www.ongsim.org\/#website","url":"https:\/\/www.ongsim.org\/","name":"Solidariedade Internacional a Mo\u00e7ambique","description":"Solidariedade Internacional a Mo\u00e7ambique","publisher":{"@id":"https:\/\/www.ongsim.org\/#organization"},"potentialAction":[{"@type":"SearchAction","target":{"@type":"EntryPoint","urlTemplate":"https:\/\/www.ongsim.org\/?s={search_term_string}"},"query-input":{"@type":"PropertyValueSpecification","valueRequired":true,"valueName":"search_term_string"}}],"inLanguage":"pt-PT"},{"@type":"Organization","@id":"https:\/\/www.ongsim.org\/#organization","name":"Solidariedade Internacional a Mo\u00e7ambique","url":"https:\/\/www.ongsim.org\/","logo":{"@type":"ImageObject","inLanguage":"pt-PT","@id":"https:\/\/www.ongsim.org\/#\/schema\/logo\/image\/","url":"http:\/\/ongsim.org\/wp-content\/uploads\/2020\/03\/logo-sim-2_branco_site.png","contentUrl":"http:\/\/ongsim.org\/wp-content\/uploads\/2020\/03\/logo-sim-2_branco_site.png","width":300,"height":300,"caption":"Solidariedade Internacional a Mo\u00e7ambique"},"image":{"@id":"https:\/\/www.ongsim.org\/#\/schema\/logo\/image\/"},"sameAs":["https:\/\/www.facebook.com\/ONG.SIM.MOCAMBIQUE\/?ref=ts","https:\/\/www.instagram.com\/sim.mocambique\/","https:\/\/www.youtube.com\/channel\/UCcLb9BZr3RC9gZ57W-0eebA"]}]}},"jetpack_sharing_enabled":true,"_links":{"self":[{"href":"\/index.php\/wp-json\/wp\/v2\/pages\/513","targetHints":{"allow":["GET"]}}],"collection":[{"href":"\/index.php\/wp-json\/wp\/v2\/pages"}],"about":[{"href":"\/index.php\/wp-json\/wp\/v2\/types\/page"}],"author":[{"embeddable":true,"href":"\/index.php\/wp-json\/wp\/v2\/users\/1"}],"replies":[{"embeddable":true,"href":"\/index.php\/wp-json\/wp\/v2\/comments?post=513"}],"version-history":[{"count":3,"href":"\/index.php\/wp-json\/wp\/v2\/pages\/513\/revisions"}],"predecessor-version":[{"id":9928,"href":"\/index.php\/wp-json\/wp\/v2\/pages\/513\/revisions\/9928"}],"wp:attachment":[{"href":"\/index.php\/wp-json\/wp\/v2\/media?parent=513"}],"curies":[{"name":"wp","href":"https:\/\/api.w.org\/{rel}","templated":true}]}}