{"id":510,"date":"2019-09-27T15:40:05","date_gmt":"2019-09-27T15:40:05","guid":{"rendered":"http:\/\/172.17.194.93\/wordpress\/?page_id=510"},"modified":"2019-09-27T15:40:05","modified_gmt":"2019-09-27T15:40:05","slug":"a-ong-sim-abraca-uma-nova-causa","status":"publish","type":"page","link":"\/index.php\/a-ong-sim-abraca-uma-nova-causa\/","title":{"rendered":"A ONG SIM abra\u00e7a uma nova causa"},"content":{"rendered":"\n<p>A\n sensibiliza\u00e7\u00e3o dos Bolseiros do Lar SIM e de toda a comunidade \nenvolvente para o dever e a responsabilidade de todos em cuidar e \nacarinhar os animais, como seres vivos sens\u00edveis que s\u00e3o.&nbsp;<\/p>\n\n\n\n<p>O\n Malandro tinha medo de se aproximar de pessoas. Hoje, sente-se \nprotegido, n\u00e3o quer deixar o Lar SIM! Tornou-se um amigo. O Malandro e a\n Deixa tiveram os seus filhotes no terreno do lar, e \u00e9 tarefa de todos \nos bolseiros olhar por eles e assegurarem-se que t\u00eam uma oportunidade de crescer e viver num ambiente que os reconhece e respeita.<\/p>\n\n\n\n<figure class=\"wp-block-image\"><img decoding=\"async\" src=\"https:\/site\/upload\/image\/2015%20missao08%20caomalandro.JPG\" alt=\"\"\/><\/figure>\n\n\n\n<figure class=\"wp-block-image\"><img decoding=\"async\" src=\"https:\/site\/upload\/image\/2015%20missao08%20cadela1.jpg\" alt=\"\"\/><\/figure>\n\n\n\n<figure class=\"wp-block-image\"><img decoding=\"async\" src=\"https:\/site\/upload\/image\/2015%20canitosmanecas.jpg\" alt=\"\"\/><\/figure>\n\n\n\n<figure class=\"wp-block-image\"><img decoding=\"async\" src=\"https:\/site\/upload\/image\/2015%20missao08%20cadela5.jpg\" alt=\"\"\/><\/figure>\n","protected":false},"excerpt":{"rendered":"<p>A sensibiliza\u00e7\u00e3o dos Bolseiros do Lar SIM e de toda a comunidade envolvente para o dever e a responsabilidade de todos em cuidar e acarinhar os animais, como seres vivos sens\u00edveis que s\u00e3o.&nbsp; O Malandro tinha medo de se aproximar de pessoas. Hoje, sente-se protegido, n\u00e3o quer deixar o Lar SIM! Tornou-se um amigo. O&#8230; <a class=\"more-link\" href=\"\/index.php\/a-ong-sim-abraca-uma-nova-causa\/#more-510\">Continue Reading &rarr;<\/a><\/p>\n","protected":false},"author":1,"featured_media":0,"parent":0,"menu_order":0,"comment_status":"closed","ping_status":"closed","template":"","meta":{"ngg_post_thumbnail":0,"footnotes":""},"class_list":["post-510","page","type-page","status-publish","hentry","clear"],"yoast_head":"<!-- This site is optimized with the Yoast SEO plugin v27.2 - https:\/\/yoast.com\/product\/yoast-seo-wordpress\/ -->\n<title>A ONG SIM abra\u00e7a uma nova causa - Solidariedade Internacional a Mo\u00e7ambique<\/title>\n<meta name=\"robots\" content=\"index, follow, max-snippet:-1, max-image-preview:large, max-video-preview:-1\" \/>\n<link rel=\"canonical\" href=\"\/index.php\/a-ong-sim-abraca-uma-nova-causa\/\" \/>\n<meta property=\"og:locale\" content=\"pt_PT\" \/>\n<meta property=\"og:type\" content=\"article\" \/>\n<meta property=\"og:title\" content=\"A ONG SIM abra\u00e7a uma nova causa - Solidariedade Internacional a Mo\u00e7ambique\" \/>\n<meta property=\"og:description\" content=\"A sensibiliza\u00e7\u00e3o dos Bolseiros do Lar SIM e de toda a comunidade envolvente para o dever e a responsabilidade de todos em cuidar e acarinhar os animais, como seres vivos sens\u00edveis que s\u00e3o.&nbsp; O Malandro tinha medo de se aproximar de pessoas. Hoje, sente-se protegido, n\u00e3o quer deixar o Lar SIM! Tornou-se um amigo. O... Continue Reading &rarr;\" \/>\n<meta property=\"og:url\" content=\"\/index.php\/a-ong-sim-abraca-uma-nova-causa\/\" \/>\n<meta property=\"og:site_name\" content=\"Solidariedade Internacional a Mo\u00e7ambique\" \/>\n<meta property=\"article:publisher\" content=\"https:\/\/www.facebook.com\/ONG.SIM.MOCAMBIQUE\/?ref=ts\" \/>\n<meta name=\"twitter:card\" content=\"summary_large_image\" \/>\n<script type=\"application\/ld+json\" class=\"yoast-schema-graph\">{\"@context\":\"https:\/\/schema.org\",\"@graph\":[{\"@type\":\"WebPage\",\"@id\":\"\/index.php\/a-ong-sim-abraca-uma-nova-causa\/\",\"url\":\"\/index.php\/a-ong-sim-abraca-uma-nova-causa\/\",\"name\":\"A ONG SIM abra\u00e7a uma nova causa - Solidariedade Internacional a Mo\u00e7ambique\",\"isPartOf\":{\"@id\":\"https:\/\/www.ongsim.org\/#website\"},\"datePublished\":\"2019-09-27T15:40:05+00:00\",\"breadcrumb\":{\"@id\":\"\/index.php\/a-ong-sim-abraca-uma-nova-causa\/#breadcrumb\"},\"inLanguage\":\"pt-PT\",\"potentialAction\":[{\"@type\":\"ReadAction\",\"target\":[\"\/index.php\/a-ong-sim-abraca-uma-nova-causa\/\"]}]},{\"@type\":\"BreadcrumbList\",\"@id\":\"\/index.php\/a-ong-sim-abraca-uma-nova-causa\/#breadcrumb\",\"itemListElement\":[{\"@type\":\"ListItem\",\"position\":1,\"name\":\"In\u00edcio\",\"item\":\"https:\/\/www.ongsim.org\/\"},{\"@type\":\"ListItem\",\"position\":2,\"name\":\"A ONG SIM abra\u00e7a uma nova causa\"}]},{\"@type\":\"WebSite\",\"@id\":\"https:\/\/www.ongsim.org\/#website\",\"url\":\"https:\/\/www.ongsim.org\/\",\"name\":\"Solidariedade Internacional a Mo\u00e7ambique\",\"description\":\"Solidariedade Internacional a Mo\u00e7ambique\",\"publisher\":{\"@id\":\"https:\/\/www.ongsim.org\/#organization\"},\"potentialAction\":[{\"@type\":\"SearchAction\",\"target\":{\"@type\":\"EntryPoint\",\"urlTemplate\":\"https:\/\/www.ongsim.org\/?s={search_term_string}\"},\"query-input\":{\"@type\":\"PropertyValueSpecification\",\"valueRequired\":true,\"valueName\":\"search_term_string\"}}],\"inLanguage\":\"pt-PT\"},{\"@type\":\"Organization\",\"@id\":\"https:\/\/www.ongsim.org\/#organization\",\"name\":\"Solidariedade Internacional a Mo\u00e7ambique\",\"url\":\"https:\/\/www.ongsim.org\/\",\"logo\":{\"@type\":\"ImageObject\",\"inLanguage\":\"pt-PT\",\"@id\":\"https:\/\/www.ongsim.org\/#\/schema\/logo\/image\/\",\"url\":\"http:\/\/ongsim.org\/wp-content\/uploads\/2020\/03\/logo-sim-2_branco_site.png\",\"contentUrl\":\"http:\/\/ongsim.org\/wp-content\/uploads\/2020\/03\/logo-sim-2_branco_site.png\",\"width\":300,\"height\":300,\"caption\":\"Solidariedade Internacional a Mo\u00e7ambique\"},\"image\":{\"@id\":\"https:\/\/www.ongsim.org\/#\/schema\/logo\/image\/\"},\"sameAs\":[\"https:\/\/www.facebook.com\/ONG.SIM.MOCAMBIQUE\/?ref=ts\",\"https:\/\/www.instagram.com\/sim.mocambique\/\",\"https:\/\/www.youtube.com\/channel\/UCcLb9BZr3RC9gZ57W-0eebA\"]}]}<\/script>\n<!-- \/ Yoast SEO plugin. -->","yoast_head_json":{"title":"A ONG SIM abra\u00e7a uma nova causa - Solidariedade Internacional a Mo\u00e7ambique","robots":{"index":"index","follow":"follow","max-snippet":"max-snippet:-1","max-image-preview":"max-image-preview:large","max-video-preview":"max-video-preview:-1"},"canonical":"\/index.php\/a-ong-sim-abraca-uma-nova-causa\/","og_locale":"pt_PT","og_type":"article","og_title":"A ONG SIM abra\u00e7a uma nova causa - Solidariedade Internacional a Mo\u00e7ambique","og_description":"A sensibiliza\u00e7\u00e3o dos Bolseiros do Lar SIM e de toda a comunidade envolvente para o dever e a responsabilidade de todos em cuidar e acarinhar os animais, como seres vivos sens\u00edveis que s\u00e3o.&nbsp; O Malandro tinha medo de se aproximar de pessoas. Hoje, sente-se protegido, n\u00e3o quer deixar o Lar SIM! Tornou-se um amigo. O... Continue Reading &rarr;","og_url":"\/index.php\/a-ong-sim-abraca-uma-nova-causa\/","og_site_name":"Solidariedade Internacional a Mo\u00e7ambique","article_publisher":"https:\/\/www.facebook.com\/ONG.SIM.MOCAMBIQUE\/?ref=ts","twitter_card":"summary_large_image","schema":{"@context":"https:\/\/schema.org","@graph":[{"@type":"WebPage","@id":"\/index.php\/a-ong-sim-abraca-uma-nova-causa\/","url":"\/index.php\/a-ong-sim-abraca-uma-nova-causa\/","name":"A ONG SIM abra\u00e7a uma nova causa - Solidariedade Internacional a Mo\u00e7ambique","isPartOf":{"@id":"https:\/\/www.ongsim.org\/#website"},"datePublished":"2019-09-27T15:40:05+00:00","breadcrumb":{"@id":"\/index.php\/a-ong-sim-abraca-uma-nova-causa\/#breadcrumb"},"inLanguage":"pt-PT","potentialAction":[{"@type":"ReadAction","target":["\/index.php\/a-ong-sim-abraca-uma-nova-causa\/"]}]},{"@type":"BreadcrumbList","@id":"\/index.php\/a-ong-sim-abraca-uma-nova-causa\/#breadcrumb","itemListElement":[{"@type":"ListItem","position":1,"name":"In\u00edcio","item":"https:\/\/www.ongsim.org\/"},{"@type":"ListItem","position":2,"name":"A ONG SIM abra\u00e7a uma nova causa"}]},{"@type":"WebSite","@id":"https:\/\/www.ongsim.org\/#website","url":"https:\/\/www.ongsim.org\/","name":"Solidariedade Internacional a Mo\u00e7ambique","description":"Solidariedade Internacional a Mo\u00e7ambique","publisher":{"@id":"https:\/\/www.ongsim.org\/#organization"},"potentialAction":[{"@type":"SearchAction","target":{"@type":"EntryPoint","urlTemplate":"https:\/\/www.ongsim.org\/?s={search_term_string}"},"query-input":{"@type":"PropertyValueSpecification","valueRequired":true,"valueName":"search_term_string"}}],"inLanguage":"pt-PT"},{"@type":"Organization","@id":"https:\/\/www.ongsim.org\/#organization","name":"Solidariedade Internacional a Mo\u00e7ambique","url":"https:\/\/www.ongsim.org\/","logo":{"@type":"ImageObject","inLanguage":"pt-PT","@id":"https:\/\/www.ongsim.org\/#\/schema\/logo\/image\/","url":"http:\/\/ongsim.org\/wp-content\/uploads\/2020\/03\/logo-sim-2_branco_site.png","contentUrl":"http:\/\/ongsim.org\/wp-content\/uploads\/2020\/03\/logo-sim-2_branco_site.png","width":300,"height":300,"caption":"Solidariedade Internacional a Mo\u00e7ambique"},"image":{"@id":"https:\/\/www.ongsim.org\/#\/schema\/logo\/image\/"},"sameAs":["https:\/\/www.facebook.com\/ONG.SIM.MOCAMBIQUE\/?ref=ts","https:\/\/www.instagram.com\/sim.mocambique\/","https:\/\/www.youtube.com\/channel\/UCcLb9BZr3RC9gZ57W-0eebA"]}]}},"jetpack_sharing_enabled":true,"_links":{"self":[{"href":"\/index.php\/wp-json\/wp\/v2\/pages\/510","targetHints":{"allow":["GET"]}}],"collection":[{"href":"\/index.php\/wp-json\/wp\/v2\/pages"}],"about":[{"href":"\/index.php\/wp-json\/wp\/v2\/types\/page"}],"author":[{"embeddable":true,"href":"\/index.php\/wp-json\/wp\/v2\/users\/1"}],"replies":[{"embeddable":true,"href":"\/index.php\/wp-json\/wp\/v2\/comments?post=510"}],"version-history":[{"count":1,"href":"\/index.php\/wp-json\/wp\/v2\/pages\/510\/revisions"}],"predecessor-version":[{"id":512,"href":"\/index.php\/wp-json\/wp\/v2\/pages\/510\/revisions\/512"}],"wp:attachment":[{"href":"\/index.php\/wp-json\/wp\/v2\/media?parent=510"}],"curies":[{"name":"wp","href":"https:\/\/api.w.org\/{rel}","templated":true}]}}