{"id":506,"date":"2019-09-27T15:39:20","date_gmt":"2019-09-27T15:39:20","guid":{"rendered":"http:\/\/172.17.194.93\/wordpress\/?page_id=506"},"modified":"2019-09-27T15:39:20","modified_gmt":"2019-09-27T15:39:20","slug":"encontro-com-o-responsavel-pelo-sector-dos-assuntos-da-mulher-e-accao-social-no-inhassoro","status":"publish","type":"page","link":"\/index.php\/encontro-com-o-responsavel-pelo-sector-dos-assuntos-da-mulher-e-accao-social-no-inhassoro\/","title":{"rendered":"Encontro com o Respons\u00e1vel pelo Sector dos Assuntos da Mulher e Ac\u00e7\u00e3o Social no Inhassoro"},"content":{"rendered":"\n<p>Na\n miss\u00e3o Educa\u00e7\u00e3o, Sa\u00fade e Ambiente 2015, a SIM ofereceu ao jovem Ant\u00f3nio\n Manga uma cadeira de rodas. A presidir \u00e0 cerim\u00f3nia de entrega esteve o \nSr. Pedro J\u00falio Chauque, Respons\u00e1vel pelo Sector dos Assuntos da Mulher e\n Ac\u00e7\u00e3o Social no Inhassoro.\nA\n sua presen\u00e7a no Lar SIM, que muito nos honrou, foi uma grande \noportunidade para os nossos bolseiros e bolseiras debaterem temas de \nrelev\u00e2ncia social para as mulheres da ilha e seus desafios de vida, bem \ncomo serem sensibilizados para a problem\u00e1tica da gravidez prematura na \nvida da mulher e o seu impacte na sociedade mo\u00e7ambicana actual.\n&nbsp;\n<\/p>\n\n\n\n<figure class=\"wp-block-image\"><img decoding=\"async\" src=\"https:\/site\/upload\/2015 MISSAO08_srchauque4.jpg\" alt=\"\"\/><\/figure>\n\n\n\n<figure class=\"wp-block-image\"><img decoding=\"async\" src=\"https:\/site\/upload\/2015 MISSAO08_srchauque2.jpg\" alt=\"\"\/><\/figure>\n","protected":false},"excerpt":{"rendered":"<p>Na miss\u00e3o Educa\u00e7\u00e3o, Sa\u00fade e Ambiente 2015, a SIM ofereceu ao jovem Ant\u00f3nio Manga uma cadeira de rodas. A presidir \u00e0 cerim\u00f3nia de entrega esteve o Sr. Pedro J\u00falio Chauque, Respons\u00e1vel pelo Sector dos Assuntos da Mulher e Ac\u00e7\u00e3o Social no Inhassoro. A sua presen\u00e7a no Lar SIM, que muito nos honrou, foi uma grande&#8230; <a class=\"more-link\" href=\"\/index.php\/encontro-com-o-responsavel-pelo-sector-dos-assuntos-da-mulher-e-accao-social-no-inhassoro\/#more-506\">Continue Reading &rarr;<\/a><\/p>\n","protected":false},"author":1,"featured_media":0,"parent":0,"menu_order":0,"comment_status":"closed","ping_status":"closed","template":"","meta":{"ngg_post_thumbnail":0,"footnotes":""},"class_list":["post-506","page","type-page","status-publish","hentry","clear"],"yoast_head":"<!-- This site is optimized with the Yoast SEO plugin v27.2 - https:\/\/yoast.com\/product\/yoast-seo-wordpress\/ -->\n<title>Encontro com o Respons\u00e1vel pelo Sector dos Assuntos da Mulher e Ac\u00e7\u00e3o Social no Inhassoro - Solidariedade Internacional a Mo\u00e7ambique<\/title>\n<meta name=\"robots\" content=\"index, follow, max-snippet:-1, max-image-preview:large, max-video-preview:-1\" \/>\n<link rel=\"canonical\" href=\"\/index.php\/encontro-com-o-responsavel-pelo-sector-dos-assuntos-da-mulher-e-accao-social-no-inhassoro\/\" \/>\n<meta property=\"og:locale\" content=\"pt_PT\" \/>\n<meta property=\"og:type\" content=\"article\" \/>\n<meta property=\"og:title\" content=\"Encontro com o Respons\u00e1vel pelo Sector dos Assuntos da Mulher e Ac\u00e7\u00e3o Social no Inhassoro - Solidariedade Internacional a Mo\u00e7ambique\" \/>\n<meta property=\"og:description\" content=\"Na miss\u00e3o Educa\u00e7\u00e3o, Sa\u00fade e Ambiente 2015, a SIM ofereceu ao jovem Ant\u00f3nio Manga uma cadeira de rodas. A presidir \u00e0 cerim\u00f3nia de entrega esteve o Sr. Pedro J\u00falio Chauque, Respons\u00e1vel pelo Sector dos Assuntos da Mulher e Ac\u00e7\u00e3o Social no Inhassoro. A sua presen\u00e7a no Lar SIM, que muito nos honrou, foi uma grande... Continue Reading &rarr;\" \/>\n<meta property=\"og:url\" content=\"\/index.php\/encontro-com-o-responsavel-pelo-sector-dos-assuntos-da-mulher-e-accao-social-no-inhassoro\/\" \/>\n<meta property=\"og:site_name\" content=\"Solidariedade Internacional a Mo\u00e7ambique\" \/>\n<meta property=\"article:publisher\" content=\"https:\/\/www.facebook.com\/ONG.SIM.MOCAMBIQUE\/?ref=ts\" \/>\n<meta name=\"twitter:card\" content=\"summary_large_image\" \/>\n<meta name=\"twitter:label1\" content=\"Tempo estimado de leitura\" \/>\n\t<meta name=\"twitter:data1\" content=\"1 minuto\" \/>\n<script type=\"application\/ld+json\" class=\"yoast-schema-graph\">{\"@context\":\"https:\/\/schema.org\",\"@graph\":[{\"@type\":\"WebPage\",\"@id\":\"\/index.php\/encontro-com-o-responsavel-pelo-sector-dos-assuntos-da-mulher-e-accao-social-no-inhassoro\/\",\"url\":\"\/index.php\/encontro-com-o-responsavel-pelo-sector-dos-assuntos-da-mulher-e-accao-social-no-inhassoro\/\",\"name\":\"Encontro com o Respons\u00e1vel pelo Sector dos Assuntos da Mulher e Ac\u00e7\u00e3o Social no Inhassoro - Solidariedade Internacional a Mo\u00e7ambique\",\"isPartOf\":{\"@id\":\"https:\/\/www.ongsim.org\/#website\"},\"datePublished\":\"2019-09-27T15:39:20+00:00\",\"breadcrumb\":{\"@id\":\"\/index.php\/encontro-com-o-responsavel-pelo-sector-dos-assuntos-da-mulher-e-accao-social-no-inhassoro\/#breadcrumb\"},\"inLanguage\":\"pt-PT\",\"potentialAction\":[{\"@type\":\"ReadAction\",\"target\":[\"\/index.php\/encontro-com-o-responsavel-pelo-sector-dos-assuntos-da-mulher-e-accao-social-no-inhassoro\/\"]}]},{\"@type\":\"BreadcrumbList\",\"@id\":\"\/index.php\/encontro-com-o-responsavel-pelo-sector-dos-assuntos-da-mulher-e-accao-social-no-inhassoro\/#breadcrumb\",\"itemListElement\":[{\"@type\":\"ListItem\",\"position\":1,\"name\":\"In\u00edcio\",\"item\":\"https:\/\/www.ongsim.org\/\"},{\"@type\":\"ListItem\",\"position\":2,\"name\":\"Encontro com o Respons\u00e1vel pelo Sector dos Assuntos da Mulher e Ac\u00e7\u00e3o Social no Inhassoro\"}]},{\"@type\":\"WebSite\",\"@id\":\"https:\/\/www.ongsim.org\/#website\",\"url\":\"https:\/\/www.ongsim.org\/\",\"name\":\"Solidariedade Internacional a Mo\u00e7ambique\",\"description\":\"Solidariedade Internacional a Mo\u00e7ambique\",\"publisher\":{\"@id\":\"https:\/\/www.ongsim.org\/#organization\"},\"potentialAction\":[{\"@type\":\"SearchAction\",\"target\":{\"@type\":\"EntryPoint\",\"urlTemplate\":\"https:\/\/www.ongsim.org\/?s={search_term_string}\"},\"query-input\":{\"@type\":\"PropertyValueSpecification\",\"valueRequired\":true,\"valueName\":\"search_term_string\"}}],\"inLanguage\":\"pt-PT\"},{\"@type\":\"Organization\",\"@id\":\"https:\/\/www.ongsim.org\/#organization\",\"name\":\"Solidariedade Internacional a Mo\u00e7ambique\",\"url\":\"https:\/\/www.ongsim.org\/\",\"logo\":{\"@type\":\"ImageObject\",\"inLanguage\":\"pt-PT\",\"@id\":\"https:\/\/www.ongsim.org\/#\/schema\/logo\/image\/\",\"url\":\"http:\/\/ongsim.org\/wp-content\/uploads\/2020\/03\/logo-sim-2_branco_site.png\",\"contentUrl\":\"http:\/\/ongsim.org\/wp-content\/uploads\/2020\/03\/logo-sim-2_branco_site.png\",\"width\":300,\"height\":300,\"caption\":\"Solidariedade Internacional a Mo\u00e7ambique\"},\"image\":{\"@id\":\"https:\/\/www.ongsim.org\/#\/schema\/logo\/image\/\"},\"sameAs\":[\"https:\/\/www.facebook.com\/ONG.SIM.MOCAMBIQUE\/?ref=ts\",\"https:\/\/www.instagram.com\/sim.mocambique\/\",\"https:\/\/www.youtube.com\/channel\/UCcLb9BZr3RC9gZ57W-0eebA\"]}]}<\/script>\n<!-- \/ Yoast SEO plugin. -->","yoast_head_json":{"title":"Encontro com o Respons\u00e1vel pelo Sector dos Assuntos da Mulher e Ac\u00e7\u00e3o Social no Inhassoro - Solidariedade Internacional a Mo\u00e7ambique","robots":{"index":"index","follow":"follow","max-snippet":"max-snippet:-1","max-image-preview":"max-image-preview:large","max-video-preview":"max-video-preview:-1"},"canonical":"\/index.php\/encontro-com-o-responsavel-pelo-sector-dos-assuntos-da-mulher-e-accao-social-no-inhassoro\/","og_locale":"pt_PT","og_type":"article","og_title":"Encontro com o Respons\u00e1vel pelo Sector dos Assuntos da Mulher e Ac\u00e7\u00e3o Social no Inhassoro - Solidariedade Internacional a Mo\u00e7ambique","og_description":"Na miss\u00e3o Educa\u00e7\u00e3o, Sa\u00fade e Ambiente 2015, a SIM ofereceu ao jovem Ant\u00f3nio Manga uma cadeira de rodas. A presidir \u00e0 cerim\u00f3nia de entrega esteve o Sr. Pedro J\u00falio Chauque, Respons\u00e1vel pelo Sector dos Assuntos da Mulher e Ac\u00e7\u00e3o Social no Inhassoro. A sua presen\u00e7a no Lar SIM, que muito nos honrou, foi uma grande... Continue Reading &rarr;","og_url":"\/index.php\/encontro-com-o-responsavel-pelo-sector-dos-assuntos-da-mulher-e-accao-social-no-inhassoro\/","og_site_name":"Solidariedade Internacional a Mo\u00e7ambique","article_publisher":"https:\/\/www.facebook.com\/ONG.SIM.MOCAMBIQUE\/?ref=ts","twitter_card":"summary_large_image","twitter_misc":{"Tempo estimado de leitura":"1 minuto"},"schema":{"@context":"https:\/\/schema.org","@graph":[{"@type":"WebPage","@id":"\/index.php\/encontro-com-o-responsavel-pelo-sector-dos-assuntos-da-mulher-e-accao-social-no-inhassoro\/","url":"\/index.php\/encontro-com-o-responsavel-pelo-sector-dos-assuntos-da-mulher-e-accao-social-no-inhassoro\/","name":"Encontro com o Respons\u00e1vel pelo Sector dos Assuntos da Mulher e Ac\u00e7\u00e3o Social no Inhassoro - Solidariedade Internacional a Mo\u00e7ambique","isPartOf":{"@id":"https:\/\/www.ongsim.org\/#website"},"datePublished":"2019-09-27T15:39:20+00:00","breadcrumb":{"@id":"\/index.php\/encontro-com-o-responsavel-pelo-sector-dos-assuntos-da-mulher-e-accao-social-no-inhassoro\/#breadcrumb"},"inLanguage":"pt-PT","potentialAction":[{"@type":"ReadAction","target":["\/index.php\/encontro-com-o-responsavel-pelo-sector-dos-assuntos-da-mulher-e-accao-social-no-inhassoro\/"]}]},{"@type":"BreadcrumbList","@id":"\/index.php\/encontro-com-o-responsavel-pelo-sector-dos-assuntos-da-mulher-e-accao-social-no-inhassoro\/#breadcrumb","itemListElement":[{"@type":"ListItem","position":1,"name":"In\u00edcio","item":"https:\/\/www.ongsim.org\/"},{"@type":"ListItem","position":2,"name":"Encontro com o Respons\u00e1vel pelo Sector dos Assuntos da Mulher e Ac\u00e7\u00e3o Social no Inhassoro"}]},{"@type":"WebSite","@id":"https:\/\/www.ongsim.org\/#website","url":"https:\/\/www.ongsim.org\/","name":"Solidariedade Internacional a Mo\u00e7ambique","description":"Solidariedade Internacional a Mo\u00e7ambique","publisher":{"@id":"https:\/\/www.ongsim.org\/#organization"},"potentialAction":[{"@type":"SearchAction","target":{"@type":"EntryPoint","urlTemplate":"https:\/\/www.ongsim.org\/?s={search_term_string}"},"query-input":{"@type":"PropertyValueSpecification","valueRequired":true,"valueName":"search_term_string"}}],"inLanguage":"pt-PT"},{"@type":"Organization","@id":"https:\/\/www.ongsim.org\/#organization","name":"Solidariedade Internacional a Mo\u00e7ambique","url":"https:\/\/www.ongsim.org\/","logo":{"@type":"ImageObject","inLanguage":"pt-PT","@id":"https:\/\/www.ongsim.org\/#\/schema\/logo\/image\/","url":"http:\/\/ongsim.org\/wp-content\/uploads\/2020\/03\/logo-sim-2_branco_site.png","contentUrl":"http:\/\/ongsim.org\/wp-content\/uploads\/2020\/03\/logo-sim-2_branco_site.png","width":300,"height":300,"caption":"Solidariedade Internacional a Mo\u00e7ambique"},"image":{"@id":"https:\/\/www.ongsim.org\/#\/schema\/logo\/image\/"},"sameAs":["https:\/\/www.facebook.com\/ONG.SIM.MOCAMBIQUE\/?ref=ts","https:\/\/www.instagram.com\/sim.mocambique\/","https:\/\/www.youtube.com\/channel\/UCcLb9BZr3RC9gZ57W-0eebA"]}]}},"jetpack_sharing_enabled":true,"_links":{"self":[{"href":"\/index.php\/wp-json\/wp\/v2\/pages\/506","targetHints":{"allow":["GET"]}}],"collection":[{"href":"\/index.php\/wp-json\/wp\/v2\/pages"}],"about":[{"href":"\/index.php\/wp-json\/wp\/v2\/types\/page"}],"author":[{"embeddable":true,"href":"\/index.php\/wp-json\/wp\/v2\/users\/1"}],"replies":[{"embeddable":true,"href":"\/index.php\/wp-json\/wp\/v2\/comments?post=506"}],"version-history":[{"count":1,"href":"\/index.php\/wp-json\/wp\/v2\/pages\/506\/revisions"}],"predecessor-version":[{"id":508,"href":"\/index.php\/wp-json\/wp\/v2\/pages\/506\/revisions\/508"}],"wp:attachment":[{"href":"\/index.php\/wp-json\/wp\/v2\/media?parent=506"}],"curies":[{"name":"wp","href":"https:\/\/api.w.org\/{rel}","templated":true}]}}