{"id":503,"date":"2019-09-27T15:38:40","date_gmt":"2019-09-27T15:38:40","guid":{"rendered":"http:\/\/172.17.194.93\/wordpress\/?page_id=503"},"modified":"2019-09-27T15:38:40","modified_gmt":"2019-09-27T15:38:40","slug":"dia-mundial-do-ambiente","status":"publish","type":"page","link":"\/index.php\/dia-mundial-do-ambiente\/","title":{"rendered":"Dia Mundial do Ambiente"},"content":{"rendered":"\n<p>No dia mundial do Ambiente, os bolseiros da ONG SIM fizeram a recolha  do lixo existente na praia do Inhassoro. Em seguida, a Administra\u00e7\u00e3o do  Inhassoro, tamb\u00e9m com a ajuda dos bolseiros, transportou o lixo para o  dep\u00f3sito de lixo oficial. A protec\u00e7\u00e3o do meio ambiente \u00e9 um dos pilares  fundamentais da actua\u00e7\u00e3o da SIM e, como tal, os bolseiros n\u00e3o quiseram  deixar de assinalar a import\u00e2ncia deste dia! <\/p>\n\n\n\n<p>Muito obrigado a todos!  Tabonga Maningue<\/p>\n\n\n\n<figure class=\"wp-block-image\"><img decoding=\"async\" src=\"https:\/site\/upload\/image\/sim%20ambiente%201.jpg\" alt=\"\"\/><\/figure>\n\n\n\n<figure class=\"wp-block-image\"><img decoding=\"async\" src=\"https:\/site\/upload\/image\/sim%20ambiente%202.jpg\" alt=\"\"\/><\/figure>\n","protected":false},"excerpt":{"rendered":"<p>No dia mundial do Ambiente, os bolseiros da ONG SIM fizeram a recolha do lixo existente na praia do Inhassoro. Em seguida, a Administra\u00e7\u00e3o do Inhassoro, tamb\u00e9m com a ajuda dos bolseiros, transportou o lixo para o dep\u00f3sito de lixo oficial. A protec\u00e7\u00e3o do meio ambiente \u00e9 um dos pilares fundamentais da actua\u00e7\u00e3o da SIM&#8230; <a class=\"more-link\" href=\"\/index.php\/dia-mundial-do-ambiente\/#more-503\">Continue Reading &rarr;<\/a><\/p>\n","protected":false},"author":1,"featured_media":0,"parent":0,"menu_order":0,"comment_status":"closed","ping_status":"closed","template":"","meta":{"ngg_post_thumbnail":0,"footnotes":""},"class_list":["post-503","page","type-page","status-publish","hentry","clear"],"yoast_head":"<!-- This site is optimized with the Yoast SEO plugin v27.2 - https:\/\/yoast.com\/product\/yoast-seo-wordpress\/ -->\n<title>Dia Mundial do Ambiente - Solidariedade Internacional a Mo\u00e7ambique<\/title>\n<meta name=\"robots\" content=\"index, follow, max-snippet:-1, max-image-preview:large, max-video-preview:-1\" \/>\n<link rel=\"canonical\" href=\"\/index.php\/dia-mundial-do-ambiente\/\" \/>\n<meta property=\"og:locale\" content=\"pt_PT\" \/>\n<meta property=\"og:type\" content=\"article\" \/>\n<meta property=\"og:title\" content=\"Dia Mundial do Ambiente - Solidariedade Internacional a Mo\u00e7ambique\" \/>\n<meta property=\"og:description\" content=\"No dia mundial do Ambiente, os bolseiros da ONG SIM fizeram a recolha do lixo existente na praia do Inhassoro. Em seguida, a Administra\u00e7\u00e3o do Inhassoro, tamb\u00e9m com a ajuda dos bolseiros, transportou o lixo para o dep\u00f3sito de lixo oficial. A protec\u00e7\u00e3o do meio ambiente \u00e9 um dos pilares fundamentais da actua\u00e7\u00e3o da SIM... Continue Reading &rarr;\" \/>\n<meta property=\"og:url\" content=\"\/index.php\/dia-mundial-do-ambiente\/\" \/>\n<meta property=\"og:site_name\" content=\"Solidariedade Internacional a Mo\u00e7ambique\" \/>\n<meta property=\"article:publisher\" content=\"https:\/\/www.facebook.com\/ONG.SIM.MOCAMBIQUE\/?ref=ts\" \/>\n<meta name=\"twitter:card\" content=\"summary_large_image\" \/>\n<script type=\"application\/ld+json\" class=\"yoast-schema-graph\">{\"@context\":\"https:\/\/schema.org\",\"@graph\":[{\"@type\":\"WebPage\",\"@id\":\"\/index.php\/dia-mundial-do-ambiente\/\",\"url\":\"\/index.php\/dia-mundial-do-ambiente\/\",\"name\":\"Dia Mundial do Ambiente - Solidariedade Internacional a Mo\u00e7ambique\",\"isPartOf\":{\"@id\":\"https:\/\/www.ongsim.org\/#website\"},\"datePublished\":\"2019-09-27T15:38:40+00:00\",\"breadcrumb\":{\"@id\":\"\/index.php\/dia-mundial-do-ambiente\/#breadcrumb\"},\"inLanguage\":\"pt-PT\",\"potentialAction\":[{\"@type\":\"ReadAction\",\"target\":[\"\/index.php\/dia-mundial-do-ambiente\/\"]}]},{\"@type\":\"BreadcrumbList\",\"@id\":\"\/index.php\/dia-mundial-do-ambiente\/#breadcrumb\",\"itemListElement\":[{\"@type\":\"ListItem\",\"position\":1,\"name\":\"In\u00edcio\",\"item\":\"https:\/\/www.ongsim.org\/\"},{\"@type\":\"ListItem\",\"position\":2,\"name\":\"Dia Mundial do Ambiente\"}]},{\"@type\":\"WebSite\",\"@id\":\"https:\/\/www.ongsim.org\/#website\",\"url\":\"https:\/\/www.ongsim.org\/\",\"name\":\"Solidariedade Internacional a Mo\u00e7ambique\",\"description\":\"Solidariedade Internacional a Mo\u00e7ambique\",\"publisher\":{\"@id\":\"https:\/\/www.ongsim.org\/#organization\"},\"potentialAction\":[{\"@type\":\"SearchAction\",\"target\":{\"@type\":\"EntryPoint\",\"urlTemplate\":\"https:\/\/www.ongsim.org\/?s={search_term_string}\"},\"query-input\":{\"@type\":\"PropertyValueSpecification\",\"valueRequired\":true,\"valueName\":\"search_term_string\"}}],\"inLanguage\":\"pt-PT\"},{\"@type\":\"Organization\",\"@id\":\"https:\/\/www.ongsim.org\/#organization\",\"name\":\"Solidariedade Internacional a Mo\u00e7ambique\",\"url\":\"https:\/\/www.ongsim.org\/\",\"logo\":{\"@type\":\"ImageObject\",\"inLanguage\":\"pt-PT\",\"@id\":\"https:\/\/www.ongsim.org\/#\/schema\/logo\/image\/\",\"url\":\"http:\/\/ongsim.org\/wp-content\/uploads\/2020\/03\/logo-sim-2_branco_site.png\",\"contentUrl\":\"http:\/\/ongsim.org\/wp-content\/uploads\/2020\/03\/logo-sim-2_branco_site.png\",\"width\":300,\"height\":300,\"caption\":\"Solidariedade Internacional a Mo\u00e7ambique\"},\"image\":{\"@id\":\"https:\/\/www.ongsim.org\/#\/schema\/logo\/image\/\"},\"sameAs\":[\"https:\/\/www.facebook.com\/ONG.SIM.MOCAMBIQUE\/?ref=ts\",\"https:\/\/www.instagram.com\/sim.mocambique\/\",\"https:\/\/www.youtube.com\/channel\/UCcLb9BZr3RC9gZ57W-0eebA\"]}]}<\/script>\n<!-- \/ Yoast SEO plugin. -->","yoast_head_json":{"title":"Dia Mundial do Ambiente - Solidariedade Internacional a Mo\u00e7ambique","robots":{"index":"index","follow":"follow","max-snippet":"max-snippet:-1","max-image-preview":"max-image-preview:large","max-video-preview":"max-video-preview:-1"},"canonical":"\/index.php\/dia-mundial-do-ambiente\/","og_locale":"pt_PT","og_type":"article","og_title":"Dia Mundial do Ambiente - Solidariedade Internacional a Mo\u00e7ambique","og_description":"No dia mundial do Ambiente, os bolseiros da ONG SIM fizeram a recolha do lixo existente na praia do Inhassoro. Em seguida, a Administra\u00e7\u00e3o do Inhassoro, tamb\u00e9m com a ajuda dos bolseiros, transportou o lixo para o dep\u00f3sito de lixo oficial. A protec\u00e7\u00e3o do meio ambiente \u00e9 um dos pilares fundamentais da actua\u00e7\u00e3o da SIM... Continue Reading &rarr;","og_url":"\/index.php\/dia-mundial-do-ambiente\/","og_site_name":"Solidariedade Internacional a Mo\u00e7ambique","article_publisher":"https:\/\/www.facebook.com\/ONG.SIM.MOCAMBIQUE\/?ref=ts","twitter_card":"summary_large_image","schema":{"@context":"https:\/\/schema.org","@graph":[{"@type":"WebPage","@id":"\/index.php\/dia-mundial-do-ambiente\/","url":"\/index.php\/dia-mundial-do-ambiente\/","name":"Dia Mundial do Ambiente - Solidariedade Internacional a Mo\u00e7ambique","isPartOf":{"@id":"https:\/\/www.ongsim.org\/#website"},"datePublished":"2019-09-27T15:38:40+00:00","breadcrumb":{"@id":"\/index.php\/dia-mundial-do-ambiente\/#breadcrumb"},"inLanguage":"pt-PT","potentialAction":[{"@type":"ReadAction","target":["\/index.php\/dia-mundial-do-ambiente\/"]}]},{"@type":"BreadcrumbList","@id":"\/index.php\/dia-mundial-do-ambiente\/#breadcrumb","itemListElement":[{"@type":"ListItem","position":1,"name":"In\u00edcio","item":"https:\/\/www.ongsim.org\/"},{"@type":"ListItem","position":2,"name":"Dia Mundial do Ambiente"}]},{"@type":"WebSite","@id":"https:\/\/www.ongsim.org\/#website","url":"https:\/\/www.ongsim.org\/","name":"Solidariedade Internacional a Mo\u00e7ambique","description":"Solidariedade Internacional a Mo\u00e7ambique","publisher":{"@id":"https:\/\/www.ongsim.org\/#organization"},"potentialAction":[{"@type":"SearchAction","target":{"@type":"EntryPoint","urlTemplate":"https:\/\/www.ongsim.org\/?s={search_term_string}"},"query-input":{"@type":"PropertyValueSpecification","valueRequired":true,"valueName":"search_term_string"}}],"inLanguage":"pt-PT"},{"@type":"Organization","@id":"https:\/\/www.ongsim.org\/#organization","name":"Solidariedade Internacional a Mo\u00e7ambique","url":"https:\/\/www.ongsim.org\/","logo":{"@type":"ImageObject","inLanguage":"pt-PT","@id":"https:\/\/www.ongsim.org\/#\/schema\/logo\/image\/","url":"http:\/\/ongsim.org\/wp-content\/uploads\/2020\/03\/logo-sim-2_branco_site.png","contentUrl":"http:\/\/ongsim.org\/wp-content\/uploads\/2020\/03\/logo-sim-2_branco_site.png","width":300,"height":300,"caption":"Solidariedade Internacional a Mo\u00e7ambique"},"image":{"@id":"https:\/\/www.ongsim.org\/#\/schema\/logo\/image\/"},"sameAs":["https:\/\/www.facebook.com\/ONG.SIM.MOCAMBIQUE\/?ref=ts","https:\/\/www.instagram.com\/sim.mocambique\/","https:\/\/www.youtube.com\/channel\/UCcLb9BZr3RC9gZ57W-0eebA"]}]}},"jetpack_sharing_enabled":true,"_links":{"self":[{"href":"\/index.php\/wp-json\/wp\/v2\/pages\/503","targetHints":{"allow":["GET"]}}],"collection":[{"href":"\/index.php\/wp-json\/wp\/v2\/pages"}],"about":[{"href":"\/index.php\/wp-json\/wp\/v2\/types\/page"}],"author":[{"embeddable":true,"href":"\/index.php\/wp-json\/wp\/v2\/users\/1"}],"replies":[{"embeddable":true,"href":"\/index.php\/wp-json\/wp\/v2\/comments?post=503"}],"version-history":[{"count":1,"href":"\/index.php\/wp-json\/wp\/v2\/pages\/503\/revisions"}],"predecessor-version":[{"id":505,"href":"\/index.php\/wp-json\/wp\/v2\/pages\/503\/revisions\/505"}],"wp:attachment":[{"href":"\/index.php\/wp-json\/wp\/v2\/media?parent=503"}],"curies":[{"name":"wp","href":"https:\/\/api.w.org\/{rel}","templated":true}]}}