{"id":500,"date":"2019-09-27T15:38:03","date_gmt":"2019-09-27T15:38:03","guid":{"rendered":"http:\/\/172.17.194.93\/wordpress\/?page_id=500"},"modified":"2019-10-17T16:40:05","modified_gmt":"2019-10-17T16:40:05","slug":"a-sim-na-festa-da-comunidade-portuguesa-em-maputo","status":"publish","type":"page","link":"\/index.php\/a-sim-na-festa-da-comunidade-portuguesa-em-maputo\/","title":{"rendered":"A SIM na Festa da Comunidade Portuguesa em Maputo"},"content":{"rendered":"\n<p>A ONG SIM associou-se a mais uma edi\u00e7\u00e3o da Festa da Comunidade  Portuguesa em Mo\u00e7ambique, que teve lugar a 6 de Junho na Escola  Portuguesa de Maputo. A Coopera\u00e7\u00e3o Portuguesa divulgou as actividades de  ONG&#8217;s que operam em Mo\u00e7ambique e a nossa mensagem marcou presen\u00e7a.  Parab\u00e9ns \u00e0 equipa da Coopera\u00e7\u00e3o Portuguesa pelo sucesso da iniciativa!<\/p>\n\n\n\n<figure class=\"wp-block-image\"><img decoding=\"async\" src=\"https:\/site\/upload\/image\/coop2.jpg\" alt=\"\"\/><\/figure>\n","protected":false},"excerpt":{"rendered":"<p>A ONG SIM associou-se a mais uma edi\u00e7\u00e3o da Festa da Comunidade Portuguesa em Mo\u00e7ambique, que teve lugar a 6 de Junho na Escola Portuguesa de Maputo. A Coopera\u00e7\u00e3o Portuguesa divulgou as actividades de ONG&#8217;s que operam em Mo\u00e7ambique e a nossa mensagem marcou presen\u00e7a. Parab\u00e9ns \u00e0 equipa da Coopera\u00e7\u00e3o Portuguesa pelo sucesso da iniciativa!<\/p>\n","protected":false},"author":1,"featured_media":0,"parent":0,"menu_order":0,"comment_status":"closed","ping_status":"closed","template":"","meta":{"ngg_post_thumbnail":0,"footnotes":""},"class_list":["post-500","page","type-page","status-publish","hentry","clear"],"yoast_head":"<!-- This site is optimized with the Yoast SEO plugin v27.2 - https:\/\/yoast.com\/product\/yoast-seo-wordpress\/ -->\n<title>A SIM na Festa da Comunidade Portuguesa em Maputo - Solidariedade Internacional a Mo\u00e7ambique<\/title>\n<meta name=\"robots\" content=\"index, follow, max-snippet:-1, max-image-preview:large, max-video-preview:-1\" \/>\n<link rel=\"canonical\" href=\"\/index.php\/a-sim-na-festa-da-comunidade-portuguesa-em-maputo\/\" \/>\n<meta property=\"og:locale\" content=\"pt_PT\" \/>\n<meta property=\"og:type\" content=\"article\" \/>\n<meta property=\"og:title\" content=\"A SIM na Festa da Comunidade Portuguesa em Maputo - Solidariedade Internacional a Mo\u00e7ambique\" \/>\n<meta property=\"og:description\" content=\"A ONG SIM associou-se a mais uma edi\u00e7\u00e3o da Festa da Comunidade Portuguesa em Mo\u00e7ambique, que teve lugar a 6 de Junho na Escola Portuguesa de Maputo. A Coopera\u00e7\u00e3o Portuguesa divulgou as actividades de ONG&#8217;s que operam em Mo\u00e7ambique e a nossa mensagem marcou presen\u00e7a. Parab\u00e9ns \u00e0 equipa da Coopera\u00e7\u00e3o Portuguesa pelo sucesso da iniciativa!\" \/>\n<meta property=\"og:url\" content=\"\/index.php\/a-sim-na-festa-da-comunidade-portuguesa-em-maputo\/\" \/>\n<meta property=\"og:site_name\" content=\"Solidariedade Internacional a Mo\u00e7ambique\" \/>\n<meta property=\"article:publisher\" content=\"https:\/\/www.facebook.com\/ONG.SIM.MOCAMBIQUE\/?ref=ts\" \/>\n<meta property=\"article:modified_time\" content=\"2019-10-17T16:40:05+00:00\" \/>\n<meta name=\"twitter:card\" content=\"summary_large_image\" \/>\n<script type=\"application\/ld+json\" class=\"yoast-schema-graph\">{\"@context\":\"https:\/\/schema.org\",\"@graph\":[{\"@type\":\"WebPage\",\"@id\":\"\/index.php\/a-sim-na-festa-da-comunidade-portuguesa-em-maputo\/\",\"url\":\"\/index.php\/a-sim-na-festa-da-comunidade-portuguesa-em-maputo\/\",\"name\":\"A SIM na Festa da Comunidade Portuguesa em Maputo - Solidariedade Internacional a Mo\u00e7ambique\",\"isPartOf\":{\"@id\":\"https:\/\/www.ongsim.org\/#website\"},\"datePublished\":\"2019-09-27T15:38:03+00:00\",\"dateModified\":\"2019-10-17T16:40:05+00:00\",\"breadcrumb\":{\"@id\":\"\/index.php\/a-sim-na-festa-da-comunidade-portuguesa-em-maputo\/#breadcrumb\"},\"inLanguage\":\"pt-PT\",\"potentialAction\":[{\"@type\":\"ReadAction\",\"target\":[\"\/index.php\/a-sim-na-festa-da-comunidade-portuguesa-em-maputo\/\"]}]},{\"@type\":\"BreadcrumbList\",\"@id\":\"\/index.php\/a-sim-na-festa-da-comunidade-portuguesa-em-maputo\/#breadcrumb\",\"itemListElement\":[{\"@type\":\"ListItem\",\"position\":1,\"name\":\"In\u00edcio\",\"item\":\"https:\/\/www.ongsim.org\/\"},{\"@type\":\"ListItem\",\"position\":2,\"name\":\"A SIM na Festa da Comunidade Portuguesa em Maputo\"}]},{\"@type\":\"WebSite\",\"@id\":\"https:\/\/www.ongsim.org\/#website\",\"url\":\"https:\/\/www.ongsim.org\/\",\"name\":\"Solidariedade Internacional a Mo\u00e7ambique\",\"description\":\"Solidariedade Internacional a Mo\u00e7ambique\",\"publisher\":{\"@id\":\"https:\/\/www.ongsim.org\/#organization\"},\"potentialAction\":[{\"@type\":\"SearchAction\",\"target\":{\"@type\":\"EntryPoint\",\"urlTemplate\":\"https:\/\/www.ongsim.org\/?s={search_term_string}\"},\"query-input\":{\"@type\":\"PropertyValueSpecification\",\"valueRequired\":true,\"valueName\":\"search_term_string\"}}],\"inLanguage\":\"pt-PT\"},{\"@type\":\"Organization\",\"@id\":\"https:\/\/www.ongsim.org\/#organization\",\"name\":\"Solidariedade Internacional a Mo\u00e7ambique\",\"url\":\"https:\/\/www.ongsim.org\/\",\"logo\":{\"@type\":\"ImageObject\",\"inLanguage\":\"pt-PT\",\"@id\":\"https:\/\/www.ongsim.org\/#\/schema\/logo\/image\/\",\"url\":\"http:\/\/ongsim.org\/wp-content\/uploads\/2020\/03\/logo-sim-2_branco_site.png\",\"contentUrl\":\"http:\/\/ongsim.org\/wp-content\/uploads\/2020\/03\/logo-sim-2_branco_site.png\",\"width\":300,\"height\":300,\"caption\":\"Solidariedade Internacional a Mo\u00e7ambique\"},\"image\":{\"@id\":\"https:\/\/www.ongsim.org\/#\/schema\/logo\/image\/\"},\"sameAs\":[\"https:\/\/www.facebook.com\/ONG.SIM.MOCAMBIQUE\/?ref=ts\",\"https:\/\/www.instagram.com\/sim.mocambique\/\",\"https:\/\/www.youtube.com\/channel\/UCcLb9BZr3RC9gZ57W-0eebA\"]}]}<\/script>\n<!-- \/ Yoast SEO plugin. -->","yoast_head_json":{"title":"A SIM na Festa da Comunidade Portuguesa em Maputo - Solidariedade Internacional a Mo\u00e7ambique","robots":{"index":"index","follow":"follow","max-snippet":"max-snippet:-1","max-image-preview":"max-image-preview:large","max-video-preview":"max-video-preview:-1"},"canonical":"\/index.php\/a-sim-na-festa-da-comunidade-portuguesa-em-maputo\/","og_locale":"pt_PT","og_type":"article","og_title":"A SIM na Festa da Comunidade Portuguesa em Maputo - Solidariedade Internacional a Mo\u00e7ambique","og_description":"A ONG SIM associou-se a mais uma edi\u00e7\u00e3o da Festa da Comunidade Portuguesa em Mo\u00e7ambique, que teve lugar a 6 de Junho na Escola Portuguesa de Maputo. A Coopera\u00e7\u00e3o Portuguesa divulgou as actividades de ONG&#8217;s que operam em Mo\u00e7ambique e a nossa mensagem marcou presen\u00e7a. Parab\u00e9ns \u00e0 equipa da Coopera\u00e7\u00e3o Portuguesa pelo sucesso da iniciativa!","og_url":"\/index.php\/a-sim-na-festa-da-comunidade-portuguesa-em-maputo\/","og_site_name":"Solidariedade Internacional a Mo\u00e7ambique","article_publisher":"https:\/\/www.facebook.com\/ONG.SIM.MOCAMBIQUE\/?ref=ts","article_modified_time":"2019-10-17T16:40:05+00:00","twitter_card":"summary_large_image","schema":{"@context":"https:\/\/schema.org","@graph":[{"@type":"WebPage","@id":"\/index.php\/a-sim-na-festa-da-comunidade-portuguesa-em-maputo\/","url":"\/index.php\/a-sim-na-festa-da-comunidade-portuguesa-em-maputo\/","name":"A SIM na Festa da Comunidade Portuguesa em Maputo - Solidariedade Internacional a Mo\u00e7ambique","isPartOf":{"@id":"https:\/\/www.ongsim.org\/#website"},"datePublished":"2019-09-27T15:38:03+00:00","dateModified":"2019-10-17T16:40:05+00:00","breadcrumb":{"@id":"\/index.php\/a-sim-na-festa-da-comunidade-portuguesa-em-maputo\/#breadcrumb"},"inLanguage":"pt-PT","potentialAction":[{"@type":"ReadAction","target":["\/index.php\/a-sim-na-festa-da-comunidade-portuguesa-em-maputo\/"]}]},{"@type":"BreadcrumbList","@id":"\/index.php\/a-sim-na-festa-da-comunidade-portuguesa-em-maputo\/#breadcrumb","itemListElement":[{"@type":"ListItem","position":1,"name":"In\u00edcio","item":"https:\/\/www.ongsim.org\/"},{"@type":"ListItem","position":2,"name":"A SIM na Festa da Comunidade Portuguesa em Maputo"}]},{"@type":"WebSite","@id":"https:\/\/www.ongsim.org\/#website","url":"https:\/\/www.ongsim.org\/","name":"Solidariedade Internacional a Mo\u00e7ambique","description":"Solidariedade Internacional a Mo\u00e7ambique","publisher":{"@id":"https:\/\/www.ongsim.org\/#organization"},"potentialAction":[{"@type":"SearchAction","target":{"@type":"EntryPoint","urlTemplate":"https:\/\/www.ongsim.org\/?s={search_term_string}"},"query-input":{"@type":"PropertyValueSpecification","valueRequired":true,"valueName":"search_term_string"}}],"inLanguage":"pt-PT"},{"@type":"Organization","@id":"https:\/\/www.ongsim.org\/#organization","name":"Solidariedade Internacional a Mo\u00e7ambique","url":"https:\/\/www.ongsim.org\/","logo":{"@type":"ImageObject","inLanguage":"pt-PT","@id":"https:\/\/www.ongsim.org\/#\/schema\/logo\/image\/","url":"http:\/\/ongsim.org\/wp-content\/uploads\/2020\/03\/logo-sim-2_branco_site.png","contentUrl":"http:\/\/ongsim.org\/wp-content\/uploads\/2020\/03\/logo-sim-2_branco_site.png","width":300,"height":300,"caption":"Solidariedade Internacional a Mo\u00e7ambique"},"image":{"@id":"https:\/\/www.ongsim.org\/#\/schema\/logo\/image\/"},"sameAs":["https:\/\/www.facebook.com\/ONG.SIM.MOCAMBIQUE\/?ref=ts","https:\/\/www.instagram.com\/sim.mocambique\/","https:\/\/www.youtube.com\/channel\/UCcLb9BZr3RC9gZ57W-0eebA"]}]}},"jetpack_sharing_enabled":true,"_links":{"self":[{"href":"\/index.php\/wp-json\/wp\/v2\/pages\/500","targetHints":{"allow":["GET"]}}],"collection":[{"href":"\/index.php\/wp-json\/wp\/v2\/pages"}],"about":[{"href":"\/index.php\/wp-json\/wp\/v2\/types\/page"}],"author":[{"embeddable":true,"href":"\/index.php\/wp-json\/wp\/v2\/users\/1"}],"replies":[{"embeddable":true,"href":"\/index.php\/wp-json\/wp\/v2\/comments?post=500"}],"version-history":[{"count":3,"href":"\/index.php\/wp-json\/wp\/v2\/pages\/500\/revisions"}],"predecessor-version":[{"id":6519,"href":"\/index.php\/wp-json\/wp\/v2\/pages\/500\/revisions\/6519"}],"wp:attachment":[{"href":"\/index.php\/wp-json\/wp\/v2\/media?parent=500"}],"curies":[{"name":"wp","href":"https:\/\/api.w.org\/{rel}","templated":true}]}}