{"id":494,"date":"2019-09-27T15:24:24","date_gmt":"2019-09-27T15:24:24","guid":{"rendered":"http:\/\/172.17.194.93\/wordpress\/?page_id=494"},"modified":"2019-09-27T15:24:24","modified_gmt":"2019-09-27T15:24:24","slug":"missao-educacao-e-saude-2013","status":"publish","type":"page","link":"\/index.php\/missao-educacao-e-saude-2013\/","title":{"rendered":"Miss\u00e3o Educa\u00e7\u00e3o e Sa\u00fade 2013"},"content":{"rendered":"\n<p>A ONG SIM organizou em Agosto uma nova miss\u00e3o a Mo\u00e7ambique, desta vez\n orientada para os temas da Educa\u00e7\u00e3o e Sa\u00fade. Para al\u00e9m dos dirigentes \nda SIM, integraram a miss\u00e3o um m\u00e9dico \u2014 o dr. Vasco Sousa Coutinho, \nespecialista do Centro de Dermatologia do Hospital CUF-Descobertas \u2014 e \ntr\u00eas volunt\u00e1rias: Caetana Lucena, Constan\u00e7a Lameiras e Ana Margarida \nOliveira.<\/p>\n\n\n\n<p>O m\u00e9dico da nossa miss\u00e3o deslocou-se \u00e0 vila de Inhassoro e \u00e0 ilha do \nBazaruto para estudar a preval\u00eancia de doen\u00e7as de pele nas comunidades \napoiadas pela SIM. As doen\u00e7as infecciosas s\u00e3o o maior problema na zona, \nnomeadamente as doen\u00e7as por fungos (tinhas), por vezes com infec\u00e7\u00f5es \nbacterianas inc\u00f3modas e potencialmente perigosas. As doen\u00e7as provocadas \npor parasitas, com realce para a matacanha, e algumas doen\u00e7as virais de \npele est\u00e3o tamb\u00e9m muito presentes.<\/p>\n\n\n\n<p>Nas crian\u00e7as, algumas formas de tinha s\u00e3o pouco inflamat\u00f3rias e \ncausam pouco inc\u00f3modo e pouco dano e, como costumam curar perto da \npuberdade, as fam\u00edlias n\u00e3o se preocupam e n\u00e3o procuram ajuda. Nem sequer\n aumentam os cuidados de higiene que poderiam diminuir o cont\u00e1gio. Estes\n comportamentos devem ser alterados e a ONG SIM em colabora\u00e7\u00e3o com as \nautoridades locais vai procurar dar resposta ao problema. Estas doen\u00e7as \npodem provocar em certos casos grande inflama\u00e7\u00e3o, com prurido intenso e \nfrequentes infec\u00e7\u00f5es secund\u00e1rias, conduzindo muitas vezes a cicatrizes \ndefinitivas e peladas. Mais importante, debilitam a crian\u00e7a e tornam-na \nmais vulner\u00e1vel a infec\u00e7\u00f5es mais graves, prejudicam o seu \ndesenvolvimento psicomotor e, consequentemente, o rendimento escolar.<\/p>\n\n\n\n<p>H\u00e1 ainda que assegurar uma vigil\u00e2ncia sanit\u00e1ria apertada sobre outros\n problemas mais graves, que j\u00e1 provocaram a perda de vidas entre os \nhabitantes da Ilha do Bazaruto, nomeadamente o HIV SIDA e a tuberculose.\n H\u00e1 que estar muito atento a esta situa\u00e7\u00e3o, por vezes desvalorizada \nlocalmente, pois para al\u00e9m das perdas humanas pode vir a constituir uma \namea\u00e7a \u00e0s actividades econ\u00f3micas do arquip\u00e9lago, caso n\u00e3o seja \ndevidamente acautelado.<\/p>\n\n\n\n<p>A miss\u00e3o da SIM p\u00f4de contar com muita informa\u00e7\u00e3o recolhida em Maputo \njunto de m\u00e9dicos residentes na capital. Nas vilas de Vilanculos e de \nInhassoro, foi conseguida a preciosa colabora\u00e7\u00e3o do Dr. Yussuf e da Dra.\n Isis. Esta \u00faltima \u00e9 uma das m\u00e9dicas internas do Hospital de Inhassoro e\n visitou o Lar SIM, estando agora em contacto directo com os nossos \nbolseiros para ajudar a resolver as situa\u00e7\u00f5es mais urgentes detectadas \nna comunidade envolvente.<\/p>\n\n\n\n<p>No campo da Educa\u00e7\u00e3o, as nossas volunt\u00e1rias fizeram uma avalia\u00e7\u00e3o \nglobal da situa\u00e7\u00e3o escolar e do rendimento dos bolseiros do Bazaruto \ninstalados no Lar SIM. Porque os recursos s\u00e3o limitados, foi necess\u00e1rio \nrefor\u00e7ar os mecanismos de reconhecimento do m\u00e9rito, permitindo \u00e0queles \nque se esfor\u00e7aram prosseguir os estudos e libertando vagas para \ncandidaturas de novos bolseiros. Um dos problemas recorrentes neste \ndom\u00ednio \u00e9 o acompanhamento dos estudantes, pelo que foram muito \nimportantes os contactos que as volunt\u00e1rias fizeram com os professores \ndas escolas que os bolseiros frequentam.<\/p>\n\n\n\n<p>Da avalia\u00e7\u00e3o realizada resultou a necessidade de criar condi\u00e7\u00f5es para\n um acompanhamento regular e foi recrutado como novo encarregado de \neduca\u00e7\u00e3o dos bolseiros do Bazaruto no Lar SIM o professor Celso Azevedo,\n docente na Escola Industrial e Comercial Estrela do Mar de Inhassoro.<\/p>\n\n\n\n<p>Esta miss\u00e3o da SIM permitiu tamb\u00e9m melhorar as condi\u00e7\u00f5es de vida no \nlar dos bolseiros. H\u00e1 novas infra-estruturas, nomeadamente \u00e1gua \ncanalizada e electricidade assegurada por energia solar em todas as \ninstala\u00e7\u00f5es do Lar SIM.<\/p>\n\n\n\n<p>Na Ilha do Bazaruto, a Miss\u00e3o Educa\u00e7\u00e3o e Sa\u00fade da SIM prosseguiu a \nsua ac\u00e7\u00e3o humanit\u00e1ria, n\u00e3o s\u00f3 com a visita do m\u00e9dico para levantamento \nde necessidades, mas sobretudo com a distribui\u00e7\u00e3o de material escolar, \nalimentos, roupas e cobertores. O r\u00e9gulo Mazalleti acompanhou todas as \niniciativas da miss\u00e3o e alertou a SIM, uma vez mais, para as grandes \ncar\u00eancias das popula\u00e7\u00f5es locais.<\/p>\n\n\n\n<p>Na Escola de Sitone, realizou-se um grande encontro com as crian\u00e7as e\n fam\u00edlias e foram distribu\u00eddas roupas e alimentos. Um grande momento de \nalegria foi protagonizado por todas as crian\u00e7as quando as volunt\u00e1rias e \nos bolseiros procederam \u00e0 distribui\u00e7\u00e3o dos sumos GUD, oferecidos pela \nSumol\/Compal.<\/p>\n\n\n\n<p>A miss\u00e3o da SIM estabeleceu contacto com a nova Associa\u00e7\u00e3o de \nSolidariedade Tilizinwe e, conjuntamente, fez-se a distribui\u00e7\u00e3o de \nt-shirts, livros para pintar, l\u00e1pis, canetas e bon\u00e9s \u00e0s crian\u00e7as da \nescola local.<\/p>\n\n\n\n<p>Com o apoio operacional do Parque Nacional do Arquip\u00e9lago do Bazaruto\n fez-se ainda a distribui\u00e7\u00e3o \u00e0 popula\u00e7\u00e3o da ilha de cobertores \noferecidos por apoiantes da ONG SIM.<\/p>\n\n\n\n<p>No plano institucional, os dirigentes da SIM e os membros da miss\u00e3o \ntiveram a oportunidade de contactar com o novo Administrador do Distrito\n de Inhassoro e com a Secret\u00e1ria Permanente do Distrito. Destes \ncontactos resulta o m\u00fatuo compromisso de estreitar as rela\u00e7\u00f5es no \nfuturo, com vista \u00e0 resolu\u00e7\u00e3o dos problemas mais prementes no dom\u00ednio da\n Educa\u00e7\u00e3o e da Sa\u00fade. A visita regular de um m\u00e9dico \u00e0 zona Norte da Ilha\n do Bazaruto, a recupera\u00e7\u00e3o do Centro de Enfermagem existente e a \nperman\u00eancia de um enfermeiro no local s\u00e3o seguramente as medidas mais \nurgentes a tomar.<\/p>\n","protected":false},"excerpt":{"rendered":"<p>A ONG SIM organizou em Agosto uma nova miss\u00e3o a Mo\u00e7ambique, desta vez orientada para os temas da Educa\u00e7\u00e3o e Sa\u00fade. Para al\u00e9m dos dirigentes da SIM, integraram a miss\u00e3o um m\u00e9dico \u2014 o dr. Vasco Sousa Coutinho, especialista do Centro de Dermatologia do Hospital CUF-Descobertas \u2014 e tr\u00eas volunt\u00e1rias: Caetana Lucena, Constan\u00e7a Lameiras e&#8230; <a class=\"more-link\" href=\"\/index.php\/missao-educacao-e-saude-2013\/#more-494\">Continue Reading &rarr;<\/a><\/p>\n","protected":false},"author":1,"featured_media":0,"parent":0,"menu_order":0,"comment_status":"closed","ping_status":"closed","template":"","meta":{"ngg_post_thumbnail":0,"footnotes":""},"class_list":["post-494","page","type-page","status-publish","hentry","clear"],"yoast_head":"<!-- This site is optimized with the Yoast SEO plugin v27.2 - https:\/\/yoast.com\/product\/yoast-seo-wordpress\/ -->\n<title>Miss\u00e3o Educa\u00e7\u00e3o e Sa\u00fade 2013 - Solidariedade Internacional a Mo\u00e7ambique<\/title>\n<meta name=\"robots\" content=\"index, follow, max-snippet:-1, max-image-preview:large, max-video-preview:-1\" \/>\n<link rel=\"canonical\" href=\"\/index.php\/missao-educacao-e-saude-2013\/\" \/>\n<meta property=\"og:locale\" content=\"pt_PT\" \/>\n<meta property=\"og:type\" content=\"article\" \/>\n<meta property=\"og:title\" content=\"Miss\u00e3o Educa\u00e7\u00e3o e Sa\u00fade 2013 - Solidariedade Internacional a Mo\u00e7ambique\" \/>\n<meta property=\"og:description\" content=\"A ONG SIM organizou em Agosto uma nova miss\u00e3o a Mo\u00e7ambique, desta vez orientada para os temas da Educa\u00e7\u00e3o e Sa\u00fade. Para al\u00e9m dos dirigentes da SIM, integraram a miss\u00e3o um m\u00e9dico \u2014 o dr. Vasco Sousa Coutinho, especialista do Centro de Dermatologia do Hospital CUF-Descobertas \u2014 e tr\u00eas volunt\u00e1rias: Caetana Lucena, Constan\u00e7a Lameiras e... Continue Reading &rarr;\" \/>\n<meta property=\"og:url\" content=\"\/index.php\/missao-educacao-e-saude-2013\/\" \/>\n<meta property=\"og:site_name\" content=\"Solidariedade Internacional a Mo\u00e7ambique\" \/>\n<meta property=\"article:publisher\" content=\"https:\/\/www.facebook.com\/ONG.SIM.MOCAMBIQUE\/?ref=ts\" \/>\n<meta name=\"twitter:card\" content=\"summary_large_image\" \/>\n<meta name=\"twitter:label1\" content=\"Tempo estimado de leitura\" \/>\n\t<meta name=\"twitter:data1\" content=\"5 minutos\" \/>\n<script type=\"application\/ld+json\" class=\"yoast-schema-graph\">{\"@context\":\"https:\/\/schema.org\",\"@graph\":[{\"@type\":\"WebPage\",\"@id\":\"\/index.php\/missao-educacao-e-saude-2013\/\",\"url\":\"\/index.php\/missao-educacao-e-saude-2013\/\",\"name\":\"Miss\u00e3o Educa\u00e7\u00e3o e Sa\u00fade 2013 - Solidariedade Internacional a Mo\u00e7ambique\",\"isPartOf\":{\"@id\":\"https:\/\/www.ongsim.org\/#website\"},\"datePublished\":\"2019-09-27T15:24:24+00:00\",\"breadcrumb\":{\"@id\":\"\/index.php\/missao-educacao-e-saude-2013\/#breadcrumb\"},\"inLanguage\":\"pt-PT\",\"potentialAction\":[{\"@type\":\"ReadAction\",\"target\":[\"\/index.php\/missao-educacao-e-saude-2013\/\"]}]},{\"@type\":\"BreadcrumbList\",\"@id\":\"\/index.php\/missao-educacao-e-saude-2013\/#breadcrumb\",\"itemListElement\":[{\"@type\":\"ListItem\",\"position\":1,\"name\":\"In\u00edcio\",\"item\":\"https:\/\/www.ongsim.org\/\"},{\"@type\":\"ListItem\",\"position\":2,\"name\":\"Miss\u00e3o Educa\u00e7\u00e3o e Sa\u00fade 2013\"}]},{\"@type\":\"WebSite\",\"@id\":\"https:\/\/www.ongsim.org\/#website\",\"url\":\"https:\/\/www.ongsim.org\/\",\"name\":\"Solidariedade Internacional a Mo\u00e7ambique\",\"description\":\"Solidariedade Internacional a Mo\u00e7ambique\",\"publisher\":{\"@id\":\"https:\/\/www.ongsim.org\/#organization\"},\"potentialAction\":[{\"@type\":\"SearchAction\",\"target\":{\"@type\":\"EntryPoint\",\"urlTemplate\":\"https:\/\/www.ongsim.org\/?s={search_term_string}\"},\"query-input\":{\"@type\":\"PropertyValueSpecification\",\"valueRequired\":true,\"valueName\":\"search_term_string\"}}],\"inLanguage\":\"pt-PT\"},{\"@type\":\"Organization\",\"@id\":\"https:\/\/www.ongsim.org\/#organization\",\"name\":\"Solidariedade Internacional a Mo\u00e7ambique\",\"url\":\"https:\/\/www.ongsim.org\/\",\"logo\":{\"@type\":\"ImageObject\",\"inLanguage\":\"pt-PT\",\"@id\":\"https:\/\/www.ongsim.org\/#\/schema\/logo\/image\/\",\"url\":\"http:\/\/ongsim.org\/wp-content\/uploads\/2020\/03\/logo-sim-2_branco_site.png\",\"contentUrl\":\"http:\/\/ongsim.org\/wp-content\/uploads\/2020\/03\/logo-sim-2_branco_site.png\",\"width\":300,\"height\":300,\"caption\":\"Solidariedade Internacional a Mo\u00e7ambique\"},\"image\":{\"@id\":\"https:\/\/www.ongsim.org\/#\/schema\/logo\/image\/\"},\"sameAs\":[\"https:\/\/www.facebook.com\/ONG.SIM.MOCAMBIQUE\/?ref=ts\",\"https:\/\/www.instagram.com\/sim.mocambique\/\",\"https:\/\/www.youtube.com\/channel\/UCcLb9BZr3RC9gZ57W-0eebA\"]}]}<\/script>\n<!-- \/ Yoast SEO plugin. -->","yoast_head_json":{"title":"Miss\u00e3o Educa\u00e7\u00e3o e Sa\u00fade 2013 - Solidariedade Internacional a Mo\u00e7ambique","robots":{"index":"index","follow":"follow","max-snippet":"max-snippet:-1","max-image-preview":"max-image-preview:large","max-video-preview":"max-video-preview:-1"},"canonical":"\/index.php\/missao-educacao-e-saude-2013\/","og_locale":"pt_PT","og_type":"article","og_title":"Miss\u00e3o Educa\u00e7\u00e3o e Sa\u00fade 2013 - Solidariedade Internacional a Mo\u00e7ambique","og_description":"A ONG SIM organizou em Agosto uma nova miss\u00e3o a Mo\u00e7ambique, desta vez orientada para os temas da Educa\u00e7\u00e3o e Sa\u00fade. Para al\u00e9m dos dirigentes da SIM, integraram a miss\u00e3o um m\u00e9dico \u2014 o dr. Vasco Sousa Coutinho, especialista do Centro de Dermatologia do Hospital CUF-Descobertas \u2014 e tr\u00eas volunt\u00e1rias: Caetana Lucena, Constan\u00e7a Lameiras e... Continue Reading &rarr;","og_url":"\/index.php\/missao-educacao-e-saude-2013\/","og_site_name":"Solidariedade Internacional a Mo\u00e7ambique","article_publisher":"https:\/\/www.facebook.com\/ONG.SIM.MOCAMBIQUE\/?ref=ts","twitter_card":"summary_large_image","twitter_misc":{"Tempo estimado de leitura":"5 minutos"},"schema":{"@context":"https:\/\/schema.org","@graph":[{"@type":"WebPage","@id":"\/index.php\/missao-educacao-e-saude-2013\/","url":"\/index.php\/missao-educacao-e-saude-2013\/","name":"Miss\u00e3o Educa\u00e7\u00e3o e Sa\u00fade 2013 - Solidariedade Internacional a Mo\u00e7ambique","isPartOf":{"@id":"https:\/\/www.ongsim.org\/#website"},"datePublished":"2019-09-27T15:24:24+00:00","breadcrumb":{"@id":"\/index.php\/missao-educacao-e-saude-2013\/#breadcrumb"},"inLanguage":"pt-PT","potentialAction":[{"@type":"ReadAction","target":["\/index.php\/missao-educacao-e-saude-2013\/"]}]},{"@type":"BreadcrumbList","@id":"\/index.php\/missao-educacao-e-saude-2013\/#breadcrumb","itemListElement":[{"@type":"ListItem","position":1,"name":"In\u00edcio","item":"https:\/\/www.ongsim.org\/"},{"@type":"ListItem","position":2,"name":"Miss\u00e3o Educa\u00e7\u00e3o e Sa\u00fade 2013"}]},{"@type":"WebSite","@id":"https:\/\/www.ongsim.org\/#website","url":"https:\/\/www.ongsim.org\/","name":"Solidariedade Internacional a Mo\u00e7ambique","description":"Solidariedade Internacional a Mo\u00e7ambique","publisher":{"@id":"https:\/\/www.ongsim.org\/#organization"},"potentialAction":[{"@type":"SearchAction","target":{"@type":"EntryPoint","urlTemplate":"https:\/\/www.ongsim.org\/?s={search_term_string}"},"query-input":{"@type":"PropertyValueSpecification","valueRequired":true,"valueName":"search_term_string"}}],"inLanguage":"pt-PT"},{"@type":"Organization","@id":"https:\/\/www.ongsim.org\/#organization","name":"Solidariedade Internacional a Mo\u00e7ambique","url":"https:\/\/www.ongsim.org\/","logo":{"@type":"ImageObject","inLanguage":"pt-PT","@id":"https:\/\/www.ongsim.org\/#\/schema\/logo\/image\/","url":"http:\/\/ongsim.org\/wp-content\/uploads\/2020\/03\/logo-sim-2_branco_site.png","contentUrl":"http:\/\/ongsim.org\/wp-content\/uploads\/2020\/03\/logo-sim-2_branco_site.png","width":300,"height":300,"caption":"Solidariedade Internacional a Mo\u00e7ambique"},"image":{"@id":"https:\/\/www.ongsim.org\/#\/schema\/logo\/image\/"},"sameAs":["https:\/\/www.facebook.com\/ONG.SIM.MOCAMBIQUE\/?ref=ts","https:\/\/www.instagram.com\/sim.mocambique\/","https:\/\/www.youtube.com\/channel\/UCcLb9BZr3RC9gZ57W-0eebA"]}]}},"jetpack_sharing_enabled":true,"_links":{"self":[{"href":"\/index.php\/wp-json\/wp\/v2\/pages\/494","targetHints":{"allow":["GET"]}}],"collection":[{"href":"\/index.php\/wp-json\/wp\/v2\/pages"}],"about":[{"href":"\/index.php\/wp-json\/wp\/v2\/types\/page"}],"author":[{"embeddable":true,"href":"\/index.php\/wp-json\/wp\/v2\/users\/1"}],"replies":[{"embeddable":true,"href":"\/index.php\/wp-json\/wp\/v2\/comments?post=494"}],"version-history":[{"count":1,"href":"\/index.php\/wp-json\/wp\/v2\/pages\/494\/revisions"}],"predecessor-version":[{"id":496,"href":"\/index.php\/wp-json\/wp\/v2\/pages\/494\/revisions\/496"}],"wp:attachment":[{"href":"\/index.php\/wp-json\/wp\/v2\/media?parent=494"}],"curies":[{"name":"wp","href":"https:\/\/api.w.org\/{rel}","templated":true}]}}