{"id":488,"date":"2019-09-27T15:22:51","date_gmt":"2019-09-27T15:22:51","guid":{"rendered":"http:\/\/172.17.194.93\/wordpress\/?page_id=488"},"modified":"2019-09-27T15:22:51","modified_gmt":"2019-09-27T15:22:51","slug":"subir-o-monte-kilimanjaro-ines-patrocinio","status":"publish","type":"page","link":"\/index.php\/subir-o-monte-kilimanjaro-ines-patrocinio\/","title":{"rendered":"Subir o Monte Kilimanjaro | In\u00eas Patroc\u00ednio"},"content":{"rendered":"\n<p>Projecto \u201cClimb for charity\u201d \u2013 uma caminhada pelas crian\u00e7as de Mo\u00e7ambique.<br>\n<br>\n&nbsp;<br>\n<br>\nTodos os anos, milhares de pessoas sobem ao Monte Kilimanjaro pelas suas\n pr\u00f3prias raz\u00f5es. Localizado na Tanz\u00e2nia, \u00e9 um dos 7 picos do Mundo e o \nmais alto de todo o Continente Africano. Surpreendentemente, apesar do \nseu grande nome e reputa\u00e7\u00e3o, quase qualquer pessoa razoavelmente em \nforma conseguir\u00e1 subi-lo.<br>\n<br>\nO desafio em subir o Monte Kilimanjaro surgiu-me atrav\u00e9s da ideia em \naliar o trabalho de solidariedade a um bom desafio e aventura. Atrav\u00e9s \nde uma expedi\u00e7\u00e3o ao cume do Monte, pretendo angariar fundos para a ONG \nSIM, legalizada em Portugal e em Mo\u00e7ambique, com quem trabalhei no Ver\u00e3o\n de 2012. A viagem \u00e9 planeada e organizada pela ag\u00eancia \u201cPeak Planet\u201d e<br>\ndecorrer\u00e1 entres os dias 20 e 27 de Julho &#8211; a subida ao cume ser\u00e1 feita em 6 dias.<br>\n<br>\nEste desafio, que ser\u00e1 feito atrav\u00e9s do caminho \u201cRongai Route\u201d, n\u00e3o s\u00f3 \nporporcionar\u00e1 desafios \u00fanicos ao longo da caminhada, como est\u00e1 a dar uma\n oportunidade para se fazer a diferen\u00e7a na vida de muitas crian\u00e7as que \nsem o apoio da \u201cSIM\u201d n\u00e3o teriam oportunidade de estudar. Todos os que \nquiserem acompanhar-me durante o precurso podem faz\u00ea-lo atrav\u00e9s da<br>\np\u00e1gina de Facebook, onde irei publicar actualiza\u00e7\u00f5es, v\u00eddeos e fotografias!<br>\n<br>\nConto com a ajuda de todos que quiserem participar neste projecto!<br>\n<br>\nSer\u00e1 uma caminhada que me marcar\u00e1 para a toda vida e tamb\u00e9m a de todos \naqueles que ajudarem estas crian\u00e7as a atingir o \u201ctopo\u201d! Estamos juntos \nnesta escalada para um Mundo melhor!<\/p>\n\n\n\n<p>Veja e fa\u00e7a o Download <a target=\"_blank\" href=\"https:\/site\/upload\/kilimanjaro_project.pdf\" rel=\"noreferrer noopener\"><strong>aqui<\/strong><\/a>.<\/p>\n","protected":false},"excerpt":{"rendered":"<p>Projecto \u201cClimb for charity\u201d \u2013 uma caminhada pelas crian\u00e7as de Mo\u00e7ambique. &nbsp; Todos os anos, milhares de pessoas sobem ao Monte Kilimanjaro pelas suas pr\u00f3prias raz\u00f5es. Localizado na Tanz\u00e2nia, \u00e9 um dos 7 picos do Mundo e o mais alto de todo o Continente Africano. Surpreendentemente, apesar do seu grande nome e reputa\u00e7\u00e3o, quase qualquer&#8230; <a class=\"more-link\" href=\"\/index.php\/subir-o-monte-kilimanjaro-ines-patrocinio\/#more-488\">Continue Reading &rarr;<\/a><\/p>\n","protected":false},"author":1,"featured_media":0,"parent":0,"menu_order":0,"comment_status":"closed","ping_status":"closed","template":"","meta":{"ngg_post_thumbnail":0,"footnotes":""},"class_list":["post-488","page","type-page","status-publish","hentry","clear"],"yoast_head":"<!-- This site is optimized with the Yoast SEO plugin v27.2 - https:\/\/yoast.com\/product\/yoast-seo-wordpress\/ -->\n<title>Subir o Monte Kilimanjaro | In\u00eas Patroc\u00ednio - Solidariedade Internacional a Mo\u00e7ambique<\/title>\n<meta name=\"robots\" content=\"index, follow, max-snippet:-1, max-image-preview:large, max-video-preview:-1\" \/>\n<link rel=\"canonical\" href=\"\/index.php\/subir-o-monte-kilimanjaro-ines-patrocinio\/\" \/>\n<meta property=\"og:locale\" content=\"pt_PT\" \/>\n<meta property=\"og:type\" content=\"article\" \/>\n<meta property=\"og:title\" content=\"Subir o Monte Kilimanjaro | In\u00eas Patroc\u00ednio - Solidariedade Internacional a Mo\u00e7ambique\" \/>\n<meta property=\"og:description\" content=\"Projecto \u201cClimb for charity\u201d \u2013 uma caminhada pelas crian\u00e7as de Mo\u00e7ambique. &nbsp; Todos os anos, milhares de pessoas sobem ao Monte Kilimanjaro pelas suas pr\u00f3prias raz\u00f5es. Localizado na Tanz\u00e2nia, \u00e9 um dos 7 picos do Mundo e o mais alto de todo o Continente Africano. Surpreendentemente, apesar do seu grande nome e reputa\u00e7\u00e3o, quase qualquer... Continue Reading &rarr;\" \/>\n<meta property=\"og:url\" content=\"\/index.php\/subir-o-monte-kilimanjaro-ines-patrocinio\/\" \/>\n<meta property=\"og:site_name\" content=\"Solidariedade Internacional a Mo\u00e7ambique\" \/>\n<meta property=\"article:publisher\" content=\"https:\/\/www.facebook.com\/ONG.SIM.MOCAMBIQUE\/?ref=ts\" \/>\n<meta name=\"twitter:card\" content=\"summary_large_image\" \/>\n<meta name=\"twitter:label1\" content=\"Tempo estimado de leitura\" \/>\n\t<meta name=\"twitter:data1\" content=\"1 minuto\" \/>\n<script type=\"application\/ld+json\" class=\"yoast-schema-graph\">{\"@context\":\"https:\/\/schema.org\",\"@graph\":[{\"@type\":\"WebPage\",\"@id\":\"\/index.php\/subir-o-monte-kilimanjaro-ines-patrocinio\/\",\"url\":\"\/index.php\/subir-o-monte-kilimanjaro-ines-patrocinio\/\",\"name\":\"Subir o Monte Kilimanjaro | In\u00eas Patroc\u00ednio - Solidariedade Internacional a Mo\u00e7ambique\",\"isPartOf\":{\"@id\":\"https:\/\/www.ongsim.org\/#website\"},\"datePublished\":\"2019-09-27T15:22:51+00:00\",\"breadcrumb\":{\"@id\":\"\/index.php\/subir-o-monte-kilimanjaro-ines-patrocinio\/#breadcrumb\"},\"inLanguage\":\"pt-PT\",\"potentialAction\":[{\"@type\":\"ReadAction\",\"target\":[\"\/index.php\/subir-o-monte-kilimanjaro-ines-patrocinio\/\"]}]},{\"@type\":\"BreadcrumbList\",\"@id\":\"\/index.php\/subir-o-monte-kilimanjaro-ines-patrocinio\/#breadcrumb\",\"itemListElement\":[{\"@type\":\"ListItem\",\"position\":1,\"name\":\"In\u00edcio\",\"item\":\"https:\/\/www.ongsim.org\/\"},{\"@type\":\"ListItem\",\"position\":2,\"name\":\"Subir o Monte Kilimanjaro | In\u00eas Patroc\u00ednio\"}]},{\"@type\":\"WebSite\",\"@id\":\"https:\/\/www.ongsim.org\/#website\",\"url\":\"https:\/\/www.ongsim.org\/\",\"name\":\"Solidariedade Internacional a Mo\u00e7ambique\",\"description\":\"Solidariedade Internacional a Mo\u00e7ambique\",\"publisher\":{\"@id\":\"https:\/\/www.ongsim.org\/#organization\"},\"potentialAction\":[{\"@type\":\"SearchAction\",\"target\":{\"@type\":\"EntryPoint\",\"urlTemplate\":\"https:\/\/www.ongsim.org\/?s={search_term_string}\"},\"query-input\":{\"@type\":\"PropertyValueSpecification\",\"valueRequired\":true,\"valueName\":\"search_term_string\"}}],\"inLanguage\":\"pt-PT\"},{\"@type\":\"Organization\",\"@id\":\"https:\/\/www.ongsim.org\/#organization\",\"name\":\"Solidariedade Internacional a Mo\u00e7ambique\",\"url\":\"https:\/\/www.ongsim.org\/\",\"logo\":{\"@type\":\"ImageObject\",\"inLanguage\":\"pt-PT\",\"@id\":\"https:\/\/www.ongsim.org\/#\/schema\/logo\/image\/\",\"url\":\"http:\/\/ongsim.org\/wp-content\/uploads\/2020\/03\/logo-sim-2_branco_site.png\",\"contentUrl\":\"http:\/\/ongsim.org\/wp-content\/uploads\/2020\/03\/logo-sim-2_branco_site.png\",\"width\":300,\"height\":300,\"caption\":\"Solidariedade Internacional a Mo\u00e7ambique\"},\"image\":{\"@id\":\"https:\/\/www.ongsim.org\/#\/schema\/logo\/image\/\"},\"sameAs\":[\"https:\/\/www.facebook.com\/ONG.SIM.MOCAMBIQUE\/?ref=ts\",\"https:\/\/www.instagram.com\/sim.mocambique\/\",\"https:\/\/www.youtube.com\/channel\/UCcLb9BZr3RC9gZ57W-0eebA\"]}]}<\/script>\n<!-- \/ Yoast SEO plugin. -->","yoast_head_json":{"title":"Subir o Monte Kilimanjaro | In\u00eas Patroc\u00ednio - Solidariedade Internacional a Mo\u00e7ambique","robots":{"index":"index","follow":"follow","max-snippet":"max-snippet:-1","max-image-preview":"max-image-preview:large","max-video-preview":"max-video-preview:-1"},"canonical":"\/index.php\/subir-o-monte-kilimanjaro-ines-patrocinio\/","og_locale":"pt_PT","og_type":"article","og_title":"Subir o Monte Kilimanjaro | In\u00eas Patroc\u00ednio - Solidariedade Internacional a Mo\u00e7ambique","og_description":"Projecto \u201cClimb for charity\u201d \u2013 uma caminhada pelas crian\u00e7as de Mo\u00e7ambique. &nbsp; Todos os anos, milhares de pessoas sobem ao Monte Kilimanjaro pelas suas pr\u00f3prias raz\u00f5es. Localizado na Tanz\u00e2nia, \u00e9 um dos 7 picos do Mundo e o mais alto de todo o Continente Africano. Surpreendentemente, apesar do seu grande nome e reputa\u00e7\u00e3o, quase qualquer... Continue Reading &rarr;","og_url":"\/index.php\/subir-o-monte-kilimanjaro-ines-patrocinio\/","og_site_name":"Solidariedade Internacional a Mo\u00e7ambique","article_publisher":"https:\/\/www.facebook.com\/ONG.SIM.MOCAMBIQUE\/?ref=ts","twitter_card":"summary_large_image","twitter_misc":{"Tempo estimado de leitura":"1 minuto"},"schema":{"@context":"https:\/\/schema.org","@graph":[{"@type":"WebPage","@id":"\/index.php\/subir-o-monte-kilimanjaro-ines-patrocinio\/","url":"\/index.php\/subir-o-monte-kilimanjaro-ines-patrocinio\/","name":"Subir o Monte Kilimanjaro | In\u00eas Patroc\u00ednio - Solidariedade Internacional a Mo\u00e7ambique","isPartOf":{"@id":"https:\/\/www.ongsim.org\/#website"},"datePublished":"2019-09-27T15:22:51+00:00","breadcrumb":{"@id":"\/index.php\/subir-o-monte-kilimanjaro-ines-patrocinio\/#breadcrumb"},"inLanguage":"pt-PT","potentialAction":[{"@type":"ReadAction","target":["\/index.php\/subir-o-monte-kilimanjaro-ines-patrocinio\/"]}]},{"@type":"BreadcrumbList","@id":"\/index.php\/subir-o-monte-kilimanjaro-ines-patrocinio\/#breadcrumb","itemListElement":[{"@type":"ListItem","position":1,"name":"In\u00edcio","item":"https:\/\/www.ongsim.org\/"},{"@type":"ListItem","position":2,"name":"Subir o Monte Kilimanjaro | In\u00eas Patroc\u00ednio"}]},{"@type":"WebSite","@id":"https:\/\/www.ongsim.org\/#website","url":"https:\/\/www.ongsim.org\/","name":"Solidariedade Internacional a Mo\u00e7ambique","description":"Solidariedade Internacional a Mo\u00e7ambique","publisher":{"@id":"https:\/\/www.ongsim.org\/#organization"},"potentialAction":[{"@type":"SearchAction","target":{"@type":"EntryPoint","urlTemplate":"https:\/\/www.ongsim.org\/?s={search_term_string}"},"query-input":{"@type":"PropertyValueSpecification","valueRequired":true,"valueName":"search_term_string"}}],"inLanguage":"pt-PT"},{"@type":"Organization","@id":"https:\/\/www.ongsim.org\/#organization","name":"Solidariedade Internacional a Mo\u00e7ambique","url":"https:\/\/www.ongsim.org\/","logo":{"@type":"ImageObject","inLanguage":"pt-PT","@id":"https:\/\/www.ongsim.org\/#\/schema\/logo\/image\/","url":"http:\/\/ongsim.org\/wp-content\/uploads\/2020\/03\/logo-sim-2_branco_site.png","contentUrl":"http:\/\/ongsim.org\/wp-content\/uploads\/2020\/03\/logo-sim-2_branco_site.png","width":300,"height":300,"caption":"Solidariedade Internacional a Mo\u00e7ambique"},"image":{"@id":"https:\/\/www.ongsim.org\/#\/schema\/logo\/image\/"},"sameAs":["https:\/\/www.facebook.com\/ONG.SIM.MOCAMBIQUE\/?ref=ts","https:\/\/www.instagram.com\/sim.mocambique\/","https:\/\/www.youtube.com\/channel\/UCcLb9BZr3RC9gZ57W-0eebA"]}]}},"jetpack_sharing_enabled":true,"_links":{"self":[{"href":"\/index.php\/wp-json\/wp\/v2\/pages\/488","targetHints":{"allow":["GET"]}}],"collection":[{"href":"\/index.php\/wp-json\/wp\/v2\/pages"}],"about":[{"href":"\/index.php\/wp-json\/wp\/v2\/types\/page"}],"author":[{"embeddable":true,"href":"\/index.php\/wp-json\/wp\/v2\/users\/1"}],"replies":[{"embeddable":true,"href":"\/index.php\/wp-json\/wp\/v2\/comments?post=488"}],"version-history":[{"count":1,"href":"\/index.php\/wp-json\/wp\/v2\/pages\/488\/revisions"}],"predecessor-version":[{"id":490,"href":"\/index.php\/wp-json\/wp\/v2\/pages\/488\/revisions\/490"}],"wp:attachment":[{"href":"\/index.php\/wp-json\/wp\/v2\/media?parent=488"}],"curies":[{"name":"wp","href":"https:\/\/api.w.org\/{rel}","templated":true}]}}