{"id":479,"date":"2019-09-27T15:18:50","date_gmt":"2019-09-27T15:18:50","guid":{"rendered":"http:\/\/172.17.194.93\/wordpress\/?page_id=479"},"modified":"2019-09-27T15:18:50","modified_gmt":"2019-09-27T15:18:50","slug":"dia-da-crianca-2013","status":"publish","type":"page","link":"\/index.php\/dia-da-crianca-2013\/","title":{"rendered":"Dia da Crian\u00e7a 2013"},"content":{"rendered":"\n<p>Sendo hoje dia 1 de junho, dia da crian\u00e7a, os estudantes da UCM  (Universidade Cat\u00f3lica de Mo\u00e7ambique), fizeram-se representar em algumas  actividades realizadas pelas miss\u00f5es Cat\u00f3licas com o objectivo de  oferecer um lanche a crian\u00e7as necessitadas. Crian\u00e7as que, as suas  familias, n\u00e3o t\u00eam a possibilidade de ter nem uma refei\u00e7\u00e3o num dia t\u00e3o  importante como este. Sendo assim, n\u00f3s do Nucleo Teri-Tesse,  particip\u00e1mos activamente nestas actividades, ajudando na organiza\u00e7\u00e3o e  na oferta de alguns produtos.<br> <br> Fui entrevistado por uma das emissoras da r\u00e1dio FM em Sofala, canal que  trata de assuntos relacionados com a igreja, deixando ficar os meus  parab\u00e9ns \u00e0s crian\u00e7as e desejei-lhes ainda tudo de bom para o seu futuro.<br> <br> Venho duma familia solid\u00e1ria, e fui ensinado a ajudar sempre, por isso,  participo neste tipo de actividades, como por exemplo com a ONGD SIM  (Solidariedade Internacional a Mo\u00e7ambique) que para al\u00e9m de formar os  meninos do norte da ilha do Bazaruto, ajuda tamb\u00e9m na mudan\u00e7a de  comportamento dos mesmos! Aprendemos assim, que temos que nos juntar \u00e0s  actividades solid\u00e1rias em qualquer parte do Mundo, por onde passamos!<br> <br> <\/p>\n\n\n\n<figure class=\"wp-block-image\"><img decoding=\"async\" src=\"https:\/site\/upload\/424609_546225252086624_1719455387_n.jpg\" alt=\"\"\/><\/figure>\n\n\n\n<p><br> Pedro Maluane (Bolseiro)<\/p>\n","protected":false},"excerpt":{"rendered":"<p>Sendo hoje dia 1 de junho, dia da crian\u00e7a, os estudantes da UCM (Universidade Cat\u00f3lica de Mo\u00e7ambique), fizeram-se representar em algumas actividades realizadas pelas miss\u00f5es Cat\u00f3licas com o objectivo de oferecer um lanche a crian\u00e7as necessitadas. Crian\u00e7as que, as suas familias, n\u00e3o t\u00eam a possibilidade de ter nem uma refei\u00e7\u00e3o num dia t\u00e3o importante como&#8230; <a class=\"more-link\" href=\"\/index.php\/dia-da-crianca-2013\/#more-479\">Continue Reading &rarr;<\/a><\/p>\n","protected":false},"author":1,"featured_media":0,"parent":0,"menu_order":0,"comment_status":"closed","ping_status":"closed","template":"","meta":{"ngg_post_thumbnail":0,"footnotes":""},"class_list":["post-479","page","type-page","status-publish","hentry","clear"],"yoast_head":"<!-- This site is optimized with the Yoast SEO plugin v27.2 - https:\/\/yoast.com\/product\/yoast-seo-wordpress\/ -->\n<title>Dia da Crian\u00e7a 2013 - Solidariedade Internacional a Mo\u00e7ambique<\/title>\n<meta name=\"robots\" content=\"index, follow, max-snippet:-1, max-image-preview:large, max-video-preview:-1\" \/>\n<link rel=\"canonical\" href=\"\/index.php\/dia-da-crianca-2013\/\" \/>\n<meta property=\"og:locale\" content=\"pt_PT\" \/>\n<meta property=\"og:type\" content=\"article\" \/>\n<meta property=\"og:title\" content=\"Dia da Crian\u00e7a 2013 - Solidariedade Internacional a Mo\u00e7ambique\" \/>\n<meta property=\"og:description\" content=\"Sendo hoje dia 1 de junho, dia da crian\u00e7a, os estudantes da UCM (Universidade Cat\u00f3lica de Mo\u00e7ambique), fizeram-se representar em algumas actividades realizadas pelas miss\u00f5es Cat\u00f3licas com o objectivo de oferecer um lanche a crian\u00e7as necessitadas. Crian\u00e7as que, as suas familias, n\u00e3o t\u00eam a possibilidade de ter nem uma refei\u00e7\u00e3o num dia t\u00e3o importante como... Continue Reading &rarr;\" \/>\n<meta property=\"og:url\" content=\"\/index.php\/dia-da-crianca-2013\/\" \/>\n<meta property=\"og:site_name\" content=\"Solidariedade Internacional a Mo\u00e7ambique\" \/>\n<meta property=\"article:publisher\" content=\"https:\/\/www.facebook.com\/ONG.SIM.MOCAMBIQUE\/?ref=ts\" \/>\n<meta name=\"twitter:card\" content=\"summary_large_image\" \/>\n<meta name=\"twitter:label1\" content=\"Tempo estimado de leitura\" \/>\n\t<meta name=\"twitter:data1\" content=\"1 minuto\" \/>\n<script type=\"application\/ld+json\" class=\"yoast-schema-graph\">{\"@context\":\"https:\/\/schema.org\",\"@graph\":[{\"@type\":\"WebPage\",\"@id\":\"\/index.php\/dia-da-crianca-2013\/\",\"url\":\"\/index.php\/dia-da-crianca-2013\/\",\"name\":\"Dia da Crian\u00e7a 2013 - Solidariedade Internacional a Mo\u00e7ambique\",\"isPartOf\":{\"@id\":\"https:\/\/www.ongsim.org\/#website\"},\"datePublished\":\"2019-09-27T15:18:50+00:00\",\"breadcrumb\":{\"@id\":\"\/index.php\/dia-da-crianca-2013\/#breadcrumb\"},\"inLanguage\":\"pt-PT\",\"potentialAction\":[{\"@type\":\"ReadAction\",\"target\":[\"\/index.php\/dia-da-crianca-2013\/\"]}]},{\"@type\":\"BreadcrumbList\",\"@id\":\"\/index.php\/dia-da-crianca-2013\/#breadcrumb\",\"itemListElement\":[{\"@type\":\"ListItem\",\"position\":1,\"name\":\"In\u00edcio\",\"item\":\"https:\/\/www.ongsim.org\/\"},{\"@type\":\"ListItem\",\"position\":2,\"name\":\"Dia da Crian\u00e7a 2013\"}]},{\"@type\":\"WebSite\",\"@id\":\"https:\/\/www.ongsim.org\/#website\",\"url\":\"https:\/\/www.ongsim.org\/\",\"name\":\"Solidariedade Internacional a Mo\u00e7ambique\",\"description\":\"Solidariedade Internacional a Mo\u00e7ambique\",\"publisher\":{\"@id\":\"https:\/\/www.ongsim.org\/#organization\"},\"potentialAction\":[{\"@type\":\"SearchAction\",\"target\":{\"@type\":\"EntryPoint\",\"urlTemplate\":\"https:\/\/www.ongsim.org\/?s={search_term_string}\"},\"query-input\":{\"@type\":\"PropertyValueSpecification\",\"valueRequired\":true,\"valueName\":\"search_term_string\"}}],\"inLanguage\":\"pt-PT\"},{\"@type\":\"Organization\",\"@id\":\"https:\/\/www.ongsim.org\/#organization\",\"name\":\"Solidariedade Internacional a Mo\u00e7ambique\",\"url\":\"https:\/\/www.ongsim.org\/\",\"logo\":{\"@type\":\"ImageObject\",\"inLanguage\":\"pt-PT\",\"@id\":\"https:\/\/www.ongsim.org\/#\/schema\/logo\/image\/\",\"url\":\"http:\/\/ongsim.org\/wp-content\/uploads\/2020\/03\/logo-sim-2_branco_site.png\",\"contentUrl\":\"http:\/\/ongsim.org\/wp-content\/uploads\/2020\/03\/logo-sim-2_branco_site.png\",\"width\":300,\"height\":300,\"caption\":\"Solidariedade Internacional a Mo\u00e7ambique\"},\"image\":{\"@id\":\"https:\/\/www.ongsim.org\/#\/schema\/logo\/image\/\"},\"sameAs\":[\"https:\/\/www.facebook.com\/ONG.SIM.MOCAMBIQUE\/?ref=ts\",\"https:\/\/www.instagram.com\/sim.mocambique\/\",\"https:\/\/www.youtube.com\/channel\/UCcLb9BZr3RC9gZ57W-0eebA\"]}]}<\/script>\n<!-- \/ Yoast SEO plugin. -->","yoast_head_json":{"title":"Dia da Crian\u00e7a 2013 - Solidariedade Internacional a Mo\u00e7ambique","robots":{"index":"index","follow":"follow","max-snippet":"max-snippet:-1","max-image-preview":"max-image-preview:large","max-video-preview":"max-video-preview:-1"},"canonical":"\/index.php\/dia-da-crianca-2013\/","og_locale":"pt_PT","og_type":"article","og_title":"Dia da Crian\u00e7a 2013 - Solidariedade Internacional a Mo\u00e7ambique","og_description":"Sendo hoje dia 1 de junho, dia da crian\u00e7a, os estudantes da UCM (Universidade Cat\u00f3lica de Mo\u00e7ambique), fizeram-se representar em algumas actividades realizadas pelas miss\u00f5es Cat\u00f3licas com o objectivo de oferecer um lanche a crian\u00e7as necessitadas. Crian\u00e7as que, as suas familias, n\u00e3o t\u00eam a possibilidade de ter nem uma refei\u00e7\u00e3o num dia t\u00e3o importante como... Continue Reading &rarr;","og_url":"\/index.php\/dia-da-crianca-2013\/","og_site_name":"Solidariedade Internacional a Mo\u00e7ambique","article_publisher":"https:\/\/www.facebook.com\/ONG.SIM.MOCAMBIQUE\/?ref=ts","twitter_card":"summary_large_image","twitter_misc":{"Tempo estimado de leitura":"1 minuto"},"schema":{"@context":"https:\/\/schema.org","@graph":[{"@type":"WebPage","@id":"\/index.php\/dia-da-crianca-2013\/","url":"\/index.php\/dia-da-crianca-2013\/","name":"Dia da Crian\u00e7a 2013 - Solidariedade Internacional a Mo\u00e7ambique","isPartOf":{"@id":"https:\/\/www.ongsim.org\/#website"},"datePublished":"2019-09-27T15:18:50+00:00","breadcrumb":{"@id":"\/index.php\/dia-da-crianca-2013\/#breadcrumb"},"inLanguage":"pt-PT","potentialAction":[{"@type":"ReadAction","target":["\/index.php\/dia-da-crianca-2013\/"]}]},{"@type":"BreadcrumbList","@id":"\/index.php\/dia-da-crianca-2013\/#breadcrumb","itemListElement":[{"@type":"ListItem","position":1,"name":"In\u00edcio","item":"https:\/\/www.ongsim.org\/"},{"@type":"ListItem","position":2,"name":"Dia da Crian\u00e7a 2013"}]},{"@type":"WebSite","@id":"https:\/\/www.ongsim.org\/#website","url":"https:\/\/www.ongsim.org\/","name":"Solidariedade Internacional a Mo\u00e7ambique","description":"Solidariedade Internacional a Mo\u00e7ambique","publisher":{"@id":"https:\/\/www.ongsim.org\/#organization"},"potentialAction":[{"@type":"SearchAction","target":{"@type":"EntryPoint","urlTemplate":"https:\/\/www.ongsim.org\/?s={search_term_string}"},"query-input":{"@type":"PropertyValueSpecification","valueRequired":true,"valueName":"search_term_string"}}],"inLanguage":"pt-PT"},{"@type":"Organization","@id":"https:\/\/www.ongsim.org\/#organization","name":"Solidariedade Internacional a Mo\u00e7ambique","url":"https:\/\/www.ongsim.org\/","logo":{"@type":"ImageObject","inLanguage":"pt-PT","@id":"https:\/\/www.ongsim.org\/#\/schema\/logo\/image\/","url":"http:\/\/ongsim.org\/wp-content\/uploads\/2020\/03\/logo-sim-2_branco_site.png","contentUrl":"http:\/\/ongsim.org\/wp-content\/uploads\/2020\/03\/logo-sim-2_branco_site.png","width":300,"height":300,"caption":"Solidariedade Internacional a Mo\u00e7ambique"},"image":{"@id":"https:\/\/www.ongsim.org\/#\/schema\/logo\/image\/"},"sameAs":["https:\/\/www.facebook.com\/ONG.SIM.MOCAMBIQUE\/?ref=ts","https:\/\/www.instagram.com\/sim.mocambique\/","https:\/\/www.youtube.com\/channel\/UCcLb9BZr3RC9gZ57W-0eebA"]}]}},"jetpack_sharing_enabled":true,"_links":{"self":[{"href":"\/index.php\/wp-json\/wp\/v2\/pages\/479","targetHints":{"allow":["GET"]}}],"collection":[{"href":"\/index.php\/wp-json\/wp\/v2\/pages"}],"about":[{"href":"\/index.php\/wp-json\/wp\/v2\/types\/page"}],"author":[{"embeddable":true,"href":"\/index.php\/wp-json\/wp\/v2\/users\/1"}],"replies":[{"embeddable":true,"href":"\/index.php\/wp-json\/wp\/v2\/comments?post=479"}],"version-history":[{"count":1,"href":"\/index.php\/wp-json\/wp\/v2\/pages\/479\/revisions"}],"predecessor-version":[{"id":481,"href":"\/index.php\/wp-json\/wp\/v2\/pages\/479\/revisions\/481"}],"wp:attachment":[{"href":"\/index.php\/wp-json\/wp\/v2\/media?parent=479"}],"curies":[{"name":"wp","href":"https:\/\/api.w.org\/{rel}","templated":true}]}}