{"id":476,"date":"2019-09-27T15:14:22","date_gmt":"2019-09-27T15:14:22","guid":{"rendered":"http:\/\/172.17.194.93\/wordpress\/?page_id=476"},"modified":"2019-09-27T15:14:22","modified_gmt":"2019-09-27T15:14:22","slug":"dia-da-mae-2013","status":"publish","type":"page","link":"\/index.php\/dia-da-mae-2013\/","title":{"rendered":"Dia da M\u00e3e 2013"},"content":{"rendered":"\n<p><strong>Mo\u00e7ambique, 5 de maio de 2013<\/strong><\/p>\n\n\n\n<p>Mensagem dirigida \u00e0 M\u00e3e Carmo pelos:<\/p>\n\n\n\n<p>Bolseiros do LAR-SIM, Solidariedade Internacional a Mo\u00e7ambique, (Inhassoro)<br>\nCrian\u00e7as da Escola de Sitone, (Norte da Ilha do Bazaruto)<br>\nE, seus filhos queridos Arnaldo, Manecas, Jornal, Caetano, Ernesto, Xadreque, Mateus, Pedro, Manuel, Jo\u00e3o e Cansado.<\/p>\n\n\n\n<p>&#8220;M\u00e3e, hoje \u00e9 o dia Internacional da M\u00e3e! \u00c9 um dia que merece especialmente a nossa aten\u00e7\u00e3o.<br>\nM\u00e3e, nossa M\u00e3e, uma M\u00e3e que adora e \u00e9 adorada pelos seus filhos, querida e incompar\u00e1vel.<br>\nHoje dia 5 de Maio de 2013, \u00e9 um dia delicado a todas M\u00e3es do Mundo, \nqueremos dizer bem alto que a M\u00e3e Carmo \u00e9 a nossa querida M\u00e3e e a melhor\n M\u00e3e do Mundo.<br>\n\u00c9 preciso saber que n\u00f3s, temos consci\u00eancia de que sem a M\u00e3e Carmo n\u00f3s \nn\u00e3o existir\u00edamos. Estamos cada vez mais iluminados pelos raios solares \nque a M\u00e3e nos proporciona, no nosso dia-a-dia.<br>\nQueremos aproveitar este momento para agradecer muito todo o seu \nesfor\u00e7o, e fazer o Mundo sentir que a M\u00e3e Carmo acolheu e assumiu a \nresponsabilidade de tantos filhos, garantindo sempre a sua subsist\u00eancia,\n com o seu pr\u00f3prio dinheiro.&#8221;<\/p>\n\n\n\n<p>CRIAN\u00c7AS DE SITONE:<\/p>\n\n\n\n<p>\u201cM\u00e3e Carmo, queremos agradecer do fundo do nosso cora\u00e7\u00e3o o esfor\u00e7o, a\n dedica\u00e7\u00e3o e o empenho que sempre tem para garantir a melhoria das \nnossas vidas e da vida dos nossos familiares, hoje, n\u00f3s somos as \ncrian\u00e7as mais alegres do Mundo, e nos sentimos mais aconchegadas. \u00c9 a \nM\u00e3e que merece e merecer\u00e1 tudo de n\u00f3s. Feliz dia da M\u00e3e\u201d.<\/p>\n\n\n\n<p>BOLSEIROS DE INHASSORO (LAR-SIM):<\/p>\n\n\n\n<p>\u201c N\u00f3s bolseiros, tanto as Mulheres como os Homens, somos pessoas que a\n cada dia que passa, nos tornamos mais fortes e maduros. A M\u00e3e Carmo \u00e9 \nquem garante esse nosso crescimento e maturidade, trouxe-nos toda a \nfelicidade neste planeta. Tudo o que fazemos, e o que somos hoje, \u00e9 \ngra\u00e7as ao seu esfor\u00e7o. A nossa felicidade depende totalmente de si. \nFeliz dia da M\u00e3e\u201d.<\/p>\n\n\n\n<p>FILHOS QUERIDOS:<\/p>\n\n\n\n<p>\u201c Parab\u00e9ns M\u00e3e Carmo, uma M\u00e3e que merece todo o nosso reconhecimento e\n o nosso respeito, uma M\u00e3e que nos enche de carinho. \u00c9 com tanto \nesfor\u00e7o, empenho e dedica\u00e7\u00e3o que consegue claramente assegurar a \nprotec\u00e7\u00e3o e a seguran\u00e7a alimentar dos seus filhos e fam\u00edlias. Muitas \nfelicidades e tudo de bom. Feliz dia da M\u00e3e\u201d.<\/p>\n\n\n\n<p>PEDRO MALUANE:<\/p>\n\n\n\n<p>&#8220;Desejo \u00e0 M\u00e3e Carmo, e a todas M\u00e3es da fam\u00edlia Jardim, &#8216;um feliz dia da M\u00e3e&#8217;.<br>\nM\u00e3e Carmo, desejo-lhe muita sa\u00fade, coragem, muita for\u00e7a e que continue \nsendo uma M\u00e3e que todos admiram e sempre admiraram. Estou tamb\u00e9m muito \nfeliz pelas palavras dos meus irm\u00e3os. \u00c9 muito bonito ouvir o \nreconhecimento e sentir os cora\u00e7\u00f5es de todos nestes testemunhos. Eu, \ntenho-a sempre no meu cora\u00e7\u00e3o. Eu amo-a muito minha querida M\u00e3e. \u00c9 a M\u00e3e\n mais bela do Mundo. Feliz dia da M\u00e3e.&#8221;<\/p>\n\n\n\n<figure class=\"wp-block-image\"><img decoding=\"async\" src=\"https:\/site\/upload\/image\/Noticias\/Dia%20da%20m%C3%A3e_n.jpg\" alt=\"\"\/><\/figure>\n","protected":false},"excerpt":{"rendered":"<p>Mo\u00e7ambique, 5 de maio de 2013 Mensagem dirigida \u00e0 M\u00e3e Carmo pelos: Bolseiros do LAR-SIM, Solidariedade Internacional a Mo\u00e7ambique, (Inhassoro) Crian\u00e7as da Escola de Sitone, (Norte da Ilha do Bazaruto) E, seus filhos queridos Arnaldo, Manecas, Jornal, Caetano, Ernesto, Xadreque, Mateus, Pedro, Manuel, Jo\u00e3o e Cansado. &#8220;M\u00e3e, hoje \u00e9 o dia Internacional da M\u00e3e! \u00c9&#8230; <a class=\"more-link\" href=\"\/index.php\/dia-da-mae-2013\/#more-476\">Continue Reading &rarr;<\/a><\/p>\n","protected":false},"author":1,"featured_media":0,"parent":0,"menu_order":0,"comment_status":"closed","ping_status":"closed","template":"","meta":{"ngg_post_thumbnail":0,"footnotes":""},"class_list":["post-476","page","type-page","status-publish","hentry","clear"],"yoast_head":"<!-- This site is optimized with the Yoast SEO plugin v27.2 - https:\/\/yoast.com\/product\/yoast-seo-wordpress\/ -->\n<title>Dia da M\u00e3e 2013 - Solidariedade Internacional a Mo\u00e7ambique<\/title>\n<meta name=\"robots\" content=\"index, follow, max-snippet:-1, max-image-preview:large, max-video-preview:-1\" \/>\n<link rel=\"canonical\" href=\"\/index.php\/dia-da-mae-2013\/\" \/>\n<meta property=\"og:locale\" content=\"pt_PT\" \/>\n<meta property=\"og:type\" content=\"article\" \/>\n<meta property=\"og:title\" content=\"Dia da M\u00e3e 2013 - Solidariedade Internacional a Mo\u00e7ambique\" \/>\n<meta property=\"og:description\" content=\"Mo\u00e7ambique, 5 de maio de 2013 Mensagem dirigida \u00e0 M\u00e3e Carmo pelos: Bolseiros do LAR-SIM, Solidariedade Internacional a Mo\u00e7ambique, (Inhassoro) Crian\u00e7as da Escola de Sitone, (Norte da Ilha do Bazaruto) E, seus filhos queridos Arnaldo, Manecas, Jornal, Caetano, Ernesto, Xadreque, Mateus, Pedro, Manuel, Jo\u00e3o e Cansado. &#8220;M\u00e3e, hoje \u00e9 o dia Internacional da M\u00e3e! \u00c9... Continue Reading &rarr;\" \/>\n<meta property=\"og:url\" content=\"\/index.php\/dia-da-mae-2013\/\" \/>\n<meta property=\"og:site_name\" content=\"Solidariedade Internacional a Mo\u00e7ambique\" \/>\n<meta property=\"article:publisher\" content=\"https:\/\/www.facebook.com\/ONG.SIM.MOCAMBIQUE\/?ref=ts\" \/>\n<meta name=\"twitter:card\" content=\"summary_large_image\" \/>\n<meta name=\"twitter:label1\" content=\"Tempo estimado de leitura\" \/>\n\t<meta name=\"twitter:data1\" content=\"3 minutos\" \/>\n<script type=\"application\/ld+json\" class=\"yoast-schema-graph\">{\"@context\":\"https:\/\/schema.org\",\"@graph\":[{\"@type\":\"WebPage\",\"@id\":\"\/index.php\/dia-da-mae-2013\/\",\"url\":\"\/index.php\/dia-da-mae-2013\/\",\"name\":\"Dia da M\u00e3e 2013 - Solidariedade Internacional a Mo\u00e7ambique\",\"isPartOf\":{\"@id\":\"https:\/\/www.ongsim.org\/#website\"},\"datePublished\":\"2019-09-27T15:14:22+00:00\",\"breadcrumb\":{\"@id\":\"\/index.php\/dia-da-mae-2013\/#breadcrumb\"},\"inLanguage\":\"pt-PT\",\"potentialAction\":[{\"@type\":\"ReadAction\",\"target\":[\"\/index.php\/dia-da-mae-2013\/\"]}]},{\"@type\":\"BreadcrumbList\",\"@id\":\"\/index.php\/dia-da-mae-2013\/#breadcrumb\",\"itemListElement\":[{\"@type\":\"ListItem\",\"position\":1,\"name\":\"In\u00edcio\",\"item\":\"https:\/\/www.ongsim.org\/\"},{\"@type\":\"ListItem\",\"position\":2,\"name\":\"Dia da M\u00e3e 2013\"}]},{\"@type\":\"WebSite\",\"@id\":\"https:\/\/www.ongsim.org\/#website\",\"url\":\"https:\/\/www.ongsim.org\/\",\"name\":\"Solidariedade Internacional a Mo\u00e7ambique\",\"description\":\"Solidariedade Internacional a Mo\u00e7ambique\",\"publisher\":{\"@id\":\"https:\/\/www.ongsim.org\/#organization\"},\"potentialAction\":[{\"@type\":\"SearchAction\",\"target\":{\"@type\":\"EntryPoint\",\"urlTemplate\":\"https:\/\/www.ongsim.org\/?s={search_term_string}\"},\"query-input\":{\"@type\":\"PropertyValueSpecification\",\"valueRequired\":true,\"valueName\":\"search_term_string\"}}],\"inLanguage\":\"pt-PT\"},{\"@type\":\"Organization\",\"@id\":\"https:\/\/www.ongsim.org\/#organization\",\"name\":\"Solidariedade Internacional a Mo\u00e7ambique\",\"url\":\"https:\/\/www.ongsim.org\/\",\"logo\":{\"@type\":\"ImageObject\",\"inLanguage\":\"pt-PT\",\"@id\":\"https:\/\/www.ongsim.org\/#\/schema\/logo\/image\/\",\"url\":\"http:\/\/ongsim.org\/wp-content\/uploads\/2020\/03\/logo-sim-2_branco_site.png\",\"contentUrl\":\"http:\/\/ongsim.org\/wp-content\/uploads\/2020\/03\/logo-sim-2_branco_site.png\",\"width\":300,\"height\":300,\"caption\":\"Solidariedade Internacional a Mo\u00e7ambique\"},\"image\":{\"@id\":\"https:\/\/www.ongsim.org\/#\/schema\/logo\/image\/\"},\"sameAs\":[\"https:\/\/www.facebook.com\/ONG.SIM.MOCAMBIQUE\/?ref=ts\",\"https:\/\/www.instagram.com\/sim.mocambique\/\",\"https:\/\/www.youtube.com\/channel\/UCcLb9BZr3RC9gZ57W-0eebA\"]}]}<\/script>\n<!-- \/ Yoast SEO plugin. -->","yoast_head_json":{"title":"Dia da M\u00e3e 2013 - Solidariedade Internacional a Mo\u00e7ambique","robots":{"index":"index","follow":"follow","max-snippet":"max-snippet:-1","max-image-preview":"max-image-preview:large","max-video-preview":"max-video-preview:-1"},"canonical":"\/index.php\/dia-da-mae-2013\/","og_locale":"pt_PT","og_type":"article","og_title":"Dia da M\u00e3e 2013 - Solidariedade Internacional a Mo\u00e7ambique","og_description":"Mo\u00e7ambique, 5 de maio de 2013 Mensagem dirigida \u00e0 M\u00e3e Carmo pelos: Bolseiros do LAR-SIM, Solidariedade Internacional a Mo\u00e7ambique, (Inhassoro) Crian\u00e7as da Escola de Sitone, (Norte da Ilha do Bazaruto) E, seus filhos queridos Arnaldo, Manecas, Jornal, Caetano, Ernesto, Xadreque, Mateus, Pedro, Manuel, Jo\u00e3o e Cansado. &#8220;M\u00e3e, hoje \u00e9 o dia Internacional da M\u00e3e! \u00c9... Continue Reading &rarr;","og_url":"\/index.php\/dia-da-mae-2013\/","og_site_name":"Solidariedade Internacional a Mo\u00e7ambique","article_publisher":"https:\/\/www.facebook.com\/ONG.SIM.MOCAMBIQUE\/?ref=ts","twitter_card":"summary_large_image","twitter_misc":{"Tempo estimado de leitura":"3 minutos"},"schema":{"@context":"https:\/\/schema.org","@graph":[{"@type":"WebPage","@id":"\/index.php\/dia-da-mae-2013\/","url":"\/index.php\/dia-da-mae-2013\/","name":"Dia da M\u00e3e 2013 - Solidariedade Internacional a Mo\u00e7ambique","isPartOf":{"@id":"https:\/\/www.ongsim.org\/#website"},"datePublished":"2019-09-27T15:14:22+00:00","breadcrumb":{"@id":"\/index.php\/dia-da-mae-2013\/#breadcrumb"},"inLanguage":"pt-PT","potentialAction":[{"@type":"ReadAction","target":["\/index.php\/dia-da-mae-2013\/"]}]},{"@type":"BreadcrumbList","@id":"\/index.php\/dia-da-mae-2013\/#breadcrumb","itemListElement":[{"@type":"ListItem","position":1,"name":"In\u00edcio","item":"https:\/\/www.ongsim.org\/"},{"@type":"ListItem","position":2,"name":"Dia da M\u00e3e 2013"}]},{"@type":"WebSite","@id":"https:\/\/www.ongsim.org\/#website","url":"https:\/\/www.ongsim.org\/","name":"Solidariedade Internacional a Mo\u00e7ambique","description":"Solidariedade Internacional a Mo\u00e7ambique","publisher":{"@id":"https:\/\/www.ongsim.org\/#organization"},"potentialAction":[{"@type":"SearchAction","target":{"@type":"EntryPoint","urlTemplate":"https:\/\/www.ongsim.org\/?s={search_term_string}"},"query-input":{"@type":"PropertyValueSpecification","valueRequired":true,"valueName":"search_term_string"}}],"inLanguage":"pt-PT"},{"@type":"Organization","@id":"https:\/\/www.ongsim.org\/#organization","name":"Solidariedade Internacional a Mo\u00e7ambique","url":"https:\/\/www.ongsim.org\/","logo":{"@type":"ImageObject","inLanguage":"pt-PT","@id":"https:\/\/www.ongsim.org\/#\/schema\/logo\/image\/","url":"http:\/\/ongsim.org\/wp-content\/uploads\/2020\/03\/logo-sim-2_branco_site.png","contentUrl":"http:\/\/ongsim.org\/wp-content\/uploads\/2020\/03\/logo-sim-2_branco_site.png","width":300,"height":300,"caption":"Solidariedade Internacional a Mo\u00e7ambique"},"image":{"@id":"https:\/\/www.ongsim.org\/#\/schema\/logo\/image\/"},"sameAs":["https:\/\/www.facebook.com\/ONG.SIM.MOCAMBIQUE\/?ref=ts","https:\/\/www.instagram.com\/sim.mocambique\/","https:\/\/www.youtube.com\/channel\/UCcLb9BZr3RC9gZ57W-0eebA"]}]}},"jetpack_sharing_enabled":true,"_links":{"self":[{"href":"\/index.php\/wp-json\/wp\/v2\/pages\/476","targetHints":{"allow":["GET"]}}],"collection":[{"href":"\/index.php\/wp-json\/wp\/v2\/pages"}],"about":[{"href":"\/index.php\/wp-json\/wp\/v2\/types\/page"}],"author":[{"embeddable":true,"href":"\/index.php\/wp-json\/wp\/v2\/users\/1"}],"replies":[{"embeddable":true,"href":"\/index.php\/wp-json\/wp\/v2\/comments?post=476"}],"version-history":[{"count":1,"href":"\/index.php\/wp-json\/wp\/v2\/pages\/476\/revisions"}],"predecessor-version":[{"id":478,"href":"\/index.php\/wp-json\/wp\/v2\/pages\/476\/revisions\/478"}],"wp:attachment":[{"href":"\/index.php\/wp-json\/wp\/v2\/media?parent=476"}],"curies":[{"name":"wp","href":"https:\/\/api.w.org\/{rel}","templated":true}]}}