{"id":472,"date":"2019-09-27T15:09:03","date_gmt":"2019-09-27T15:09:03","guid":{"rendered":"http:\/\/172.17.194.93\/wordpress\/?page_id=472"},"modified":"2019-09-27T15:09:03","modified_gmt":"2019-09-27T15:09:03","slug":"mais-uma-historia-de-sucesso-felisberto-recuperou-a-visao","status":"publish","type":"page","link":"\/index.php\/mais-uma-historia-de-sucesso-felisberto-recuperou-a-visao\/","title":{"rendered":"Mais uma hist\u00f3ria de sucesso | Felisberto recuperou a vis\u00e3o"},"content":{"rendered":"\n<p>Felisberto Ant\u00f3nio Licucu, \u00f3rf\u00e3o de Pai e M\u00e3e, natural do norte da \nIlha do Bazaruto, hoje, apenas conta na sua vida com a ajuda da ONGD \nSIM, Solidariedade Internacional a Mo\u00e7ambique, na qual deposita total \nconfian\u00e7a e esperan\u00e7a. O seu futuro depende da SIM.<\/p>\n\n\n\n<p>O Felizberto tem uma hist\u00f3ria para contar, desde h\u00e1 uns anos tem \nvindo a sofrer de graves problemas de vis\u00e3o. Um caso muito preocupante. \nCom a diferen\u00e7a de luzes, deixava de ver, para estudar \u00e1 noite e \ncompletar os trabalhos de casa, era um sarilho&#8230;<\/p>\n\n\n\n<p>Sem desanimar, mas muito preocupado veio falar comigo porque sou o \nchefe dos Bolseiros da ONGD SIM, e juntos pens\u00e1mos como poderiamos \nresolver este problema. Tom\u00e1mos uma decis\u00e3o, e fal\u00e1mos com a M\u00e3e Carmo.<\/p>\n\n\n\n<p><br>\nDe imediato a M\u00e3e Carmo sugeriu que o Felizberto fosse ter comigo \u00e0 \nBeira, onde estou a estudar no 2\u00ba ano de Direito na Universidade \nCat\u00f3lica, e que o ajudasse a resolver o problema, podendo contar com a \najuda total da ONGD SIM.<\/p>\n\n\n\n<p>Marquei uma consulta com uma especialista, aproveitando as f\u00e9rias de \nAbril e mal o Felizberto chegou \u00e1 Beira, fomos ao hospital da Ponta-Ge\u00e1,\n vulgo BO, onde foi efectuada a consulta com a Oftamologista, Dr\u00aa \n\u00c2ngela.<\/p>\n\n\n\n<p>Segundo a M\u00e9dica o problema era grave, ele estava prestes a perder a vis\u00e3o.<br>\nA Dr\u00aa. Angela receitou umas gotas oft\u00e1lmicas especiais como primeiro \ntratamento e que passasse a usar \u00f3culos, como uma das formas mais \nadequada para a resolu\u00e7\u00e3o do problema.<\/p>\n\n\n\n<p>Hoje o Felisberto, est\u00e1 muito feliz, j\u00e1 regressou para o Inhassoro \npara dar continuidade aos estudos. Est\u00e1 muito grato e promete \u00e0 M\u00e3e \nCarmo e \u00e0 ONGD SIM, que com estas melhorias vai estudar muito para \nalcan\u00e7ar bons resultados para, um dia, poder vir a ser m\u00e9dico na \nProv\u00edncia de Inhambane.<\/p>\n\n\n\n<p>M\u00e3e Carmo, n\u00e3o temos palavras para agradecer o seu esfor\u00e7o, sempre \nt\u00e3o grande, para que possamos melhorar a nossa sa\u00fade e tamb\u00e9m a ajuda \nque est\u00e1 sempre pronta a dar, a todos aqueles que precisam, para que \npossamos atingir os nossos objectivos.<\/p>\n\n\n\n<p>&#8220;Acreditem, Eu, Felizberto sou mais um caso de sucesso &#8211; recuperei a minha vis\u00e3o!&#8221;<\/p>\n\n\n\n<p>Pedro Maluane (Bolseiro)<\/p>\n\n\n\n<figure class=\"wp-block-image\"><img decoding=\"async\" src=\"https:\/site\/upload\/image\/Noticias\/felisberto%20recuperou%20vis%C3%A3o.jpg\" alt=\"\"\/><\/figure>\n\n\n\n<p>Tabonga Maningue! Tabonga!&nbsp;<\/p>\n","protected":false},"excerpt":{"rendered":"<p>Felisberto Ant\u00f3nio Licucu, \u00f3rf\u00e3o de Pai e M\u00e3e, natural do norte da Ilha do Bazaruto, hoje, apenas conta na sua vida com a ajuda da ONGD SIM, Solidariedade Internacional a Mo\u00e7ambique, na qual deposita total confian\u00e7a e esperan\u00e7a. O seu futuro depende da SIM. O Felizberto tem uma hist\u00f3ria para contar, desde h\u00e1 uns anos&#8230; <a class=\"more-link\" href=\"\/index.php\/mais-uma-historia-de-sucesso-felisberto-recuperou-a-visao\/#more-472\">Continue Reading &rarr;<\/a><\/p>\n","protected":false},"author":1,"featured_media":0,"parent":0,"menu_order":0,"comment_status":"closed","ping_status":"closed","template":"","meta":{"ngg_post_thumbnail":0,"footnotes":""},"class_list":["post-472","page","type-page","status-publish","hentry","clear"],"yoast_head":"<!-- This site is optimized with the Yoast SEO plugin v27.2 - https:\/\/yoast.com\/product\/yoast-seo-wordpress\/ -->\n<title>Mais uma hist\u00f3ria de sucesso | Felisberto recuperou a vis\u00e3o - Solidariedade Internacional a Mo\u00e7ambique<\/title>\n<meta name=\"robots\" content=\"index, follow, max-snippet:-1, max-image-preview:large, max-video-preview:-1\" \/>\n<link rel=\"canonical\" href=\"\/index.php\/mais-uma-historia-de-sucesso-felisberto-recuperou-a-visao\/\" \/>\n<meta property=\"og:locale\" content=\"pt_PT\" \/>\n<meta property=\"og:type\" content=\"article\" \/>\n<meta property=\"og:title\" content=\"Mais uma hist\u00f3ria de sucesso | Felisberto recuperou a vis\u00e3o - Solidariedade Internacional a Mo\u00e7ambique\" \/>\n<meta property=\"og:description\" content=\"Felisberto Ant\u00f3nio Licucu, \u00f3rf\u00e3o de Pai e M\u00e3e, natural do norte da Ilha do Bazaruto, hoje, apenas conta na sua vida com a ajuda da ONGD SIM, Solidariedade Internacional a Mo\u00e7ambique, na qual deposita total confian\u00e7a e esperan\u00e7a. O seu futuro depende da SIM. O Felizberto tem uma hist\u00f3ria para contar, desde h\u00e1 uns anos... Continue Reading &rarr;\" \/>\n<meta property=\"og:url\" content=\"\/index.php\/mais-uma-historia-de-sucesso-felisberto-recuperou-a-visao\/\" \/>\n<meta property=\"og:site_name\" content=\"Solidariedade Internacional a Mo\u00e7ambique\" \/>\n<meta property=\"article:publisher\" content=\"https:\/\/www.facebook.com\/ONG.SIM.MOCAMBIQUE\/?ref=ts\" \/>\n<meta name=\"twitter:card\" content=\"summary_large_image\" \/>\n<meta name=\"twitter:label1\" content=\"Tempo estimado de leitura\" \/>\n\t<meta name=\"twitter:data1\" content=\"2 minutos\" \/>\n<script type=\"application\/ld+json\" class=\"yoast-schema-graph\">{\"@context\":\"https:\/\/schema.org\",\"@graph\":[{\"@type\":\"WebPage\",\"@id\":\"\/index.php\/mais-uma-historia-de-sucesso-felisberto-recuperou-a-visao\/\",\"url\":\"\/index.php\/mais-uma-historia-de-sucesso-felisberto-recuperou-a-visao\/\",\"name\":\"Mais uma hist\u00f3ria de sucesso | Felisberto recuperou a vis\u00e3o - Solidariedade Internacional a Mo\u00e7ambique\",\"isPartOf\":{\"@id\":\"https:\/\/www.ongsim.org\/#website\"},\"datePublished\":\"2019-09-27T15:09:03+00:00\",\"breadcrumb\":{\"@id\":\"\/index.php\/mais-uma-historia-de-sucesso-felisberto-recuperou-a-visao\/#breadcrumb\"},\"inLanguage\":\"pt-PT\",\"potentialAction\":[{\"@type\":\"ReadAction\",\"target\":[\"\/index.php\/mais-uma-historia-de-sucesso-felisberto-recuperou-a-visao\/\"]}]},{\"@type\":\"BreadcrumbList\",\"@id\":\"\/index.php\/mais-uma-historia-de-sucesso-felisberto-recuperou-a-visao\/#breadcrumb\",\"itemListElement\":[{\"@type\":\"ListItem\",\"position\":1,\"name\":\"In\u00edcio\",\"item\":\"https:\/\/www.ongsim.org\/\"},{\"@type\":\"ListItem\",\"position\":2,\"name\":\"Mais uma hist\u00f3ria de sucesso | Felisberto recuperou a vis\u00e3o\"}]},{\"@type\":\"WebSite\",\"@id\":\"https:\/\/www.ongsim.org\/#website\",\"url\":\"https:\/\/www.ongsim.org\/\",\"name\":\"Solidariedade Internacional a Mo\u00e7ambique\",\"description\":\"Solidariedade Internacional a Mo\u00e7ambique\",\"publisher\":{\"@id\":\"https:\/\/www.ongsim.org\/#organization\"},\"potentialAction\":[{\"@type\":\"SearchAction\",\"target\":{\"@type\":\"EntryPoint\",\"urlTemplate\":\"https:\/\/www.ongsim.org\/?s={search_term_string}\"},\"query-input\":{\"@type\":\"PropertyValueSpecification\",\"valueRequired\":true,\"valueName\":\"search_term_string\"}}],\"inLanguage\":\"pt-PT\"},{\"@type\":\"Organization\",\"@id\":\"https:\/\/www.ongsim.org\/#organization\",\"name\":\"Solidariedade Internacional a Mo\u00e7ambique\",\"url\":\"https:\/\/www.ongsim.org\/\",\"logo\":{\"@type\":\"ImageObject\",\"inLanguage\":\"pt-PT\",\"@id\":\"https:\/\/www.ongsim.org\/#\/schema\/logo\/image\/\",\"url\":\"http:\/\/ongsim.org\/wp-content\/uploads\/2020\/03\/logo-sim-2_branco_site.png\",\"contentUrl\":\"http:\/\/ongsim.org\/wp-content\/uploads\/2020\/03\/logo-sim-2_branco_site.png\",\"width\":300,\"height\":300,\"caption\":\"Solidariedade Internacional a Mo\u00e7ambique\"},\"image\":{\"@id\":\"https:\/\/www.ongsim.org\/#\/schema\/logo\/image\/\"},\"sameAs\":[\"https:\/\/www.facebook.com\/ONG.SIM.MOCAMBIQUE\/?ref=ts\",\"https:\/\/www.instagram.com\/sim.mocambique\/\",\"https:\/\/www.youtube.com\/channel\/UCcLb9BZr3RC9gZ57W-0eebA\"]}]}<\/script>\n<!-- \/ Yoast SEO plugin. -->","yoast_head_json":{"title":"Mais uma hist\u00f3ria de sucesso | Felisberto recuperou a vis\u00e3o - Solidariedade Internacional a Mo\u00e7ambique","robots":{"index":"index","follow":"follow","max-snippet":"max-snippet:-1","max-image-preview":"max-image-preview:large","max-video-preview":"max-video-preview:-1"},"canonical":"\/index.php\/mais-uma-historia-de-sucesso-felisberto-recuperou-a-visao\/","og_locale":"pt_PT","og_type":"article","og_title":"Mais uma hist\u00f3ria de sucesso | Felisberto recuperou a vis\u00e3o - Solidariedade Internacional a Mo\u00e7ambique","og_description":"Felisberto Ant\u00f3nio Licucu, \u00f3rf\u00e3o de Pai e M\u00e3e, natural do norte da Ilha do Bazaruto, hoje, apenas conta na sua vida com a ajuda da ONGD SIM, Solidariedade Internacional a Mo\u00e7ambique, na qual deposita total confian\u00e7a e esperan\u00e7a. O seu futuro depende da SIM. O Felizberto tem uma hist\u00f3ria para contar, desde h\u00e1 uns anos... Continue Reading &rarr;","og_url":"\/index.php\/mais-uma-historia-de-sucesso-felisberto-recuperou-a-visao\/","og_site_name":"Solidariedade Internacional a Mo\u00e7ambique","article_publisher":"https:\/\/www.facebook.com\/ONG.SIM.MOCAMBIQUE\/?ref=ts","twitter_card":"summary_large_image","twitter_misc":{"Tempo estimado de leitura":"2 minutos"},"schema":{"@context":"https:\/\/schema.org","@graph":[{"@type":"WebPage","@id":"\/index.php\/mais-uma-historia-de-sucesso-felisberto-recuperou-a-visao\/","url":"\/index.php\/mais-uma-historia-de-sucesso-felisberto-recuperou-a-visao\/","name":"Mais uma hist\u00f3ria de sucesso | Felisberto recuperou a vis\u00e3o - Solidariedade Internacional a Mo\u00e7ambique","isPartOf":{"@id":"https:\/\/www.ongsim.org\/#website"},"datePublished":"2019-09-27T15:09:03+00:00","breadcrumb":{"@id":"\/index.php\/mais-uma-historia-de-sucesso-felisberto-recuperou-a-visao\/#breadcrumb"},"inLanguage":"pt-PT","potentialAction":[{"@type":"ReadAction","target":["\/index.php\/mais-uma-historia-de-sucesso-felisberto-recuperou-a-visao\/"]}]},{"@type":"BreadcrumbList","@id":"\/index.php\/mais-uma-historia-de-sucesso-felisberto-recuperou-a-visao\/#breadcrumb","itemListElement":[{"@type":"ListItem","position":1,"name":"In\u00edcio","item":"https:\/\/www.ongsim.org\/"},{"@type":"ListItem","position":2,"name":"Mais uma hist\u00f3ria de sucesso | Felisberto recuperou a vis\u00e3o"}]},{"@type":"WebSite","@id":"https:\/\/www.ongsim.org\/#website","url":"https:\/\/www.ongsim.org\/","name":"Solidariedade Internacional a Mo\u00e7ambique","description":"Solidariedade Internacional a Mo\u00e7ambique","publisher":{"@id":"https:\/\/www.ongsim.org\/#organization"},"potentialAction":[{"@type":"SearchAction","target":{"@type":"EntryPoint","urlTemplate":"https:\/\/www.ongsim.org\/?s={search_term_string}"},"query-input":{"@type":"PropertyValueSpecification","valueRequired":true,"valueName":"search_term_string"}}],"inLanguage":"pt-PT"},{"@type":"Organization","@id":"https:\/\/www.ongsim.org\/#organization","name":"Solidariedade Internacional a Mo\u00e7ambique","url":"https:\/\/www.ongsim.org\/","logo":{"@type":"ImageObject","inLanguage":"pt-PT","@id":"https:\/\/www.ongsim.org\/#\/schema\/logo\/image\/","url":"http:\/\/ongsim.org\/wp-content\/uploads\/2020\/03\/logo-sim-2_branco_site.png","contentUrl":"http:\/\/ongsim.org\/wp-content\/uploads\/2020\/03\/logo-sim-2_branco_site.png","width":300,"height":300,"caption":"Solidariedade Internacional a Mo\u00e7ambique"},"image":{"@id":"https:\/\/www.ongsim.org\/#\/schema\/logo\/image\/"},"sameAs":["https:\/\/www.facebook.com\/ONG.SIM.MOCAMBIQUE\/?ref=ts","https:\/\/www.instagram.com\/sim.mocambique\/","https:\/\/www.youtube.com\/channel\/UCcLb9BZr3RC9gZ57W-0eebA"]}]}},"jetpack_sharing_enabled":true,"_links":{"self":[{"href":"\/index.php\/wp-json\/wp\/v2\/pages\/472","targetHints":{"allow":["GET"]}}],"collection":[{"href":"\/index.php\/wp-json\/wp\/v2\/pages"}],"about":[{"href":"\/index.php\/wp-json\/wp\/v2\/types\/page"}],"author":[{"embeddable":true,"href":"\/index.php\/wp-json\/wp\/v2\/users\/1"}],"replies":[{"embeddable":true,"href":"\/index.php\/wp-json\/wp\/v2\/comments?post=472"}],"version-history":[{"count":1,"href":"\/index.php\/wp-json\/wp\/v2\/pages\/472\/revisions"}],"predecessor-version":[{"id":474,"href":"\/index.php\/wp-json\/wp\/v2\/pages\/472\/revisions\/474"}],"wp:attachment":[{"href":"\/index.php\/wp-json\/wp\/v2\/media?parent=472"}],"curies":[{"name":"wp","href":"https:\/\/api.w.org\/{rel}","templated":true}]}}