{"id":463,"date":"2019-09-27T15:05:47","date_gmt":"2019-09-27T15:05:47","guid":{"rendered":"http:\/\/172.17.194.93\/wordpress\/?page_id=463"},"modified":"2019-09-27T15:05:47","modified_gmt":"2019-09-27T15:05:47","slug":"uma-historia-de-sucesso-um-gesto-de-reconhecimento","status":"publish","type":"page","link":"\/index.php\/uma-historia-de-sucesso-um-gesto-de-reconhecimento\/","title":{"rendered":"Uma hist\u00f3ria de sucesso | Um gesto de reconhecimento"},"content":{"rendered":"\n<p>Sr. Jo\u00e3o Manhoca, um anci\u00e3o do norte da Ilha do Bazaruto, \nencontrava-se gravemente doente e sem dinheiro, os bolseiros da SIM \nforam avisar a m\u00e3e Carmo Jardim.<br>\nCarmo foi \u00e0 aldeia ver o que se passava, e de imediato tratou de \nresolver o problema, arranjando um transporte para enviar o Sr. Manhoca \npara o continente, onde poder\u00eda receber o tratamento de que necessitava.<br>\n<br>\n&nbsp;<br>\n<br>\nDe regresso \u00e0 Ilha e j\u00e1 curado, o Sr. Manhoca resolveu dar um presente \u00e0 m\u00e3e Carmo, como forma de demonstrar a sua gratid\u00e3o!<br>\nPara ser uma oferta especial, uma vez que \u00e9 pescador, preferiu ir apanhar caranguejos para oferecer \u00e0 m\u00e3e Carmo.<br>\nDe salientar que, o tratamento do Sr.Jo\u00e3o Manhoca, foi em 2011, e n\u00e3o \nesquecendo o gesto de solidariedade, ofereceu os caranguejos em 2012!<\/p>\n\n\n\n<p>Um reconhecimento inesquec\u00edvel!<\/p>\n\n\n\n<p>Pedro Maluane (Bolseiro)<\/p>\n\n\n\n<figure class=\"wp-block-image\"><img decoding=\"async\" src=\"https:\/site\/upload\/image\/Noticias\/foto%20dos%20caranguejos%2028%20de%20mar%C3%A7o.jpg\" alt=\"\"\/><\/figure>\n","protected":false},"excerpt":{"rendered":"<p>Sr. Jo\u00e3o Manhoca, um anci\u00e3o do norte da Ilha do Bazaruto, encontrava-se gravemente doente e sem dinheiro, os bolseiros da SIM foram avisar a m\u00e3e Carmo Jardim. Carmo foi \u00e0 aldeia ver o que se passava, e de imediato tratou de resolver o problema, arranjando um transporte para enviar o Sr. Manhoca para o continente,&#8230; <a class=\"more-link\" href=\"\/index.php\/uma-historia-de-sucesso-um-gesto-de-reconhecimento\/#more-463\">Continue Reading &rarr;<\/a><\/p>\n","protected":false},"author":1,"featured_media":0,"parent":0,"menu_order":0,"comment_status":"closed","ping_status":"closed","template":"","meta":{"ngg_post_thumbnail":0,"footnotes":""},"class_list":["post-463","page","type-page","status-publish","hentry","clear"],"yoast_head":"<!-- This site is optimized with the Yoast SEO plugin v27.2 - https:\/\/yoast.com\/product\/yoast-seo-wordpress\/ -->\n<title>Uma hist\u00f3ria de sucesso | Um gesto de reconhecimento - Solidariedade Internacional a Mo\u00e7ambique<\/title>\n<meta name=\"robots\" content=\"index, follow, max-snippet:-1, max-image-preview:large, max-video-preview:-1\" \/>\n<link rel=\"canonical\" href=\"\/index.php\/uma-historia-de-sucesso-um-gesto-de-reconhecimento\/\" \/>\n<meta property=\"og:locale\" content=\"pt_PT\" \/>\n<meta property=\"og:type\" content=\"article\" \/>\n<meta property=\"og:title\" content=\"Uma hist\u00f3ria de sucesso | Um gesto de reconhecimento - Solidariedade Internacional a Mo\u00e7ambique\" \/>\n<meta property=\"og:description\" content=\"Sr. Jo\u00e3o Manhoca, um anci\u00e3o do norte da Ilha do Bazaruto, encontrava-se gravemente doente e sem dinheiro, os bolseiros da SIM foram avisar a m\u00e3e Carmo Jardim. Carmo foi \u00e0 aldeia ver o que se passava, e de imediato tratou de resolver o problema, arranjando um transporte para enviar o Sr. Manhoca para o continente,... Continue Reading &rarr;\" \/>\n<meta property=\"og:url\" content=\"\/index.php\/uma-historia-de-sucesso-um-gesto-de-reconhecimento\/\" \/>\n<meta property=\"og:site_name\" content=\"Solidariedade Internacional a Mo\u00e7ambique\" \/>\n<meta property=\"article:publisher\" content=\"https:\/\/www.facebook.com\/ONG.SIM.MOCAMBIQUE\/?ref=ts\" \/>\n<meta name=\"twitter:card\" content=\"summary_large_image\" \/>\n<meta name=\"twitter:label1\" content=\"Tempo estimado de leitura\" \/>\n\t<meta name=\"twitter:data1\" content=\"1 minuto\" \/>\n<script type=\"application\/ld+json\" class=\"yoast-schema-graph\">{\"@context\":\"https:\/\/schema.org\",\"@graph\":[{\"@type\":\"WebPage\",\"@id\":\"\/index.php\/uma-historia-de-sucesso-um-gesto-de-reconhecimento\/\",\"url\":\"\/index.php\/uma-historia-de-sucesso-um-gesto-de-reconhecimento\/\",\"name\":\"Uma hist\u00f3ria de sucesso | Um gesto de reconhecimento - Solidariedade Internacional a Mo\u00e7ambique\",\"isPartOf\":{\"@id\":\"https:\/\/www.ongsim.org\/#website\"},\"datePublished\":\"2019-09-27T15:05:47+00:00\",\"breadcrumb\":{\"@id\":\"\/index.php\/uma-historia-de-sucesso-um-gesto-de-reconhecimento\/#breadcrumb\"},\"inLanguage\":\"pt-PT\",\"potentialAction\":[{\"@type\":\"ReadAction\",\"target\":[\"\/index.php\/uma-historia-de-sucesso-um-gesto-de-reconhecimento\/\"]}]},{\"@type\":\"BreadcrumbList\",\"@id\":\"\/index.php\/uma-historia-de-sucesso-um-gesto-de-reconhecimento\/#breadcrumb\",\"itemListElement\":[{\"@type\":\"ListItem\",\"position\":1,\"name\":\"In\u00edcio\",\"item\":\"https:\/\/www.ongsim.org\/\"},{\"@type\":\"ListItem\",\"position\":2,\"name\":\"Uma hist\u00f3ria de sucesso | Um gesto de reconhecimento\"}]},{\"@type\":\"WebSite\",\"@id\":\"https:\/\/www.ongsim.org\/#website\",\"url\":\"https:\/\/www.ongsim.org\/\",\"name\":\"Solidariedade Internacional a Mo\u00e7ambique\",\"description\":\"Solidariedade Internacional a Mo\u00e7ambique\",\"publisher\":{\"@id\":\"https:\/\/www.ongsim.org\/#organization\"},\"potentialAction\":[{\"@type\":\"SearchAction\",\"target\":{\"@type\":\"EntryPoint\",\"urlTemplate\":\"https:\/\/www.ongsim.org\/?s={search_term_string}\"},\"query-input\":{\"@type\":\"PropertyValueSpecification\",\"valueRequired\":true,\"valueName\":\"search_term_string\"}}],\"inLanguage\":\"pt-PT\"},{\"@type\":\"Organization\",\"@id\":\"https:\/\/www.ongsim.org\/#organization\",\"name\":\"Solidariedade Internacional a Mo\u00e7ambique\",\"url\":\"https:\/\/www.ongsim.org\/\",\"logo\":{\"@type\":\"ImageObject\",\"inLanguage\":\"pt-PT\",\"@id\":\"https:\/\/www.ongsim.org\/#\/schema\/logo\/image\/\",\"url\":\"http:\/\/ongsim.org\/wp-content\/uploads\/2020\/03\/logo-sim-2_branco_site.png\",\"contentUrl\":\"http:\/\/ongsim.org\/wp-content\/uploads\/2020\/03\/logo-sim-2_branco_site.png\",\"width\":300,\"height\":300,\"caption\":\"Solidariedade Internacional a Mo\u00e7ambique\"},\"image\":{\"@id\":\"https:\/\/www.ongsim.org\/#\/schema\/logo\/image\/\"},\"sameAs\":[\"https:\/\/www.facebook.com\/ONG.SIM.MOCAMBIQUE\/?ref=ts\",\"https:\/\/www.instagram.com\/sim.mocambique\/\",\"https:\/\/www.youtube.com\/channel\/UCcLb9BZr3RC9gZ57W-0eebA\"]}]}<\/script>\n<!-- \/ Yoast SEO plugin. -->","yoast_head_json":{"title":"Uma hist\u00f3ria de sucesso | Um gesto de reconhecimento - Solidariedade Internacional a Mo\u00e7ambique","robots":{"index":"index","follow":"follow","max-snippet":"max-snippet:-1","max-image-preview":"max-image-preview:large","max-video-preview":"max-video-preview:-1"},"canonical":"\/index.php\/uma-historia-de-sucesso-um-gesto-de-reconhecimento\/","og_locale":"pt_PT","og_type":"article","og_title":"Uma hist\u00f3ria de sucesso | Um gesto de reconhecimento - Solidariedade Internacional a Mo\u00e7ambique","og_description":"Sr. Jo\u00e3o Manhoca, um anci\u00e3o do norte da Ilha do Bazaruto, encontrava-se gravemente doente e sem dinheiro, os bolseiros da SIM foram avisar a m\u00e3e Carmo Jardim. Carmo foi \u00e0 aldeia ver o que se passava, e de imediato tratou de resolver o problema, arranjando um transporte para enviar o Sr. Manhoca para o continente,... Continue Reading &rarr;","og_url":"\/index.php\/uma-historia-de-sucesso-um-gesto-de-reconhecimento\/","og_site_name":"Solidariedade Internacional a Mo\u00e7ambique","article_publisher":"https:\/\/www.facebook.com\/ONG.SIM.MOCAMBIQUE\/?ref=ts","twitter_card":"summary_large_image","twitter_misc":{"Tempo estimado de leitura":"1 minuto"},"schema":{"@context":"https:\/\/schema.org","@graph":[{"@type":"WebPage","@id":"\/index.php\/uma-historia-de-sucesso-um-gesto-de-reconhecimento\/","url":"\/index.php\/uma-historia-de-sucesso-um-gesto-de-reconhecimento\/","name":"Uma hist\u00f3ria de sucesso | Um gesto de reconhecimento - Solidariedade Internacional a Mo\u00e7ambique","isPartOf":{"@id":"https:\/\/www.ongsim.org\/#website"},"datePublished":"2019-09-27T15:05:47+00:00","breadcrumb":{"@id":"\/index.php\/uma-historia-de-sucesso-um-gesto-de-reconhecimento\/#breadcrumb"},"inLanguage":"pt-PT","potentialAction":[{"@type":"ReadAction","target":["\/index.php\/uma-historia-de-sucesso-um-gesto-de-reconhecimento\/"]}]},{"@type":"BreadcrumbList","@id":"\/index.php\/uma-historia-de-sucesso-um-gesto-de-reconhecimento\/#breadcrumb","itemListElement":[{"@type":"ListItem","position":1,"name":"In\u00edcio","item":"https:\/\/www.ongsim.org\/"},{"@type":"ListItem","position":2,"name":"Uma hist\u00f3ria de sucesso | Um gesto de reconhecimento"}]},{"@type":"WebSite","@id":"https:\/\/www.ongsim.org\/#website","url":"https:\/\/www.ongsim.org\/","name":"Solidariedade Internacional a Mo\u00e7ambique","description":"Solidariedade Internacional a Mo\u00e7ambique","publisher":{"@id":"https:\/\/www.ongsim.org\/#organization"},"potentialAction":[{"@type":"SearchAction","target":{"@type":"EntryPoint","urlTemplate":"https:\/\/www.ongsim.org\/?s={search_term_string}"},"query-input":{"@type":"PropertyValueSpecification","valueRequired":true,"valueName":"search_term_string"}}],"inLanguage":"pt-PT"},{"@type":"Organization","@id":"https:\/\/www.ongsim.org\/#organization","name":"Solidariedade Internacional a Mo\u00e7ambique","url":"https:\/\/www.ongsim.org\/","logo":{"@type":"ImageObject","inLanguage":"pt-PT","@id":"https:\/\/www.ongsim.org\/#\/schema\/logo\/image\/","url":"http:\/\/ongsim.org\/wp-content\/uploads\/2020\/03\/logo-sim-2_branco_site.png","contentUrl":"http:\/\/ongsim.org\/wp-content\/uploads\/2020\/03\/logo-sim-2_branco_site.png","width":300,"height":300,"caption":"Solidariedade Internacional a Mo\u00e7ambique"},"image":{"@id":"https:\/\/www.ongsim.org\/#\/schema\/logo\/image\/"},"sameAs":["https:\/\/www.facebook.com\/ONG.SIM.MOCAMBIQUE\/?ref=ts","https:\/\/www.instagram.com\/sim.mocambique\/","https:\/\/www.youtube.com\/channel\/UCcLb9BZr3RC9gZ57W-0eebA"]}]}},"jetpack_sharing_enabled":true,"_links":{"self":[{"href":"\/index.php\/wp-json\/wp\/v2\/pages\/463","targetHints":{"allow":["GET"]}}],"collection":[{"href":"\/index.php\/wp-json\/wp\/v2\/pages"}],"about":[{"href":"\/index.php\/wp-json\/wp\/v2\/types\/page"}],"author":[{"embeddable":true,"href":"\/index.php\/wp-json\/wp\/v2\/users\/1"}],"replies":[{"embeddable":true,"href":"\/index.php\/wp-json\/wp\/v2\/comments?post=463"}],"version-history":[{"count":1,"href":"\/index.php\/wp-json\/wp\/v2\/pages\/463\/revisions"}],"predecessor-version":[{"id":465,"href":"\/index.php\/wp-json\/wp\/v2\/pages\/463\/revisions\/465"}],"wp:attachment":[{"href":"\/index.php\/wp-json\/wp\/v2\/media?parent=463"}],"curies":[{"name":"wp","href":"https:\/\/api.w.org\/{rel}","templated":true}]}}