{"id":460,"date":"2019-09-27T15:05:03","date_gmt":"2019-09-27T15:05:03","guid":{"rendered":"http:\/\/172.17.194.93\/wordpress\/?page_id=460"},"modified":"2019-09-27T15:05:03","modified_gmt":"2019-09-27T15:05:03","slug":"uma-historia-de-sucesso-jornal","status":"publish","type":"page","link":"\/index.php\/uma-historia-de-sucesso-jornal\/","title":{"rendered":"Uma Historia de Sucesso | Jornal"},"content":{"rendered":"\n<p>\u00c9 t\u00e3o bom ver o Jornal assim, sinceramente, n\u00e3o imaginam o que se \npassou com este menino. \u00c9 at\u00e9 dif\u00edcil de acreditar. Jornal cumpriu o \nservi\u00e7o militar obrigat\u00f3rio, visto que \u00e9 um dever de todos os \nmo\u00e7ambicanos, e quando voltou da tropa estava doente.&nbsp; Tinha &#8220;apanhado&#8221; \ntuberculose, uma doen\u00e7a muito perigosa e grave, n\u00e3o foi nada f\u00e1cil a sua\n recupera\u00e7\u00e3o.<br>\n&nbsp;<br>\n<br>\nA m\u00e3e Carmo Jardim, foi uma mulher corajosa, e muito exigente no \ncumprimento do tratamento do Jornal, eu vivenciei este caso de perto e o\n estado do Jornal era desesperante, s\u00f3 nos restava a esperan\u00e7a, uma vez \nque \u00e9 a \u00faltima coisa a perder na vida.<br>\n<br>\n&nbsp;<br>\n<br>\nOito meses depois de ter seguido o tratatemto direitinho, porque a m\u00e3e \nCarmo acreditava nas suas melhoras, hoje temos o Jornal de volta, \ndirigindo os seus meninos para lutar na conquista da ta\u00e7a da SIM 2012.<\/p>\n\n\n\n<figure class=\"wp-block-image\"><img decoding=\"async\" src=\"https:\/site\/upload\/image\/Noticias\/uma%20hist%C3%B3ria%20de%20sucesso.jpg\" alt=\"\"\/><\/figure>\n\n\n\n<p>N\u00e3o foi f\u00e1cil o Jornal voltar a ficar um homem forte. At\u00e9 dentro de \nmim esta situa\u00e7\u00e3o deixou marcas&#8230; O pior era ele nem querer ouvir falar\n dos comprimidos, n\u00e3o queria tomar, porque chegou mesmo perder a \nesperan\u00e7a.<\/p>\n\n\n\n<p>Um dia disse-me assim: &#8221; Pedro, n\u00e3o perca o seu tempo comigo, e \u00e9 \nmelhor informar a m\u00e3e Carmo que eu, n\u00e3o quero mais estar aqui no Maputo \nseguindo o tratamento, isto me incomoda, prefiro voltar para a ilha e \nterminar a minha vida ao lado da minha fam\u00edlia, estou a sentir que j\u00e1 \nestou mesmo meio morto&#8221;.<\/p>\n\n\n\n<p>At\u00e9 me escorreram l\u00e1grimas, fui at\u00e9 ao meu quarto e fiquei quase meia\n hora a pensar como ele iria tomar os comprimidos, porque era uma \nguerra, ele insultava-me, berrava, e dizia coisas sem sentido, estava \nnum estado de espirito muito alterado.<br>\n<br>\n&nbsp;<br>\n<br>\nMas, a verdade \u00e9 que, a m\u00e3e Carmo acreditava muito no tratamento e que o\n Jornal ia melhorar, nunca perdeu a esperan\u00e7a. Hoje ele est\u00e1 de volta, \nmuito feliz ao lado da sua fam\u00edlia e bastante saud\u00e1vel. <br>\n<br>\nPedro Maluane (Bolseiro)<\/p>\n","protected":false},"excerpt":{"rendered":"<p>\u00c9 t\u00e3o bom ver o Jornal assim, sinceramente, n\u00e3o imaginam o que se passou com este menino. \u00c9 at\u00e9 dif\u00edcil de acreditar. Jornal cumpriu o servi\u00e7o militar obrigat\u00f3rio, visto que \u00e9 um dever de todos os mo\u00e7ambicanos, e quando voltou da tropa estava doente.&nbsp; Tinha &#8220;apanhado&#8221; tuberculose, uma doen\u00e7a muito perigosa e grave, n\u00e3o foi&#8230; <a class=\"more-link\" href=\"\/index.php\/uma-historia-de-sucesso-jornal\/#more-460\">Continue Reading &rarr;<\/a><\/p>\n","protected":false},"author":1,"featured_media":0,"parent":0,"menu_order":0,"comment_status":"closed","ping_status":"closed","template":"","meta":{"ngg_post_thumbnail":0,"footnotes":""},"class_list":["post-460","page","type-page","status-publish","hentry","clear"],"yoast_head":"<!-- This site is optimized with the Yoast SEO plugin v27.2 - https:\/\/yoast.com\/product\/yoast-seo-wordpress\/ -->\n<title>Uma Historia de Sucesso | Jornal - Solidariedade Internacional a Mo\u00e7ambique<\/title>\n<meta name=\"robots\" content=\"index, follow, max-snippet:-1, max-image-preview:large, max-video-preview:-1\" \/>\n<link rel=\"canonical\" href=\"\/index.php\/uma-historia-de-sucesso-jornal\/\" \/>\n<meta property=\"og:locale\" content=\"pt_PT\" \/>\n<meta property=\"og:type\" content=\"article\" \/>\n<meta property=\"og:title\" content=\"Uma Historia de Sucesso | Jornal - Solidariedade Internacional a Mo\u00e7ambique\" \/>\n<meta property=\"og:description\" content=\"\u00c9 t\u00e3o bom ver o Jornal assim, sinceramente, n\u00e3o imaginam o que se passou com este menino. \u00c9 at\u00e9 dif\u00edcil de acreditar. Jornal cumpriu o servi\u00e7o militar obrigat\u00f3rio, visto que \u00e9 um dever de todos os mo\u00e7ambicanos, e quando voltou da tropa estava doente.&nbsp; Tinha &#8220;apanhado&#8221; tuberculose, uma doen\u00e7a muito perigosa e grave, n\u00e3o foi... Continue Reading &rarr;\" \/>\n<meta property=\"og:url\" content=\"\/index.php\/uma-historia-de-sucesso-jornal\/\" \/>\n<meta property=\"og:site_name\" content=\"Solidariedade Internacional a Mo\u00e7ambique\" \/>\n<meta property=\"article:publisher\" content=\"https:\/\/www.facebook.com\/ONG.SIM.MOCAMBIQUE\/?ref=ts\" \/>\n<meta name=\"twitter:card\" content=\"summary_large_image\" \/>\n<meta name=\"twitter:label1\" content=\"Tempo estimado de leitura\" \/>\n\t<meta name=\"twitter:data1\" content=\"2 minutos\" \/>\n<script type=\"application\/ld+json\" class=\"yoast-schema-graph\">{\"@context\":\"https:\/\/schema.org\",\"@graph\":[{\"@type\":\"WebPage\",\"@id\":\"\/index.php\/uma-historia-de-sucesso-jornal\/\",\"url\":\"\/index.php\/uma-historia-de-sucesso-jornal\/\",\"name\":\"Uma Historia de Sucesso | Jornal - Solidariedade Internacional a Mo\u00e7ambique\",\"isPartOf\":{\"@id\":\"https:\/\/www.ongsim.org\/#website\"},\"datePublished\":\"2019-09-27T15:05:03+00:00\",\"breadcrumb\":{\"@id\":\"\/index.php\/uma-historia-de-sucesso-jornal\/#breadcrumb\"},\"inLanguage\":\"pt-PT\",\"potentialAction\":[{\"@type\":\"ReadAction\",\"target\":[\"\/index.php\/uma-historia-de-sucesso-jornal\/\"]}]},{\"@type\":\"BreadcrumbList\",\"@id\":\"\/index.php\/uma-historia-de-sucesso-jornal\/#breadcrumb\",\"itemListElement\":[{\"@type\":\"ListItem\",\"position\":1,\"name\":\"In\u00edcio\",\"item\":\"https:\/\/www.ongsim.org\/\"},{\"@type\":\"ListItem\",\"position\":2,\"name\":\"Uma Historia de Sucesso | Jornal\"}]},{\"@type\":\"WebSite\",\"@id\":\"https:\/\/www.ongsim.org\/#website\",\"url\":\"https:\/\/www.ongsim.org\/\",\"name\":\"Solidariedade Internacional a Mo\u00e7ambique\",\"description\":\"Solidariedade Internacional a Mo\u00e7ambique\",\"publisher\":{\"@id\":\"https:\/\/www.ongsim.org\/#organization\"},\"potentialAction\":[{\"@type\":\"SearchAction\",\"target\":{\"@type\":\"EntryPoint\",\"urlTemplate\":\"https:\/\/www.ongsim.org\/?s={search_term_string}\"},\"query-input\":{\"@type\":\"PropertyValueSpecification\",\"valueRequired\":true,\"valueName\":\"search_term_string\"}}],\"inLanguage\":\"pt-PT\"},{\"@type\":\"Organization\",\"@id\":\"https:\/\/www.ongsim.org\/#organization\",\"name\":\"Solidariedade Internacional a Mo\u00e7ambique\",\"url\":\"https:\/\/www.ongsim.org\/\",\"logo\":{\"@type\":\"ImageObject\",\"inLanguage\":\"pt-PT\",\"@id\":\"https:\/\/www.ongsim.org\/#\/schema\/logo\/image\/\",\"url\":\"http:\/\/ongsim.org\/wp-content\/uploads\/2020\/03\/logo-sim-2_branco_site.png\",\"contentUrl\":\"http:\/\/ongsim.org\/wp-content\/uploads\/2020\/03\/logo-sim-2_branco_site.png\",\"width\":300,\"height\":300,\"caption\":\"Solidariedade Internacional a Mo\u00e7ambique\"},\"image\":{\"@id\":\"https:\/\/www.ongsim.org\/#\/schema\/logo\/image\/\"},\"sameAs\":[\"https:\/\/www.facebook.com\/ONG.SIM.MOCAMBIQUE\/?ref=ts\",\"https:\/\/www.instagram.com\/sim.mocambique\/\",\"https:\/\/www.youtube.com\/channel\/UCcLb9BZr3RC9gZ57W-0eebA\"]}]}<\/script>\n<!-- \/ Yoast SEO plugin. -->","yoast_head_json":{"title":"Uma Historia de Sucesso | Jornal - Solidariedade Internacional a Mo\u00e7ambique","robots":{"index":"index","follow":"follow","max-snippet":"max-snippet:-1","max-image-preview":"max-image-preview:large","max-video-preview":"max-video-preview:-1"},"canonical":"\/index.php\/uma-historia-de-sucesso-jornal\/","og_locale":"pt_PT","og_type":"article","og_title":"Uma Historia de Sucesso | Jornal - Solidariedade Internacional a Mo\u00e7ambique","og_description":"\u00c9 t\u00e3o bom ver o Jornal assim, sinceramente, n\u00e3o imaginam o que se passou com este menino. \u00c9 at\u00e9 dif\u00edcil de acreditar. Jornal cumpriu o servi\u00e7o militar obrigat\u00f3rio, visto que \u00e9 um dever de todos os mo\u00e7ambicanos, e quando voltou da tropa estava doente.&nbsp; Tinha &#8220;apanhado&#8221; tuberculose, uma doen\u00e7a muito perigosa e grave, n\u00e3o foi... Continue Reading &rarr;","og_url":"\/index.php\/uma-historia-de-sucesso-jornal\/","og_site_name":"Solidariedade Internacional a Mo\u00e7ambique","article_publisher":"https:\/\/www.facebook.com\/ONG.SIM.MOCAMBIQUE\/?ref=ts","twitter_card":"summary_large_image","twitter_misc":{"Tempo estimado de leitura":"2 minutos"},"schema":{"@context":"https:\/\/schema.org","@graph":[{"@type":"WebPage","@id":"\/index.php\/uma-historia-de-sucesso-jornal\/","url":"\/index.php\/uma-historia-de-sucesso-jornal\/","name":"Uma Historia de Sucesso | Jornal - Solidariedade Internacional a Mo\u00e7ambique","isPartOf":{"@id":"https:\/\/www.ongsim.org\/#website"},"datePublished":"2019-09-27T15:05:03+00:00","breadcrumb":{"@id":"\/index.php\/uma-historia-de-sucesso-jornal\/#breadcrumb"},"inLanguage":"pt-PT","potentialAction":[{"@type":"ReadAction","target":["\/index.php\/uma-historia-de-sucesso-jornal\/"]}]},{"@type":"BreadcrumbList","@id":"\/index.php\/uma-historia-de-sucesso-jornal\/#breadcrumb","itemListElement":[{"@type":"ListItem","position":1,"name":"In\u00edcio","item":"https:\/\/www.ongsim.org\/"},{"@type":"ListItem","position":2,"name":"Uma Historia de Sucesso | Jornal"}]},{"@type":"WebSite","@id":"https:\/\/www.ongsim.org\/#website","url":"https:\/\/www.ongsim.org\/","name":"Solidariedade Internacional a Mo\u00e7ambique","description":"Solidariedade Internacional a Mo\u00e7ambique","publisher":{"@id":"https:\/\/www.ongsim.org\/#organization"},"potentialAction":[{"@type":"SearchAction","target":{"@type":"EntryPoint","urlTemplate":"https:\/\/www.ongsim.org\/?s={search_term_string}"},"query-input":{"@type":"PropertyValueSpecification","valueRequired":true,"valueName":"search_term_string"}}],"inLanguage":"pt-PT"},{"@type":"Organization","@id":"https:\/\/www.ongsim.org\/#organization","name":"Solidariedade Internacional a Mo\u00e7ambique","url":"https:\/\/www.ongsim.org\/","logo":{"@type":"ImageObject","inLanguage":"pt-PT","@id":"https:\/\/www.ongsim.org\/#\/schema\/logo\/image\/","url":"http:\/\/ongsim.org\/wp-content\/uploads\/2020\/03\/logo-sim-2_branco_site.png","contentUrl":"http:\/\/ongsim.org\/wp-content\/uploads\/2020\/03\/logo-sim-2_branco_site.png","width":300,"height":300,"caption":"Solidariedade Internacional a Mo\u00e7ambique"},"image":{"@id":"https:\/\/www.ongsim.org\/#\/schema\/logo\/image\/"},"sameAs":["https:\/\/www.facebook.com\/ONG.SIM.MOCAMBIQUE\/?ref=ts","https:\/\/www.instagram.com\/sim.mocambique\/","https:\/\/www.youtube.com\/channel\/UCcLb9BZr3RC9gZ57W-0eebA"]}]}},"jetpack_sharing_enabled":true,"_links":{"self":[{"href":"\/index.php\/wp-json\/wp\/v2\/pages\/460","targetHints":{"allow":["GET"]}}],"collection":[{"href":"\/index.php\/wp-json\/wp\/v2\/pages"}],"about":[{"href":"\/index.php\/wp-json\/wp\/v2\/types\/page"}],"author":[{"embeddable":true,"href":"\/index.php\/wp-json\/wp\/v2\/users\/1"}],"replies":[{"embeddable":true,"href":"\/index.php\/wp-json\/wp\/v2\/comments?post=460"}],"version-history":[{"count":1,"href":"\/index.php\/wp-json\/wp\/v2\/pages\/460\/revisions"}],"predecessor-version":[{"id":462,"href":"\/index.php\/wp-json\/wp\/v2\/pages\/460\/revisions\/462"}],"wp:attachment":[{"href":"\/index.php\/wp-json\/wp\/v2\/media?parent=460"}],"curies":[{"name":"wp","href":"https:\/\/api.w.org\/{rel}","templated":true}]}}