{"id":427,"date":"2019-09-27T11:42:40","date_gmt":"2019-09-27T11:42:40","guid":{"rendered":"http:\/\/172.17.194.93\/wordpress\/?page_id=427"},"modified":"2019-11-20T18:21:37","modified_gmt":"2019-11-20T18:21:37","slug":"primeira-missao-educacao-saude-e-ambiente-de-2017","status":"publish","type":"page","link":"\/index.php\/primeira-missao-educacao-saude-e-ambiente-de-2017\/","title":{"rendered":"Primeira Miss\u00e3o Educa\u00e7\u00e3o Sa\u00fade e Ambiente de 2017"},"content":{"rendered":"\n<p style=\"text-align:justify\">A primeira miss\u00e3o educa\u00e7\u00e3o, sa\u00fade e ambiente de 2017 da ONGD SIM j\u00e1 terminou! Foi uma miss\u00e3o cheia de emo\u00e7\u00f5es e\u00a0novidades, alimentada pela empatia dos volunt\u00e1rios que tanto se empenharam em ajudar e levar a sua alegria a todos! A  primeira palavra \u00e9 para eles, como reconhecimento pelo seu  extraordin\u00e1rio trabalho! Branca Campos, Paula Caracol, Guilherme  Gautier. A miss\u00e3o foi parcialmente acompanhada pela representante da  C\u00e2mara Municipal de Cascais, Maria do C\u00e9u Garcia, aproveitamos a  oportunidade para tamb\u00e9m uma vez mais agradecer o apoio da C\u00e2mara e \u00e0  ONG Dress a Girl Around the World em Portugal, representada pela Vanessa  Campos e Virginia Otten que tanta cor e brilho levaram com os vestidos  costurados por volunt\u00e1rias \u00e0s meninas do Inhassoro, Norte da Ilha do  Bazaruto e Vilankulo.\u00a0<br> Por fim a miss\u00e3o contou ainda com as contribui\u00e7\u00f5es de Sumol\/Compal Gud  Mo\u00e7ambique, CPMZ (Companhia do Pipeline Mo\u00e7ambique Zimbabwe), Artsana  Portugal, TAP &#8211; Volunt\u00e1rios com Asas, Top Gim, Impacto Gifts, SIVA  (importadora da Volkswagen), DHL Supply Chain, Parque Nacional do  Arquipelago do Bazaruto, Tilizinwe Bazaruto e fam\u00edlia Maluane.<br> A todos um sincero muito obrigado pela vossa solidariedade.\u00a0<br> Vamos dando noticias dos mais marcantes momentos desta miss\u00e3o. N\u00e3o deixem de nos acompanhar!<\/p>\n\n\n\n<figure class=\"wp-block-image\"><img decoding=\"async\" src=\"https:\/site\/upload\/files\/vestidos_grupo_2.jpg\" alt=\"\"\/><\/figure>\n","protected":false},"excerpt":{"rendered":"<p>A primeira miss\u00e3o educa\u00e7\u00e3o, sa\u00fade e ambiente de 2017 da ONGD SIM j\u00e1 terminou! Foi uma miss\u00e3o cheia de emo\u00e7\u00f5es e\u00a0novidades, alimentada pela empatia dos volunt\u00e1rios que tanto se empenharam em ajudar e levar a sua alegria a todos! A primeira palavra \u00e9 para eles, como reconhecimento pelo seu extraordin\u00e1rio trabalho! Branca Campos, Paula Caracol,&#8230; <a class=\"more-link\" href=\"\/index.php\/primeira-missao-educacao-saude-e-ambiente-de-2017\/#more-427\">Continue Reading &rarr;<\/a><\/p>\n","protected":false},"author":1,"featured_media":0,"parent":0,"menu_order":0,"comment_status":"closed","ping_status":"closed","template":"","meta":{"ngg_post_thumbnail":0,"footnotes":""},"class_list":["post-427","page","type-page","status-publish","hentry","clear"],"yoast_head":"<!-- This site is optimized with the Yoast SEO plugin v27.2 - https:\/\/yoast.com\/product\/yoast-seo-wordpress\/ -->\n<title>Primeira Miss\u00e3o Educa\u00e7\u00e3o Sa\u00fade e Ambiente de 2017 - Solidariedade Internacional a Mo\u00e7ambique<\/title>\n<meta name=\"robots\" content=\"index, follow, max-snippet:-1, max-image-preview:large, max-video-preview:-1\" \/>\n<link rel=\"canonical\" href=\"https:\/\/www.ongsim.org\/index.php\/primeira-missao-educacao-saude-e-ambiente-de-2017\/\" \/>\n<meta property=\"og:locale\" content=\"pt_PT\" \/>\n<meta property=\"og:type\" content=\"article\" \/>\n<meta property=\"og:title\" content=\"Primeira Miss\u00e3o Educa\u00e7\u00e3o Sa\u00fade e Ambiente de 2017 - Solidariedade Internacional a Mo\u00e7ambique\" \/>\n<meta property=\"og:description\" content=\"A primeira miss\u00e3o educa\u00e7\u00e3o, sa\u00fade e ambiente de 2017 da ONGD SIM j\u00e1 terminou! Foi uma miss\u00e3o cheia de emo\u00e7\u00f5es e\u00a0novidades, alimentada pela empatia dos volunt\u00e1rios que tanto se empenharam em ajudar e levar a sua alegria a todos! A primeira palavra \u00e9 para eles, como reconhecimento pelo seu extraordin\u00e1rio trabalho! Branca Campos, Paula Caracol,... Continue Reading &rarr;\" \/>\n<meta property=\"og:url\" content=\"https:\/\/www.ongsim.org\/index.php\/primeira-missao-educacao-saude-e-ambiente-de-2017\/\" \/>\n<meta property=\"og:site_name\" content=\"Solidariedade Internacional a Mo\u00e7ambique\" \/>\n<meta property=\"article:publisher\" content=\"https:\/\/www.facebook.com\/ONG.SIM.MOCAMBIQUE\/?ref=ts\" \/>\n<meta property=\"article:modified_time\" content=\"2019-11-20T18:21:37+00:00\" \/>\n<meta name=\"twitter:card\" content=\"summary_large_image\" \/>\n<meta name=\"twitter:label1\" content=\"Tempo estimado de leitura\" \/>\n\t<meta name=\"twitter:data1\" content=\"1 minuto\" \/>\n<script type=\"application\/ld+json\" class=\"yoast-schema-graph\">{\"@context\":\"https:\/\/schema.org\",\"@graph\":[{\"@type\":\"WebPage\",\"@id\":\"https:\/\/www.ongsim.org\/index.php\/primeira-missao-educacao-saude-e-ambiente-de-2017\/\",\"url\":\"https:\/\/www.ongsim.org\/index.php\/primeira-missao-educacao-saude-e-ambiente-de-2017\/\",\"name\":\"Primeira Miss\u00e3o Educa\u00e7\u00e3o Sa\u00fade e Ambiente de 2017 - Solidariedade Internacional a Mo\u00e7ambique\",\"isPartOf\":{\"@id\":\"https:\/\/www.ongsim.org\/#website\"},\"datePublished\":\"2019-09-27T11:42:40+00:00\",\"dateModified\":\"2019-11-20T18:21:37+00:00\",\"breadcrumb\":{\"@id\":\"https:\/\/www.ongsim.org\/index.php\/primeira-missao-educacao-saude-e-ambiente-de-2017\/#breadcrumb\"},\"inLanguage\":\"pt-PT\",\"potentialAction\":[{\"@type\":\"ReadAction\",\"target\":[\"https:\/\/www.ongsim.org\/index.php\/primeira-missao-educacao-saude-e-ambiente-de-2017\/\"]}]},{\"@type\":\"BreadcrumbList\",\"@id\":\"https:\/\/www.ongsim.org\/index.php\/primeira-missao-educacao-saude-e-ambiente-de-2017\/#breadcrumb\",\"itemListElement\":[{\"@type\":\"ListItem\",\"position\":1,\"name\":\"In\u00edcio\",\"item\":\"https:\/\/www.ongsim.org\/\"},{\"@type\":\"ListItem\",\"position\":2,\"name\":\"Primeira Miss\u00e3o Educa\u00e7\u00e3o Sa\u00fade e Ambiente de 2017\"}]},{\"@type\":\"WebSite\",\"@id\":\"https:\/\/www.ongsim.org\/#website\",\"url\":\"https:\/\/www.ongsim.org\/\",\"name\":\"Solidariedade Internacional a Mo\u00e7ambique\",\"description\":\"Solidariedade Internacional a Mo\u00e7ambique\",\"publisher\":{\"@id\":\"https:\/\/www.ongsim.org\/#organization\"},\"potentialAction\":[{\"@type\":\"SearchAction\",\"target\":{\"@type\":\"EntryPoint\",\"urlTemplate\":\"https:\/\/www.ongsim.org\/?s={search_term_string}\"},\"query-input\":{\"@type\":\"PropertyValueSpecification\",\"valueRequired\":true,\"valueName\":\"search_term_string\"}}],\"inLanguage\":\"pt-PT\"},{\"@type\":\"Organization\",\"@id\":\"https:\/\/www.ongsim.org\/#organization\",\"name\":\"Solidariedade Internacional a Mo\u00e7ambique\",\"url\":\"https:\/\/www.ongsim.org\/\",\"logo\":{\"@type\":\"ImageObject\",\"inLanguage\":\"pt-PT\",\"@id\":\"https:\/\/www.ongsim.org\/#\/schema\/logo\/image\/\",\"url\":\"http:\/\/ongsim.org\/wp-content\/uploads\/2020\/03\/logo-sim-2_branco_site.png\",\"contentUrl\":\"http:\/\/ongsim.org\/wp-content\/uploads\/2020\/03\/logo-sim-2_branco_site.png\",\"width\":300,\"height\":300,\"caption\":\"Solidariedade Internacional a Mo\u00e7ambique\"},\"image\":{\"@id\":\"https:\/\/www.ongsim.org\/#\/schema\/logo\/image\/\"},\"sameAs\":[\"https:\/\/www.facebook.com\/ONG.SIM.MOCAMBIQUE\/?ref=ts\",\"https:\/\/www.instagram.com\/sim.mocambique\/\",\"https:\/\/www.youtube.com\/channel\/UCcLb9BZr3RC9gZ57W-0eebA\"]}]}<\/script>\n<!-- \/ Yoast SEO plugin. -->","yoast_head_json":{"title":"Primeira Miss\u00e3o Educa\u00e7\u00e3o Sa\u00fade e Ambiente de 2017 - Solidariedade Internacional a Mo\u00e7ambique","robots":{"index":"index","follow":"follow","max-snippet":"max-snippet:-1","max-image-preview":"max-image-preview:large","max-video-preview":"max-video-preview:-1"},"canonical":"https:\/\/www.ongsim.org\/index.php\/primeira-missao-educacao-saude-e-ambiente-de-2017\/","og_locale":"pt_PT","og_type":"article","og_title":"Primeira Miss\u00e3o Educa\u00e7\u00e3o Sa\u00fade e Ambiente de 2017 - Solidariedade Internacional a Mo\u00e7ambique","og_description":"A primeira miss\u00e3o educa\u00e7\u00e3o, sa\u00fade e ambiente de 2017 da ONGD SIM j\u00e1 terminou! Foi uma miss\u00e3o cheia de emo\u00e7\u00f5es e\u00a0novidades, alimentada pela empatia dos volunt\u00e1rios que tanto se empenharam em ajudar e levar a sua alegria a todos! A primeira palavra \u00e9 para eles, como reconhecimento pelo seu extraordin\u00e1rio trabalho! Branca Campos, Paula Caracol,... Continue Reading &rarr;","og_url":"https:\/\/www.ongsim.org\/index.php\/primeira-missao-educacao-saude-e-ambiente-de-2017\/","og_site_name":"Solidariedade Internacional a Mo\u00e7ambique","article_publisher":"https:\/\/www.facebook.com\/ONG.SIM.MOCAMBIQUE\/?ref=ts","article_modified_time":"2019-11-20T18:21:37+00:00","twitter_card":"summary_large_image","twitter_misc":{"Tempo estimado de leitura":"1 minuto"},"schema":{"@context":"https:\/\/schema.org","@graph":[{"@type":"WebPage","@id":"https:\/\/www.ongsim.org\/index.php\/primeira-missao-educacao-saude-e-ambiente-de-2017\/","url":"https:\/\/www.ongsim.org\/index.php\/primeira-missao-educacao-saude-e-ambiente-de-2017\/","name":"Primeira Miss\u00e3o Educa\u00e7\u00e3o Sa\u00fade e Ambiente de 2017 - Solidariedade Internacional a Mo\u00e7ambique","isPartOf":{"@id":"https:\/\/www.ongsim.org\/#website"},"datePublished":"2019-09-27T11:42:40+00:00","dateModified":"2019-11-20T18:21:37+00:00","breadcrumb":{"@id":"https:\/\/www.ongsim.org\/index.php\/primeira-missao-educacao-saude-e-ambiente-de-2017\/#breadcrumb"},"inLanguage":"pt-PT","potentialAction":[{"@type":"ReadAction","target":["https:\/\/www.ongsim.org\/index.php\/primeira-missao-educacao-saude-e-ambiente-de-2017\/"]}]},{"@type":"BreadcrumbList","@id":"https:\/\/www.ongsim.org\/index.php\/primeira-missao-educacao-saude-e-ambiente-de-2017\/#breadcrumb","itemListElement":[{"@type":"ListItem","position":1,"name":"In\u00edcio","item":"https:\/\/www.ongsim.org\/"},{"@type":"ListItem","position":2,"name":"Primeira Miss\u00e3o Educa\u00e7\u00e3o Sa\u00fade e Ambiente de 2017"}]},{"@type":"WebSite","@id":"https:\/\/www.ongsim.org\/#website","url":"https:\/\/www.ongsim.org\/","name":"Solidariedade Internacional a Mo\u00e7ambique","description":"Solidariedade Internacional a Mo\u00e7ambique","publisher":{"@id":"https:\/\/www.ongsim.org\/#organization"},"potentialAction":[{"@type":"SearchAction","target":{"@type":"EntryPoint","urlTemplate":"https:\/\/www.ongsim.org\/?s={search_term_string}"},"query-input":{"@type":"PropertyValueSpecification","valueRequired":true,"valueName":"search_term_string"}}],"inLanguage":"pt-PT"},{"@type":"Organization","@id":"https:\/\/www.ongsim.org\/#organization","name":"Solidariedade Internacional a Mo\u00e7ambique","url":"https:\/\/www.ongsim.org\/","logo":{"@type":"ImageObject","inLanguage":"pt-PT","@id":"https:\/\/www.ongsim.org\/#\/schema\/logo\/image\/","url":"http:\/\/ongsim.org\/wp-content\/uploads\/2020\/03\/logo-sim-2_branco_site.png","contentUrl":"http:\/\/ongsim.org\/wp-content\/uploads\/2020\/03\/logo-sim-2_branco_site.png","width":300,"height":300,"caption":"Solidariedade Internacional a Mo\u00e7ambique"},"image":{"@id":"https:\/\/www.ongsim.org\/#\/schema\/logo\/image\/"},"sameAs":["https:\/\/www.facebook.com\/ONG.SIM.MOCAMBIQUE\/?ref=ts","https:\/\/www.instagram.com\/sim.mocambique\/","https:\/\/www.youtube.com\/channel\/UCcLb9BZr3RC9gZ57W-0eebA"]}]}},"jetpack_sharing_enabled":true,"_links":{"self":[{"href":"\/index.php\/wp-json\/wp\/v2\/pages\/427","targetHints":{"allow":["GET"]}}],"collection":[{"href":"\/index.php\/wp-json\/wp\/v2\/pages"}],"about":[{"href":"\/index.php\/wp-json\/wp\/v2\/types\/page"}],"author":[{"embeddable":true,"href":"\/index.php\/wp-json\/wp\/v2\/users\/1"}],"replies":[{"embeddable":true,"href":"\/index.php\/wp-json\/wp\/v2\/comments?post=427"}],"version-history":[{"count":4,"href":"\/index.php\/wp-json\/wp\/v2\/pages\/427\/revisions"}],"predecessor-version":[{"id":9016,"href":"\/index.php\/wp-json\/wp\/v2\/pages\/427\/revisions\/9016"}],"wp:attachment":[{"href":"\/index.php\/wp-json\/wp\/v2\/media?parent=427"}],"curies":[{"name":"wp","href":"https:\/\/api.w.org\/{rel}","templated":true}]}}