{"id":421,"date":"2019-09-27T11:41:10","date_gmt":"2019-09-27T11:41:10","guid":{"rendered":"http:\/\/172.17.194.93\/wordpress\/?page_id=421"},"modified":"2019-11-20T18:11:00","modified_gmt":"2019-11-20T18:11:00","slug":"controlo-da-tensao-arterial-na-ilha-do-bazaruto","status":"publish","type":"page","link":"\/index.php\/controlo-da-tensao-arterial-na-ilha-do-bazaruto\/","title":{"rendered":"Controlo da Tens\u00e3o Arterial na Ilha do Bazaruto"},"content":{"rendered":"\n<figure class=\"wp-block-image\"><img decoding=\"async\" src=\"https:\/site\/upload\/files\/tensaoart.jpg\" alt=\"\"\/><\/figure>\n\n\n\n<p>Mo\u00e7ambique &#8211; Sa\u00fade 2017 &#8211; norte da Ilha do Bazaruto.<\/p>\n\n\n\n<p style=\"text-align:justify\">A  sa\u00fade \u00e9 uma das grandes preocupa\u00e7\u00f5es da ONGD SIM. Todas as semanas, no norte  da Ilha do Bazaruto, o colaborador S\u00e9rgio Maluane mede a tens\u00e3o  arterial (com aparelhos oferecidos pela Artsana Portugal) aos membros da  comunidade. A ingest\u00e3o de muito sal leva a valores elevados. Esperamos  que com este controlo e com os conselhos dados \u00e0 popula\u00e7\u00e3o os resultados  melhorem rapidamente!<\/p>\n","protected":false},"excerpt":{"rendered":"<p>Mo\u00e7ambique &#8211; Sa\u00fade 2017 &#8211; norte da Ilha do Bazaruto. A sa\u00fade \u00e9 uma das grandes preocupa\u00e7\u00f5es da ONGD SIM. Todas as semanas, no norte da Ilha do Bazaruto, o colaborador S\u00e9rgio Maluane mede a tens\u00e3o arterial (com aparelhos oferecidos pela Artsana Portugal) aos membros da comunidade. A ingest\u00e3o de muito sal leva a valores&#8230; <a class=\"more-link\" href=\"\/index.php\/controlo-da-tensao-arterial-na-ilha-do-bazaruto\/#more-421\">Continue Reading &rarr;<\/a><\/p>\n","protected":false},"author":1,"featured_media":0,"parent":0,"menu_order":0,"comment_status":"closed","ping_status":"closed","template":"","meta":{"ngg_post_thumbnail":0,"footnotes":""},"class_list":["post-421","page","type-page","status-publish","hentry","clear"],"yoast_head":"<!-- This site is optimized with the Yoast SEO plugin v27.2 - https:\/\/yoast.com\/product\/yoast-seo-wordpress\/ -->\n<title>Controlo da Tens\u00e3o Arterial na Ilha do Bazaruto - Solidariedade Internacional a Mo\u00e7ambique<\/title>\n<meta name=\"robots\" content=\"index, follow, max-snippet:-1, max-image-preview:large, max-video-preview:-1\" \/>\n<link rel=\"canonical\" href=\"https:\/\/www.ongsim.org\/index.php\/controlo-da-tensao-arterial-na-ilha-do-bazaruto\/\" \/>\n<meta property=\"og:locale\" content=\"pt_PT\" \/>\n<meta property=\"og:type\" content=\"article\" \/>\n<meta property=\"og:title\" content=\"Controlo da Tens\u00e3o Arterial na Ilha do Bazaruto - Solidariedade Internacional a Mo\u00e7ambique\" \/>\n<meta property=\"og:description\" content=\"Mo\u00e7ambique &#8211; Sa\u00fade 2017 &#8211; norte da Ilha do Bazaruto. A sa\u00fade \u00e9 uma das grandes preocupa\u00e7\u00f5es da ONGD SIM. Todas as semanas, no norte da Ilha do Bazaruto, o colaborador S\u00e9rgio Maluane mede a tens\u00e3o arterial (com aparelhos oferecidos pela Artsana Portugal) aos membros da comunidade. A ingest\u00e3o de muito sal leva a valores... Continue Reading &rarr;\" \/>\n<meta property=\"og:url\" content=\"https:\/\/www.ongsim.org\/index.php\/controlo-da-tensao-arterial-na-ilha-do-bazaruto\/\" \/>\n<meta property=\"og:site_name\" content=\"Solidariedade Internacional a Mo\u00e7ambique\" \/>\n<meta property=\"article:publisher\" content=\"https:\/\/www.facebook.com\/ONG.SIM.MOCAMBIQUE\/?ref=ts\" \/>\n<meta property=\"article:modified_time\" content=\"2019-11-20T18:11:00+00:00\" \/>\n<meta name=\"twitter:card\" content=\"summary_large_image\" \/>\n<script type=\"application\/ld+json\" class=\"yoast-schema-graph\">{\"@context\":\"https:\/\/schema.org\",\"@graph\":[{\"@type\":\"WebPage\",\"@id\":\"https:\/\/www.ongsim.org\/index.php\/controlo-da-tensao-arterial-na-ilha-do-bazaruto\/\",\"url\":\"https:\/\/www.ongsim.org\/index.php\/controlo-da-tensao-arterial-na-ilha-do-bazaruto\/\",\"name\":\"Controlo da Tens\u00e3o Arterial na Ilha do Bazaruto - Solidariedade Internacional a Mo\u00e7ambique\",\"isPartOf\":{\"@id\":\"https:\/\/www.ongsim.org\/#website\"},\"datePublished\":\"2019-09-27T11:41:10+00:00\",\"dateModified\":\"2019-11-20T18:11:00+00:00\",\"breadcrumb\":{\"@id\":\"https:\/\/www.ongsim.org\/index.php\/controlo-da-tensao-arterial-na-ilha-do-bazaruto\/#breadcrumb\"},\"inLanguage\":\"pt-PT\",\"potentialAction\":[{\"@type\":\"ReadAction\",\"target\":[\"https:\/\/www.ongsim.org\/index.php\/controlo-da-tensao-arterial-na-ilha-do-bazaruto\/\"]}]},{\"@type\":\"BreadcrumbList\",\"@id\":\"https:\/\/www.ongsim.org\/index.php\/controlo-da-tensao-arterial-na-ilha-do-bazaruto\/#breadcrumb\",\"itemListElement\":[{\"@type\":\"ListItem\",\"position\":1,\"name\":\"In\u00edcio\",\"item\":\"https:\/\/www.ongsim.org\/\"},{\"@type\":\"ListItem\",\"position\":2,\"name\":\"Controlo da Tens\u00e3o Arterial na Ilha do Bazaruto\"}]},{\"@type\":\"WebSite\",\"@id\":\"https:\/\/www.ongsim.org\/#website\",\"url\":\"https:\/\/www.ongsim.org\/\",\"name\":\"Solidariedade Internacional a Mo\u00e7ambique\",\"description\":\"Solidariedade Internacional a Mo\u00e7ambique\",\"publisher\":{\"@id\":\"https:\/\/www.ongsim.org\/#organization\"},\"potentialAction\":[{\"@type\":\"SearchAction\",\"target\":{\"@type\":\"EntryPoint\",\"urlTemplate\":\"https:\/\/www.ongsim.org\/?s={search_term_string}\"},\"query-input\":{\"@type\":\"PropertyValueSpecification\",\"valueRequired\":true,\"valueName\":\"search_term_string\"}}],\"inLanguage\":\"pt-PT\"},{\"@type\":\"Organization\",\"@id\":\"https:\/\/www.ongsim.org\/#organization\",\"name\":\"Solidariedade Internacional a Mo\u00e7ambique\",\"url\":\"https:\/\/www.ongsim.org\/\",\"logo\":{\"@type\":\"ImageObject\",\"inLanguage\":\"pt-PT\",\"@id\":\"https:\/\/www.ongsim.org\/#\/schema\/logo\/image\/\",\"url\":\"http:\/\/ongsim.org\/wp-content\/uploads\/2020\/03\/logo-sim-2_branco_site.png\",\"contentUrl\":\"http:\/\/ongsim.org\/wp-content\/uploads\/2020\/03\/logo-sim-2_branco_site.png\",\"width\":300,\"height\":300,\"caption\":\"Solidariedade Internacional a Mo\u00e7ambique\"},\"image\":{\"@id\":\"https:\/\/www.ongsim.org\/#\/schema\/logo\/image\/\"},\"sameAs\":[\"https:\/\/www.facebook.com\/ONG.SIM.MOCAMBIQUE\/?ref=ts\",\"https:\/\/www.instagram.com\/sim.mocambique\/\",\"https:\/\/www.youtube.com\/channel\/UCcLb9BZr3RC9gZ57W-0eebA\"]}]}<\/script>\n<!-- \/ Yoast SEO plugin. -->","yoast_head_json":{"title":"Controlo da Tens\u00e3o Arterial na Ilha do Bazaruto - Solidariedade Internacional a Mo\u00e7ambique","robots":{"index":"index","follow":"follow","max-snippet":"max-snippet:-1","max-image-preview":"max-image-preview:large","max-video-preview":"max-video-preview:-1"},"canonical":"https:\/\/www.ongsim.org\/index.php\/controlo-da-tensao-arterial-na-ilha-do-bazaruto\/","og_locale":"pt_PT","og_type":"article","og_title":"Controlo da Tens\u00e3o Arterial na Ilha do Bazaruto - Solidariedade Internacional a Mo\u00e7ambique","og_description":"Mo\u00e7ambique &#8211; Sa\u00fade 2017 &#8211; norte da Ilha do Bazaruto. A sa\u00fade \u00e9 uma das grandes preocupa\u00e7\u00f5es da ONGD SIM. Todas as semanas, no norte da Ilha do Bazaruto, o colaborador S\u00e9rgio Maluane mede a tens\u00e3o arterial (com aparelhos oferecidos pela Artsana Portugal) aos membros da comunidade. A ingest\u00e3o de muito sal leva a valores... Continue Reading &rarr;","og_url":"https:\/\/www.ongsim.org\/index.php\/controlo-da-tensao-arterial-na-ilha-do-bazaruto\/","og_site_name":"Solidariedade Internacional a Mo\u00e7ambique","article_publisher":"https:\/\/www.facebook.com\/ONG.SIM.MOCAMBIQUE\/?ref=ts","article_modified_time":"2019-11-20T18:11:00+00:00","twitter_card":"summary_large_image","schema":{"@context":"https:\/\/schema.org","@graph":[{"@type":"WebPage","@id":"https:\/\/www.ongsim.org\/index.php\/controlo-da-tensao-arterial-na-ilha-do-bazaruto\/","url":"https:\/\/www.ongsim.org\/index.php\/controlo-da-tensao-arterial-na-ilha-do-bazaruto\/","name":"Controlo da Tens\u00e3o Arterial na Ilha do Bazaruto - Solidariedade Internacional a Mo\u00e7ambique","isPartOf":{"@id":"https:\/\/www.ongsim.org\/#website"},"datePublished":"2019-09-27T11:41:10+00:00","dateModified":"2019-11-20T18:11:00+00:00","breadcrumb":{"@id":"https:\/\/www.ongsim.org\/index.php\/controlo-da-tensao-arterial-na-ilha-do-bazaruto\/#breadcrumb"},"inLanguage":"pt-PT","potentialAction":[{"@type":"ReadAction","target":["https:\/\/www.ongsim.org\/index.php\/controlo-da-tensao-arterial-na-ilha-do-bazaruto\/"]}]},{"@type":"BreadcrumbList","@id":"https:\/\/www.ongsim.org\/index.php\/controlo-da-tensao-arterial-na-ilha-do-bazaruto\/#breadcrumb","itemListElement":[{"@type":"ListItem","position":1,"name":"In\u00edcio","item":"https:\/\/www.ongsim.org\/"},{"@type":"ListItem","position":2,"name":"Controlo da Tens\u00e3o Arterial na Ilha do Bazaruto"}]},{"@type":"WebSite","@id":"https:\/\/www.ongsim.org\/#website","url":"https:\/\/www.ongsim.org\/","name":"Solidariedade Internacional a Mo\u00e7ambique","description":"Solidariedade Internacional a Mo\u00e7ambique","publisher":{"@id":"https:\/\/www.ongsim.org\/#organization"},"potentialAction":[{"@type":"SearchAction","target":{"@type":"EntryPoint","urlTemplate":"https:\/\/www.ongsim.org\/?s={search_term_string}"},"query-input":{"@type":"PropertyValueSpecification","valueRequired":true,"valueName":"search_term_string"}}],"inLanguage":"pt-PT"},{"@type":"Organization","@id":"https:\/\/www.ongsim.org\/#organization","name":"Solidariedade Internacional a Mo\u00e7ambique","url":"https:\/\/www.ongsim.org\/","logo":{"@type":"ImageObject","inLanguage":"pt-PT","@id":"https:\/\/www.ongsim.org\/#\/schema\/logo\/image\/","url":"http:\/\/ongsim.org\/wp-content\/uploads\/2020\/03\/logo-sim-2_branco_site.png","contentUrl":"http:\/\/ongsim.org\/wp-content\/uploads\/2020\/03\/logo-sim-2_branco_site.png","width":300,"height":300,"caption":"Solidariedade Internacional a Mo\u00e7ambique"},"image":{"@id":"https:\/\/www.ongsim.org\/#\/schema\/logo\/image\/"},"sameAs":["https:\/\/www.facebook.com\/ONG.SIM.MOCAMBIQUE\/?ref=ts","https:\/\/www.instagram.com\/sim.mocambique\/","https:\/\/www.youtube.com\/channel\/UCcLb9BZr3RC9gZ57W-0eebA"]}]}},"jetpack_sharing_enabled":true,"_links":{"self":[{"href":"\/index.php\/wp-json\/wp\/v2\/pages\/421","targetHints":{"allow":["GET"]}}],"collection":[{"href":"\/index.php\/wp-json\/wp\/v2\/pages"}],"about":[{"href":"\/index.php\/wp-json\/wp\/v2\/types\/page"}],"author":[{"embeddable":true,"href":"\/index.php\/wp-json\/wp\/v2\/users\/1"}],"replies":[{"embeddable":true,"href":"\/index.php\/wp-json\/wp\/v2\/comments?post=421"}],"version-history":[{"count":4,"href":"\/index.php\/wp-json\/wp\/v2\/pages\/421\/revisions"}],"predecessor-version":[{"id":9000,"href":"\/index.php\/wp-json\/wp\/v2\/pages\/421\/revisions\/9000"}],"wp:attachment":[{"href":"\/index.php\/wp-json\/wp\/v2\/media?parent=421"}],"curies":[{"name":"wp","href":"https:\/\/api.w.org\/{rel}","templated":true}]}}