{"id":415,"date":"2019-09-27T11:39:03","date_gmt":"2019-09-27T11:39:03","guid":{"rendered":"http:\/\/172.17.194.93\/wordpress\/?page_id=415"},"modified":"2019-11-20T18:20:49","modified_gmt":"2019-11-20T18:20:49","slug":"a-ong-sim-como-objecto-de-estudo-em-mestrado","status":"publish","type":"page","link":"\/index.php\/a-ong-sim-como-objecto-de-estudo-em-mestrado\/","title":{"rendered":"A ONGD SIM como objecto de estudo em mestrado"},"content":{"rendered":"\n<p style=\"text-align:justify\">Um trabalho de grupo do curso de  Mestrado em Ci\u00eancias Empresariais do ISEG, Instituto Superior de  Economia e Gest\u00e3o, desenhou um plano estrat\u00e9gico para as actividades da  ONGD SIM &#8211; Solidariedade Internacional a Mo\u00e7ambique. Identificando os  pontos fortes e os pontos fracos da nossa ONG, inventariando amea\u00e7as e  oportunidades, estes mestrandos do ISEG aplicaram uma grelha de an\u00e1lise  rigorosa e fazem propostas estrat\u00e9gicas que v\u00e3o ser muito \u00fateis para a  programa\u00e7\u00e3o futura das nossas interven\u00e7\u00f5es no terreno. <\/p>\n\n\n\n<p style=\"text-align:justify\">O trabalho foi apresentado no dia 18\n de Maio de 2017, no \u00e2mbito dos estudos de casos em Gest\u00e3o Estrat\u00e9gica, \nna cadeira orientada professora doutora Carla Curado. Parab\u00e9ns ao ISEG, \u00e0\n docente e aos seus alunos pelo excelente trabalho que est\u00e3o a realizar!<\/p>\n\n\n\n<p style=\"text-align:justify\">Na fotografia, da esquerda para  direita: Filipe Pereira, Izaurinha Jardim, Marta Tavares, Rebeca McLeod,  In\u00eas Sousa, Carmo Jardim (presidente da direc\u00e7\u00e3o da ONGD SIM), Carla  Curado (docente do ISEG) e Miguel Sarmento.\u00a0<\/p>\n\n\n\n<figure class=\"wp-block-image\"><img decoding=\"async\" src=\"https:\/site\/upload\/files\/iseg.jpg\" alt=\"\"\/><\/figure>\n","protected":false},"excerpt":{"rendered":"<p>Um trabalho de grupo do curso de Mestrado em Ci\u00eancias Empresariais do ISEG, Instituto Superior de Economia e Gest\u00e3o, desenhou um plano estrat\u00e9gico para as actividades da ONGD SIM &#8211; Solidariedade Internacional a Mo\u00e7ambique. Identificando os pontos fortes e os pontos fracos da nossa ONG, inventariando amea\u00e7as e oportunidades, estes mestrandos do ISEG aplicaram uma&#8230; <a class=\"more-link\" href=\"\/index.php\/a-ong-sim-como-objecto-de-estudo-em-mestrado\/#more-415\">Continue Reading &rarr;<\/a><\/p>\n","protected":false},"author":1,"featured_media":0,"parent":0,"menu_order":0,"comment_status":"closed","ping_status":"closed","template":"","meta":{"ngg_post_thumbnail":0,"footnotes":""},"class_list":["post-415","page","type-page","status-publish","hentry","clear"],"yoast_head":"<!-- This site is optimized with the Yoast SEO plugin v27.2 - https:\/\/yoast.com\/product\/yoast-seo-wordpress\/ -->\n<title>A ONGD SIM como objecto de estudo em mestrado - Solidariedade Internacional a Mo\u00e7ambique<\/title>\n<meta name=\"robots\" content=\"index, follow, max-snippet:-1, max-image-preview:large, max-video-preview:-1\" \/>\n<link rel=\"canonical\" href=\"https:\/\/www.ongsim.org\/index.php\/a-ong-sim-como-objecto-de-estudo-em-mestrado\/\" \/>\n<meta property=\"og:locale\" content=\"pt_PT\" \/>\n<meta property=\"og:type\" content=\"article\" \/>\n<meta property=\"og:title\" content=\"A ONGD SIM como objecto de estudo em mestrado - Solidariedade Internacional a Mo\u00e7ambique\" \/>\n<meta property=\"og:description\" content=\"Um trabalho de grupo do curso de Mestrado em Ci\u00eancias Empresariais do ISEG, Instituto Superior de Economia e Gest\u00e3o, desenhou um plano estrat\u00e9gico para as actividades da ONGD SIM &#8211; Solidariedade Internacional a Mo\u00e7ambique. Identificando os pontos fortes e os pontos fracos da nossa ONG, inventariando amea\u00e7as e oportunidades, estes mestrandos do ISEG aplicaram uma... Continue Reading &rarr;\" \/>\n<meta property=\"og:url\" content=\"https:\/\/www.ongsim.org\/index.php\/a-ong-sim-como-objecto-de-estudo-em-mestrado\/\" \/>\n<meta property=\"og:site_name\" content=\"Solidariedade Internacional a Mo\u00e7ambique\" \/>\n<meta property=\"article:publisher\" content=\"https:\/\/www.facebook.com\/ONG.SIM.MOCAMBIQUE\/?ref=ts\" \/>\n<meta property=\"article:modified_time\" content=\"2019-11-20T18:20:49+00:00\" \/>\n<meta name=\"twitter:card\" content=\"summary_large_image\" \/>\n<meta name=\"twitter:label1\" content=\"Tempo estimado de leitura\" \/>\n\t<meta name=\"twitter:data1\" content=\"1 minuto\" \/>\n<script type=\"application\/ld+json\" class=\"yoast-schema-graph\">{\"@context\":\"https:\/\/schema.org\",\"@graph\":[{\"@type\":\"WebPage\",\"@id\":\"https:\/\/www.ongsim.org\/index.php\/a-ong-sim-como-objecto-de-estudo-em-mestrado\/\",\"url\":\"https:\/\/www.ongsim.org\/index.php\/a-ong-sim-como-objecto-de-estudo-em-mestrado\/\",\"name\":\"A ONGD SIM como objecto de estudo em mestrado - Solidariedade Internacional a Mo\u00e7ambique\",\"isPartOf\":{\"@id\":\"https:\/\/www.ongsim.org\/#website\"},\"datePublished\":\"2019-09-27T11:39:03+00:00\",\"dateModified\":\"2019-11-20T18:20:49+00:00\",\"breadcrumb\":{\"@id\":\"https:\/\/www.ongsim.org\/index.php\/a-ong-sim-como-objecto-de-estudo-em-mestrado\/#breadcrumb\"},\"inLanguage\":\"pt-PT\",\"potentialAction\":[{\"@type\":\"ReadAction\",\"target\":[\"https:\/\/www.ongsim.org\/index.php\/a-ong-sim-como-objecto-de-estudo-em-mestrado\/\"]}]},{\"@type\":\"BreadcrumbList\",\"@id\":\"https:\/\/www.ongsim.org\/index.php\/a-ong-sim-como-objecto-de-estudo-em-mestrado\/#breadcrumb\",\"itemListElement\":[{\"@type\":\"ListItem\",\"position\":1,\"name\":\"In\u00edcio\",\"item\":\"https:\/\/www.ongsim.org\/\"},{\"@type\":\"ListItem\",\"position\":2,\"name\":\"A ONGD SIM como objecto de estudo em mestrado\"}]},{\"@type\":\"WebSite\",\"@id\":\"https:\/\/www.ongsim.org\/#website\",\"url\":\"https:\/\/www.ongsim.org\/\",\"name\":\"Solidariedade Internacional a Mo\u00e7ambique\",\"description\":\"Solidariedade Internacional a Mo\u00e7ambique\",\"publisher\":{\"@id\":\"https:\/\/www.ongsim.org\/#organization\"},\"potentialAction\":[{\"@type\":\"SearchAction\",\"target\":{\"@type\":\"EntryPoint\",\"urlTemplate\":\"https:\/\/www.ongsim.org\/?s={search_term_string}\"},\"query-input\":{\"@type\":\"PropertyValueSpecification\",\"valueRequired\":true,\"valueName\":\"search_term_string\"}}],\"inLanguage\":\"pt-PT\"},{\"@type\":\"Organization\",\"@id\":\"https:\/\/www.ongsim.org\/#organization\",\"name\":\"Solidariedade Internacional a Mo\u00e7ambique\",\"url\":\"https:\/\/www.ongsim.org\/\",\"logo\":{\"@type\":\"ImageObject\",\"inLanguage\":\"pt-PT\",\"@id\":\"https:\/\/www.ongsim.org\/#\/schema\/logo\/image\/\",\"url\":\"http:\/\/ongsim.org\/wp-content\/uploads\/2020\/03\/logo-sim-2_branco_site.png\",\"contentUrl\":\"http:\/\/ongsim.org\/wp-content\/uploads\/2020\/03\/logo-sim-2_branco_site.png\",\"width\":300,\"height\":300,\"caption\":\"Solidariedade Internacional a Mo\u00e7ambique\"},\"image\":{\"@id\":\"https:\/\/www.ongsim.org\/#\/schema\/logo\/image\/\"},\"sameAs\":[\"https:\/\/www.facebook.com\/ONG.SIM.MOCAMBIQUE\/?ref=ts\",\"https:\/\/www.instagram.com\/sim.mocambique\/\",\"https:\/\/www.youtube.com\/channel\/UCcLb9BZr3RC9gZ57W-0eebA\"]}]}<\/script>\n<!-- \/ Yoast SEO plugin. -->","yoast_head_json":{"title":"A ONGD SIM como objecto de estudo em mestrado - Solidariedade Internacional a Mo\u00e7ambique","robots":{"index":"index","follow":"follow","max-snippet":"max-snippet:-1","max-image-preview":"max-image-preview:large","max-video-preview":"max-video-preview:-1"},"canonical":"https:\/\/www.ongsim.org\/index.php\/a-ong-sim-como-objecto-de-estudo-em-mestrado\/","og_locale":"pt_PT","og_type":"article","og_title":"A ONGD SIM como objecto de estudo em mestrado - Solidariedade Internacional a Mo\u00e7ambique","og_description":"Um trabalho de grupo do curso de Mestrado em Ci\u00eancias Empresariais do ISEG, Instituto Superior de Economia e Gest\u00e3o, desenhou um plano estrat\u00e9gico para as actividades da ONGD SIM &#8211; Solidariedade Internacional a Mo\u00e7ambique. Identificando os pontos fortes e os pontos fracos da nossa ONG, inventariando amea\u00e7as e oportunidades, estes mestrandos do ISEG aplicaram uma... Continue Reading &rarr;","og_url":"https:\/\/www.ongsim.org\/index.php\/a-ong-sim-como-objecto-de-estudo-em-mestrado\/","og_site_name":"Solidariedade Internacional a Mo\u00e7ambique","article_publisher":"https:\/\/www.facebook.com\/ONG.SIM.MOCAMBIQUE\/?ref=ts","article_modified_time":"2019-11-20T18:20:49+00:00","twitter_card":"summary_large_image","twitter_misc":{"Tempo estimado de leitura":"1 minuto"},"schema":{"@context":"https:\/\/schema.org","@graph":[{"@type":"WebPage","@id":"https:\/\/www.ongsim.org\/index.php\/a-ong-sim-como-objecto-de-estudo-em-mestrado\/","url":"https:\/\/www.ongsim.org\/index.php\/a-ong-sim-como-objecto-de-estudo-em-mestrado\/","name":"A ONGD SIM como objecto de estudo em mestrado - Solidariedade Internacional a Mo\u00e7ambique","isPartOf":{"@id":"https:\/\/www.ongsim.org\/#website"},"datePublished":"2019-09-27T11:39:03+00:00","dateModified":"2019-11-20T18:20:49+00:00","breadcrumb":{"@id":"https:\/\/www.ongsim.org\/index.php\/a-ong-sim-como-objecto-de-estudo-em-mestrado\/#breadcrumb"},"inLanguage":"pt-PT","potentialAction":[{"@type":"ReadAction","target":["https:\/\/www.ongsim.org\/index.php\/a-ong-sim-como-objecto-de-estudo-em-mestrado\/"]}]},{"@type":"BreadcrumbList","@id":"https:\/\/www.ongsim.org\/index.php\/a-ong-sim-como-objecto-de-estudo-em-mestrado\/#breadcrumb","itemListElement":[{"@type":"ListItem","position":1,"name":"In\u00edcio","item":"https:\/\/www.ongsim.org\/"},{"@type":"ListItem","position":2,"name":"A ONGD SIM como objecto de estudo em mestrado"}]},{"@type":"WebSite","@id":"https:\/\/www.ongsim.org\/#website","url":"https:\/\/www.ongsim.org\/","name":"Solidariedade Internacional a Mo\u00e7ambique","description":"Solidariedade Internacional a Mo\u00e7ambique","publisher":{"@id":"https:\/\/www.ongsim.org\/#organization"},"potentialAction":[{"@type":"SearchAction","target":{"@type":"EntryPoint","urlTemplate":"https:\/\/www.ongsim.org\/?s={search_term_string}"},"query-input":{"@type":"PropertyValueSpecification","valueRequired":true,"valueName":"search_term_string"}}],"inLanguage":"pt-PT"},{"@type":"Organization","@id":"https:\/\/www.ongsim.org\/#organization","name":"Solidariedade Internacional a Mo\u00e7ambique","url":"https:\/\/www.ongsim.org\/","logo":{"@type":"ImageObject","inLanguage":"pt-PT","@id":"https:\/\/www.ongsim.org\/#\/schema\/logo\/image\/","url":"http:\/\/ongsim.org\/wp-content\/uploads\/2020\/03\/logo-sim-2_branco_site.png","contentUrl":"http:\/\/ongsim.org\/wp-content\/uploads\/2020\/03\/logo-sim-2_branco_site.png","width":300,"height":300,"caption":"Solidariedade Internacional a Mo\u00e7ambique"},"image":{"@id":"https:\/\/www.ongsim.org\/#\/schema\/logo\/image\/"},"sameAs":["https:\/\/www.facebook.com\/ONG.SIM.MOCAMBIQUE\/?ref=ts","https:\/\/www.instagram.com\/sim.mocambique\/","https:\/\/www.youtube.com\/channel\/UCcLb9BZr3RC9gZ57W-0eebA"]}]}},"jetpack_sharing_enabled":true,"_links":{"self":[{"href":"\/index.php\/wp-json\/wp\/v2\/pages\/415","targetHints":{"allow":["GET"]}}],"collection":[{"href":"\/index.php\/wp-json\/wp\/v2\/pages"}],"about":[{"href":"\/index.php\/wp-json\/wp\/v2\/types\/page"}],"author":[{"embeddable":true,"href":"\/index.php\/wp-json\/wp\/v2\/users\/1"}],"replies":[{"embeddable":true,"href":"\/index.php\/wp-json\/wp\/v2\/comments?post=415"}],"version-history":[{"count":4,"href":"\/index.php\/wp-json\/wp\/v2\/pages\/415\/revisions"}],"predecessor-version":[{"id":9014,"href":"\/index.php\/wp-json\/wp\/v2\/pages\/415\/revisions\/9014"}],"wp:attachment":[{"href":"\/index.php\/wp-json\/wp\/v2\/media?parent=415"}],"curies":[{"name":"wp","href":"https:\/\/api.w.org\/{rel}","templated":true}]}}