{"id":409,"date":"2019-09-27T11:29:05","date_gmt":"2019-09-27T11:29:05","guid":{"rendered":"http:\/\/172.17.194.93\/wordpress\/?page_id=409"},"modified":"2019-11-28T19:40:29","modified_gmt":"2019-11-28T19:40:29","slug":"audencia-teve-alta-hospitalar","status":"publish","type":"page","link":"\/index.php\/audencia-teve-alta-hospitalar\/","title":{"rendered":"&#8220;Princesinha&#8221; Aud\u00eancia teve alta hospitalar"},"content":{"rendered":"\n<figure class=\"wp-block-image\"><img decoding=\"async\" src=\"https:\/site\/upload\/files\/princesinha_alta.jpg\" alt=\"\"\/><\/figure>\n\n\n\n<p style=\"text-align:justify\">A\n &#8220;princesinha&#8221; Audi\u00eancia, a menina apanhada pelo fogo enquanto cozinhava\n para a Av\u00f3, no norte da Ilha do Bazaruto, foi submetida a mais uma \ninterven\u00e7\u00e3o cir\u00fargica no Hospital Central da Beira, chefiada pelo \nCirurgi\u00e3o chefe, Dr. H\u00e9lder Miranda. A opera\u00e7\u00e3o correu muito bem e, \nnesta fase, a &#8220;princesinha&#8221; encontra-se a fazer fisioterapia e a mudar \npensos.A partir da pr\u00f3xima semana e gra\u00e7as ao apoio que tem tido de uma grande empresa de Mo\u00e7ambique, a Audi\u00eancia regressar\u00e1 para o Inhassoro acompanhada da Av\u00f3 e de Pedro Maluane.<br>\nUm muito obrigado a toda a equipa do Hospital Central da Beira e a todos que ajudaram a salvar a pequena &#8220;princesinha&#8221;.<br>\nTabonga Maningue!<\/p>\n","protected":false},"excerpt":{"rendered":"<p>A &#8220;princesinha&#8221; Audi\u00eancia, a menina apanhada pelo fogo enquanto cozinhava para a Av\u00f3, no norte da Ilha do Bazaruto, foi submetida a mais uma interven\u00e7\u00e3o cir\u00fargica no Hospital Central da Beira, chefiada pelo Cirurgi\u00e3o chefe, Dr. H\u00e9lder Miranda. A opera\u00e7\u00e3o correu muito bem e, nesta fase, a &#8220;princesinha&#8221; encontra-se a fazer fisioterapia e a mudar&#8230; <a class=\"more-link\" href=\"\/index.php\/audencia-teve-alta-hospitalar\/#more-409\">Continue Reading &rarr;<\/a><\/p>\n","protected":false},"author":1,"featured_media":0,"parent":0,"menu_order":0,"comment_status":"closed","ping_status":"closed","template":"template-nosidebar.php","meta":{"ngg_post_thumbnail":0,"footnotes":""},"class_list":["post-409","page","type-page","status-publish","hentry","clear"],"yoast_head":"<!-- This site is optimized with the Yoast SEO plugin v27.2 - https:\/\/yoast.com\/product\/yoast-seo-wordpress\/ -->\n<title>&quot;Princesinha&quot; Aud\u00eancia teve alta hospitalar - Solidariedade Internacional a Mo\u00e7ambique<\/title>\n<meta name=\"robots\" content=\"index, follow, max-snippet:-1, max-image-preview:large, max-video-preview:-1\" \/>\n<link rel=\"canonical\" href=\"\/index.php\/audencia-teve-alta-hospitalar\/\" \/>\n<meta property=\"og:locale\" content=\"pt_PT\" \/>\n<meta property=\"og:type\" content=\"article\" \/>\n<meta property=\"og:title\" content=\"&quot;Princesinha&quot; Aud\u00eancia teve alta hospitalar - Solidariedade Internacional a Mo\u00e7ambique\" \/>\n<meta property=\"og:description\" content=\"A &#8220;princesinha&#8221; Audi\u00eancia, a menina apanhada pelo fogo enquanto cozinhava para a Av\u00f3, no norte da Ilha do Bazaruto, foi submetida a mais uma interven\u00e7\u00e3o cir\u00fargica no Hospital Central da Beira, chefiada pelo Cirurgi\u00e3o chefe, Dr. H\u00e9lder Miranda. A opera\u00e7\u00e3o correu muito bem e, nesta fase, a &#8220;princesinha&#8221; encontra-se a fazer fisioterapia e a mudar... Continue Reading &rarr;\" \/>\n<meta property=\"og:url\" content=\"\/index.php\/audencia-teve-alta-hospitalar\/\" \/>\n<meta property=\"og:site_name\" content=\"Solidariedade Internacional a Mo\u00e7ambique\" \/>\n<meta property=\"article:publisher\" content=\"https:\/\/www.facebook.com\/ONG.SIM.MOCAMBIQUE\/?ref=ts\" \/>\n<meta property=\"article:modified_time\" content=\"2019-11-28T19:40:29+00:00\" \/>\n<meta name=\"twitter:card\" content=\"summary_large_image\" \/>\n<meta name=\"twitter:label1\" content=\"Tempo estimado de leitura\" \/>\n\t<meta name=\"twitter:data1\" content=\"1 minuto\" \/>\n<script type=\"application\/ld+json\" class=\"yoast-schema-graph\">{\"@context\":\"https:\/\/schema.org\",\"@graph\":[{\"@type\":\"WebPage\",\"@id\":\"\/index.php\/audencia-teve-alta-hospitalar\/\",\"url\":\"\/index.php\/audencia-teve-alta-hospitalar\/\",\"name\":\"\\\"Princesinha\\\" Aud\u00eancia teve alta hospitalar - Solidariedade Internacional a Mo\u00e7ambique\",\"isPartOf\":{\"@id\":\"https:\/\/www.ongsim.org\/#website\"},\"datePublished\":\"2019-09-27T11:29:05+00:00\",\"dateModified\":\"2019-11-28T19:40:29+00:00\",\"breadcrumb\":{\"@id\":\"\/index.php\/audencia-teve-alta-hospitalar\/#breadcrumb\"},\"inLanguage\":\"pt-PT\",\"potentialAction\":[{\"@type\":\"ReadAction\",\"target\":[\"\/index.php\/audencia-teve-alta-hospitalar\/\"]}]},{\"@type\":\"BreadcrumbList\",\"@id\":\"\/index.php\/audencia-teve-alta-hospitalar\/#breadcrumb\",\"itemListElement\":[{\"@type\":\"ListItem\",\"position\":1,\"name\":\"In\u00edcio\",\"item\":\"https:\/\/www.ongsim.org\/\"},{\"@type\":\"ListItem\",\"position\":2,\"name\":\"&#8220;Princesinha&#8221; Aud\u00eancia teve alta hospitalar\"}]},{\"@type\":\"WebSite\",\"@id\":\"https:\/\/www.ongsim.org\/#website\",\"url\":\"https:\/\/www.ongsim.org\/\",\"name\":\"Solidariedade Internacional a Mo\u00e7ambique\",\"description\":\"Solidariedade Internacional a Mo\u00e7ambique\",\"publisher\":{\"@id\":\"https:\/\/www.ongsim.org\/#organization\"},\"potentialAction\":[{\"@type\":\"SearchAction\",\"target\":{\"@type\":\"EntryPoint\",\"urlTemplate\":\"https:\/\/www.ongsim.org\/?s={search_term_string}\"},\"query-input\":{\"@type\":\"PropertyValueSpecification\",\"valueRequired\":true,\"valueName\":\"search_term_string\"}}],\"inLanguage\":\"pt-PT\"},{\"@type\":\"Organization\",\"@id\":\"https:\/\/www.ongsim.org\/#organization\",\"name\":\"Solidariedade Internacional a Mo\u00e7ambique\",\"url\":\"https:\/\/www.ongsim.org\/\",\"logo\":{\"@type\":\"ImageObject\",\"inLanguage\":\"pt-PT\",\"@id\":\"https:\/\/www.ongsim.org\/#\/schema\/logo\/image\/\",\"url\":\"http:\/\/ongsim.org\/wp-content\/uploads\/2020\/03\/logo-sim-2_branco_site.png\",\"contentUrl\":\"http:\/\/ongsim.org\/wp-content\/uploads\/2020\/03\/logo-sim-2_branco_site.png\",\"width\":300,\"height\":300,\"caption\":\"Solidariedade Internacional a Mo\u00e7ambique\"},\"image\":{\"@id\":\"https:\/\/www.ongsim.org\/#\/schema\/logo\/image\/\"},\"sameAs\":[\"https:\/\/www.facebook.com\/ONG.SIM.MOCAMBIQUE\/?ref=ts\",\"https:\/\/www.instagram.com\/sim.mocambique\/\",\"https:\/\/www.youtube.com\/channel\/UCcLb9BZr3RC9gZ57W-0eebA\"]}]}<\/script>\n<!-- \/ Yoast SEO plugin. -->","yoast_head_json":{"title":"\"Princesinha\" Aud\u00eancia teve alta hospitalar - Solidariedade Internacional a Mo\u00e7ambique","robots":{"index":"index","follow":"follow","max-snippet":"max-snippet:-1","max-image-preview":"max-image-preview:large","max-video-preview":"max-video-preview:-1"},"canonical":"\/index.php\/audencia-teve-alta-hospitalar\/","og_locale":"pt_PT","og_type":"article","og_title":"\"Princesinha\" Aud\u00eancia teve alta hospitalar - Solidariedade Internacional a Mo\u00e7ambique","og_description":"A &#8220;princesinha&#8221; Audi\u00eancia, a menina apanhada pelo fogo enquanto cozinhava para a Av\u00f3, no norte da Ilha do Bazaruto, foi submetida a mais uma interven\u00e7\u00e3o cir\u00fargica no Hospital Central da Beira, chefiada pelo Cirurgi\u00e3o chefe, Dr. H\u00e9lder Miranda. A opera\u00e7\u00e3o correu muito bem e, nesta fase, a &#8220;princesinha&#8221; encontra-se a fazer fisioterapia e a mudar... Continue Reading &rarr;","og_url":"\/index.php\/audencia-teve-alta-hospitalar\/","og_site_name":"Solidariedade Internacional a Mo\u00e7ambique","article_publisher":"https:\/\/www.facebook.com\/ONG.SIM.MOCAMBIQUE\/?ref=ts","article_modified_time":"2019-11-28T19:40:29+00:00","twitter_card":"summary_large_image","twitter_misc":{"Tempo estimado de leitura":"1 minuto"},"schema":{"@context":"https:\/\/schema.org","@graph":[{"@type":"WebPage","@id":"\/index.php\/audencia-teve-alta-hospitalar\/","url":"\/index.php\/audencia-teve-alta-hospitalar\/","name":"\"Princesinha\" Aud\u00eancia teve alta hospitalar - Solidariedade Internacional a Mo\u00e7ambique","isPartOf":{"@id":"https:\/\/www.ongsim.org\/#website"},"datePublished":"2019-09-27T11:29:05+00:00","dateModified":"2019-11-28T19:40:29+00:00","breadcrumb":{"@id":"\/index.php\/audencia-teve-alta-hospitalar\/#breadcrumb"},"inLanguage":"pt-PT","potentialAction":[{"@type":"ReadAction","target":["\/index.php\/audencia-teve-alta-hospitalar\/"]}]},{"@type":"BreadcrumbList","@id":"\/index.php\/audencia-teve-alta-hospitalar\/#breadcrumb","itemListElement":[{"@type":"ListItem","position":1,"name":"In\u00edcio","item":"https:\/\/www.ongsim.org\/"},{"@type":"ListItem","position":2,"name":"&#8220;Princesinha&#8221; Aud\u00eancia teve alta hospitalar"}]},{"@type":"WebSite","@id":"https:\/\/www.ongsim.org\/#website","url":"https:\/\/www.ongsim.org\/","name":"Solidariedade Internacional a Mo\u00e7ambique","description":"Solidariedade Internacional a Mo\u00e7ambique","publisher":{"@id":"https:\/\/www.ongsim.org\/#organization"},"potentialAction":[{"@type":"SearchAction","target":{"@type":"EntryPoint","urlTemplate":"https:\/\/www.ongsim.org\/?s={search_term_string}"},"query-input":{"@type":"PropertyValueSpecification","valueRequired":true,"valueName":"search_term_string"}}],"inLanguage":"pt-PT"},{"@type":"Organization","@id":"https:\/\/www.ongsim.org\/#organization","name":"Solidariedade Internacional a Mo\u00e7ambique","url":"https:\/\/www.ongsim.org\/","logo":{"@type":"ImageObject","inLanguage":"pt-PT","@id":"https:\/\/www.ongsim.org\/#\/schema\/logo\/image\/","url":"http:\/\/ongsim.org\/wp-content\/uploads\/2020\/03\/logo-sim-2_branco_site.png","contentUrl":"http:\/\/ongsim.org\/wp-content\/uploads\/2020\/03\/logo-sim-2_branco_site.png","width":300,"height":300,"caption":"Solidariedade Internacional a Mo\u00e7ambique"},"image":{"@id":"https:\/\/www.ongsim.org\/#\/schema\/logo\/image\/"},"sameAs":["https:\/\/www.facebook.com\/ONG.SIM.MOCAMBIQUE\/?ref=ts","https:\/\/www.instagram.com\/sim.mocambique\/","https:\/\/www.youtube.com\/channel\/UCcLb9BZr3RC9gZ57W-0eebA"]}]}},"jetpack_sharing_enabled":true,"_links":{"self":[{"href":"\/index.php\/wp-json\/wp\/v2\/pages\/409","targetHints":{"allow":["GET"]}}],"collection":[{"href":"\/index.php\/wp-json\/wp\/v2\/pages"}],"about":[{"href":"\/index.php\/wp-json\/wp\/v2\/types\/page"}],"author":[{"embeddable":true,"href":"\/index.php\/wp-json\/wp\/v2\/users\/1"}],"replies":[{"embeddable":true,"href":"\/index.php\/wp-json\/wp\/v2\/comments?post=409"}],"version-history":[{"count":4,"href":"\/index.php\/wp-json\/wp\/v2\/pages\/409\/revisions"}],"predecessor-version":[{"id":8767,"href":"\/index.php\/wp-json\/wp\/v2\/pages\/409\/revisions\/8767"}],"wp:attachment":[{"href":"\/index.php\/wp-json\/wp\/v2\/media?parent=409"}],"curies":[{"name":"wp","href":"https:\/\/api.w.org\/{rel}","templated":true}]}}