{"id":385,"date":"2019-09-27T08:03:00","date_gmt":"2019-09-27T08:03:00","guid":{"rendered":"http:\/\/172.17.194.93\/wordpress\/?page_id=385"},"modified":"2019-09-27T08:03:00","modified_gmt":"2019-09-27T08:03:00","slug":"missoes-de-monitorizacao-e-voluntariado-da-ongd-sim-em-mocambique","status":"publish","type":"page","link":"\/index.php\/missoes-de-monitorizacao-e-voluntariado-da-ongd-sim-em-mocambique\/","title":{"rendered":"Miss\u00f5es de Monitoriza\u00e7\u00e3o e Voluntariado da ONGD SIM em Mo\u00e7ambique"},"content":{"rendered":"\n<p>julho, agosto e setembro 2012<\/p>\n\n\n\n<p>A SIM, Solidariedade Internacional a Mo\u00e7ambique &#8211;\nONGD (Organiza\u00e7\u00e3o N\u00e3o Governamental para o Desenvolvimento), realizou durante\nos meses de julho, agosto e setembro v\u00e1rias a\u00e7\u00f5es em Mo\u00e7ambique, no \u00e2mbito de\nduas miss\u00f5es, uma das quais destinada a monitorizar as atividades que\ndesenvolve junto de comunidades mais carenciadas na Prov\u00edncia de Inhambane, em\nparticular no Inhassoro e no Bazaruto. <br>\n<br>\nFizeram parte do programa da miss\u00e3o de monitoriza\u00e7\u00e3o visitas \u00e0 comunidade e \u00e0\nescola de Sitone, com distribui\u00e7\u00e3o de camisolas, bon\u00e9s, material escolar e uma\nrefei\u00e7\u00e3o especial para as crian\u00e7as.<\/p>\n\n\n\n<p>&nbsp;No Bazaruto, participaram em eventos\nespeciais o R\u00e9gulo Mazalletti, chefe das comunidades, um representante do\nAdministrador do Parque Nacional do Arquip\u00e9lago do Bazaruto, o representante\nlocal do partido Frelimo, bem como os dois professores da Escola. Foram\noportunidades para apresentar \u00e0 Presidente da Direc\u00e7\u00e3o da SIM a avalia\u00e7\u00e3o que\nfazem do trabalho da nossa ONGD bem como ideias para o seu desenvolvimento no\nfuturo.<\/p>\n\n\n\n<p>No Inhassoro, a miss\u00e3o teve como objetivo\nacompanhar os bolseiros no Lar SIM, inteirando-se dos problemas e abordando as\nmelhorias a introduzir no funcionamento de Lar. Renovar as latrinas e aumentar\na cozinha est\u00e3o entre os melhoramentos para os quais s\u00e3o necess\u00e1rios angariar\nrecursos.\u00a0<br> Durante os meses de julho e agosto, a\u00a0SIM organizou tamb\u00e9m uma miss\u00e3o de voluntariado na \u00e1rea da educa\u00e7\u00e3o e do desporto destinada aos bolseiros, a qual decorreu com enorme sucesso. Os volunt\u00e1rios da SIM procuraram conhecer em detalhe as necessidades do grupo e de cada bolseiro em particular. Foram \u00e0s escolas, acompanharam os bolseiros durante as aulas e partilharam informa\u00e7\u00f5es com os professores e diretores das escolas onde os bolseiros estudam. Desenvolveram ainda programas de higiene e preven\u00e7\u00e3o sanit\u00e1ria, que foram recebidos com agrado e empenhada participa\u00e7\u00e3o pelo grupo de bolseiros apoiado pela ONGD SIM em Mo\u00e7ambique. <\/p>\n","protected":false},"excerpt":{"rendered":"<p>julho, agosto e setembro 2012 A SIM, Solidariedade Internacional a Mo\u00e7ambique &#8211; ONGD (Organiza\u00e7\u00e3o N\u00e3o Governamental para o Desenvolvimento), realizou durante os meses de julho, agosto e setembro v\u00e1rias a\u00e7\u00f5es em Mo\u00e7ambique, no \u00e2mbito de duas miss\u00f5es, uma das quais destinada a monitorizar as atividades que desenvolve junto de comunidades mais carenciadas na Prov\u00edncia de&#8230; <a class=\"more-link\" href=\"\/index.php\/missoes-de-monitorizacao-e-voluntariado-da-ongd-sim-em-mocambique\/#more-385\">Continue Reading &rarr;<\/a><\/p>\n","protected":false},"author":1,"featured_media":0,"parent":0,"menu_order":0,"comment_status":"closed","ping_status":"closed","template":"","meta":{"ngg_post_thumbnail":0,"footnotes":""},"class_list":["post-385","page","type-page","status-publish","hentry","clear"],"yoast_head":"<!-- This site is optimized with the Yoast SEO plugin v27.2 - https:\/\/yoast.com\/product\/yoast-seo-wordpress\/ -->\n<title>Miss\u00f5es de Monitoriza\u00e7\u00e3o e Voluntariado da ONGD SIM em Mo\u00e7ambique - Solidariedade Internacional a Mo\u00e7ambique<\/title>\n<meta name=\"robots\" content=\"index, follow, max-snippet:-1, max-image-preview:large, max-video-preview:-1\" \/>\n<link rel=\"canonical\" href=\"\/index.php\/missoes-de-monitorizacao-e-voluntariado-da-ongd-sim-em-mocambique\/\" \/>\n<meta property=\"og:locale\" content=\"pt_PT\" \/>\n<meta property=\"og:type\" content=\"article\" \/>\n<meta property=\"og:title\" content=\"Miss\u00f5es de Monitoriza\u00e7\u00e3o e Voluntariado da ONGD SIM em Mo\u00e7ambique - Solidariedade Internacional a Mo\u00e7ambique\" \/>\n<meta property=\"og:description\" content=\"julho, agosto e setembro 2012 A SIM, Solidariedade Internacional a Mo\u00e7ambique &#8211; ONGD (Organiza\u00e7\u00e3o N\u00e3o Governamental para o Desenvolvimento), realizou durante os meses de julho, agosto e setembro v\u00e1rias a\u00e7\u00f5es em Mo\u00e7ambique, no \u00e2mbito de duas miss\u00f5es, uma das quais destinada a monitorizar as atividades que desenvolve junto de comunidades mais carenciadas na Prov\u00edncia de... Continue Reading &rarr;\" \/>\n<meta property=\"og:url\" content=\"\/index.php\/missoes-de-monitorizacao-e-voluntariado-da-ongd-sim-em-mocambique\/\" \/>\n<meta property=\"og:site_name\" content=\"Solidariedade Internacional a Mo\u00e7ambique\" \/>\n<meta property=\"article:publisher\" content=\"https:\/\/www.facebook.com\/ONG.SIM.MOCAMBIQUE\/?ref=ts\" \/>\n<meta name=\"twitter:card\" content=\"summary_large_image\" \/>\n<meta name=\"twitter:label1\" content=\"Tempo estimado de leitura\" \/>\n\t<meta name=\"twitter:data1\" content=\"2 minutos\" \/>\n<script type=\"application\/ld+json\" class=\"yoast-schema-graph\">{\"@context\":\"https:\/\/schema.org\",\"@graph\":[{\"@type\":\"WebPage\",\"@id\":\"\/index.php\/missoes-de-monitorizacao-e-voluntariado-da-ongd-sim-em-mocambique\/\",\"url\":\"\/index.php\/missoes-de-monitorizacao-e-voluntariado-da-ongd-sim-em-mocambique\/\",\"name\":\"Miss\u00f5es de Monitoriza\u00e7\u00e3o e Voluntariado da ONGD SIM em Mo\u00e7ambique - Solidariedade Internacional a Mo\u00e7ambique\",\"isPartOf\":{\"@id\":\"https:\/\/www.ongsim.org\/#website\"},\"datePublished\":\"2019-09-27T08:03:00+00:00\",\"breadcrumb\":{\"@id\":\"\/index.php\/missoes-de-monitorizacao-e-voluntariado-da-ongd-sim-em-mocambique\/#breadcrumb\"},\"inLanguage\":\"pt-PT\",\"potentialAction\":[{\"@type\":\"ReadAction\",\"target\":[\"\/index.php\/missoes-de-monitorizacao-e-voluntariado-da-ongd-sim-em-mocambique\/\"]}]},{\"@type\":\"BreadcrumbList\",\"@id\":\"\/index.php\/missoes-de-monitorizacao-e-voluntariado-da-ongd-sim-em-mocambique\/#breadcrumb\",\"itemListElement\":[{\"@type\":\"ListItem\",\"position\":1,\"name\":\"In\u00edcio\",\"item\":\"https:\/\/www.ongsim.org\/\"},{\"@type\":\"ListItem\",\"position\":2,\"name\":\"Miss\u00f5es de Monitoriza\u00e7\u00e3o e Voluntariado da ONGD SIM em Mo\u00e7ambique\"}]},{\"@type\":\"WebSite\",\"@id\":\"https:\/\/www.ongsim.org\/#website\",\"url\":\"https:\/\/www.ongsim.org\/\",\"name\":\"Solidariedade Internacional a Mo\u00e7ambique\",\"description\":\"Solidariedade Internacional a Mo\u00e7ambique\",\"publisher\":{\"@id\":\"https:\/\/www.ongsim.org\/#organization\"},\"potentialAction\":[{\"@type\":\"SearchAction\",\"target\":{\"@type\":\"EntryPoint\",\"urlTemplate\":\"https:\/\/www.ongsim.org\/?s={search_term_string}\"},\"query-input\":{\"@type\":\"PropertyValueSpecification\",\"valueRequired\":true,\"valueName\":\"search_term_string\"}}],\"inLanguage\":\"pt-PT\"},{\"@type\":\"Organization\",\"@id\":\"https:\/\/www.ongsim.org\/#organization\",\"name\":\"Solidariedade Internacional a Mo\u00e7ambique\",\"url\":\"https:\/\/www.ongsim.org\/\",\"logo\":{\"@type\":\"ImageObject\",\"inLanguage\":\"pt-PT\",\"@id\":\"https:\/\/www.ongsim.org\/#\/schema\/logo\/image\/\",\"url\":\"http:\/\/ongsim.org\/wp-content\/uploads\/2020\/03\/logo-sim-2_branco_site.png\",\"contentUrl\":\"http:\/\/ongsim.org\/wp-content\/uploads\/2020\/03\/logo-sim-2_branco_site.png\",\"width\":300,\"height\":300,\"caption\":\"Solidariedade Internacional a Mo\u00e7ambique\"},\"image\":{\"@id\":\"https:\/\/www.ongsim.org\/#\/schema\/logo\/image\/\"},\"sameAs\":[\"https:\/\/www.facebook.com\/ONG.SIM.MOCAMBIQUE\/?ref=ts\",\"https:\/\/www.instagram.com\/sim.mocambique\/\",\"https:\/\/www.youtube.com\/channel\/UCcLb9BZr3RC9gZ57W-0eebA\"]}]}<\/script>\n<!-- \/ Yoast SEO plugin. -->","yoast_head_json":{"title":"Miss\u00f5es de Monitoriza\u00e7\u00e3o e Voluntariado da ONGD SIM em Mo\u00e7ambique - Solidariedade Internacional a Mo\u00e7ambique","robots":{"index":"index","follow":"follow","max-snippet":"max-snippet:-1","max-image-preview":"max-image-preview:large","max-video-preview":"max-video-preview:-1"},"canonical":"\/index.php\/missoes-de-monitorizacao-e-voluntariado-da-ongd-sim-em-mocambique\/","og_locale":"pt_PT","og_type":"article","og_title":"Miss\u00f5es de Monitoriza\u00e7\u00e3o e Voluntariado da ONGD SIM em Mo\u00e7ambique - Solidariedade Internacional a Mo\u00e7ambique","og_description":"julho, agosto e setembro 2012 A SIM, Solidariedade Internacional a Mo\u00e7ambique &#8211; ONGD (Organiza\u00e7\u00e3o N\u00e3o Governamental para o Desenvolvimento), realizou durante os meses de julho, agosto e setembro v\u00e1rias a\u00e7\u00f5es em Mo\u00e7ambique, no \u00e2mbito de duas miss\u00f5es, uma das quais destinada a monitorizar as atividades que desenvolve junto de comunidades mais carenciadas na Prov\u00edncia de... Continue Reading &rarr;","og_url":"\/index.php\/missoes-de-monitorizacao-e-voluntariado-da-ongd-sim-em-mocambique\/","og_site_name":"Solidariedade Internacional a Mo\u00e7ambique","article_publisher":"https:\/\/www.facebook.com\/ONG.SIM.MOCAMBIQUE\/?ref=ts","twitter_card":"summary_large_image","twitter_misc":{"Tempo estimado de leitura":"2 minutos"},"schema":{"@context":"https:\/\/schema.org","@graph":[{"@type":"WebPage","@id":"\/index.php\/missoes-de-monitorizacao-e-voluntariado-da-ongd-sim-em-mocambique\/","url":"\/index.php\/missoes-de-monitorizacao-e-voluntariado-da-ongd-sim-em-mocambique\/","name":"Miss\u00f5es de Monitoriza\u00e7\u00e3o e Voluntariado da ONGD SIM em Mo\u00e7ambique - Solidariedade Internacional a Mo\u00e7ambique","isPartOf":{"@id":"https:\/\/www.ongsim.org\/#website"},"datePublished":"2019-09-27T08:03:00+00:00","breadcrumb":{"@id":"\/index.php\/missoes-de-monitorizacao-e-voluntariado-da-ongd-sim-em-mocambique\/#breadcrumb"},"inLanguage":"pt-PT","potentialAction":[{"@type":"ReadAction","target":["\/index.php\/missoes-de-monitorizacao-e-voluntariado-da-ongd-sim-em-mocambique\/"]}]},{"@type":"BreadcrumbList","@id":"\/index.php\/missoes-de-monitorizacao-e-voluntariado-da-ongd-sim-em-mocambique\/#breadcrumb","itemListElement":[{"@type":"ListItem","position":1,"name":"In\u00edcio","item":"https:\/\/www.ongsim.org\/"},{"@type":"ListItem","position":2,"name":"Miss\u00f5es de Monitoriza\u00e7\u00e3o e Voluntariado da ONGD SIM em Mo\u00e7ambique"}]},{"@type":"WebSite","@id":"https:\/\/www.ongsim.org\/#website","url":"https:\/\/www.ongsim.org\/","name":"Solidariedade Internacional a Mo\u00e7ambique","description":"Solidariedade Internacional a Mo\u00e7ambique","publisher":{"@id":"https:\/\/www.ongsim.org\/#organization"},"potentialAction":[{"@type":"SearchAction","target":{"@type":"EntryPoint","urlTemplate":"https:\/\/www.ongsim.org\/?s={search_term_string}"},"query-input":{"@type":"PropertyValueSpecification","valueRequired":true,"valueName":"search_term_string"}}],"inLanguage":"pt-PT"},{"@type":"Organization","@id":"https:\/\/www.ongsim.org\/#organization","name":"Solidariedade Internacional a Mo\u00e7ambique","url":"https:\/\/www.ongsim.org\/","logo":{"@type":"ImageObject","inLanguage":"pt-PT","@id":"https:\/\/www.ongsim.org\/#\/schema\/logo\/image\/","url":"http:\/\/ongsim.org\/wp-content\/uploads\/2020\/03\/logo-sim-2_branco_site.png","contentUrl":"http:\/\/ongsim.org\/wp-content\/uploads\/2020\/03\/logo-sim-2_branco_site.png","width":300,"height":300,"caption":"Solidariedade Internacional a Mo\u00e7ambique"},"image":{"@id":"https:\/\/www.ongsim.org\/#\/schema\/logo\/image\/"},"sameAs":["https:\/\/www.facebook.com\/ONG.SIM.MOCAMBIQUE\/?ref=ts","https:\/\/www.instagram.com\/sim.mocambique\/","https:\/\/www.youtube.com\/channel\/UCcLb9BZr3RC9gZ57W-0eebA"]}]}},"jetpack_sharing_enabled":true,"_links":{"self":[{"href":"\/index.php\/wp-json\/wp\/v2\/pages\/385","targetHints":{"allow":["GET"]}}],"collection":[{"href":"\/index.php\/wp-json\/wp\/v2\/pages"}],"about":[{"href":"\/index.php\/wp-json\/wp\/v2\/types\/page"}],"author":[{"embeddable":true,"href":"\/index.php\/wp-json\/wp\/v2\/users\/1"}],"replies":[{"embeddable":true,"href":"\/index.php\/wp-json\/wp\/v2\/comments?post=385"}],"version-history":[{"count":2,"href":"\/index.php\/wp-json\/wp\/v2\/pages\/385\/revisions"}],"predecessor-version":[{"id":388,"href":"\/index.php\/wp-json\/wp\/v2\/pages\/385\/revisions\/388"}],"wp:attachment":[{"href":"\/index.php\/wp-json\/wp\/v2\/media?parent=385"}],"curies":[{"name":"wp","href":"https:\/\/api.w.org\/{rel}","templated":true}]}}