{"id":353,"date":"2019-09-26T19:01:40","date_gmt":"2019-09-26T19:01:40","guid":{"rendered":"http:\/\/172.17.194.93\/wordpress\/?page_id=353"},"modified":"2019-10-29T18:42:03","modified_gmt":"2019-10-29T18:42:03","slug":"saude-comunitaria","status":"publish","type":"page","link":"\/index.php\/saude-comunitaria\/","title":{"rendered":"Sa\u00fade Comunit\u00e1ria"},"content":{"rendered":"\n<p style=\"text-align:justify\"><strong>Principais car\u00eancias e problemas identificados<\/strong>:<br>Higiene b\u00e1sica<br>Falta de medicamentos<br>Necessidade de um enfermeiro para assist\u00eancia permanente \u00e0 comunidade da ilha<br>Necessidade de uma infra-estrutura de atendimento permanente<br> Falta de informa\u00e7\u00e3o no dom\u00ednio da educa\u00e7\u00e3o sexual para evitar doen\u00e7as sexualmente transmiss\u00edveis e filhos n\u00e3o planeados<br>Falta de informa\u00e7\u00e3o sobre as doen\u00e7as mais correntes e perigosas na regi\u00e3o: mal\u00e1ria, c\u00f3lera, tuberculose e HIV Sida.<br>Consumo elevado de \u00e1lcool<br>Consumo da erva estupefaciente local, a suruma<\/p>\n\n\n\n<figure class=\"wp-block-image\"><img loading=\"lazy\" decoding=\"async\" width=\"761\" height=\"533\" src=\"\/wp-content\/uploads\/2019\/10\/image-6.png\" alt=\"\" class=\"wp-image-8722\" srcset=\"\/wp-content\/uploads\/2019\/10\/image-6.png 761w, \/wp-content\/uploads\/2019\/10\/image-6-600x420.png 600w, \/wp-content\/uploads\/2019\/10\/image-6-24x17.png 24w, \/wp-content\/uploads\/2019\/10\/image-6-36x25.png 36w, \/wp-content\/uploads\/2019\/10\/image-6-48x34.png 48w, \/wp-content\/uploads\/2019\/10\/image-6-300x210.png 300w\" sizes=\"auto, (max-width: 761px) 100vw, 761px\" \/><\/figure>\n\n\n\n<p><\/p>\n","protected":false},"excerpt":{"rendered":"<p>Principais car\u00eancias e problemas identificados:Higiene b\u00e1sicaFalta de medicamentosNecessidade de um enfermeiro para assist\u00eancia permanente \u00e0 comunidade da ilhaNecessidade de uma infra-estrutura de atendimento permanente Falta de informa\u00e7\u00e3o no dom\u00ednio da educa\u00e7\u00e3o sexual para evitar doen\u00e7as sexualmente transmiss\u00edveis e filhos n\u00e3o planeadosFalta de informa\u00e7\u00e3o sobre as doen\u00e7as mais correntes e perigosas na regi\u00e3o: mal\u00e1ria, c\u00f3lera, tuberculose&#8230; <a class=\"more-link\" href=\"\/index.php\/saude-comunitaria\/#more-353\">Continue Reading &rarr;<\/a><\/p>\n","protected":false},"author":1,"featured_media":0,"parent":0,"menu_order":0,"comment_status":"closed","ping_status":"closed","template":"","meta":{"ngg_post_thumbnail":0,"footnotes":""},"class_list":["post-353","page","type-page","status-publish","hentry","clear"],"yoast_head":"<!-- This site is optimized with the Yoast SEO plugin v27.2 - https:\/\/yoast.com\/product\/yoast-seo-wordpress\/ -->\n<title>Sa\u00fade Comunit\u00e1ria - Solidariedade Internacional a Mo\u00e7ambique<\/title>\n<meta name=\"robots\" content=\"index, follow, max-snippet:-1, max-image-preview:large, max-video-preview:-1\" \/>\n<link rel=\"canonical\" href=\"https:\/\/www.ongsim.org\/index.php\/saude-comunitaria\/\" \/>\n<meta property=\"og:locale\" content=\"pt_PT\" \/>\n<meta property=\"og:type\" content=\"article\" \/>\n<meta property=\"og:title\" content=\"Sa\u00fade Comunit\u00e1ria - Solidariedade Internacional a Mo\u00e7ambique\" \/>\n<meta property=\"og:description\" content=\"Principais car\u00eancias e problemas identificados:Higiene b\u00e1sicaFalta de medicamentosNecessidade de um enfermeiro para assist\u00eancia permanente \u00e0 comunidade da ilhaNecessidade de uma infra-estrutura de atendimento permanente Falta de informa\u00e7\u00e3o no dom\u00ednio da educa\u00e7\u00e3o sexual para evitar doen\u00e7as sexualmente transmiss\u00edveis e filhos n\u00e3o planeadosFalta de informa\u00e7\u00e3o sobre as doen\u00e7as mais correntes e perigosas na regi\u00e3o: mal\u00e1ria, c\u00f3lera, tuberculose... Continue Reading &rarr;\" \/>\n<meta property=\"og:url\" content=\"https:\/\/www.ongsim.org\/index.php\/saude-comunitaria\/\" \/>\n<meta property=\"og:site_name\" content=\"Solidariedade Internacional a Mo\u00e7ambique\" \/>\n<meta property=\"article:publisher\" content=\"https:\/\/www.facebook.com\/ONG.SIM.MOCAMBIQUE\/?ref=ts\" \/>\n<meta property=\"article:modified_time\" content=\"2019-10-29T18:42:03+00:00\" \/>\n<meta name=\"twitter:card\" content=\"summary_large_image\" \/>\n<script type=\"application\/ld+json\" class=\"yoast-schema-graph\">{\"@context\":\"https:\/\/schema.org\",\"@graph\":[{\"@type\":\"WebPage\",\"@id\":\"https:\/\/www.ongsim.org\/index.php\/saude-comunitaria\/\",\"url\":\"https:\/\/www.ongsim.org\/index.php\/saude-comunitaria\/\",\"name\":\"Sa\u00fade Comunit\u00e1ria - Solidariedade Internacional a Mo\u00e7ambique\",\"isPartOf\":{\"@id\":\"https:\/\/www.ongsim.org\/#website\"},\"datePublished\":\"2019-09-26T19:01:40+00:00\",\"dateModified\":\"2019-10-29T18:42:03+00:00\",\"breadcrumb\":{\"@id\":\"https:\/\/www.ongsim.org\/index.php\/saude-comunitaria\/#breadcrumb\"},\"inLanguage\":\"pt-PT\",\"potentialAction\":[{\"@type\":\"ReadAction\",\"target\":[\"https:\/\/www.ongsim.org\/index.php\/saude-comunitaria\/\"]}]},{\"@type\":\"BreadcrumbList\",\"@id\":\"https:\/\/www.ongsim.org\/index.php\/saude-comunitaria\/#breadcrumb\",\"itemListElement\":[{\"@type\":\"ListItem\",\"position\":1,\"name\":\"In\u00edcio\",\"item\":\"https:\/\/www.ongsim.org\/\"},{\"@type\":\"ListItem\",\"position\":2,\"name\":\"Sa\u00fade Comunit\u00e1ria\"}]},{\"@type\":\"WebSite\",\"@id\":\"https:\/\/www.ongsim.org\/#website\",\"url\":\"https:\/\/www.ongsim.org\/\",\"name\":\"Solidariedade Internacional a Mo\u00e7ambique\",\"description\":\"Solidariedade Internacional a Mo\u00e7ambique\",\"publisher\":{\"@id\":\"https:\/\/www.ongsim.org\/#organization\"},\"potentialAction\":[{\"@type\":\"SearchAction\",\"target\":{\"@type\":\"EntryPoint\",\"urlTemplate\":\"https:\/\/www.ongsim.org\/?s={search_term_string}\"},\"query-input\":{\"@type\":\"PropertyValueSpecification\",\"valueRequired\":true,\"valueName\":\"search_term_string\"}}],\"inLanguage\":\"pt-PT\"},{\"@type\":\"Organization\",\"@id\":\"https:\/\/www.ongsim.org\/#organization\",\"name\":\"Solidariedade Internacional a Mo\u00e7ambique\",\"url\":\"https:\/\/www.ongsim.org\/\",\"logo\":{\"@type\":\"ImageObject\",\"inLanguage\":\"pt-PT\",\"@id\":\"https:\/\/www.ongsim.org\/#\/schema\/logo\/image\/\",\"url\":\"http:\/\/ongsim.org\/wp-content\/uploads\/2020\/03\/logo-sim-2_branco_site.png\",\"contentUrl\":\"http:\/\/ongsim.org\/wp-content\/uploads\/2020\/03\/logo-sim-2_branco_site.png\",\"width\":300,\"height\":300,\"caption\":\"Solidariedade Internacional a Mo\u00e7ambique\"},\"image\":{\"@id\":\"https:\/\/www.ongsim.org\/#\/schema\/logo\/image\/\"},\"sameAs\":[\"https:\/\/www.facebook.com\/ONG.SIM.MOCAMBIQUE\/?ref=ts\",\"https:\/\/www.instagram.com\/sim.mocambique\/\",\"https:\/\/www.youtube.com\/channel\/UCcLb9BZr3RC9gZ57W-0eebA\"]}]}<\/script>\n<!-- \/ Yoast SEO plugin. -->","yoast_head_json":{"title":"Sa\u00fade Comunit\u00e1ria - Solidariedade Internacional a Mo\u00e7ambique","robots":{"index":"index","follow":"follow","max-snippet":"max-snippet:-1","max-image-preview":"max-image-preview:large","max-video-preview":"max-video-preview:-1"},"canonical":"https:\/\/www.ongsim.org\/index.php\/saude-comunitaria\/","og_locale":"pt_PT","og_type":"article","og_title":"Sa\u00fade Comunit\u00e1ria - Solidariedade Internacional a Mo\u00e7ambique","og_description":"Principais car\u00eancias e problemas identificados:Higiene b\u00e1sicaFalta de medicamentosNecessidade de um enfermeiro para assist\u00eancia permanente \u00e0 comunidade da ilhaNecessidade de uma infra-estrutura de atendimento permanente Falta de informa\u00e7\u00e3o no dom\u00ednio da educa\u00e7\u00e3o sexual para evitar doen\u00e7as sexualmente transmiss\u00edveis e filhos n\u00e3o planeadosFalta de informa\u00e7\u00e3o sobre as doen\u00e7as mais correntes e perigosas na regi\u00e3o: mal\u00e1ria, c\u00f3lera, tuberculose... Continue Reading &rarr;","og_url":"https:\/\/www.ongsim.org\/index.php\/saude-comunitaria\/","og_site_name":"Solidariedade Internacional a Mo\u00e7ambique","article_publisher":"https:\/\/www.facebook.com\/ONG.SIM.MOCAMBIQUE\/?ref=ts","article_modified_time":"2019-10-29T18:42:03+00:00","twitter_card":"summary_large_image","schema":{"@context":"https:\/\/schema.org","@graph":[{"@type":"WebPage","@id":"https:\/\/www.ongsim.org\/index.php\/saude-comunitaria\/","url":"https:\/\/www.ongsim.org\/index.php\/saude-comunitaria\/","name":"Sa\u00fade Comunit\u00e1ria - Solidariedade Internacional a Mo\u00e7ambique","isPartOf":{"@id":"https:\/\/www.ongsim.org\/#website"},"datePublished":"2019-09-26T19:01:40+00:00","dateModified":"2019-10-29T18:42:03+00:00","breadcrumb":{"@id":"https:\/\/www.ongsim.org\/index.php\/saude-comunitaria\/#breadcrumb"},"inLanguage":"pt-PT","potentialAction":[{"@type":"ReadAction","target":["https:\/\/www.ongsim.org\/index.php\/saude-comunitaria\/"]}]},{"@type":"BreadcrumbList","@id":"https:\/\/www.ongsim.org\/index.php\/saude-comunitaria\/#breadcrumb","itemListElement":[{"@type":"ListItem","position":1,"name":"In\u00edcio","item":"https:\/\/www.ongsim.org\/"},{"@type":"ListItem","position":2,"name":"Sa\u00fade Comunit\u00e1ria"}]},{"@type":"WebSite","@id":"https:\/\/www.ongsim.org\/#website","url":"https:\/\/www.ongsim.org\/","name":"Solidariedade Internacional a Mo\u00e7ambique","description":"Solidariedade Internacional a Mo\u00e7ambique","publisher":{"@id":"https:\/\/www.ongsim.org\/#organization"},"potentialAction":[{"@type":"SearchAction","target":{"@type":"EntryPoint","urlTemplate":"https:\/\/www.ongsim.org\/?s={search_term_string}"},"query-input":{"@type":"PropertyValueSpecification","valueRequired":true,"valueName":"search_term_string"}}],"inLanguage":"pt-PT"},{"@type":"Organization","@id":"https:\/\/www.ongsim.org\/#organization","name":"Solidariedade Internacional a Mo\u00e7ambique","url":"https:\/\/www.ongsim.org\/","logo":{"@type":"ImageObject","inLanguage":"pt-PT","@id":"https:\/\/www.ongsim.org\/#\/schema\/logo\/image\/","url":"http:\/\/ongsim.org\/wp-content\/uploads\/2020\/03\/logo-sim-2_branco_site.png","contentUrl":"http:\/\/ongsim.org\/wp-content\/uploads\/2020\/03\/logo-sim-2_branco_site.png","width":300,"height":300,"caption":"Solidariedade Internacional a Mo\u00e7ambique"},"image":{"@id":"https:\/\/www.ongsim.org\/#\/schema\/logo\/image\/"},"sameAs":["https:\/\/www.facebook.com\/ONG.SIM.MOCAMBIQUE\/?ref=ts","https:\/\/www.instagram.com\/sim.mocambique\/","https:\/\/www.youtube.com\/channel\/UCcLb9BZr3RC9gZ57W-0eebA"]}]}},"jetpack_sharing_enabled":true,"_links":{"self":[{"href":"\/index.php\/wp-json\/wp\/v2\/pages\/353","targetHints":{"allow":["GET"]}}],"collection":[{"href":"\/index.php\/wp-json\/wp\/v2\/pages"}],"about":[{"href":"\/index.php\/wp-json\/wp\/v2\/types\/page"}],"author":[{"embeddable":true,"href":"\/index.php\/wp-json\/wp\/v2\/users\/1"}],"replies":[{"embeddable":true,"href":"\/index.php\/wp-json\/wp\/v2\/comments?post=353"}],"version-history":[{"count":3,"href":"\/index.php\/wp-json\/wp\/v2\/pages\/353\/revisions"}],"predecessor-version":[{"id":8723,"href":"\/index.php\/wp-json\/wp\/v2\/pages\/353\/revisions\/8723"}],"wp:attachment":[{"href":"\/index.php\/wp-json\/wp\/v2\/media?parent=353"}],"curies":[{"name":"wp","href":"https:\/\/api.w.org\/{rel}","templated":true}]}}