{"id":274,"date":"2019-09-25T19:16:24","date_gmt":"2019-09-25T19:16:24","guid":{"rendered":"http:\/\/172.17.194.93\/wordpress\/?page_id=274"},"modified":"2019-11-28T19:51:45","modified_gmt":"2019-11-28T19:51:45","slug":"2017-2","status":"publish","type":"page","link":"\/index.php\/2017-2\/","title":{"rendered":"2017"},"content":{"rendered":"\n<p class=\"has-larger-font-size\"><strong>Not\u00edcias<\/strong><\/p>\n\n\n\n<p><strong><a href=\"\/index.php\/uma-nova-palhota-para-a-princesinha\/\">Uma nova palhota para a Princesinha<\/a><\/strong><\/p>\n\n\n\n<p><strong><a href=\"\/index.php\/projecto-papinha-escola-de-sitone\/\">Projecto Papinha \u2013 Escola de Sitone<\/a><\/strong><\/p>\n\n\n\n<p><strong><a href=\"\/index.php\/missao-da-ong-sim-norte-da-ilha-do-bazaruto-julho-de-2017\/\">Miss\u00e3o da ONG SIM \u2013 Norte da Ilha do Bazaruto, Julho de 2017<\/a><\/strong><\/p>\n\n\n\n<p><strong><a href=\"\/index.php\/missao-educacao-saude-e-ambiente-de-agosto-de-2017\/\">Miss\u00e3o Educa\u00e7\u00e3o Sa\u00fade e Ambiente de Agosto de 2017<\/a><\/strong><\/p>\n\n\n\n<p><strong><a href=\"\/index.php\/audencia-teve-alta-hospitalar\/\">\u201cPrincesinha\u201d Aud\u00eancia teve alta hospitalar<\/a><\/strong><\/p>\n\n\n\n<p><strong><a href=\"\/index.php\/a-ong-sim-como-objecto-de-estudo-em-mestrado\/\">A ONG SIM como objecto de estudo em mestrado<\/a><\/strong><\/p>\n\n\n\n<p><strong><a href=\"\/index.php\/bolseiros-e-amigos-da-sim-ajudam-a-salvar-a-princesinha\/\">Bolseiros e Amigos da SIM ajudam a salvar a Princesinha<\/a><\/strong><\/p>\n\n\n\n<p><strong><a href=\"\/index.php\/controlo-da-tensao-arterial-na-ilha-do-bazaruto\/\">Controlo da Tens\u00e3o Arterial na Ilha do Bazaruto<\/a><\/strong><\/p>\n\n\n\n<p><strong><a href=\"\/index.php\/enfermeira-no-posto-de-saude-de-machulane\/\">Enfermeira no posto de Sa\u00fade de Machulane!<\/a><\/strong><\/p>\n\n\n\n<p><strong><a href=\"\/index.php\/primeira-missao-educacao-saude-e-ambiente-de-2017\/\">Primeira Miss\u00e3o Educa\u00e7\u00e3o Sa\u00fade e Ambiente de 2017<\/a><\/strong><\/p>\n","protected":false},"excerpt":{"rendered":"<p>Not\u00edcias Uma nova palhota para a Princesinha Projecto Papinha \u2013 Escola de Sitone Miss\u00e3o da ONG SIM \u2013 Norte da Ilha do Bazaruto, Julho de 2017 Miss\u00e3o Educa\u00e7\u00e3o Sa\u00fade e Ambiente de Agosto de 2017 \u201cPrincesinha\u201d Aud\u00eancia teve alta hospitalar A ONG SIM como objecto de estudo em mestrado Bolseiros e Amigos da SIM ajudam&#8230; <a class=\"more-link\" href=\"\/index.php\/2017-2\/#more-274\">Continue Reading &rarr;<\/a><\/p>\n","protected":false},"author":1,"featured_media":0,"parent":0,"menu_order":0,"comment_status":"closed","ping_status":"closed","template":"","meta":{"ngg_post_thumbnail":0,"footnotes":""},"class_list":["post-274","page","type-page","status-publish","hentry","clear"],"yoast_head":"<!-- This site is optimized with the Yoast SEO plugin v27.2 - https:\/\/yoast.com\/product\/yoast-seo-wordpress\/ -->\n<title>2017 - Solidariedade Internacional a Mo\u00e7ambique<\/title>\n<meta name=\"robots\" content=\"index, follow, max-snippet:-1, max-image-preview:large, max-video-preview:-1\" \/>\n<link rel=\"canonical\" href=\"https:\/\/www.ongsim.org\/index.php\/2017-2\/\" \/>\n<meta property=\"og:locale\" content=\"pt_PT\" \/>\n<meta property=\"og:type\" content=\"article\" \/>\n<meta property=\"og:title\" content=\"2017 - Solidariedade Internacional a Mo\u00e7ambique\" \/>\n<meta property=\"og:description\" content=\"Not\u00edcias Uma nova palhota para a Princesinha Projecto Papinha \u2013 Escola de Sitone Miss\u00e3o da ONG SIM \u2013 Norte da Ilha do Bazaruto, Julho de 2017 Miss\u00e3o Educa\u00e7\u00e3o Sa\u00fade e Ambiente de Agosto de 2017 \u201cPrincesinha\u201d Aud\u00eancia teve alta hospitalar A ONG SIM como objecto de estudo em mestrado Bolseiros e Amigos da SIM ajudam... Continue Reading &rarr;\" \/>\n<meta property=\"og:url\" content=\"https:\/\/www.ongsim.org\/index.php\/2017-2\/\" \/>\n<meta property=\"og:site_name\" content=\"Solidariedade Internacional a Mo\u00e7ambique\" \/>\n<meta property=\"article:publisher\" content=\"https:\/\/www.facebook.com\/ONG.SIM.MOCAMBIQUE\/?ref=ts\" \/>\n<meta property=\"article:modified_time\" content=\"2019-11-28T19:51:45+00:00\" \/>\n<meta name=\"twitter:card\" content=\"summary_large_image\" \/>\n<script type=\"application\/ld+json\" class=\"yoast-schema-graph\">{\"@context\":\"https:\/\/schema.org\",\"@graph\":[{\"@type\":\"WebPage\",\"@id\":\"https:\/\/www.ongsim.org\/index.php\/2017-2\/\",\"url\":\"https:\/\/www.ongsim.org\/index.php\/2017-2\/\",\"name\":\"2017 - Solidariedade Internacional a Mo\u00e7ambique\",\"isPartOf\":{\"@id\":\"https:\/\/www.ongsim.org\/#website\"},\"datePublished\":\"2019-09-25T19:16:24+00:00\",\"dateModified\":\"2019-11-28T19:51:45+00:00\",\"breadcrumb\":{\"@id\":\"https:\/\/www.ongsim.org\/index.php\/2017-2\/#breadcrumb\"},\"inLanguage\":\"pt-PT\",\"potentialAction\":[{\"@type\":\"ReadAction\",\"target\":[\"https:\/\/www.ongsim.org\/index.php\/2017-2\/\"]}]},{\"@type\":\"BreadcrumbList\",\"@id\":\"https:\/\/www.ongsim.org\/index.php\/2017-2\/#breadcrumb\",\"itemListElement\":[{\"@type\":\"ListItem\",\"position\":1,\"name\":\"In\u00edcio\",\"item\":\"https:\/\/www.ongsim.org\/\"},{\"@type\":\"ListItem\",\"position\":2,\"name\":\"2017\"}]},{\"@type\":\"WebSite\",\"@id\":\"https:\/\/www.ongsim.org\/#website\",\"url\":\"https:\/\/www.ongsim.org\/\",\"name\":\"Solidariedade Internacional a Mo\u00e7ambique\",\"description\":\"Solidariedade Internacional a Mo\u00e7ambique\",\"publisher\":{\"@id\":\"https:\/\/www.ongsim.org\/#organization\"},\"potentialAction\":[{\"@type\":\"SearchAction\",\"target\":{\"@type\":\"EntryPoint\",\"urlTemplate\":\"https:\/\/www.ongsim.org\/?s={search_term_string}\"},\"query-input\":{\"@type\":\"PropertyValueSpecification\",\"valueRequired\":true,\"valueName\":\"search_term_string\"}}],\"inLanguage\":\"pt-PT\"},{\"@type\":\"Organization\",\"@id\":\"https:\/\/www.ongsim.org\/#organization\",\"name\":\"Solidariedade Internacional a Mo\u00e7ambique\",\"url\":\"https:\/\/www.ongsim.org\/\",\"logo\":{\"@type\":\"ImageObject\",\"inLanguage\":\"pt-PT\",\"@id\":\"https:\/\/www.ongsim.org\/#\/schema\/logo\/image\/\",\"url\":\"http:\/\/ongsim.org\/wp-content\/uploads\/2020\/03\/logo-sim-2_branco_site.png\",\"contentUrl\":\"http:\/\/ongsim.org\/wp-content\/uploads\/2020\/03\/logo-sim-2_branco_site.png\",\"width\":300,\"height\":300,\"caption\":\"Solidariedade Internacional a Mo\u00e7ambique\"},\"image\":{\"@id\":\"https:\/\/www.ongsim.org\/#\/schema\/logo\/image\/\"},\"sameAs\":[\"https:\/\/www.facebook.com\/ONG.SIM.MOCAMBIQUE\/?ref=ts\",\"https:\/\/www.instagram.com\/sim.mocambique\/\",\"https:\/\/www.youtube.com\/channel\/UCcLb9BZr3RC9gZ57W-0eebA\"]}]}<\/script>\n<!-- \/ Yoast SEO plugin. -->","yoast_head_json":{"title":"2017 - Solidariedade Internacional a Mo\u00e7ambique","robots":{"index":"index","follow":"follow","max-snippet":"max-snippet:-1","max-image-preview":"max-image-preview:large","max-video-preview":"max-video-preview:-1"},"canonical":"https:\/\/www.ongsim.org\/index.php\/2017-2\/","og_locale":"pt_PT","og_type":"article","og_title":"2017 - Solidariedade Internacional a Mo\u00e7ambique","og_description":"Not\u00edcias Uma nova palhota para a Princesinha Projecto Papinha \u2013 Escola de Sitone Miss\u00e3o da ONG SIM \u2013 Norte da Ilha do Bazaruto, Julho de 2017 Miss\u00e3o Educa\u00e7\u00e3o Sa\u00fade e Ambiente de Agosto de 2017 \u201cPrincesinha\u201d Aud\u00eancia teve alta hospitalar A ONG SIM como objecto de estudo em mestrado Bolseiros e Amigos da SIM ajudam... Continue Reading &rarr;","og_url":"https:\/\/www.ongsim.org\/index.php\/2017-2\/","og_site_name":"Solidariedade Internacional a Mo\u00e7ambique","article_publisher":"https:\/\/www.facebook.com\/ONG.SIM.MOCAMBIQUE\/?ref=ts","article_modified_time":"2019-11-28T19:51:45+00:00","twitter_card":"summary_large_image","schema":{"@context":"https:\/\/schema.org","@graph":[{"@type":"WebPage","@id":"https:\/\/www.ongsim.org\/index.php\/2017-2\/","url":"https:\/\/www.ongsim.org\/index.php\/2017-2\/","name":"2017 - Solidariedade Internacional a Mo\u00e7ambique","isPartOf":{"@id":"https:\/\/www.ongsim.org\/#website"},"datePublished":"2019-09-25T19:16:24+00:00","dateModified":"2019-11-28T19:51:45+00:00","breadcrumb":{"@id":"https:\/\/www.ongsim.org\/index.php\/2017-2\/#breadcrumb"},"inLanguage":"pt-PT","potentialAction":[{"@type":"ReadAction","target":["https:\/\/www.ongsim.org\/index.php\/2017-2\/"]}]},{"@type":"BreadcrumbList","@id":"https:\/\/www.ongsim.org\/index.php\/2017-2\/#breadcrumb","itemListElement":[{"@type":"ListItem","position":1,"name":"In\u00edcio","item":"https:\/\/www.ongsim.org\/"},{"@type":"ListItem","position":2,"name":"2017"}]},{"@type":"WebSite","@id":"https:\/\/www.ongsim.org\/#website","url":"https:\/\/www.ongsim.org\/","name":"Solidariedade Internacional a Mo\u00e7ambique","description":"Solidariedade Internacional a Mo\u00e7ambique","publisher":{"@id":"https:\/\/www.ongsim.org\/#organization"},"potentialAction":[{"@type":"SearchAction","target":{"@type":"EntryPoint","urlTemplate":"https:\/\/www.ongsim.org\/?s={search_term_string}"},"query-input":{"@type":"PropertyValueSpecification","valueRequired":true,"valueName":"search_term_string"}}],"inLanguage":"pt-PT"},{"@type":"Organization","@id":"https:\/\/www.ongsim.org\/#organization","name":"Solidariedade Internacional a Mo\u00e7ambique","url":"https:\/\/www.ongsim.org\/","logo":{"@type":"ImageObject","inLanguage":"pt-PT","@id":"https:\/\/www.ongsim.org\/#\/schema\/logo\/image\/","url":"http:\/\/ongsim.org\/wp-content\/uploads\/2020\/03\/logo-sim-2_branco_site.png","contentUrl":"http:\/\/ongsim.org\/wp-content\/uploads\/2020\/03\/logo-sim-2_branco_site.png","width":300,"height":300,"caption":"Solidariedade Internacional a Mo\u00e7ambique"},"image":{"@id":"https:\/\/www.ongsim.org\/#\/schema\/logo\/image\/"},"sameAs":["https:\/\/www.facebook.com\/ONG.SIM.MOCAMBIQUE\/?ref=ts","https:\/\/www.instagram.com\/sim.mocambique\/","https:\/\/www.youtube.com\/channel\/UCcLb9BZr3RC9gZ57W-0eebA"]}]}},"jetpack_sharing_enabled":true,"_links":{"self":[{"href":"\/index.php\/wp-json\/wp\/v2\/pages\/274","targetHints":{"allow":["GET"]}}],"collection":[{"href":"\/index.php\/wp-json\/wp\/v2\/pages"}],"about":[{"href":"\/index.php\/wp-json\/wp\/v2\/types\/page"}],"author":[{"embeddable":true,"href":"\/index.php\/wp-json\/wp\/v2\/users\/1"}],"replies":[{"embeddable":true,"href":"\/index.php\/wp-json\/wp\/v2\/comments?post=274"}],"version-history":[{"count":8,"href":"\/index.php\/wp-json\/wp\/v2\/pages\/274\/revisions"}],"predecessor-version":[{"id":9140,"href":"\/index.php\/wp-json\/wp\/v2\/pages\/274\/revisions\/9140"}],"wp:attachment":[{"href":"\/index.php\/wp-json\/wp\/v2\/media?parent=274"}],"curies":[{"name":"wp","href":"https:\/\/api.w.org\/{rel}","templated":true}]}}