{"id":269,"date":"2019-09-25T19:16:24","date_gmt":"2019-09-25T19:16:24","guid":{"rendered":"http:\/\/172.17.194.93\/wordpress\/?page_id=269"},"modified":"2020-04-08T10:29:16","modified_gmt":"2020-04-08T10:29:16","slug":"2013-2","status":"publish","type":"page","link":"\/index.php\/2013-2\/","title":{"rendered":"2013"},"content":{"rendered":"\n<p class=\"has-larger-font-size\"><strong>Not\u00edcias<\/strong><\/p>\n\n\n\n<p><strong><a href=\"\/index.php\/missao-natal-2013\/\">Miss\u00e3o Natal 2013<\/a><\/strong><\/p>\n\n\n\n<p><strong><a href=\"\/index.php\/missao-educacao-e-saude-2013\/\">Miss\u00e3o Educa\u00e7\u00e3o e Sa\u00fade 2013<\/a><\/strong><\/p>\n\n\n\n<p><strong><a href=\"\/index.php\/ines-patrocino-no-ponto-mais-alto-de-africa\/\">In\u00eas Patroc\u00edno no ponto mais alto de \u00c1frica<\/a><\/strong><\/p>\n\n\n\n<p><strong><a href=\"\/index.php\/subir-o-monte-kilimanjaro-ines-patrocinio\/\">Subir o Monte Kilimanjaro | In\u00eas Patroc\u00ednio<\/a><\/strong><\/p>\n\n\n\n<p><strong><a href=\"\/index.php\/ines-patrocinio-vai-a-caminho-do-kilimanjaro-com-um-sonho\/\">In\u00eas Patroc\u00ednio vai a caminho do Kilimanjaro com um sonho<\/a><\/strong><\/p>\n\n\n\n<p><strong><a href=\"\/index.php\/menino-cleiton\/\">Menino Cleiton<\/a><\/strong><\/p>\n\n\n\n<p><strong><a href=\"\/index.php\/dia-da-crianca-2013\/\">Dia da Crian\u00e7a 2013<\/a><\/strong><\/p>\n\n\n\n<p><strong><a href=\"\/index.php\/dia-da-mae-2013\/\">Dia da M\u00e3e 2013<\/a><\/strong><\/p>\n\n\n\n<p><strong><a href=\"\/index.php\/homenagem-a-mulher-mocambicana\/\">Homenagem \u00e0 Mulher Mo\u00e7ambicana<\/a><\/strong><\/p>\n\n\n\n<p><strong><a href=\"\/index.php\/mais-uma-historia-de-sucesso-felisberto-recuperou-a-visao\/\">Mais uma hist\u00f3ria de sucesso | Felisberto recuperou a vis\u00e3o<\/a><\/strong><\/p>\n\n\n\n<p><strong><a href=\"\/index.php\/uma-historia-de-sucesso-um-gesto-de-reconhecimento\/\">Uma hist\u00f3ria de sucesso | Um gesto de reconhecimento<\/a><\/strong><\/p>\n\n\n\n<p><strong><a href=\"\/index.php\/campeonato-de-futebol\/\">Campeonato de futebol<\/a><\/strong><\/p>\n\n\n\n<p><strong><a href=\"\/index.php\/uma-historia-de-sucesso-jornal\/\">Uma Historia de Sucesso | Jornal<\/a><\/strong><\/p>\n\n\n\n<p><a href=\"\/index.php\/uma-historia-de-sucesso-jornal\/\"><strong>Com a ONGD SIM o aproveitamento da energia solar chegou ao norte da Ilha do Bazaruto<\/strong><\/a><\/p>\n\n\n\n<p><strong><a href=\"\/index.php\/uma-historia-de-sucesso-jornal\/\">Prepara\u00e7\u00e3o do in\u00edcio do ano letivo<\/a><\/strong><\/p>\n\n\n\n<p><strong><a href=\"\/index.php\/o-bolseiro-da-universidade-catolica-da-beira-pedro-maluane\/\">O  bolseiro da Universidade Cat\u00f3lica da Beira, Pedro Maluane<\/a><\/strong><\/p>\n\n\n\n<p><strong><a href=\"\/index.php\/equipa-de-bolseiros-participa-no-torneio-de-futebol-femenino-e-masculino\/\">Equipa de bolseiros participa no torneio de futebol feminino e masculino<\/a><\/strong><\/p>\n\n\n\n<p><strong><a href=\"\/index.php\/a-historia-do-papito-novo-bolseiro-do-inhassoro\/\">A Hist\u00f3ria do Papito | Novo Bolseiro do Inhassoro<\/a><\/strong><\/p>\n\n\n\n<p><strong><a href=\"\/index.php\/bolseiros-regressam-para-o-ano-lectivo\/\">Bolseiros regressam para o ano lectivo<\/a><\/strong><\/p>\n\n\n\n<p><strong><a href=\"\/index.php\/entrega-de-material-as-criancas-da-escola-de-sitone\/\">Entrega de material \u00e0s crian\u00e7as da escola de Sitone<\/a><\/strong><\/p>\n","protected":false},"excerpt":{"rendered":"<p>Not\u00edcias Miss\u00e3o Natal 2013 Miss\u00e3o Educa\u00e7\u00e3o e Sa\u00fade 2013 In\u00eas Patroc\u00edno no ponto mais alto de \u00c1frica Subir o Monte Kilimanjaro | In\u00eas Patroc\u00ednio In\u00eas Patroc\u00ednio vai a caminho do Kilimanjaro com um sonho Menino Cleiton Dia da Crian\u00e7a 2013 Dia da M\u00e3e 2013 Homenagem \u00e0 Mulher Mo\u00e7ambicana Mais uma hist\u00f3ria de sucesso | Felisberto&#8230; <a class=\"more-link\" href=\"\/index.php\/2013-2\/#more-269\">Continue Reading &rarr;<\/a><\/p>\n","protected":false},"author":1,"featured_media":0,"parent":0,"menu_order":0,"comment_status":"closed","ping_status":"closed","template":"","meta":{"ngg_post_thumbnail":0,"footnotes":""},"class_list":["post-269","page","type-page","status-publish","hentry","clear"],"yoast_head":"<!-- This site is optimized with the Yoast SEO plugin v27.2 - https:\/\/yoast.com\/product\/yoast-seo-wordpress\/ -->\n<title>2013 - Solidariedade Internacional a Mo\u00e7ambique<\/title>\n<meta name=\"robots\" content=\"index, follow, max-snippet:-1, max-image-preview:large, max-video-preview:-1\" \/>\n<link rel=\"canonical\" href=\"\/index.php\/2013-2\/\" \/>\n<meta property=\"og:locale\" content=\"pt_PT\" \/>\n<meta property=\"og:type\" content=\"article\" \/>\n<meta property=\"og:title\" content=\"2013 - Solidariedade Internacional a Mo\u00e7ambique\" \/>\n<meta property=\"og:description\" content=\"Not\u00edcias Miss\u00e3o Natal 2013 Miss\u00e3o Educa\u00e7\u00e3o e Sa\u00fade 2013 In\u00eas Patroc\u00edno no ponto mais alto de \u00c1frica Subir o Monte Kilimanjaro | In\u00eas Patroc\u00ednio In\u00eas Patroc\u00ednio vai a caminho do Kilimanjaro com um sonho Menino Cleiton Dia da Crian\u00e7a 2013 Dia da M\u00e3e 2013 Homenagem \u00e0 Mulher Mo\u00e7ambicana Mais uma hist\u00f3ria de sucesso | Felisberto... Continue Reading &rarr;\" \/>\n<meta property=\"og:url\" content=\"\/index.php\/2013-2\/\" \/>\n<meta property=\"og:site_name\" content=\"Solidariedade Internacional a Mo\u00e7ambique\" \/>\n<meta property=\"article:publisher\" content=\"https:\/\/www.facebook.com\/ONG.SIM.MOCAMBIQUE\/?ref=ts\" \/>\n<meta property=\"article:modified_time\" content=\"2020-04-08T10:29:16+00:00\" \/>\n<meta name=\"twitter:card\" content=\"summary_large_image\" \/>\n<meta name=\"twitter:label1\" content=\"Tempo estimado de leitura\" \/>\n\t<meta name=\"twitter:data1\" content=\"1 minuto\" \/>\n<script type=\"application\/ld+json\" class=\"yoast-schema-graph\">{\"@context\":\"https:\/\/schema.org\",\"@graph\":[{\"@type\":\"WebPage\",\"@id\":\"\/index.php\/2013-2\/\",\"url\":\"\/index.php\/2013-2\/\",\"name\":\"2013 - Solidariedade Internacional a Mo\u00e7ambique\",\"isPartOf\":{\"@id\":\"https:\/\/www.ongsim.org\/#website\"},\"datePublished\":\"2019-09-25T19:16:24+00:00\",\"dateModified\":\"2020-04-08T10:29:16+00:00\",\"breadcrumb\":{\"@id\":\"\/index.php\/2013-2\/#breadcrumb\"},\"inLanguage\":\"pt-PT\",\"potentialAction\":[{\"@type\":\"ReadAction\",\"target\":[\"\/index.php\/2013-2\/\"]}]},{\"@type\":\"BreadcrumbList\",\"@id\":\"\/index.php\/2013-2\/#breadcrumb\",\"itemListElement\":[{\"@type\":\"ListItem\",\"position\":1,\"name\":\"In\u00edcio\",\"item\":\"https:\/\/www.ongsim.org\/\"},{\"@type\":\"ListItem\",\"position\":2,\"name\":\"2013\"}]},{\"@type\":\"WebSite\",\"@id\":\"https:\/\/www.ongsim.org\/#website\",\"url\":\"https:\/\/www.ongsim.org\/\",\"name\":\"Solidariedade Internacional a Mo\u00e7ambique\",\"description\":\"Solidariedade Internacional a Mo\u00e7ambique\",\"publisher\":{\"@id\":\"https:\/\/www.ongsim.org\/#organization\"},\"potentialAction\":[{\"@type\":\"SearchAction\",\"target\":{\"@type\":\"EntryPoint\",\"urlTemplate\":\"https:\/\/www.ongsim.org\/?s={search_term_string}\"},\"query-input\":{\"@type\":\"PropertyValueSpecification\",\"valueRequired\":true,\"valueName\":\"search_term_string\"}}],\"inLanguage\":\"pt-PT\"},{\"@type\":\"Organization\",\"@id\":\"https:\/\/www.ongsim.org\/#organization\",\"name\":\"Solidariedade Internacional a Mo\u00e7ambique\",\"url\":\"https:\/\/www.ongsim.org\/\",\"logo\":{\"@type\":\"ImageObject\",\"inLanguage\":\"pt-PT\",\"@id\":\"https:\/\/www.ongsim.org\/#\/schema\/logo\/image\/\",\"url\":\"http:\/\/ongsim.org\/wp-content\/uploads\/2020\/03\/logo-sim-2_branco_site.png\",\"contentUrl\":\"http:\/\/ongsim.org\/wp-content\/uploads\/2020\/03\/logo-sim-2_branco_site.png\",\"width\":300,\"height\":300,\"caption\":\"Solidariedade Internacional a Mo\u00e7ambique\"},\"image\":{\"@id\":\"https:\/\/www.ongsim.org\/#\/schema\/logo\/image\/\"},\"sameAs\":[\"https:\/\/www.facebook.com\/ONG.SIM.MOCAMBIQUE\/?ref=ts\",\"https:\/\/www.instagram.com\/sim.mocambique\/\",\"https:\/\/www.youtube.com\/channel\/UCcLb9BZr3RC9gZ57W-0eebA\"]}]}<\/script>\n<!-- \/ Yoast SEO plugin. -->","yoast_head_json":{"title":"2013 - Solidariedade Internacional a Mo\u00e7ambique","robots":{"index":"index","follow":"follow","max-snippet":"max-snippet:-1","max-image-preview":"max-image-preview:large","max-video-preview":"max-video-preview:-1"},"canonical":"\/index.php\/2013-2\/","og_locale":"pt_PT","og_type":"article","og_title":"2013 - Solidariedade Internacional a Mo\u00e7ambique","og_description":"Not\u00edcias Miss\u00e3o Natal 2013 Miss\u00e3o Educa\u00e7\u00e3o e Sa\u00fade 2013 In\u00eas Patroc\u00edno no ponto mais alto de \u00c1frica Subir o Monte Kilimanjaro | In\u00eas Patroc\u00ednio In\u00eas Patroc\u00ednio vai a caminho do Kilimanjaro com um sonho Menino Cleiton Dia da Crian\u00e7a 2013 Dia da M\u00e3e 2013 Homenagem \u00e0 Mulher Mo\u00e7ambicana Mais uma hist\u00f3ria de sucesso | Felisberto... Continue Reading &rarr;","og_url":"\/index.php\/2013-2\/","og_site_name":"Solidariedade Internacional a Mo\u00e7ambique","article_publisher":"https:\/\/www.facebook.com\/ONG.SIM.MOCAMBIQUE\/?ref=ts","article_modified_time":"2020-04-08T10:29:16+00:00","twitter_card":"summary_large_image","twitter_misc":{"Tempo estimado de leitura":"1 minuto"},"schema":{"@context":"https:\/\/schema.org","@graph":[{"@type":"WebPage","@id":"\/index.php\/2013-2\/","url":"\/index.php\/2013-2\/","name":"2013 - Solidariedade Internacional a Mo\u00e7ambique","isPartOf":{"@id":"https:\/\/www.ongsim.org\/#website"},"datePublished":"2019-09-25T19:16:24+00:00","dateModified":"2020-04-08T10:29:16+00:00","breadcrumb":{"@id":"\/index.php\/2013-2\/#breadcrumb"},"inLanguage":"pt-PT","potentialAction":[{"@type":"ReadAction","target":["\/index.php\/2013-2\/"]}]},{"@type":"BreadcrumbList","@id":"\/index.php\/2013-2\/#breadcrumb","itemListElement":[{"@type":"ListItem","position":1,"name":"In\u00edcio","item":"https:\/\/www.ongsim.org\/"},{"@type":"ListItem","position":2,"name":"2013"}]},{"@type":"WebSite","@id":"https:\/\/www.ongsim.org\/#website","url":"https:\/\/www.ongsim.org\/","name":"Solidariedade Internacional a Mo\u00e7ambique","description":"Solidariedade Internacional a Mo\u00e7ambique","publisher":{"@id":"https:\/\/www.ongsim.org\/#organization"},"potentialAction":[{"@type":"SearchAction","target":{"@type":"EntryPoint","urlTemplate":"https:\/\/www.ongsim.org\/?s={search_term_string}"},"query-input":{"@type":"PropertyValueSpecification","valueRequired":true,"valueName":"search_term_string"}}],"inLanguage":"pt-PT"},{"@type":"Organization","@id":"https:\/\/www.ongsim.org\/#organization","name":"Solidariedade Internacional a Mo\u00e7ambique","url":"https:\/\/www.ongsim.org\/","logo":{"@type":"ImageObject","inLanguage":"pt-PT","@id":"https:\/\/www.ongsim.org\/#\/schema\/logo\/image\/","url":"http:\/\/ongsim.org\/wp-content\/uploads\/2020\/03\/logo-sim-2_branco_site.png","contentUrl":"http:\/\/ongsim.org\/wp-content\/uploads\/2020\/03\/logo-sim-2_branco_site.png","width":300,"height":300,"caption":"Solidariedade Internacional a Mo\u00e7ambique"},"image":{"@id":"https:\/\/www.ongsim.org\/#\/schema\/logo\/image\/"},"sameAs":["https:\/\/www.facebook.com\/ONG.SIM.MOCAMBIQUE\/?ref=ts","https:\/\/www.instagram.com\/sim.mocambique\/","https:\/\/www.youtube.com\/channel\/UCcLb9BZr3RC9gZ57W-0eebA"]}]}},"jetpack_sharing_enabled":true,"_links":{"self":[{"href":"\/index.php\/wp-json\/wp\/v2\/pages\/269","targetHints":{"allow":["GET"]}}],"collection":[{"href":"\/index.php\/wp-json\/wp\/v2\/pages"}],"about":[{"href":"\/index.php\/wp-json\/wp\/v2\/types\/page"}],"author":[{"embeddable":true,"href":"\/index.php\/wp-json\/wp\/v2\/users\/1"}],"replies":[{"embeddable":true,"href":"\/index.php\/wp-json\/wp\/v2\/comments?post=269"}],"version-history":[{"count":13,"href":"\/index.php\/wp-json\/wp\/v2\/pages\/269\/revisions"}],"predecessor-version":[{"id":9425,"href":"\/index.php\/wp-json\/wp\/v2\/pages\/269\/revisions\/9425"}],"wp:attachment":[{"href":"\/index.php\/wp-json\/wp\/v2\/media?parent=269"}],"curies":[{"name":"wp","href":"https:\/\/api.w.org\/{rel}","templated":true}]}}