{"id":246,"date":"2019-09-25T18:26:48","date_gmt":"2019-09-25T18:26:48","guid":{"rendered":"http:\/\/172.17.194.93\/wordpress\/?page_id=246"},"modified":"2019-09-25T18:26:48","modified_gmt":"2019-09-25T18:26:48","slug":"limpeza-de-lixo-nas-praias-de-mocambique","status":"publish","type":"page","link":"\/index.php\/limpeza-de-lixo-nas-praias-de-mocambique\/","title":{"rendered":"Limpeza de lixo nas praias de Mo\u00e7ambique"},"content":{"rendered":"\n<p>A ONG SIM, Solidariedade Internacional a Mo\u00e7ambique, em coordena\u00e7\u00e3o com AMOR-Associa\u00e7\u00e3o Mo\u00e7ambicana de Reciclagem, JURIS-Jovens Unidos Rumo a Integra\u00e7\u00e3o Social e Jovens Volunt\u00e1rios da Cidade da Beira, realizou hoje uma actividade de recolha de lixo, na praia de Estoril, na cidade da Beira, Prov\u00edncia de Sofala. Esta actividade visa preparar uma outra inciativa, a decorrer&nbsp;no dia 4 de Junho de 2016, a n\u00edvel nacional, designada: OPERA\u00c7\u00c3O CACO LIXO NO CH\u00c3O N\u00c3O! Desta forma, pretende-se fazer crescer a consci\u00eancia da necessidade de presercar e cuidar do nosso meio ambiente.<\/p>\n\n\n\n<figure class=\"wp-block-image\"><img decoding=\"async\" src=\"https:\/site\/upload\/files\/2016_recolhalixo.jpg\" alt=\"\"\/><\/figure>\n","protected":false},"excerpt":{"rendered":"<p>A ONG SIM, Solidariedade Internacional a Mo\u00e7ambique, em coordena\u00e7\u00e3o com AMOR-Associa\u00e7\u00e3o Mo\u00e7ambicana de Reciclagem, JURIS-Jovens Unidos Rumo a Integra\u00e7\u00e3o Social e Jovens Volunt\u00e1rios da Cidade da Beira, realizou hoje uma actividade de recolha de lixo, na praia de Estoril, na cidade da Beira, Prov\u00edncia de Sofala. Esta actividade visa preparar uma outra inciativa, a decorrer&nbsp;no&#8230; <a class=\"more-link\" href=\"\/index.php\/limpeza-de-lixo-nas-praias-de-mocambique\/#more-246\">Continue Reading &rarr;<\/a><\/p>\n","protected":false},"author":1,"featured_media":0,"parent":0,"menu_order":0,"comment_status":"closed","ping_status":"closed","template":"","meta":{"ngg_post_thumbnail":0,"footnotes":""},"class_list":["post-246","page","type-page","status-publish","hentry","clear"],"yoast_head":"<!-- This site is optimized with the Yoast SEO plugin v27.2 - https:\/\/yoast.com\/product\/yoast-seo-wordpress\/ -->\n<title>Limpeza de lixo nas praias de Mo\u00e7ambique - Solidariedade Internacional a Mo\u00e7ambique<\/title>\n<meta name=\"robots\" content=\"index, follow, max-snippet:-1, max-image-preview:large, max-video-preview:-1\" \/>\n<link rel=\"canonical\" href=\"\/index.php\/limpeza-de-lixo-nas-praias-de-mocambique\/\" \/>\n<meta property=\"og:locale\" content=\"pt_PT\" \/>\n<meta property=\"og:type\" content=\"article\" \/>\n<meta property=\"og:title\" content=\"Limpeza de lixo nas praias de Mo\u00e7ambique - Solidariedade Internacional a Mo\u00e7ambique\" \/>\n<meta property=\"og:description\" content=\"A ONG SIM, Solidariedade Internacional a Mo\u00e7ambique, em coordena\u00e7\u00e3o com AMOR-Associa\u00e7\u00e3o Mo\u00e7ambicana de Reciclagem, JURIS-Jovens Unidos Rumo a Integra\u00e7\u00e3o Social e Jovens Volunt\u00e1rios da Cidade da Beira, realizou hoje uma actividade de recolha de lixo, na praia de Estoril, na cidade da Beira, Prov\u00edncia de Sofala. Esta actividade visa preparar uma outra inciativa, a decorrer&nbsp;no... Continue Reading &rarr;\" \/>\n<meta property=\"og:url\" content=\"\/index.php\/limpeza-de-lixo-nas-praias-de-mocambique\/\" \/>\n<meta property=\"og:site_name\" content=\"Solidariedade Internacional a Mo\u00e7ambique\" \/>\n<meta property=\"article:publisher\" content=\"https:\/\/www.facebook.com\/ONG.SIM.MOCAMBIQUE\/?ref=ts\" \/>\n<meta name=\"twitter:card\" content=\"summary_large_image\" \/>\n<meta name=\"twitter:label1\" content=\"Tempo estimado de leitura\" \/>\n\t<meta name=\"twitter:data1\" content=\"1 minuto\" \/>\n<script type=\"application\/ld+json\" class=\"yoast-schema-graph\">{\"@context\":\"https:\/\/schema.org\",\"@graph\":[{\"@type\":\"WebPage\",\"@id\":\"\/index.php\/limpeza-de-lixo-nas-praias-de-mocambique\/\",\"url\":\"\/index.php\/limpeza-de-lixo-nas-praias-de-mocambique\/\",\"name\":\"Limpeza de lixo nas praias de Mo\u00e7ambique - Solidariedade Internacional a Mo\u00e7ambique\",\"isPartOf\":{\"@id\":\"https:\/\/www.ongsim.org\/#website\"},\"datePublished\":\"2019-09-25T18:26:48+00:00\",\"breadcrumb\":{\"@id\":\"\/index.php\/limpeza-de-lixo-nas-praias-de-mocambique\/#breadcrumb\"},\"inLanguage\":\"pt-PT\",\"potentialAction\":[{\"@type\":\"ReadAction\",\"target\":[\"\/index.php\/limpeza-de-lixo-nas-praias-de-mocambique\/\"]}]},{\"@type\":\"BreadcrumbList\",\"@id\":\"\/index.php\/limpeza-de-lixo-nas-praias-de-mocambique\/#breadcrumb\",\"itemListElement\":[{\"@type\":\"ListItem\",\"position\":1,\"name\":\"In\u00edcio\",\"item\":\"https:\/\/www.ongsim.org\/\"},{\"@type\":\"ListItem\",\"position\":2,\"name\":\"Limpeza de lixo nas praias de Mo\u00e7ambique\"}]},{\"@type\":\"WebSite\",\"@id\":\"https:\/\/www.ongsim.org\/#website\",\"url\":\"https:\/\/www.ongsim.org\/\",\"name\":\"Solidariedade Internacional a Mo\u00e7ambique\",\"description\":\"Solidariedade Internacional a Mo\u00e7ambique\",\"publisher\":{\"@id\":\"https:\/\/www.ongsim.org\/#organization\"},\"potentialAction\":[{\"@type\":\"SearchAction\",\"target\":{\"@type\":\"EntryPoint\",\"urlTemplate\":\"https:\/\/www.ongsim.org\/?s={search_term_string}\"},\"query-input\":{\"@type\":\"PropertyValueSpecification\",\"valueRequired\":true,\"valueName\":\"search_term_string\"}}],\"inLanguage\":\"pt-PT\"},{\"@type\":\"Organization\",\"@id\":\"https:\/\/www.ongsim.org\/#organization\",\"name\":\"Solidariedade Internacional a Mo\u00e7ambique\",\"url\":\"https:\/\/www.ongsim.org\/\",\"logo\":{\"@type\":\"ImageObject\",\"inLanguage\":\"pt-PT\",\"@id\":\"https:\/\/www.ongsim.org\/#\/schema\/logo\/image\/\",\"url\":\"http:\/\/ongsim.org\/wp-content\/uploads\/2020\/03\/logo-sim-2_branco_site.png\",\"contentUrl\":\"http:\/\/ongsim.org\/wp-content\/uploads\/2020\/03\/logo-sim-2_branco_site.png\",\"width\":300,\"height\":300,\"caption\":\"Solidariedade Internacional a Mo\u00e7ambique\"},\"image\":{\"@id\":\"https:\/\/www.ongsim.org\/#\/schema\/logo\/image\/\"},\"sameAs\":[\"https:\/\/www.facebook.com\/ONG.SIM.MOCAMBIQUE\/?ref=ts\",\"https:\/\/www.instagram.com\/sim.mocambique\/\",\"https:\/\/www.youtube.com\/channel\/UCcLb9BZr3RC9gZ57W-0eebA\"]}]}<\/script>\n<!-- \/ Yoast SEO plugin. -->","yoast_head_json":{"title":"Limpeza de lixo nas praias de Mo\u00e7ambique - Solidariedade Internacional a Mo\u00e7ambique","robots":{"index":"index","follow":"follow","max-snippet":"max-snippet:-1","max-image-preview":"max-image-preview:large","max-video-preview":"max-video-preview:-1"},"canonical":"\/index.php\/limpeza-de-lixo-nas-praias-de-mocambique\/","og_locale":"pt_PT","og_type":"article","og_title":"Limpeza de lixo nas praias de Mo\u00e7ambique - Solidariedade Internacional a Mo\u00e7ambique","og_description":"A ONG SIM, Solidariedade Internacional a Mo\u00e7ambique, em coordena\u00e7\u00e3o com AMOR-Associa\u00e7\u00e3o Mo\u00e7ambicana de Reciclagem, JURIS-Jovens Unidos Rumo a Integra\u00e7\u00e3o Social e Jovens Volunt\u00e1rios da Cidade da Beira, realizou hoje uma actividade de recolha de lixo, na praia de Estoril, na cidade da Beira, Prov\u00edncia de Sofala. Esta actividade visa preparar uma outra inciativa, a decorrer&nbsp;no... Continue Reading &rarr;","og_url":"\/index.php\/limpeza-de-lixo-nas-praias-de-mocambique\/","og_site_name":"Solidariedade Internacional a Mo\u00e7ambique","article_publisher":"https:\/\/www.facebook.com\/ONG.SIM.MOCAMBIQUE\/?ref=ts","twitter_card":"summary_large_image","twitter_misc":{"Tempo estimado de leitura":"1 minuto"},"schema":{"@context":"https:\/\/schema.org","@graph":[{"@type":"WebPage","@id":"\/index.php\/limpeza-de-lixo-nas-praias-de-mocambique\/","url":"\/index.php\/limpeza-de-lixo-nas-praias-de-mocambique\/","name":"Limpeza de lixo nas praias de Mo\u00e7ambique - Solidariedade Internacional a Mo\u00e7ambique","isPartOf":{"@id":"https:\/\/www.ongsim.org\/#website"},"datePublished":"2019-09-25T18:26:48+00:00","breadcrumb":{"@id":"\/index.php\/limpeza-de-lixo-nas-praias-de-mocambique\/#breadcrumb"},"inLanguage":"pt-PT","potentialAction":[{"@type":"ReadAction","target":["\/index.php\/limpeza-de-lixo-nas-praias-de-mocambique\/"]}]},{"@type":"BreadcrumbList","@id":"\/index.php\/limpeza-de-lixo-nas-praias-de-mocambique\/#breadcrumb","itemListElement":[{"@type":"ListItem","position":1,"name":"In\u00edcio","item":"https:\/\/www.ongsim.org\/"},{"@type":"ListItem","position":2,"name":"Limpeza de lixo nas praias de Mo\u00e7ambique"}]},{"@type":"WebSite","@id":"https:\/\/www.ongsim.org\/#website","url":"https:\/\/www.ongsim.org\/","name":"Solidariedade Internacional a Mo\u00e7ambique","description":"Solidariedade Internacional a Mo\u00e7ambique","publisher":{"@id":"https:\/\/www.ongsim.org\/#organization"},"potentialAction":[{"@type":"SearchAction","target":{"@type":"EntryPoint","urlTemplate":"https:\/\/www.ongsim.org\/?s={search_term_string}"},"query-input":{"@type":"PropertyValueSpecification","valueRequired":true,"valueName":"search_term_string"}}],"inLanguage":"pt-PT"},{"@type":"Organization","@id":"https:\/\/www.ongsim.org\/#organization","name":"Solidariedade Internacional a Mo\u00e7ambique","url":"https:\/\/www.ongsim.org\/","logo":{"@type":"ImageObject","inLanguage":"pt-PT","@id":"https:\/\/www.ongsim.org\/#\/schema\/logo\/image\/","url":"http:\/\/ongsim.org\/wp-content\/uploads\/2020\/03\/logo-sim-2_branco_site.png","contentUrl":"http:\/\/ongsim.org\/wp-content\/uploads\/2020\/03\/logo-sim-2_branco_site.png","width":300,"height":300,"caption":"Solidariedade Internacional a Mo\u00e7ambique"},"image":{"@id":"https:\/\/www.ongsim.org\/#\/schema\/logo\/image\/"},"sameAs":["https:\/\/www.facebook.com\/ONG.SIM.MOCAMBIQUE\/?ref=ts","https:\/\/www.instagram.com\/sim.mocambique\/","https:\/\/www.youtube.com\/channel\/UCcLb9BZr3RC9gZ57W-0eebA"]}]}},"jetpack_sharing_enabled":true,"_links":{"self":[{"href":"\/index.php\/wp-json\/wp\/v2\/pages\/246","targetHints":{"allow":["GET"]}}],"collection":[{"href":"\/index.php\/wp-json\/wp\/v2\/pages"}],"about":[{"href":"\/index.php\/wp-json\/wp\/v2\/types\/page"}],"author":[{"embeddable":true,"href":"\/index.php\/wp-json\/wp\/v2\/users\/1"}],"replies":[{"embeddable":true,"href":"\/index.php\/wp-json\/wp\/v2\/comments?post=246"}],"version-history":[{"count":2,"href":"\/index.php\/wp-json\/wp\/v2\/pages\/246\/revisions"}],"predecessor-version":[{"id":9453,"href":"\/index.php\/wp-json\/wp\/v2\/pages\/246\/revisions\/9453"}],"wp:attachment":[{"href":"\/index.php\/wp-json\/wp\/v2\/media?parent=246"}],"curies":[{"name":"wp","href":"https:\/\/api.w.org\/{rel}","templated":true}]}}